{"id":116856,"date":"2024-09-25T17:05:24","date_gmt":"2024-09-25T15:05:24","guid":{"rendered":"https:\/\/www.velomobileworld.com\/faellesskab\/"},"modified":"2024-09-25T17:05:24","modified_gmt":"2024-09-25T15:05:24","slug":"faellesskab","status":"publish","type":"page","link":"https:\/\/www.velomobileworld.com\/da\/faellesskab\/","title":{"rendered":"F\u00e6llesskab"},"content":{"rendered":"","protected":false},"excerpt":{"rendered":"","protected":false},"author":1,"featured_media":0,"parent":0,"menu_order":0,"comment_status":"closed","ping_status":"closed","template":"","meta":{"_acf_changed":false},"class_list":["post-116856","page","type-page","status-publish","hentry"],"acf":[],"yoast_head":"<!-- This site is optimized with the Yoast SEO plugin v27.3 - https:\/\/yoast.com\/product\/yoast-seo-wordpress\/ -->\n<title>F\u00e6llesskab - Velomobile World<\/title>\n<meta name=\"description\" content=\"Bliv en del af vores velomobil-f\u00e6llesskab og oplev rekordstore rejser p\u00e5 tv\u00e6rs af Tyskland, find svar i vores FAQ og f\u00e5 indsigt fra k\u00f8rere som Holger Seidel, der tilbagelagde 1.094 km p\u00e5 under 30 timer.\" \/>\n<meta name=\"robots\" content=\"index, follow, max-snippet:-1, max-image-preview:large, max-video-preview:-1\" \/>\n<link rel=\"canonical\" href=\"https:\/\/www.velomobileworld.com\/community\/\" \/>\n<meta property=\"og:locale\" content=\"da_DK\" \/>\n<meta property=\"og:type\" content=\"article\" \/>\n<meta property=\"og:title\" content=\"F\u00e6llesskab - Velomobile World\" \/>\n<meta property=\"og:description\" content=\"Bliv en del af vores velomobil-f\u00e6llesskab og oplev rekordstore rejser p\u00e5 tv\u00e6rs af Tyskland, find svar i vores FAQ og f\u00e5 indsigt fra k\u00f8rere som Holger Seidel, der tilbagelagde 1.094 km p\u00e5 under 30 timer.\" \/>\n<meta property=\"og:url\" content=\"https:\/\/www.velomobileworld.com\/community\/\" \/>\n<meta property=\"og:site_name\" content=\"Velomobile World\" \/>\n<meta name=\"twitter:card\" content=\"summary_large_image\" \/>\n<script type=\"application\/ld+json\" class=\"yoast-schema-graph\">{\"@context\":\"https:\\\/\\\/schema.org\",\"@graph\":[{\"@type\":\"WebPage\",\"@id\":\"https:\\\/\\\/www.velomobileworld.com\\\/community\\\/\",\"url\":\"https:\\\/\\\/www.velomobileworld.com\\\/community\\\/\",\"name\":\"F\u00e6llesskab - Velomobile World\",\"isPartOf\":{\"@id\":\"https:\\\/\\\/www.velomobileworld.com\\\/nl\\\/#website\"},\"datePublished\":\"2024-09-25T15:05:24+00:00\",\"description\":\"Bliv en del af vores velomobil-f\u00e6llesskab og oplev rekordstore rejser p\u00e5 tv\u00e6rs af Tyskland, find svar i vores FAQ og f\u00e5 indsigt fra k\u00f8rere som Holger Seidel, der tilbagelagde 1.094 km p\u00e5 under 30 timer.\",\"breadcrumb\":{\"@id\":\"https:\\\/\\\/www.velomobileworld.com\\\/community\\\/#breadcrumb\"},\"inLanguage\":\"da-DK\",\"potentialAction\":[{\"@type\":\"ReadAction\",\"target\":[\"https:\\\/\\\/www.velomobileworld.com\\\/community\\\/\"]}]},{\"@type\":\"BreadcrumbList\",\"@id\":\"https:\\\/\\\/www.velomobileworld.com\\\/community\\\/#breadcrumb\",\"itemListElement\":[{\"@type\":\"ListItem\",\"position\":1,\"name\":\"Home\",\"item\":\"https:\\\/\\\/www.velomobileworld.com\\\/\"},{\"@type\":\"ListItem\",\"position\":2,\"name\":\"F\u00e6llesskab\"}]},{\"@type\":\"WebSite\",\"@id\":\"https:\\\/\\\/www.velomobileworld.com\\\/nl\\\/#website\",\"url\":\"https:\\\/\\\/www.velomobileworld.com\\\/nl\\\/\",\"name\":\"Velomobile World\",\"description\":\"\",\"potentialAction\":[{\"@type\":\"SearchAction\",\"target\":{\"@type\":\"EntryPoint\",\"urlTemplate\":\"https:\\\/\\\/www.velomobileworld.com\\\/nl\\\/?s={search_term_string}\"},\"query-input\":{\"@type\":\"PropertyValueSpecification\",\"valueRequired\":true,\"valueName\":\"search_term_string\"}}],\"inLanguage\":\"da-DK\"}]}<\/script>\n<!-- \/ Yoast SEO plugin. -->","yoast_head_json":{"title":"F\u00e6llesskab - Velomobile World","description":"Bliv en del af vores velomobil-f\u00e6llesskab og oplev rekordstore rejser p\u00e5 tv\u00e6rs af Tyskland, find svar i vores FAQ og f\u00e5 indsigt fra k\u00f8rere som Holger Seidel, der tilbagelagde 1.094 km p\u00e5 under 30 timer.","robots":{"index":"index","follow":"follow","max-snippet":"max-snippet:-1","max-image-preview":"max-image-preview:large","max-video-preview":"max-video-preview:-1"},"canonical":"https:\/\/www.velomobileworld.com\/community\/","og_locale":"da_DK","og_type":"article","og_title":"F\u00e6llesskab - Velomobile World","og_description":"Bliv en del af vores velomobil-f\u00e6llesskab og oplev rekordstore rejser p\u00e5 tv\u00e6rs af Tyskland, find svar i vores FAQ og f\u00e5 indsigt fra k\u00f8rere som Holger Seidel, der tilbagelagde 1.094 km p\u00e5 under 30 timer.","og_url":"https:\/\/www.velomobileworld.com\/community\/","og_site_name":"Velomobile World","twitter_card":"summary_large_image","schema":{"@context":"https:\/\/schema.org","@graph":[{"@type":"WebPage","@id":"https:\/\/www.velomobileworld.com\/community\/","url":"https:\/\/www.velomobileworld.com\/community\/","name":"F\u00e6llesskab - Velomobile World","isPartOf":{"@id":"https:\/\/www.velomobileworld.com\/nl\/#website"},"datePublished":"2024-09-25T15:05:24+00:00","description":"Bliv en del af vores velomobil-f\u00e6llesskab og oplev rekordstore rejser p\u00e5 tv\u00e6rs af Tyskland, find svar i vores FAQ og f\u00e5 indsigt fra k\u00f8rere som Holger Seidel, der tilbagelagde 1.094 km p\u00e5 under 30 timer.","breadcrumb":{"@id":"https:\/\/www.velomobileworld.com\/community\/#breadcrumb"},"inLanguage":"da-DK","potentialAction":[{"@type":"ReadAction","target":["https:\/\/www.velomobileworld.com\/community\/"]}]},{"@type":"BreadcrumbList","@id":"https:\/\/www.velomobileworld.com\/community\/#breadcrumb","itemListElement":[{"@type":"ListItem","position":1,"name":"Home","item":"https:\/\/www.velomobileworld.com\/"},{"@type":"ListItem","position":2,"name":"F\u00e6llesskab"}]},{"@type":"WebSite","@id":"https:\/\/www.velomobileworld.com\/nl\/#website","url":"https:\/\/www.velomobileworld.com\/nl\/","name":"Velomobile World","description":"","potentialAction":[{"@type":"SearchAction","target":{"@type":"EntryPoint","urlTemplate":"https:\/\/www.velomobileworld.com\/nl\/?s={search_term_string}"},"query-input":{"@type":"PropertyValueSpecification","valueRequired":true,"valueName":"search_term_string"}}],"inLanguage":"da-DK"}]}},"_links":{"self":[{"href":"https:\/\/www.velomobileworld.com\/da\/wp-json\/wp\/v2\/pages\/116856","targetHints":{"allow":["GET"]}}],"collection":[{"href":"https:\/\/www.velomobileworld.com\/da\/wp-json\/wp\/v2\/pages"}],"about":[{"href":"https:\/\/www.velomobileworld.com\/da\/wp-json\/wp\/v2\/types\/page"}],"author":[{"embeddable":true,"href":"https:\/\/www.velomobileworld.com\/da\/wp-json\/wp\/v2\/users\/1"}],"replies":[{"embeddable":true,"href":"https:\/\/www.velomobileworld.com\/da\/wp-json\/wp\/v2\/comments?post=116856"}],"version-history":[{"count":0,"href":"https:\/\/www.velomobileworld.com\/da\/wp-json\/wp\/v2\/pages\/116856\/revisions"}],"wp:attachment":[{"href":"https:\/\/www.velomobileworld.com\/da\/wp-json\/wp\/v2\/media?parent=116856"}],"curies":[{"name":"wp","href":"https:\/\/api.w.org\/{rel}","templated":true}]}}