{"id":100094,"date":"2024-10-16T13:11:12","date_gmt":"2024-10-16T11:11:12","guid":{"rendered":"https:\/\/www.velomobileworld.com\/product\/alpha-7\/"},"modified":"2026-02-11T11:58:52","modified_gmt":"2026-02-11T10:58:52","slug":"alpha-7","status":"publish","type":"product","link":"https:\/\/www.velomobileworld.com\/da\/vare\/alpha-7\/","title":{"rendered":"Alpha 7"},"content":{"rendered":"<p data-path-to-node=\"2\">Oplev alsidighed gendefineret med Alpha 7 \u2013 en velomobil, der skiller sig ud som et af de mest alsidige k\u00f8ret\u00f8jer i sin klasse. Konstrueret med et karosseri i 100 % kulfiberkomposit, <b data-path-to-node=\"2\" data-index-in-node=\"183\">vejer dette letv\u00e6gtsvidunder kun ~23 kg<\/b>, samtidig med at den tilbyder enest\u00e5ende stabilitet og ydeevne.<\/p>\n<p data-path-to-node=\"3\">Designet p\u00e5 Alpha 7 prioriterer <b data-path-to-node=\"3\" data-index-in-node=\"32\">b\u00e5de aerodynamik og funktionalitet<\/b>. Dens \u00e5bne forhjulskasser og hjulkapsler i kulfiber giver fremragende tilg\u00e6ngelighed, mens det store luftindtag og fronthjelmen optimerer luftstr\u00f8mmen. De banebrydende serviceluger for og bag, der er fastgjort med praktisk velcro eller magneter, g\u00f8r vedligeholdelse og justeringer ligetil.<\/p>\n<p data-path-to-node=\"4\">Med en l\u00e6ngde p\u00e5 257 cm, en h\u00f8jde p\u00e5 89 cm og en bredde p\u00e5 71 cm, rummer Alpha 7 cyklister fra 165 cm til 195 cm i h\u00f8jden, med en maksimal rytterv\u00e6gt p\u00e5 120 kg. Valget mellem &#8220;tiller&#8221; (centralstyring) eller &#8220;tank steering&#8221; (sidestyring) giver f\u00f8reren mulighed for at tilpasse sin oplevelse, mens udvalget af konturformede s\u00e6der sikrer optimal komfort <b data-path-to-node=\"4\" data-index-in-node=\"351\">p\u00e5 lange ture<\/b>.<\/p>\n","protected":false},"excerpt":{"rendered":"<p>Alpha 7 er en moderne klassisk velomobil, der kombinerer teknisk innovation med praktisk design. Med sine \u00e5bne hjulkasser, udsynskanal og aftagelige hjelm leverer den en perfekt balance mellem ydeevne og hverdagsbrug, hvilket g\u00f8r den til et fremragende valg til b\u00e5de pendling og konkurrencek\u00f8rsel.<\/p>\n","protected":false},"featured_media":99866,"template":"","meta":{"_acf_changed":false},"product_brand":[],"product_cat":[913,914],"product_tag":[917,915,920],"class_list":{"0":"post-100094","1":"product","2":"type-product","3":"status-publish","4":"has-post-thumbnail","6":"product_cat-configure-your-velomobile-da","7":"product_cat-velomobile-da","8":"product_tag-comfortable-da","9":"product_tag-fast-da","10":"product_tag-short-turning-circle-da","12":"first","13":"instock","14":"sold-individually","15":"taxable","16":"shipping-taxable","17":"purchasable","18":"product-type-composite"},"composite_virtual":false,"composite_layout":"paged","composite_add_to_cart_form_location":"default","composite_editable_in_cart":false,"composite_sold_individually_context":"product","composite_shop_price_calc":"min_max","composite_components":[{"id":"1682525024","title":"Colors","description":"","query_type":"product_ids","query_ids":[2754],"default_option_id":115373,"thumbnail_id":"","thumbnail_src":"","quantity_min":1,"quantity_max":1,"priced_individually":true,"shipped_individually":false,"optional":false,"discount":"","options_style":"dropdowns","pagination_style":"classic","display_prices":"absolute","show_sorting_options":false,"show_filtering_options":false,"attribute_filter_ids":[],"select_action":"view","product_title_visible":false,"product_descr_visible":false,"product_price_visible":false,"product_thumb_visible":true,"subtotal_visible_product":true,"subtotal_visible_cart":true,"subtotal_visible_orders":true},{"id":"1682525025","title":"Electra","description":"","query_type":"product_ids","query_ids":[2762],"default_option_id":115401,"thumbnail_id":"","thumbnail_src":"","quantity_min":1,"quantity_max":1,"priced_individually":true,"shipped_individually":false,"optional":false,"discount":"","options_style":"dropdowns","pagination_style":"classic","display_prices":"absolute","show_sorting_options":false,"show_filtering_options":false,"attribute_filter_ids":[],"select_action":"view","product_title_visible":false,"product_descr_visible":false,"product_price_visible":false,"product_thumb_visible":true,"subtotal_visible_product":true,"subtotal_visible_cart":true,"subtotal_visible_orders":true},{"id":"1682525026","title":"Gear Options","description":"","query_type":"product_ids","query_ids":[2757],"default_option_id":115387,"thumbnail_id":"","thumbnail_src":"","quantity_min":1,"quantity_max":1,"priced_individually":true,"shipped_individually":false,"optional":false,"discount":"","options_style":"dropdowns","pagination_style":"classic","display_prices":"absolute","show_sorting_options":false,"show_filtering_options":false,"attribute_filter_ids":[],"select_action":"view","product_title_visible":false,"product_descr_visible":false,"product_price_visible":false,"product_thumb_visible":true,"subtotal_visible_product":true,"subtotal_visible_cart":true,"subtotal_visible_orders":true},{"id":"1682525027","title":"Other Options","description":"","query_type":"product_ids","query_ids":[2758],"default_option_id":115394,"thumbnail_id":"","thumbnail_src":"","quantity_min":1,"quantity_max":1,"priced_individually":true,"shipped_individually":false,"optional":false,"discount":"","options_style":"dropdowns","pagination_style":"classic","display_prices":"absolute","show_sorting_options":false,"show_filtering_options":false,"attribute_filter_ids":[],"select_action":"view","product_title_visible":false,"product_descr_visible":false,"product_price_visible":false,"product_thumb_visible":true,"subtotal_visible_product":true,"subtotal_visible_cart":true,"subtotal_visible_orders":true},{"id":"1682525028","title":"Measurements","description":"","query_type":"product_ids","query_ids":[1877],"default_option_id":115429,"thumbnail_id":"","thumbnail_src":"","quantity_min":1,"quantity_max":1,"priced_individually":false,"shipped_individually":false,"optional":false,"discount":"","options_style":"dropdowns","pagination_style":"classic","display_prices":"absolute","show_sorting_options":false,"show_filtering_options":false,"attribute_filter_ids":[],"select_action":"view","product_title_visible":false,"product_descr_visible":true,"product_price_visible":false,"product_thumb_visible":true,"subtotal_visible_product":false,"subtotal_visible_cart":false,"subtotal_visible_orders":false}],"composite_scenarios":[],"bundled_by":[],"bundle_stock_status":"instock","bundle_stock_quantity":null,"bundle_virtual":false,"bundle_layout":"","bundle_add_to_cart_form_location":"","bundle_editable_in_cart":false,"bundle_sold_individually_context":"","bundle_item_grouping":"","bundle_min_size":"","bundle_max_size":"","bundle_price":[],"bundled_items":[],"bundle_sell_ids":[],"acf":[],"yoast_head":"<!-- This site is optimized with the Yoast SEO plugin v27.3 - https:\/\/yoast.com\/product\/yoast-seo-wordpress\/ -->\n<title>Alpha 7 - Velomobile World<\/title>\n<meta name=\"description\" content=\"Oplev den moderne klassiker Alpha 7 velomobil \u2013 et kulfibervidunder, der kombinerer b\u00e5de konkurrenceklar ydeevne og praktisk hverdagsbrug. Perfekt til pendling, turcykling og konkurrencek\u00f8rsel.\" \/>\n<meta name=\"robots\" content=\"index, follow, max-snippet:-1, max-image-preview:large, max-video-preview:-1\" \/>\n<link rel=\"canonical\" href=\"https:\/\/www.velomobileworld.com\/product\/3-alpha-7\/\" \/>\n<meta property=\"og:locale\" content=\"da_DK\" \/>\n<meta property=\"og:type\" content=\"article\" \/>\n<meta property=\"og:title\" content=\"Alpha 7 - Velomobile World\" \/>\n<meta property=\"og:description\" content=\"Oplev den moderne klassiker Alpha 7 velomobil \u2013 et kulfibervidunder, der kombinerer b\u00e5de konkurrenceklar ydeevne og praktisk hverdagsbrug. Perfekt til pendling, turcykling og konkurrencek\u00f8rsel.\" \/>\n<meta property=\"og:url\" content=\"https:\/\/www.velomobileworld.com\/product\/3-alpha-7\/\" \/>\n<meta property=\"og:site_name\" content=\"Velomobile World\" \/>\n<meta property=\"article:modified_time\" content=\"2026-02-11T10:58:52+00:00\" \/>\n<meta property=\"og:image\" content=\"https:\/\/www.velomobileworld.com\/wp-content\/uploads\/2024\/10\/3.png\" \/>\n\t<meta property=\"og:image:width\" content=\"940\" \/>\n\t<meta property=\"og:image:height\" content=\"788\" \/>\n\t<meta property=\"og:image:type\" content=\"image\/png\" \/>\n<meta name=\"twitter:card\" content=\"summary_large_image\" \/>\n<meta name=\"twitter:label1\" content=\"Estimeret l\u00e6setid\" \/>\n\t<meta name=\"twitter:data1\" content=\"1 minut\" \/>\n<script type=\"application\/ld+json\" class=\"yoast-schema-graph\">{\"@context\":\"https:\\\/\\\/schema.org\",\"@graph\":[{\"@type\":\"WebPage\",\"@id\":\"https:\\\/\\\/www.velomobileworld.com\\\/product\\\/3-alpha-7\\\/\",\"url\":\"https:\\\/\\\/www.velomobileworld.com\\\/product\\\/3-alpha-7\\\/\",\"name\":\"Alpha 7 - Velomobile World\",\"isPartOf\":{\"@id\":\"https:\\\/\\\/www.velomobileworld.com\\\/nl\\\/#website\"},\"primaryImageOfPage\":{\"@id\":\"https:\\\/\\\/www.velomobileworld.com\\\/product\\\/3-alpha-7\\\/#primaryimage\"},\"image\":{\"@id\":\"https:\\\/\\\/www.velomobileworld.com\\\/product\\\/3-alpha-7\\\/#primaryimage\"},\"thumbnailUrl\":\"https:\\\/\\\/www.velomobileworld.com\\\/wp-content\\\/uploads\\\/2024\\\/10\\\/3.png\",\"datePublished\":\"2024-10-16T11:11:12+00:00\",\"dateModified\":\"2026-02-11T10:58:52+00:00\",\"description\":\"Oplev den moderne klassiker Alpha 7 velomobil \u2013 et kulfibervidunder, der kombinerer b\u00e5de konkurrenceklar ydeevne og praktisk hverdagsbrug. Perfekt til pendling, turcykling og konkurrencek\u00f8rsel.\",\"breadcrumb\":{\"@id\":\"https:\\\/\\\/www.velomobileworld.com\\\/product\\\/3-alpha-7\\\/#breadcrumb\"},\"inLanguage\":\"da-DK\",\"potentialAction\":[{\"@type\":\"ReadAction\",\"target\":[\"https:\\\/\\\/www.velomobileworld.com\\\/product\\\/3-alpha-7\\\/\"]}]},{\"@type\":\"ImageObject\",\"inLanguage\":\"da-DK\",\"@id\":\"https:\\\/\\\/www.velomobileworld.com\\\/product\\\/3-alpha-7\\\/#primaryimage\",\"url\":\"https:\\\/\\\/www.velomobileworld.com\\\/wp-content\\\/uploads\\\/2024\\\/10\\\/3.png\",\"contentUrl\":\"https:\\\/\\\/www.velomobileworld.com\\\/wp-content\\\/uploads\\\/2024\\\/10\\\/3.png\",\"width\":940,\"height\":788},{\"@type\":\"BreadcrumbList\",\"@id\":\"https:\\\/\\\/www.velomobileworld.com\\\/product\\\/3-alpha-7\\\/#breadcrumb\",\"itemListElement\":[{\"@type\":\"ListItem\",\"position\":1,\"name\":\"Home\",\"item\":\"https:\\\/\\\/www.velomobileworld.com\\\/\"},{\"@type\":\"ListItem\",\"position\":2,\"name\":\"Velomobiles\",\"item\":\"https:\\\/\\\/www.velomobileworld.com\\\/velomobiles\\\/\"},{\"@type\":\"ListItem\",\"position\":3,\"name\":\"Alpha 7\"}]},{\"@type\":\"WebSite\",\"@id\":\"https:\\\/\\\/www.velomobileworld.com\\\/nl\\\/#website\",\"url\":\"https:\\\/\\\/www.velomobileworld.com\\\/nl\\\/\",\"name\":\"Velomobile World\",\"description\":\"\",\"potentialAction\":[{\"@type\":\"SearchAction\",\"target\":{\"@type\":\"EntryPoint\",\"urlTemplate\":\"https:\\\/\\\/www.velomobileworld.com\\\/nl\\\/?s={search_term_string}\"},\"query-input\":{\"@type\":\"PropertyValueSpecification\",\"valueRequired\":true,\"valueName\":\"search_term_string\"}}],\"inLanguage\":\"da-DK\"}]}<\/script>\n<!-- \/ Yoast SEO plugin. -->","yoast_head_json":{"title":"Alpha 7 - Velomobile World","description":"Oplev den moderne klassiker Alpha 7 velomobil \u2013 et kulfibervidunder, der kombinerer b\u00e5de konkurrenceklar ydeevne og praktisk hverdagsbrug. Perfekt til pendling, turcykling og konkurrencek\u00f8rsel.","robots":{"index":"index","follow":"follow","max-snippet":"max-snippet:-1","max-image-preview":"max-image-preview:large","max-video-preview":"max-video-preview:-1"},"canonical":"https:\/\/www.velomobileworld.com\/product\/3-alpha-7\/","og_locale":"da_DK","og_type":"article","og_title":"Alpha 7 - Velomobile World","og_description":"Oplev den moderne klassiker Alpha 7 velomobil \u2013 et kulfibervidunder, der kombinerer b\u00e5de konkurrenceklar ydeevne og praktisk hverdagsbrug. Perfekt til pendling, turcykling og konkurrencek\u00f8rsel.","og_url":"https:\/\/www.velomobileworld.com\/product\/3-alpha-7\/","og_site_name":"Velomobile World","article_modified_time":"2026-02-11T10:58:52+00:00","og_image":[{"width":940,"height":788,"url":"https:\/\/www.velomobileworld.com\/wp-content\/uploads\/2024\/10\/3.png","type":"image\/png"}],"twitter_card":"summary_large_image","twitter_misc":{"Estimeret l\u00e6setid":"1 minut"},"schema":{"@context":"https:\/\/schema.org","@graph":[{"@type":"WebPage","@id":"https:\/\/www.velomobileworld.com\/product\/3-alpha-7\/","url":"https:\/\/www.velomobileworld.com\/product\/3-alpha-7\/","name":"Alpha 7 - Velomobile World","isPartOf":{"@id":"https:\/\/www.velomobileworld.com\/nl\/#website"},"primaryImageOfPage":{"@id":"https:\/\/www.velomobileworld.com\/product\/3-alpha-7\/#primaryimage"},"image":{"@id":"https:\/\/www.velomobileworld.com\/product\/3-alpha-7\/#primaryimage"},"thumbnailUrl":"https:\/\/www.velomobileworld.com\/wp-content\/uploads\/2024\/10\/3.png","datePublished":"2024-10-16T11:11:12+00:00","dateModified":"2026-02-11T10:58:52+00:00","description":"Oplev den moderne klassiker Alpha 7 velomobil \u2013 et kulfibervidunder, der kombinerer b\u00e5de konkurrenceklar ydeevne og praktisk hverdagsbrug. Perfekt til pendling, turcykling og konkurrencek\u00f8rsel.","breadcrumb":{"@id":"https:\/\/www.velomobileworld.com\/product\/3-alpha-7\/#breadcrumb"},"inLanguage":"da-DK","potentialAction":[{"@type":"ReadAction","target":["https:\/\/www.velomobileworld.com\/product\/3-alpha-7\/"]}]},{"@type":"ImageObject","inLanguage":"da-DK","@id":"https:\/\/www.velomobileworld.com\/product\/3-alpha-7\/#primaryimage","url":"https:\/\/www.velomobileworld.com\/wp-content\/uploads\/2024\/10\/3.png","contentUrl":"https:\/\/www.velomobileworld.com\/wp-content\/uploads\/2024\/10\/3.png","width":940,"height":788},{"@type":"BreadcrumbList","@id":"https:\/\/www.velomobileworld.com\/product\/3-alpha-7\/#breadcrumb","itemListElement":[{"@type":"ListItem","position":1,"name":"Home","item":"https:\/\/www.velomobileworld.com\/"},{"@type":"ListItem","position":2,"name":"Velomobiles","item":"https:\/\/www.velomobileworld.com\/velomobiles\/"},{"@type":"ListItem","position":3,"name":"Alpha 7"}]},{"@type":"WebSite","@id":"https:\/\/www.velomobileworld.com\/nl\/#website","url":"https:\/\/www.velomobileworld.com\/nl\/","name":"Velomobile World","description":"","potentialAction":[{"@type":"SearchAction","target":{"@type":"EntryPoint","urlTemplate":"https:\/\/www.velomobileworld.com\/nl\/?s={search_term_string}"},"query-input":{"@type":"PropertyValueSpecification","valueRequired":true,"valueName":"search_term_string"}}],"inLanguage":"da-DK"}]}},"_links":{"self":[{"href":"https:\/\/www.velomobileworld.com\/da\/wp-json\/wp\/v2\/product\/100094","targetHints":{"allow":["GET"]}}],"collection":[{"href":"https:\/\/www.velomobileworld.com\/da\/wp-json\/wp\/v2\/product"}],"about":[{"href":"https:\/\/www.velomobileworld.com\/da\/wp-json\/wp\/v2\/types\/product"}],"wp:featuredmedia":[{"embeddable":true,"href":"https:\/\/www.velomobileworld.com\/da\/wp-json\/wp\/v2\/media\/99866"}],"wp:attachment":[{"href":"https:\/\/www.velomobileworld.com\/da\/wp-json\/wp\/v2\/media?parent=100094"}],"wp:term":[{"taxonomy":"product_brand","embeddable":true,"href":"https:\/\/www.velomobileworld.com\/da\/wp-json\/wp\/v2\/product_brand?post=100094"},{"taxonomy":"product_cat","embeddable":true,"href":"https:\/\/www.velomobileworld.com\/da\/wp-json\/wp\/v2\/product_cat?post=100094"},{"taxonomy":"product_tag","embeddable":true,"href":"https:\/\/www.velomobileworld.com\/da\/wp-json\/wp\/v2\/product_tag?post=100094"}],"curies":[{"name":"wp","href":"https:\/\/api.w.org\/{rel}","templated":true}]}}