{"id":100145,"date":"2024-10-16T13:16:11","date_gmt":"2024-10-16T11:16:11","guid":{"rendered":"https:\/\/www.velomobileworld.com\/product\/alpha-w9s\/"},"modified":"2026-02-18T11:40:13","modified_gmt":"2026-02-18T10:40:13","slug":"alpha-w9s","status":"publish","type":"product","link":"https:\/\/www.velomobileworld.com\/da\/vare\/alpha-w9s\/","title":{"rendered":"Alpha W9s"},"content":{"rendered":"<h2>Ultimate Snelheid en Prestaties<\/h2>\n<p>Maak kennis met de Alpha W9S &#8211; het summum van velomobieltechnologie en -ontwerp. Gebouwd op het succes van de Alpha 9, M9 en W9-modellen, tilt de W9S de prestaties naar een geheel nieuw niveau. Met aerodynamica van wereldklasse, stijfheid en stuurnauwkeurigheid zet deze rasracer je kracht om in onge\u00ebvenaarde snelheid. Of je nu racet, toert, pendelt of geniet van energieke groepsritten, de W9S levert een opwindende rijervaring zoals geen ander.<\/p>\n<p>Ontworpen voor Prestaties<\/p>\n<ul>\n<li>Frontprofiel verder geoptimaliseerd voor verminderde luchtweerstand<\/li>\n<li>Slank achterprofiel voor verbeterde aerodynamica<\/li>\n<li>Lage, ergonomische zitpositie biedt volledige controle<\/li>\n<li>Zeer stijve carbon fiber monocoque voor explosieve acceleratie<\/li>\n<li>Directe, stabiele stuurgeometrie voor het scherp nemen van bochten<\/li>\n<li>Geschikt voor rijders tot 183 cm \/ 6 voet<\/li>\n<\/ul>\n","protected":false},"excerpt":{"rendered":"<p>De Alpha W9S is de ultieme velomobiel voor rijders die verlangen naar maximale snelheid en prestaties. De aerodynamica, stabiliteit en handling van wereldklasse cre\u00ebren de ideale omstandigheden voor persoonlijke records en podiumplaatsen. De mogelijkheid om de W9S aan te passen voor zowel racen als dagelijks gebruik maakt het de enige velomobiel die alles kan. Stop met dromen en begin met vliegen.<\/p>\n","protected":false},"featured_media":100146,"template":"","meta":{"_acf_changed":false},"product_brand":[],"product_cat":[913,914],"product_tag":[917,915,916],"class_list":{"0":"post-100145","1":"product","2":"type-product","3":"status-publish","4":"has-post-thumbnail","6":"product_cat-configure-your-velomobile-da","7":"product_cat-velomobile-da","8":"product_tag-comfortable-da","9":"product_tag-fast-da","10":"product_tag-highline-da","12":"first","13":"instock","14":"sold-individually","15":"taxable","16":"shipping-taxable","17":"purchasable","18":"product-type-composite"},"composite_virtual":false,"composite_layout":"paged","composite_add_to_cart_form_location":"default","composite_editable_in_cart":false,"composite_sold_individually_context":"product","composite_shop_price_calc":"defaults","composite_components":[{"id":"1682642339","title":"Colors","description":"","query_type":"product_ids","query_ids":[2779],"default_option_id":115359,"thumbnail_id":"","thumbnail_src":"","quantity_min":1,"quantity_max":1,"priced_individually":true,"shipped_individually":false,"optional":false,"discount":"","options_style":"dropdowns","pagination_style":"classic","display_prices":"absolute","show_sorting_options":false,"show_filtering_options":false,"attribute_filter_ids":[],"select_action":"view","product_title_visible":false,"product_descr_visible":false,"product_price_visible":false,"product_thumb_visible":true,"subtotal_visible_product":true,"subtotal_visible_cart":true,"subtotal_visible_orders":true},{"id":"1682642340","title":"Electra","description":"","query_type":"product_ids","query_ids":[2755],"default_option_id":115380,"thumbnail_id":"","thumbnail_src":"","quantity_min":1,"quantity_max":1,"priced_individually":true,"shipped_individually":false,"optional":false,"discount":"","options_style":"dropdowns","pagination_style":"classic","display_prices":"absolute","show_sorting_options":false,"show_filtering_options":false,"attribute_filter_ids":[],"select_action":"view","product_title_visible":false,"product_descr_visible":false,"product_price_visible":false,"product_thumb_visible":true,"subtotal_visible_product":true,"subtotal_visible_cart":true,"subtotal_visible_orders":true},{"id":"1682642341","title":"Gear Options","description":"","query_type":"product_ids","query_ids":[2757],"default_option_id":115387,"thumbnail_id":"","thumbnail_src":"","quantity_min":1,"quantity_max":1,"priced_individually":true,"shipped_individually":false,"optional":false,"discount":"","options_style":"dropdowns","pagination_style":"classic","display_prices":"absolute","show_sorting_options":false,"show_filtering_options":false,"attribute_filter_ids":[],"select_action":"view","product_title_visible":false,"product_descr_visible":false,"product_price_visible":false,"product_thumb_visible":true,"subtotal_visible_product":true,"subtotal_visible_cart":true,"subtotal_visible_orders":true},{"id":"1682642342","title":"Other Options","description":"","query_type":"product_ids","query_ids":[2780],"default_option_id":115366,"thumbnail_id":"","thumbnail_src":"","quantity_min":1,"quantity_max":1,"priced_individually":true,"shipped_individually":false,"optional":false,"discount":"","options_style":"dropdowns","pagination_style":"classic","display_prices":"absolute","show_sorting_options":false,"show_filtering_options":false,"attribute_filter_ids":[],"select_action":"view","product_title_visible":false,"product_descr_visible":false,"product_price_visible":false,"product_thumb_visible":true,"subtotal_visible_product":true,"subtotal_visible_cart":true,"subtotal_visible_orders":true},{"id":"1682642343","title":"Measurements","description":"","query_type":"product_ids","query_ids":[1877],"default_option_id":115429,"thumbnail_id":"","thumbnail_src":"","quantity_min":1,"quantity_max":1,"priced_individually":false,"shipped_individually":false,"optional":false,"discount":"","options_style":"dropdowns","pagination_style":"classic","display_prices":"absolute","show_sorting_options":false,"show_filtering_options":false,"attribute_filter_ids":[],"select_action":"view","product_title_visible":false,"product_descr_visible":true,"product_price_visible":false,"product_thumb_visible":true,"subtotal_visible_product":false,"subtotal_visible_cart":false,"subtotal_visible_orders":false}],"composite_scenarios":[],"bundled_by":[],"bundle_stock_status":"instock","bundle_stock_quantity":null,"bundle_virtual":false,"bundle_layout":"","bundle_add_to_cart_form_location":"","bundle_editable_in_cart":false,"bundle_sold_individually_context":"","bundle_item_grouping":"","bundle_min_size":"","bundle_max_size":"","bundle_price":[],"bundled_items":[],"bundle_sell_ids":[],"acf":[],"yoast_head":"<!-- This site is optimized with the Yoast SEO plugin v27.3 - https:\/\/yoast.com\/product\/yoast-seo-wordpress\/ -->\n<title>Alpha W9s - Velomobile World<\/title>\n<meta name=\"description\" content=\"Alpha W9S er den ultimative racing-velomobil, der tilbyder uovertruffen hastighed, k\u00f8reegenskaber og aerodynamik. Den er komfortabel og kan tilpasses den enkelte, hvilket g\u00f8r det muligt for k\u00f8reren at rykke sine gr\u00e6nser og n\u00e5 sine m\u00e5l. Oplev ydeevnen og den rene k\u00f8regl\u00e6de ved W9S i dag.\" \/>\n<meta name=\"robots\" content=\"index, follow, max-snippet:-1, max-image-preview:large, max-video-preview:-1\" \/>\n<link rel=\"canonical\" href=\"https:\/\/www.velomobileworld.com\/product\/5-alpha-w9s\/\" \/>\n<meta property=\"og:locale\" content=\"da_DK\" \/>\n<meta property=\"og:type\" content=\"article\" \/>\n<meta property=\"og:title\" content=\"Alpha W9s - Velomobile World\" \/>\n<meta property=\"og:description\" content=\"Alpha W9S er den ultimative racing-velomobil, der tilbyder uovertruffen hastighed, k\u00f8reegenskaber og aerodynamik. Den er komfortabel og kan tilpasses den enkelte, hvilket g\u00f8r det muligt for k\u00f8reren at rykke sine gr\u00e6nser og n\u00e5 sine m\u00e5l. Oplev ydeevnen og den rene k\u00f8regl\u00e6de ved W9S i dag.\" \/>\n<meta property=\"og:url\" content=\"https:\/\/www.velomobileworld.com\/product\/5-alpha-w9s\/\" \/>\n<meta property=\"og:site_name\" content=\"Velomobile World\" \/>\n<meta property=\"article:modified_time\" content=\"2026-02-18T10:40:13+00:00\" \/>\n<meta property=\"og:image\" content=\"https:\/\/www.velomobileworld.com\/wp-content\/uploads\/2024\/10\/7.png\" \/>\n\t<meta property=\"og:image:width\" content=\"940\" \/>\n\t<meta property=\"og:image:height\" content=\"788\" \/>\n\t<meta property=\"og:image:type\" content=\"image\/png\" \/>\n<meta name=\"twitter:card\" content=\"summary_large_image\" \/>\n<meta name=\"twitter:label1\" content=\"Estimeret l\u00e6setid\" \/>\n\t<meta name=\"twitter:data1\" content=\"1 minut\" \/>\n<script type=\"application\/ld+json\" class=\"yoast-schema-graph\">{\"@context\":\"https:\\\/\\\/schema.org\",\"@graph\":[{\"@type\":\"WebPage\",\"@id\":\"https:\\\/\\\/www.velomobileworld.com\\\/product\\\/5-alpha-w9s\\\/\",\"url\":\"https:\\\/\\\/www.velomobileworld.com\\\/product\\\/5-alpha-w9s\\\/\",\"name\":\"Alpha W9s - Velomobile World\",\"isPartOf\":{\"@id\":\"https:\\\/\\\/www.velomobileworld.com\\\/nl\\\/#website\"},\"primaryImageOfPage\":{\"@id\":\"https:\\\/\\\/www.velomobileworld.com\\\/product\\\/5-alpha-w9s\\\/#primaryimage\"},\"image\":{\"@id\":\"https:\\\/\\\/www.velomobileworld.com\\\/product\\\/5-alpha-w9s\\\/#primaryimage\"},\"thumbnailUrl\":\"https:\\\/\\\/www.velomobileworld.com\\\/wp-content\\\/uploads\\\/2024\\\/10\\\/7.png\",\"datePublished\":\"2024-10-16T11:16:11+00:00\",\"dateModified\":\"2026-02-18T10:40:13+00:00\",\"description\":\"Alpha W9S er den ultimative racing-velomobil, der tilbyder uovertruffen hastighed, k\u00f8reegenskaber og aerodynamik. Den er komfortabel og kan tilpasses den enkelte, hvilket g\u00f8r det muligt for k\u00f8reren at rykke sine gr\u00e6nser og n\u00e5 sine m\u00e5l. Oplev ydeevnen og den rene k\u00f8regl\u00e6de ved W9S i dag.\",\"breadcrumb\":{\"@id\":\"https:\\\/\\\/www.velomobileworld.com\\\/product\\\/5-alpha-w9s\\\/#breadcrumb\"},\"inLanguage\":\"da-DK\",\"potentialAction\":[{\"@type\":\"ReadAction\",\"target\":[\"https:\\\/\\\/www.velomobileworld.com\\\/product\\\/5-alpha-w9s\\\/\"]}]},{\"@type\":\"ImageObject\",\"inLanguage\":\"da-DK\",\"@id\":\"https:\\\/\\\/www.velomobileworld.com\\\/product\\\/5-alpha-w9s\\\/#primaryimage\",\"url\":\"https:\\\/\\\/www.velomobileworld.com\\\/wp-content\\\/uploads\\\/2024\\\/10\\\/7.png\",\"contentUrl\":\"https:\\\/\\\/www.velomobileworld.com\\\/wp-content\\\/uploads\\\/2024\\\/10\\\/7.png\",\"width\":940,\"height\":788},{\"@type\":\"BreadcrumbList\",\"@id\":\"https:\\\/\\\/www.velomobileworld.com\\\/product\\\/5-alpha-w9s\\\/#breadcrumb\",\"itemListElement\":[{\"@type\":\"ListItem\",\"position\":1,\"name\":\"Home\",\"item\":\"https:\\\/\\\/www.velomobileworld.com\\\/\"},{\"@type\":\"ListItem\",\"position\":2,\"name\":\"Velomobiles\",\"item\":\"https:\\\/\\\/www.velomobileworld.com\\\/velomobiles\\\/\"},{\"@type\":\"ListItem\",\"position\":3,\"name\":\"Alpha W9s\"}]},{\"@type\":\"WebSite\",\"@id\":\"https:\\\/\\\/www.velomobileworld.com\\\/nl\\\/#website\",\"url\":\"https:\\\/\\\/www.velomobileworld.com\\\/nl\\\/\",\"name\":\"Velomobile World\",\"description\":\"\",\"potentialAction\":[{\"@type\":\"SearchAction\",\"target\":{\"@type\":\"EntryPoint\",\"urlTemplate\":\"https:\\\/\\\/www.velomobileworld.com\\\/nl\\\/?s={search_term_string}\"},\"query-input\":{\"@type\":\"PropertyValueSpecification\",\"valueRequired\":true,\"valueName\":\"search_term_string\"}}],\"inLanguage\":\"da-DK\"}]}<\/script>\n<!-- \/ Yoast SEO plugin. -->","yoast_head_json":{"title":"Alpha W9s - Velomobile World","description":"Alpha W9S er den ultimative racing-velomobil, der tilbyder uovertruffen hastighed, k\u00f8reegenskaber og aerodynamik. Den er komfortabel og kan tilpasses den enkelte, hvilket g\u00f8r det muligt for k\u00f8reren at rykke sine gr\u00e6nser og n\u00e5 sine m\u00e5l. Oplev ydeevnen og den rene k\u00f8regl\u00e6de ved W9S i dag.","robots":{"index":"index","follow":"follow","max-snippet":"max-snippet:-1","max-image-preview":"max-image-preview:large","max-video-preview":"max-video-preview:-1"},"canonical":"https:\/\/www.velomobileworld.com\/product\/5-alpha-w9s\/","og_locale":"da_DK","og_type":"article","og_title":"Alpha W9s - Velomobile World","og_description":"Alpha W9S er den ultimative racing-velomobil, der tilbyder uovertruffen hastighed, k\u00f8reegenskaber og aerodynamik. Den er komfortabel og kan tilpasses den enkelte, hvilket g\u00f8r det muligt for k\u00f8reren at rykke sine gr\u00e6nser og n\u00e5 sine m\u00e5l. Oplev ydeevnen og den rene k\u00f8regl\u00e6de ved W9S i dag.","og_url":"https:\/\/www.velomobileworld.com\/product\/5-alpha-w9s\/","og_site_name":"Velomobile World","article_modified_time":"2026-02-18T10:40:13+00:00","og_image":[{"width":940,"height":788,"url":"https:\/\/www.velomobileworld.com\/wp-content\/uploads\/2024\/10\/7.png","type":"image\/png"}],"twitter_card":"summary_large_image","twitter_misc":{"Estimeret l\u00e6setid":"1 minut"},"schema":{"@context":"https:\/\/schema.org","@graph":[{"@type":"WebPage","@id":"https:\/\/www.velomobileworld.com\/product\/5-alpha-w9s\/","url":"https:\/\/www.velomobileworld.com\/product\/5-alpha-w9s\/","name":"Alpha W9s - Velomobile World","isPartOf":{"@id":"https:\/\/www.velomobileworld.com\/nl\/#website"},"primaryImageOfPage":{"@id":"https:\/\/www.velomobileworld.com\/product\/5-alpha-w9s\/#primaryimage"},"image":{"@id":"https:\/\/www.velomobileworld.com\/product\/5-alpha-w9s\/#primaryimage"},"thumbnailUrl":"https:\/\/www.velomobileworld.com\/wp-content\/uploads\/2024\/10\/7.png","datePublished":"2024-10-16T11:16:11+00:00","dateModified":"2026-02-18T10:40:13+00:00","description":"Alpha W9S er den ultimative racing-velomobil, der tilbyder uovertruffen hastighed, k\u00f8reegenskaber og aerodynamik. Den er komfortabel og kan tilpasses den enkelte, hvilket g\u00f8r det muligt for k\u00f8reren at rykke sine gr\u00e6nser og n\u00e5 sine m\u00e5l. Oplev ydeevnen og den rene k\u00f8regl\u00e6de ved W9S i dag.","breadcrumb":{"@id":"https:\/\/www.velomobileworld.com\/product\/5-alpha-w9s\/#breadcrumb"},"inLanguage":"da-DK","potentialAction":[{"@type":"ReadAction","target":["https:\/\/www.velomobileworld.com\/product\/5-alpha-w9s\/"]}]},{"@type":"ImageObject","inLanguage":"da-DK","@id":"https:\/\/www.velomobileworld.com\/product\/5-alpha-w9s\/#primaryimage","url":"https:\/\/www.velomobileworld.com\/wp-content\/uploads\/2024\/10\/7.png","contentUrl":"https:\/\/www.velomobileworld.com\/wp-content\/uploads\/2024\/10\/7.png","width":940,"height":788},{"@type":"BreadcrumbList","@id":"https:\/\/www.velomobileworld.com\/product\/5-alpha-w9s\/#breadcrumb","itemListElement":[{"@type":"ListItem","position":1,"name":"Home","item":"https:\/\/www.velomobileworld.com\/"},{"@type":"ListItem","position":2,"name":"Velomobiles","item":"https:\/\/www.velomobileworld.com\/velomobiles\/"},{"@type":"ListItem","position":3,"name":"Alpha W9s"}]},{"@type":"WebSite","@id":"https:\/\/www.velomobileworld.com\/nl\/#website","url":"https:\/\/www.velomobileworld.com\/nl\/","name":"Velomobile World","description":"","potentialAction":[{"@type":"SearchAction","target":{"@type":"EntryPoint","urlTemplate":"https:\/\/www.velomobileworld.com\/nl\/?s={search_term_string}"},"query-input":{"@type":"PropertyValueSpecification","valueRequired":true,"valueName":"search_term_string"}}],"inLanguage":"da-DK"}]}},"_links":{"self":[{"href":"https:\/\/www.velomobileworld.com\/da\/wp-json\/wp\/v2\/product\/100145","targetHints":{"allow":["GET"]}}],"collection":[{"href":"https:\/\/www.velomobileworld.com\/da\/wp-json\/wp\/v2\/product"}],"about":[{"href":"https:\/\/www.velomobileworld.com\/da\/wp-json\/wp\/v2\/types\/product"}],"wp:featuredmedia":[{"embeddable":true,"href":"https:\/\/www.velomobileworld.com\/da\/wp-json\/wp\/v2\/media\/100146"}],"wp:attachment":[{"href":"https:\/\/www.velomobileworld.com\/da\/wp-json\/wp\/v2\/media?parent=100145"}],"wp:term":[{"taxonomy":"product_brand","embeddable":true,"href":"https:\/\/www.velomobileworld.com\/da\/wp-json\/wp\/v2\/product_brand?post=100145"},{"taxonomy":"product_cat","embeddable":true,"href":"https:\/\/www.velomobileworld.com\/da\/wp-json\/wp\/v2\/product_cat?post=100145"},{"taxonomy":"product_tag","embeddable":true,"href":"https:\/\/www.velomobileworld.com\/da\/wp-json\/wp\/v2\/product_tag?post=100145"}],"curies":[{"name":"wp","href":"https:\/\/api.w.org\/{rel}","templated":true}]}}