{"id":100193,"date":"2024-10-16T13:11:24","date_gmt":"2024-10-16T11:11:24","guid":{"rendered":"https:\/\/www.velomobileworld.com\/product\/9-alpha-w9\/"},"modified":"2026-02-17T11:19:02","modified_gmt":"2026-02-17T10:19:02","slug":"9-alpha-w9","status":"publish","type":"product","link":"https:\/\/www.velomobileworld.com\/da\/vare\/9-alpha-w9\/","title":{"rendered":"Alpha W9"},"content":{"rendered":"<p data-path-to-node=\"3\"><b data-path-to-node=\"3\" data-index-in-node=\"0\">Materialer:<\/b> Kulfiber med epoxy<\/p>\n<p data-path-to-node=\"4\"><i data-path-to-node=\"4\" data-index-in-node=\"0\"><strong>Rytterens h\u00f8jde<\/strong>:<\/i>* ~159 cm til ~180 cm<\/p>\n<p data-path-to-node=\"5\"><b data-path-to-node=\"5\" data-index-in-node=\"0\">Maks. rytterv\u00e6gt:<\/b> 90 kg<\/p>\n<p data-path-to-node=\"6\">Oplev en ny dimension af k\u00f8regl\u00e6de med Alpha W9, den nyeste innovation inden for menneskedrevet transport. Med en l\u00e6ngde p\u00e5 2,60 m og en bredde p\u00e5 80 cm har W9 en modificeret form, der bevarer fordelene fra sine st\u00f8rre s\u00f8skende, samtidig med at den tilbyder forbedret retningsstabilitet og en mere str\u00f8mlinet profil.<\/p>\n<p data-path-to-node=\"7\">W9&#8217;s design giver mulighed for en lavere siddeposition, hvilket forbedrer k\u00f8redynamikken uden at g\u00e5 p\u00e5 kompromis med komforten. Fronten er blevet gennemt\u00e6nkt udvidet med 1,5 cm, hvor det betyder mest, hvilket \u00f8ger pladsen til kranks\u00e6ttet for optimal pedaleffektivitet. P\u00e5 trods af sine kompakte dimensioner rummer W9 komfortabelt ryttere op til 1,80 m i h\u00f8jden (eller 1,90 m med 140 mm krankarme).<\/p>\n<p data-path-to-node=\"8\">W9 er bygget med raceregenskaber og har lukkede hjulkasser, et stift fremdriftssystem og permanent integrerede spejle, der automatisk flugter perfekt \u2013 hvilket er s\u00e6rligt attraktivt ved k\u00f8rsel uden top (open-top). Velomobilen udm\u00e6rker sig i b\u00e5de h\u00f8jtydende scenarier og til daglig brug med rigelig opbevaringsplads, inklusive valgfrie sidekontorer.<\/p>\n","protected":false},"excerpt":{"rendered":"<p>Alpha W9 er en elegant og hurtig velomobil, der kombinerer overlegen aerodynamik med praktisk anvendelighed i hverdagen. Denne slankere afstikker af Alpha 9-serien tilbyder fremragende vindmodstand, komfortabel h\u00e5ndtering og imponerende ulykkessikkerhed i en kompakt pakke.<\/p>\n","protected":false},"featured_media":100223,"template":"","meta":{"_acf_changed":false},"product_brand":[],"product_cat":[913,914],"product_tag":[917,915,916],"class_list":{"0":"post-100193","1":"product","2":"type-product","3":"status-publish","4":"has-post-thumbnail","6":"product_cat-configure-your-velomobile-da","7":"product_cat-velomobile-da","8":"product_tag-comfortable-da","9":"product_tag-fast-da","10":"product_tag-highline-da","12":"first","13":"instock","14":"sold-individually","15":"taxable","16":"shipping-taxable","17":"purchasable","18":"product-type-composite"},"composite_virtual":false,"composite_layout":"paged","composite_add_to_cart_form_location":"default","composite_editable_in_cart":false,"composite_sold_individually_context":"product","composite_shop_price_calc":"defaults","composite_components":[{"id":"1682642339","title":"Colors","description":"","query_type":"product_ids","query_ids":[2779],"default_option_id":115359,"thumbnail_id":"","thumbnail_src":"","quantity_min":1,"quantity_max":1,"priced_individually":true,"shipped_individually":false,"optional":false,"discount":"","options_style":"dropdowns","pagination_style":"classic","display_prices":"absolute","show_sorting_options":false,"show_filtering_options":false,"attribute_filter_ids":[],"select_action":"view","product_title_visible":false,"product_descr_visible":false,"product_price_visible":false,"product_thumb_visible":true,"subtotal_visible_product":true,"subtotal_visible_cart":true,"subtotal_visible_orders":true},{"id":"1682642340","title":"Electra","description":"","query_type":"product_ids","query_ids":[2755],"default_option_id":115380,"thumbnail_id":"","thumbnail_src":"","quantity_min":1,"quantity_max":1,"priced_individually":true,"shipped_individually":false,"optional":false,"discount":"","options_style":"dropdowns","pagination_style":"classic","display_prices":"absolute","show_sorting_options":false,"show_filtering_options":false,"attribute_filter_ids":[],"select_action":"view","product_title_visible":false,"product_descr_visible":false,"product_price_visible":false,"product_thumb_visible":true,"subtotal_visible_product":true,"subtotal_visible_cart":true,"subtotal_visible_orders":true},{"id":"1682642341","title":"Gear Options","description":"","query_type":"product_ids","query_ids":[2757],"default_option_id":115387,"thumbnail_id":"","thumbnail_src":"","quantity_min":1,"quantity_max":1,"priced_individually":true,"shipped_individually":false,"optional":false,"discount":"","options_style":"dropdowns","pagination_style":"classic","display_prices":"absolute","show_sorting_options":false,"show_filtering_options":false,"attribute_filter_ids":[],"select_action":"view","product_title_visible":false,"product_descr_visible":false,"product_price_visible":false,"product_thumb_visible":true,"subtotal_visible_product":true,"subtotal_visible_cart":true,"subtotal_visible_orders":true},{"id":"1682642342","title":"Other Options","description":"","query_type":"product_ids","query_ids":[2780],"default_option_id":115366,"thumbnail_id":"","thumbnail_src":"","quantity_min":1,"quantity_max":1,"priced_individually":true,"shipped_individually":false,"optional":false,"discount":"","options_style":"dropdowns","pagination_style":"classic","display_prices":"absolute","show_sorting_options":false,"show_filtering_options":false,"attribute_filter_ids":[],"select_action":"view","product_title_visible":false,"product_descr_visible":false,"product_price_visible":false,"product_thumb_visible":true,"subtotal_visible_product":true,"subtotal_visible_cart":true,"subtotal_visible_orders":true},{"id":"1682642343","title":"Measurements","description":"","query_type":"product_ids","query_ids":[1877],"default_option_id":115429,"thumbnail_id":"","thumbnail_src":"","quantity_min":1,"quantity_max":1,"priced_individually":false,"shipped_individually":false,"optional":false,"discount":"","options_style":"dropdowns","pagination_style":"classic","display_prices":"absolute","show_sorting_options":false,"show_filtering_options":false,"attribute_filter_ids":[],"select_action":"view","product_title_visible":false,"product_descr_visible":true,"product_price_visible":false,"product_thumb_visible":true,"subtotal_visible_product":false,"subtotal_visible_cart":false,"subtotal_visible_orders":false}],"composite_scenarios":[],"bundled_by":[],"bundle_stock_status":"instock","bundle_stock_quantity":null,"bundle_virtual":false,"bundle_layout":"","bundle_add_to_cart_form_location":"","bundle_editable_in_cart":false,"bundle_sold_individually_context":"","bundle_item_grouping":"","bundle_min_size":"","bundle_max_size":"","bundle_price":[],"bundled_items":[],"bundle_sell_ids":[],"acf":[],"yoast_head":"<!-- This site is optimized with the Yoast SEO plugin v27.3 - https:\/\/yoast.com\/product\/yoast-seo-wordpress\/ -->\n<title>Alpha W9 - Velomobile World<\/title>\n<meta name=\"robots\" content=\"index, follow, max-snippet:-1, max-image-preview:large, max-video-preview:-1\" \/>\n<link rel=\"canonical\" href=\"https:\/\/www.velomobileworld.com\/da\/vare\/9-alpha-w9\/\" \/>\n<meta property=\"og:locale\" content=\"da_DK\" \/>\n<meta property=\"og:type\" content=\"article\" \/>\n<meta property=\"og:title\" content=\"Alpha W9 - Velomobile World\" \/>\n<meta property=\"og:description\" content=\"Alpha W9 er en elegant og hurtig velomobil, der kombinerer overlegen aerodynamik med praktisk anvendelighed i hverdagen. Denne slankere afstikker af Alpha 9-serien tilbyder fremragende vindmodstand, komfortabel h\u00e5ndtering og imponerende ulykkessikkerhed i en kompakt pakke.\" \/>\n<meta property=\"og:url\" content=\"https:\/\/www.velomobileworld.com\/da\/vare\/9-alpha-w9\/\" \/>\n<meta property=\"og:site_name\" content=\"Velomobile World\" \/>\n<meta property=\"article:modified_time\" content=\"2026-02-17T10:19:02+00:00\" \/>\n<meta property=\"og:image\" content=\"https:\/\/www.velomobileworld.com\/wp-content\/uploads\/2024\/10\/Untitled-design.jpg\" \/>\n\t<meta property=\"og:image:width\" content=\"535\" \/>\n\t<meta property=\"og:image:height\" content=\"500\" \/>\n\t<meta property=\"og:image:type\" content=\"image\/jpeg\" \/>\n<meta name=\"twitter:card\" content=\"summary_large_image\" \/>\n<meta name=\"twitter:label1\" content=\"Estimeret l\u00e6setid\" \/>\n\t<meta name=\"twitter:data1\" content=\"4 minutter\" \/>\n<script type=\"application\/ld+json\" class=\"yoast-schema-graph\">{\"@context\":\"https:\\\/\\\/schema.org\",\"@graph\":[{\"@type\":\"WebPage\",\"@id\":\"https:\\\/\\\/www.velomobileworld.com\\\/da\\\/vare\\\/9-alpha-w9\\\/\",\"url\":\"https:\\\/\\\/www.velomobileworld.com\\\/da\\\/vare\\\/9-alpha-w9\\\/\",\"name\":\"Alpha W9 - Velomobile World\",\"isPartOf\":{\"@id\":\"https:\\\/\\\/www.velomobileworld.com\\\/nl\\\/#website\"},\"primaryImageOfPage\":{\"@id\":\"https:\\\/\\\/www.velomobileworld.com\\\/da\\\/vare\\\/9-alpha-w9\\\/#primaryimage\"},\"image\":{\"@id\":\"https:\\\/\\\/www.velomobileworld.com\\\/da\\\/vare\\\/9-alpha-w9\\\/#primaryimage\"},\"thumbnailUrl\":\"https:\\\/\\\/www.velomobileworld.com\\\/wp-content\\\/uploads\\\/2024\\\/10\\\/Untitled-design.jpg\",\"datePublished\":\"2024-10-16T11:11:24+00:00\",\"dateModified\":\"2026-02-17T10:19:02+00:00\",\"breadcrumb\":{\"@id\":\"https:\\\/\\\/www.velomobileworld.com\\\/da\\\/vare\\\/9-alpha-w9\\\/#breadcrumb\"},\"inLanguage\":\"da-DK\",\"potentialAction\":[{\"@type\":\"ReadAction\",\"target\":[\"https:\\\/\\\/www.velomobileworld.com\\\/da\\\/vare\\\/9-alpha-w9\\\/\"]}]},{\"@type\":\"ImageObject\",\"inLanguage\":\"da-DK\",\"@id\":\"https:\\\/\\\/www.velomobileworld.com\\\/da\\\/vare\\\/9-alpha-w9\\\/#primaryimage\",\"url\":\"https:\\\/\\\/www.velomobileworld.com\\\/wp-content\\\/uploads\\\/2024\\\/10\\\/Untitled-design.jpg\",\"contentUrl\":\"https:\\\/\\\/www.velomobileworld.com\\\/wp-content\\\/uploads\\\/2024\\\/10\\\/Untitled-design.jpg\",\"width\":535,\"height\":500,\"caption\":\"Alpha W9 velomobile\"},{\"@type\":\"BreadcrumbList\",\"@id\":\"https:\\\/\\\/www.velomobileworld.com\\\/da\\\/vare\\\/9-alpha-w9\\\/#breadcrumb\",\"itemListElement\":[{\"@type\":\"ListItem\",\"position\":1,\"name\":\"Home\",\"item\":\"https:\\\/\\\/www.velomobileworld.com\\\/\"},{\"@type\":\"ListItem\",\"position\":2,\"name\":\"Velomobiles\",\"item\":\"https:\\\/\\\/www.velomobileworld.com\\\/velomobiles\\\/\"},{\"@type\":\"ListItem\",\"position\":3,\"name\":\"Alpha W9\"}]},{\"@type\":\"WebSite\",\"@id\":\"https:\\\/\\\/www.velomobileworld.com\\\/nl\\\/#website\",\"url\":\"https:\\\/\\\/www.velomobileworld.com\\\/nl\\\/\",\"name\":\"Velomobile World\",\"description\":\"\",\"potentialAction\":[{\"@type\":\"SearchAction\",\"target\":{\"@type\":\"EntryPoint\",\"urlTemplate\":\"https:\\\/\\\/www.velomobileworld.com\\\/nl\\\/?s={search_term_string}\"},\"query-input\":{\"@type\":\"PropertyValueSpecification\",\"valueRequired\":true,\"valueName\":\"search_term_string\"}}],\"inLanguage\":\"da-DK\"}]}<\/script>\n<!-- \/ Yoast SEO plugin. -->","yoast_head_json":{"title":"Alpha W9 - Velomobile World","robots":{"index":"index","follow":"follow","max-snippet":"max-snippet:-1","max-image-preview":"max-image-preview:large","max-video-preview":"max-video-preview:-1"},"canonical":"https:\/\/www.velomobileworld.com\/da\/vare\/9-alpha-w9\/","og_locale":"da_DK","og_type":"article","og_title":"Alpha W9 - Velomobile World","og_description":"Alpha W9 er en elegant og hurtig velomobil, der kombinerer overlegen aerodynamik med praktisk anvendelighed i hverdagen. Denne slankere afstikker af Alpha 9-serien tilbyder fremragende vindmodstand, komfortabel h\u00e5ndtering og imponerende ulykkessikkerhed i en kompakt pakke.","og_url":"https:\/\/www.velomobileworld.com\/da\/vare\/9-alpha-w9\/","og_site_name":"Velomobile World","article_modified_time":"2026-02-17T10:19:02+00:00","og_image":[{"width":535,"height":500,"url":"https:\/\/www.velomobileworld.com\/wp-content\/uploads\/2024\/10\/Untitled-design.jpg","type":"image\/jpeg"}],"twitter_card":"summary_large_image","twitter_misc":{"Estimeret l\u00e6setid":"4 minutter"},"schema":{"@context":"https:\/\/schema.org","@graph":[{"@type":"WebPage","@id":"https:\/\/www.velomobileworld.com\/da\/vare\/9-alpha-w9\/","url":"https:\/\/www.velomobileworld.com\/da\/vare\/9-alpha-w9\/","name":"Alpha W9 - Velomobile World","isPartOf":{"@id":"https:\/\/www.velomobileworld.com\/nl\/#website"},"primaryImageOfPage":{"@id":"https:\/\/www.velomobileworld.com\/da\/vare\/9-alpha-w9\/#primaryimage"},"image":{"@id":"https:\/\/www.velomobileworld.com\/da\/vare\/9-alpha-w9\/#primaryimage"},"thumbnailUrl":"https:\/\/www.velomobileworld.com\/wp-content\/uploads\/2024\/10\/Untitled-design.jpg","datePublished":"2024-10-16T11:11:24+00:00","dateModified":"2026-02-17T10:19:02+00:00","breadcrumb":{"@id":"https:\/\/www.velomobileworld.com\/da\/vare\/9-alpha-w9\/#breadcrumb"},"inLanguage":"da-DK","potentialAction":[{"@type":"ReadAction","target":["https:\/\/www.velomobileworld.com\/da\/vare\/9-alpha-w9\/"]}]},{"@type":"ImageObject","inLanguage":"da-DK","@id":"https:\/\/www.velomobileworld.com\/da\/vare\/9-alpha-w9\/#primaryimage","url":"https:\/\/www.velomobileworld.com\/wp-content\/uploads\/2024\/10\/Untitled-design.jpg","contentUrl":"https:\/\/www.velomobileworld.com\/wp-content\/uploads\/2024\/10\/Untitled-design.jpg","width":535,"height":500,"caption":"Alpha W9 velomobile"},{"@type":"BreadcrumbList","@id":"https:\/\/www.velomobileworld.com\/da\/vare\/9-alpha-w9\/#breadcrumb","itemListElement":[{"@type":"ListItem","position":1,"name":"Home","item":"https:\/\/www.velomobileworld.com\/"},{"@type":"ListItem","position":2,"name":"Velomobiles","item":"https:\/\/www.velomobileworld.com\/velomobiles\/"},{"@type":"ListItem","position":3,"name":"Alpha W9"}]},{"@type":"WebSite","@id":"https:\/\/www.velomobileworld.com\/nl\/#website","url":"https:\/\/www.velomobileworld.com\/nl\/","name":"Velomobile World","description":"","potentialAction":[{"@type":"SearchAction","target":{"@type":"EntryPoint","urlTemplate":"https:\/\/www.velomobileworld.com\/nl\/?s={search_term_string}"},"query-input":{"@type":"PropertyValueSpecification","valueRequired":true,"valueName":"search_term_string"}}],"inLanguage":"da-DK"}]}},"_links":{"self":[{"href":"https:\/\/www.velomobileworld.com\/da\/wp-json\/wp\/v2\/product\/100193","targetHints":{"allow":["GET"]}}],"collection":[{"href":"https:\/\/www.velomobileworld.com\/da\/wp-json\/wp\/v2\/product"}],"about":[{"href":"https:\/\/www.velomobileworld.com\/da\/wp-json\/wp\/v2\/types\/product"}],"wp:featuredmedia":[{"embeddable":true,"href":"https:\/\/www.velomobileworld.com\/da\/wp-json\/wp\/v2\/media\/100223"}],"wp:attachment":[{"href":"https:\/\/www.velomobileworld.com\/da\/wp-json\/wp\/v2\/media?parent=100193"}],"wp:term":[{"taxonomy":"product_brand","embeddable":true,"href":"https:\/\/www.velomobileworld.com\/da\/wp-json\/wp\/v2\/product_brand?post=100193"},{"taxonomy":"product_cat","embeddable":true,"href":"https:\/\/www.velomobileworld.com\/da\/wp-json\/wp\/v2\/product_cat?post=100193"},{"taxonomy":"product_tag","embeddable":true,"href":"https:\/\/www.velomobileworld.com\/da\/wp-json\/wp\/v2\/product_tag?post=100193"}],"curies":[{"name":"wp","href":"https:\/\/api.w.org\/{rel}","templated":true}]}}