{"id":121955,"date":"2026-05-15T19:14:45","date_gmt":"2026-05-15T17:14:45","guid":{"rendered":"https:\/\/www.velomobileworld.com\/?post_type=product&#038;p=121955"},"modified":"2026-05-15T19:53:20","modified_gmt":"2026-05-15T17:53:20","slug":"bulk-distance-i-tyskland-copy","status":"publish","type":"product","link":"https:\/\/www.velomobileworld.com\/da\/vare\/bulk-distance-i-tyskland-copy\/","title":{"rendered":"B\u00fclk Distance i Tyskland (Copy)"},"content":{"rendered":"<p data-start=\"51\" data-end=\"168\">Vi s\u00e6lger en unik <strong data-start=\"75\" data-end=\"92\">B\u00fclk Distance<\/strong> i en speciel gr\u00f8n farve (Serienummer <strong data-start=\"133\" data-end=\"143\">BKD010<\/strong>), <strong data-start=\"146\" data-end=\"168\">HELT NYT K\u00d8RET\u00d8J!<\/strong><\/p>\n<p data-start=\"170\" data-end=\"183\"><strong data-start=\"170\" data-end=\"181\">Farver:<\/strong><\/p>\n<ul data-start=\"184\" data-end=\"294\">\n\u00a0\t<\/p>\n<li data-start=\"184\" data-end=\"240\">\n<p data-start=\"186\" data-end=\"240\">Overdel, Hotspot, Combo-hood, N\u00e6sed\u00e6ksel: hvid metallic<\/p>\n<\/li>\n<p>\u00a0\t<\/p>\n<li data-start=\"241\" data-end=\"294\">\n<p data-start=\"243\" data-end=\"294\">Underdel, Hjulkapsler: Ford gr\u00f8n metallic XSC 2737C<\/p>\n<\/li>\n<\/ul>\n<p data-start=\"296\" data-end=\"311\"><strong data-start=\"296\" data-end=\"309\">Funktioner:<\/strong><\/p>\n<ul data-start=\"312\" data-end=\"674\">\n\u00a0\t<\/p>\n<li data-start=\"312\" data-end=\"343\">\n<p data-start=\"314\" data-end=\"343\">Spejle: Venstre + H\u00f8jre Zefal<\/p>\n<\/li>\n<p>\u00a0\t<\/p>\n<li data-start=\"344\" data-end=\"403\">\n<p data-start=\"346\" data-end=\"403\">Haube: Combo-hood med medium kn\u00e6-udbulinger (st\u00f8rrelse M)<\/p>\n<\/li>\n<p>\u00a0\t<\/p>\n<li data-start=\"404\" data-end=\"420\">\n<p data-start=\"406\" data-end=\"420\">Bremser: 90 mm<\/p>\n<\/li>\n<p>\u00a0\t<\/p>\n<li data-start=\"421\" data-end=\"444\">\n<p data-start=\"423\" data-end=\"444\">Klinge: 63T<\/p>\n<\/li>\n<p>\u00a0\t<\/p>\n<li data-start=\"445\" data-end=\"470\">\n<p data-start=\"447\" data-end=\"470\">Kassette: 11-52 Rotor<\/p>\n<\/li>\n<p>\u00a0\t<\/p>\n<li data-start=\"471\" data-end=\"494\">\n<p data-start=\"473\" data-end=\"494\">Pedalarmsl\u00e6ngde: 150 mm<\/p>\n<\/li>\n<p>\u00a0\t<\/p>\n<li data-start=\"495\" data-end=\"514\">\n<p data-start=\"497\" data-end=\"514\">Tiller-styring (pindestyring)<\/p>\n<\/li>\n<p>\u00a0\t<\/p>\n<li data-start=\"515\" data-end=\"614\">\n<p data-start=\"517\" data-end=\"614\">Belysning: Hotspot B&amp;M IQx, Forlygte: Lupine SLX (fastfortr\u00e5det), Blinklys, Bremselys, Horn<\/p>\n<\/li>\n<p>\u00a0\t<\/p>\n<li data-start=\"615\" data-end=\"630\">\n<p data-start=\"617\" data-end=\"630\">Speedometer<\/p>\n<\/li>\n<p>\u00a0\t<\/p>\n<li data-start=\"631\" data-end=\"659\">\n<p data-start=\"633\" data-end=\"659\">Bagagerum i venstre side<\/p>\n<\/li>\n<p>\u00a0\t<\/p>\n<li data-start=\"660\" data-end=\"674\">\n<p data-start=\"662\" data-end=\"674\">Ventisit-s\u00e6deunderlag<\/p>\n<p>Ekstra tilbeh\u00f8r og hauber tilg\u00e6ngelige mod merpris.<br data-start=\"832\" data-end=\"835\" \/>For eksempel er en combo-hood i hvid metallic tilg\u00e6ngelig.<\/li>\n<\/ul>\n","protected":false},"excerpt":{"rendered":"<p>Denne velomobil s\u00e6lges af Johann Hoy &#8211; Hovelo, vores forhandler p\u00e5 <span id=\"street-address\">Werlbergerstr. 4, <\/span><span id=\"viewad-locality\">86551 Bayern &#8211; Aichach<\/span><\/p>\n","protected":false},"featured_media":121962,"template":"","meta":{"_acf_changed":false},"product_brand":[],"product_cat":[848],"product_tag":[],"class_list":{"0":"post-121955","1":"product","2":"type-product","3":"status-publish","4":"has-post-thumbnail","6":"product_cat-uncategorized-da","8":"first","9":"instock","10":"sale","11":"taxable","12":"shipping-taxable","13":"purchasable","14":"product-type-simple"},"composite_virtual":false,"composite_layout":"","composite_add_to_cart_form_location":"","composite_editable_in_cart":false,"composite_sold_individually_context":"","composite_shop_price_calc":"","composite_components":[],"composite_scenarios":[],"bundled_by":[],"bundle_stock_status":"instock","bundle_stock_quantity":null,"bundle_virtual":false,"bundle_layout":"","bundle_add_to_cart_form_location":"","bundle_editable_in_cart":false,"bundle_sold_individually_context":"","bundle_item_grouping":"","bundle_min_size":"","bundle_max_size":"","bundle_price":[],"bundled_items":[],"bundle_sell_ids":[],"acf":[],"yoast_head":"<!-- This site is optimized with the Yoast SEO plugin v27.6 - https:\/\/yoast.com\/product\/yoast-seo-wordpress\/ -->\n<title>B\u00fclk Distance i Tyskland (Copy) - Velomobile World<\/title>\n<meta name=\"description\" content=\"Splinterny B\u00fclk Distance velomobil i en unik gr\u00f8n metallic lakering (Serie BKD010) med premium udstyr. Tilg\u00e6ngelig nu for 13.000 \u20ac, inklusiv levering.\" \/>\n<meta name=\"robots\" content=\"index, follow, max-snippet:-1, max-image-preview:large, max-video-preview:-1\" \/>\n<link rel=\"canonical\" href=\"https:\/\/www.velomobileworld.com\/product\/bulk-distance-in-romania\/\" \/>\n<meta property=\"og:locale\" content=\"da_DK\" \/>\n<meta property=\"og:type\" content=\"article\" \/>\n<meta property=\"og:title\" content=\"B\u00fclk Distance i Tyskland (Copy) - Velomobile World\" \/>\n<meta property=\"og:description\" content=\"Splinterny B\u00fclk Distance velomobil i en unik gr\u00f8n metallic lakering (Serie BKD010) med premium udstyr. Tilg\u00e6ngelig nu for 13.000 \u20ac, inklusiv levering.\" \/>\n<meta property=\"og:url\" content=\"https:\/\/www.velomobileworld.com\/product\/bulk-distance-in-romania\/\" \/>\n<meta property=\"og:site_name\" content=\"Velomobile World\" \/>\n<meta property=\"article:modified_time\" content=\"2026-05-15T17:53:20+00:00\" \/>\n<meta property=\"og:image\" content=\"https:\/\/www.velomobileworld.com\/wp-content\/uploads\/2026\/05\/Copy-of-Untitled.png\" \/>\n\t<meta property=\"og:image:width\" content=\"1300\" \/>\n\t<meta property=\"og:image:height\" content=\"900\" \/>\n\t<meta property=\"og:image:type\" content=\"image\/png\" \/>\n<meta name=\"twitter:card\" content=\"summary_large_image\" \/>\n<meta name=\"twitter:label1\" content=\"Estimeret l\u00e6setid\" \/>\n\t<meta name=\"twitter:data1\" content=\"1 minut\" \/>\n<script type=\"application\/ld+json\" class=\"yoast-schema-graph\">{\"@context\":\"https:\\\/\\\/schema.org\",\"@graph\":[{\"@type\":\"WebPage\",\"@id\":\"https:\\\/\\\/www.velomobileworld.com\\\/product\\\/bulk-distance-in-romania\\\/\",\"url\":\"https:\\\/\\\/www.velomobileworld.com\\\/product\\\/bulk-distance-in-romania\\\/\",\"name\":\"B\u00fclk Distance i Tyskland (Copy) - Velomobile World\",\"isPartOf\":{\"@id\":\"https:\\\/\\\/www.velomobileworld.com\\\/nl\\\/#website\"},\"primaryImageOfPage\":{\"@id\":\"https:\\\/\\\/www.velomobileworld.com\\\/product\\\/bulk-distance-in-romania\\\/#primaryimage\"},\"image\":{\"@id\":\"https:\\\/\\\/www.velomobileworld.com\\\/product\\\/bulk-distance-in-romania\\\/#primaryimage\"},\"thumbnailUrl\":\"https:\\\/\\\/www.velomobileworld.com\\\/wp-content\\\/uploads\\\/2026\\\/05\\\/Copy-of-Untitled.png\",\"datePublished\":\"2026-05-15T17:14:45+00:00\",\"dateModified\":\"2026-05-15T17:53:20+00:00\",\"description\":\"Splinterny B\u00fclk Distance velomobil i en unik gr\u00f8n metallic lakering (Serie BKD010) med premium udstyr. Tilg\u00e6ngelig nu for 13.000 \u20ac, inklusiv levering.\",\"breadcrumb\":{\"@id\":\"https:\\\/\\\/www.velomobileworld.com\\\/product\\\/bulk-distance-in-romania\\\/#breadcrumb\"},\"inLanguage\":\"da-DK\",\"potentialAction\":[{\"@type\":\"ReadAction\",\"target\":[\"https:\\\/\\\/www.velomobileworld.com\\\/product\\\/bulk-distance-in-romania\\\/\"]}]},{\"@type\":\"ImageObject\",\"inLanguage\":\"da-DK\",\"@id\":\"https:\\\/\\\/www.velomobileworld.com\\\/product\\\/bulk-distance-in-romania\\\/#primaryimage\",\"url\":\"https:\\\/\\\/www.velomobileworld.com\\\/wp-content\\\/uploads\\\/2026\\\/05\\\/Copy-of-Untitled.png\",\"contentUrl\":\"https:\\\/\\\/www.velomobileworld.com\\\/wp-content\\\/uploads\\\/2026\\\/05\\\/Copy-of-Untitled.png\",\"width\":1300,\"height\":900},{\"@type\":\"BreadcrumbList\",\"@id\":\"https:\\\/\\\/www.velomobileworld.com\\\/product\\\/bulk-distance-in-romania\\\/#breadcrumb\",\"itemListElement\":[{\"@type\":\"ListItem\",\"position\":1,\"name\":\"Home\",\"item\":\"https:\\\/\\\/www.velomobileworld.com\\\/\"},{\"@type\":\"ListItem\",\"position\":2,\"name\":\"Shop\",\"item\":\"https:\\\/\\\/www.velomobileworld.com\\\/da\\\/shop\\\/\"},{\"@type\":\"ListItem\",\"position\":3,\"name\":\"B\u00fclk Distance i Tyskland (Copy)\"}]},{\"@type\":\"WebSite\",\"@id\":\"https:\\\/\\\/www.velomobileworld.com\\\/nl\\\/#website\",\"url\":\"https:\\\/\\\/www.velomobileworld.com\\\/nl\\\/\",\"name\":\"Velomobile World\",\"description\":\"\",\"potentialAction\":[{\"@type\":\"SearchAction\",\"target\":{\"@type\":\"EntryPoint\",\"urlTemplate\":\"https:\\\/\\\/www.velomobileworld.com\\\/nl\\\/?s={search_term_string}\"},\"query-input\":{\"@type\":\"PropertyValueSpecification\",\"valueRequired\":true,\"valueName\":\"search_term_string\"}}],\"inLanguage\":\"da-DK\"}]}<\/script>\n<!-- \/ Yoast SEO plugin. -->","yoast_head_json":{"title":"B\u00fclk Distance i Tyskland (Copy) - Velomobile World","description":"Splinterny B\u00fclk Distance velomobil i en unik gr\u00f8n metallic lakering (Serie BKD010) med premium udstyr. Tilg\u00e6ngelig nu for 13.000 \u20ac, inklusiv levering.","robots":{"index":"index","follow":"follow","max-snippet":"max-snippet:-1","max-image-preview":"max-image-preview:large","max-video-preview":"max-video-preview:-1"},"canonical":"https:\/\/www.velomobileworld.com\/product\/bulk-distance-in-romania\/","og_locale":"da_DK","og_type":"article","og_title":"B\u00fclk Distance i Tyskland (Copy) - Velomobile World","og_description":"Splinterny B\u00fclk Distance velomobil i en unik gr\u00f8n metallic lakering (Serie BKD010) med premium udstyr. Tilg\u00e6ngelig nu for 13.000 \u20ac, inklusiv levering.","og_url":"https:\/\/www.velomobileworld.com\/product\/bulk-distance-in-romania\/","og_site_name":"Velomobile World","article_modified_time":"2026-05-15T17:53:20+00:00","og_image":[{"width":1300,"height":900,"url":"https:\/\/www.velomobileworld.com\/wp-content\/uploads\/2026\/05\/Copy-of-Untitled.png","type":"image\/png"}],"twitter_card":"summary_large_image","twitter_misc":{"Estimeret l\u00e6setid":"1 minut"},"schema":{"@context":"https:\/\/schema.org","@graph":[{"@type":"WebPage","@id":"https:\/\/www.velomobileworld.com\/product\/bulk-distance-in-romania\/","url":"https:\/\/www.velomobileworld.com\/product\/bulk-distance-in-romania\/","name":"B\u00fclk Distance i Tyskland (Copy) - Velomobile World","isPartOf":{"@id":"https:\/\/www.velomobileworld.com\/nl\/#website"},"primaryImageOfPage":{"@id":"https:\/\/www.velomobileworld.com\/product\/bulk-distance-in-romania\/#primaryimage"},"image":{"@id":"https:\/\/www.velomobileworld.com\/product\/bulk-distance-in-romania\/#primaryimage"},"thumbnailUrl":"https:\/\/www.velomobileworld.com\/wp-content\/uploads\/2026\/05\/Copy-of-Untitled.png","datePublished":"2026-05-15T17:14:45+00:00","dateModified":"2026-05-15T17:53:20+00:00","description":"Splinterny B\u00fclk Distance velomobil i en unik gr\u00f8n metallic lakering (Serie BKD010) med premium udstyr. Tilg\u00e6ngelig nu for 13.000 \u20ac, inklusiv levering.","breadcrumb":{"@id":"https:\/\/www.velomobileworld.com\/product\/bulk-distance-in-romania\/#breadcrumb"},"inLanguage":"da-DK","potentialAction":[{"@type":"ReadAction","target":["https:\/\/www.velomobileworld.com\/product\/bulk-distance-in-romania\/"]}]},{"@type":"ImageObject","inLanguage":"da-DK","@id":"https:\/\/www.velomobileworld.com\/product\/bulk-distance-in-romania\/#primaryimage","url":"https:\/\/www.velomobileworld.com\/wp-content\/uploads\/2026\/05\/Copy-of-Untitled.png","contentUrl":"https:\/\/www.velomobileworld.com\/wp-content\/uploads\/2026\/05\/Copy-of-Untitled.png","width":1300,"height":900},{"@type":"BreadcrumbList","@id":"https:\/\/www.velomobileworld.com\/product\/bulk-distance-in-romania\/#breadcrumb","itemListElement":[{"@type":"ListItem","position":1,"name":"Home","item":"https:\/\/www.velomobileworld.com\/"},{"@type":"ListItem","position":2,"name":"Shop","item":"https:\/\/www.velomobileworld.com\/da\/shop\/"},{"@type":"ListItem","position":3,"name":"B\u00fclk Distance i Tyskland (Copy)"}]},{"@type":"WebSite","@id":"https:\/\/www.velomobileworld.com\/nl\/#website","url":"https:\/\/www.velomobileworld.com\/nl\/","name":"Velomobile World","description":"","potentialAction":[{"@type":"SearchAction","target":{"@type":"EntryPoint","urlTemplate":"https:\/\/www.velomobileworld.com\/nl\/?s={search_term_string}"},"query-input":{"@type":"PropertyValueSpecification","valueRequired":true,"valueName":"search_term_string"}}],"inLanguage":"da-DK"}]}},"jetpack_sharing_enabled":true,"_links":{"self":[{"href":"https:\/\/www.velomobileworld.com\/da\/wp-json\/wp\/v2\/product\/121955","targetHints":{"allow":["GET"]}}],"collection":[{"href":"https:\/\/www.velomobileworld.com\/da\/wp-json\/wp\/v2\/product"}],"about":[{"href":"https:\/\/www.velomobileworld.com\/da\/wp-json\/wp\/v2\/types\/product"}],"wp:featuredmedia":[{"embeddable":true,"href":"https:\/\/www.velomobileworld.com\/da\/wp-json\/wp\/v2\/media\/121962"}],"wp:attachment":[{"href":"https:\/\/www.velomobileworld.com\/da\/wp-json\/wp\/v2\/media?parent=121955"}],"wp:term":[{"taxonomy":"product_brand","embeddable":true,"href":"https:\/\/www.velomobileworld.com\/da\/wp-json\/wp\/v2\/product_brand?post=121955"},{"taxonomy":"product_cat","embeddable":true,"href":"https:\/\/www.velomobileworld.com\/da\/wp-json\/wp\/v2\/product_cat?post=121955"},{"taxonomy":"product_tag","embeddable":true,"href":"https:\/\/www.velomobileworld.com\/da\/wp-json\/wp\/v2\/product_tag?post=121955"}],"curies":[{"name":"wp","href":"https:\/\/api.w.org\/{rel}","templated":true}]}}