{"id":79340,"date":"2025-06-25T06:18:00","date_gmt":"2025-06-25T04:18:00","guid":{"rendered":"https:\/\/velomobileworld.convident.dev\/?post_type=product&#038;p=79340"},"modified":"2025-07-17T12:18:28","modified_gmt":"2025-07-17T10:18:28","slug":"ventisit-for-bulk-mk1-and-distance","status":"publish","type":"product","link":"https:\/\/www.velomobileworld.com\/da\/vare\/ventisit-for-bulk-mk1-and-distance\/","title":{"rendered":"Ventisit for B\u00fclk MK1 and Distance"},"content":{"rendered":"<p>Ventisit for B\u00fclk MK1 and B\u00fclk Distance<\/p>\n<p class=\"\" data-start=\"89\" data-end=\"463\">It\u2019s important to note that the carbon fiber seat can be quite firm, which might lead to discomfort after longer rides. The main benefit of the Ventisit is that it provides ventilation between your back and the seat, enhancing comfort during your ride.<\/p>\n<p class=\"\" data-start=\"465\" data-end=\"777\">If you\u2019re a larger person and the B\u00fclk barely fits you, the Ventisit can make a significant difference, helping you fit comfortably inside.<\/p>\n","protected":false},"excerpt":{"rendered":"<p>This is only the Ventisit, not the whole seat.<br \/>\nThis <strong>price includes shipping costs for EU countries.<\/strong><br data-start=\"186\" data-end=\"189\" \/>For other countries, you will receive an email with details if we are unable to find a shipping option that fits within this price<\/p>\n","protected":false},"featured_media":79330,"template":"","meta":{"_acf_changed":false},"product_brand":[],"product_cat":[31],"product_tag":[766,767],"class_list":{"0":"post-79340","1":"product","2":"type-product","3":"status-publish","4":"has-post-thumbnail","6":"product_cat-parts","7":"product_tag-bulk-distance","8":"product_tag-bulk-mk1","10":"first","11":"instock","12":"taxable","13":"shipping-taxable","14":"purchasable","15":"product-type-simple"},"composite_virtual":false,"composite_layout":"","composite_add_to_cart_form_location":"","composite_editable_in_cart":false,"composite_sold_individually_context":"","composite_shop_price_calc":"","composite_components":[],"composite_scenarios":[],"bundled_by":[],"bundle_stock_status":"instock","bundle_stock_quantity":null,"bundle_virtual":false,"bundle_layout":"","bundle_add_to_cart_form_location":"","bundle_editable_in_cart":false,"bundle_sold_individually_context":"","bundle_item_grouping":"","bundle_min_size":"","bundle_max_size":"","bundle_price":[],"bundled_items":[],"bundle_sell_ids":[],"acf":[],"yoast_head":"<!-- This site is optimized with the Yoast SEO plugin v27.3 - https:\/\/yoast.com\/product\/yoast-seo-wordpress\/ -->\n<title>Ventisit for B\u00fclk MK1 and Distance - Velomobile World<\/title>\n<meta name=\"description\" content=\"The main benefit of the Ventisit is that it provides ventilation between your back and the seat, enhancing comfort during your ride. Order yours today!\" \/>\n<meta name=\"robots\" content=\"index, follow, max-snippet:-1, max-image-preview:large, max-video-preview:-1\" \/>\n<link rel=\"canonical\" href=\"https:\/\/www.velomobileworld.com\/product\/ventisit-for-bulk-mk1-and-distance\/\" \/>\n<meta property=\"og:locale\" content=\"da_DK\" \/>\n<meta property=\"og:type\" content=\"article\" \/>\n<meta property=\"og:title\" content=\"Ventisit for B\u00fclk MK1 and Distance - Velomobile World\" \/>\n<meta property=\"og:description\" content=\"The main benefit of the Ventisit is that it provides ventilation between your back and the seat, enhancing comfort during your ride. Order yours today!\" \/>\n<meta property=\"og:url\" content=\"https:\/\/www.velomobileworld.com\/product\/ventisit-for-bulk-mk1-and-distance\/\" \/>\n<meta property=\"og:site_name\" content=\"Velomobile World\" \/>\n<meta property=\"article:modified_time\" content=\"2025-07-17T10:18:28+00:00\" \/>\n<meta property=\"og:image\" content=\"https:\/\/www.velomobileworld.com\/wp-content\/uploads\/2025\/06\/3.jpg\" \/>\n\t<meta property=\"og:image:width\" content=\"535\" \/>\n\t<meta property=\"og:image:height\" content=\"500\" \/>\n\t<meta property=\"og:image:type\" content=\"image\/jpeg\" \/>\n<meta name=\"twitter:card\" content=\"summary_large_image\" \/>\n<meta name=\"twitter:label1\" content=\"Estimeret l\u00e6setid\" \/>\n\t<meta name=\"twitter:data1\" content=\"1 minut\" \/>\n<script type=\"application\/ld+json\" class=\"yoast-schema-graph\">{\"@context\":\"https:\\\/\\\/schema.org\",\"@graph\":[{\"@type\":\"WebPage\",\"@id\":\"https:\\\/\\\/www.velomobileworld.com\\\/product\\\/ventisit-for-bulk-mk1-and-distance\\\/\",\"url\":\"https:\\\/\\\/www.velomobileworld.com\\\/product\\\/ventisit-for-bulk-mk1-and-distance\\\/\",\"name\":\"Ventisit for B\u00fclk MK1 and Distance - Velomobile World\",\"isPartOf\":{\"@id\":\"https:\\\/\\\/www.velomobileworld.com\\\/nl\\\/#website\"},\"primaryImageOfPage\":{\"@id\":\"https:\\\/\\\/www.velomobileworld.com\\\/product\\\/ventisit-for-bulk-mk1-and-distance\\\/#primaryimage\"},\"image\":{\"@id\":\"https:\\\/\\\/www.velomobileworld.com\\\/product\\\/ventisit-for-bulk-mk1-and-distance\\\/#primaryimage\"},\"thumbnailUrl\":\"https:\\\/\\\/www.velomobileworld.com\\\/wp-content\\\/uploads\\\/2025\\\/06\\\/3.jpg\",\"datePublished\":\"2025-06-25T04:18:00+00:00\",\"dateModified\":\"2025-07-17T10:18:28+00:00\",\"description\":\"The main benefit of the Ventisit is that it provides ventilation between your back and the seat, enhancing comfort during your ride. Order yours today!\",\"breadcrumb\":{\"@id\":\"https:\\\/\\\/www.velomobileworld.com\\\/product\\\/ventisit-for-bulk-mk1-and-distance\\\/#breadcrumb\"},\"inLanguage\":\"da-DK\",\"potentialAction\":[{\"@type\":\"ReadAction\",\"target\":[\"https:\\\/\\\/www.velomobileworld.com\\\/product\\\/ventisit-for-bulk-mk1-and-distance\\\/\"]}]},{\"@type\":\"ImageObject\",\"inLanguage\":\"da-DK\",\"@id\":\"https:\\\/\\\/www.velomobileworld.com\\\/product\\\/ventisit-for-bulk-mk1-and-distance\\\/#primaryimage\",\"url\":\"https:\\\/\\\/www.velomobileworld.com\\\/wp-content\\\/uploads\\\/2025\\\/06\\\/3.jpg\",\"contentUrl\":\"https:\\\/\\\/www.velomobileworld.com\\\/wp-content\\\/uploads\\\/2025\\\/06\\\/3.jpg\",\"width\":535,\"height\":500},{\"@type\":\"BreadcrumbList\",\"@id\":\"https:\\\/\\\/www.velomobileworld.com\\\/product\\\/ventisit-for-bulk-mk1-and-distance\\\/#breadcrumb\",\"itemListElement\":[{\"@type\":\"ListItem\",\"position\":1,\"name\":\"Home\",\"item\":\"https:\\\/\\\/www.velomobileworld.com\\\/\"},{\"@type\":\"ListItem\",\"position\":2,\"name\":\"Velomobiles\",\"item\":\"https:\\\/\\\/www.velomobileworld.com\\\/velomobiles\\\/\"},{\"@type\":\"ListItem\",\"position\":3,\"name\":\"Ventisit for B\u00fclk MK1 and Distance\"}]},{\"@type\":\"WebSite\",\"@id\":\"https:\\\/\\\/www.velomobileworld.com\\\/nl\\\/#website\",\"url\":\"https:\\\/\\\/www.velomobileworld.com\\\/nl\\\/\",\"name\":\"Velomobile World\",\"description\":\"\",\"potentialAction\":[{\"@type\":\"SearchAction\",\"target\":{\"@type\":\"EntryPoint\",\"urlTemplate\":\"https:\\\/\\\/www.velomobileworld.com\\\/nl\\\/?s={search_term_string}\"},\"query-input\":{\"@type\":\"PropertyValueSpecification\",\"valueRequired\":true,\"valueName\":\"search_term_string\"}}],\"inLanguage\":\"da-DK\"}]}<\/script>\n<!-- \/ Yoast SEO plugin. -->","yoast_head_json":{"title":"Ventisit for B\u00fclk MK1 and Distance - Velomobile World","description":"The main benefit of the Ventisit is that it provides ventilation between your back and the seat, enhancing comfort during your ride. Order yours today!","robots":{"index":"index","follow":"follow","max-snippet":"max-snippet:-1","max-image-preview":"max-image-preview:large","max-video-preview":"max-video-preview:-1"},"canonical":"https:\/\/www.velomobileworld.com\/product\/ventisit-for-bulk-mk1-and-distance\/","og_locale":"da_DK","og_type":"article","og_title":"Ventisit for B\u00fclk MK1 and Distance - Velomobile World","og_description":"The main benefit of the Ventisit is that it provides ventilation between your back and the seat, enhancing comfort during your ride. Order yours today!","og_url":"https:\/\/www.velomobileworld.com\/product\/ventisit-for-bulk-mk1-and-distance\/","og_site_name":"Velomobile World","article_modified_time":"2025-07-17T10:18:28+00:00","og_image":[{"width":535,"height":500,"url":"https:\/\/www.velomobileworld.com\/wp-content\/uploads\/2025\/06\/3.jpg","type":"image\/jpeg"}],"twitter_card":"summary_large_image","twitter_misc":{"Estimeret l\u00e6setid":"1 minut"},"schema":{"@context":"https:\/\/schema.org","@graph":[{"@type":"WebPage","@id":"https:\/\/www.velomobileworld.com\/product\/ventisit-for-bulk-mk1-and-distance\/","url":"https:\/\/www.velomobileworld.com\/product\/ventisit-for-bulk-mk1-and-distance\/","name":"Ventisit for B\u00fclk MK1 and Distance - Velomobile World","isPartOf":{"@id":"https:\/\/www.velomobileworld.com\/nl\/#website"},"primaryImageOfPage":{"@id":"https:\/\/www.velomobileworld.com\/product\/ventisit-for-bulk-mk1-and-distance\/#primaryimage"},"image":{"@id":"https:\/\/www.velomobileworld.com\/product\/ventisit-for-bulk-mk1-and-distance\/#primaryimage"},"thumbnailUrl":"https:\/\/www.velomobileworld.com\/wp-content\/uploads\/2025\/06\/3.jpg","datePublished":"2025-06-25T04:18:00+00:00","dateModified":"2025-07-17T10:18:28+00:00","description":"The main benefit of the Ventisit is that it provides ventilation between your back and the seat, enhancing comfort during your ride. Order yours today!","breadcrumb":{"@id":"https:\/\/www.velomobileworld.com\/product\/ventisit-for-bulk-mk1-and-distance\/#breadcrumb"},"inLanguage":"da-DK","potentialAction":[{"@type":"ReadAction","target":["https:\/\/www.velomobileworld.com\/product\/ventisit-for-bulk-mk1-and-distance\/"]}]},{"@type":"ImageObject","inLanguage":"da-DK","@id":"https:\/\/www.velomobileworld.com\/product\/ventisit-for-bulk-mk1-and-distance\/#primaryimage","url":"https:\/\/www.velomobileworld.com\/wp-content\/uploads\/2025\/06\/3.jpg","contentUrl":"https:\/\/www.velomobileworld.com\/wp-content\/uploads\/2025\/06\/3.jpg","width":535,"height":500},{"@type":"BreadcrumbList","@id":"https:\/\/www.velomobileworld.com\/product\/ventisit-for-bulk-mk1-and-distance\/#breadcrumb","itemListElement":[{"@type":"ListItem","position":1,"name":"Home","item":"https:\/\/www.velomobileworld.com\/"},{"@type":"ListItem","position":2,"name":"Velomobiles","item":"https:\/\/www.velomobileworld.com\/velomobiles\/"},{"@type":"ListItem","position":3,"name":"Ventisit for B\u00fclk MK1 and Distance"}]},{"@type":"WebSite","@id":"https:\/\/www.velomobileworld.com\/nl\/#website","url":"https:\/\/www.velomobileworld.com\/nl\/","name":"Velomobile World","description":"","potentialAction":[{"@type":"SearchAction","target":{"@type":"EntryPoint","urlTemplate":"https:\/\/www.velomobileworld.com\/nl\/?s={search_term_string}"},"query-input":{"@type":"PropertyValueSpecification","valueRequired":true,"valueName":"search_term_string"}}],"inLanguage":"da-DK"}]}},"_links":{"self":[{"href":"https:\/\/www.velomobileworld.com\/da\/wp-json\/wp\/v2\/product\/79340","targetHints":{"allow":["GET"]}}],"collection":[{"href":"https:\/\/www.velomobileworld.com\/da\/wp-json\/wp\/v2\/product"}],"about":[{"href":"https:\/\/www.velomobileworld.com\/da\/wp-json\/wp\/v2\/types\/product"}],"wp:featuredmedia":[{"embeddable":true,"href":"https:\/\/www.velomobileworld.com\/da\/wp-json\/wp\/v2\/media\/79330"}],"wp:attachment":[{"href":"https:\/\/www.velomobileworld.com\/da\/wp-json\/wp\/v2\/media?parent=79340"}],"wp:term":[{"taxonomy":"product_brand","embeddable":true,"href":"https:\/\/www.velomobileworld.com\/da\/wp-json\/wp\/v2\/product_brand?post=79340"},{"taxonomy":"product_cat","embeddable":true,"href":"https:\/\/www.velomobileworld.com\/da\/wp-json\/wp\/v2\/product_cat?post=79340"},{"taxonomy":"product_tag","embeddable":true,"href":"https:\/\/www.velomobileworld.com\/da\/wp-json\/wp\/v2\/product_tag?post=79340"}],"curies":[{"name":"wp","href":"https:\/\/api.w.org\/{rel}","templated":true}]}}