{"id":116713,"date":"2025-11-18T11:06:44","date_gmt":"2025-11-18T10:06:44","guid":{"rendered":"https:\/\/www.velomobileworld.com\/begleiter-fuer-euer-velomobil\/"},"modified":"2025-11-18T11:06:44","modified_gmt":"2025-11-18T10:06:44","slug":"begleiter-fuer-euer-velomobil","status":"publish","type":"page","link":"https:\/\/www.velomobileworld.com\/de\/begleiter-fuer-euer-velomobil\/","title":{"rendered":"Begleiter f\u00fcr euer Velomobil"},"content":{"rendered":"","protected":false},"excerpt":{"rendered":"","protected":false},"author":5,"featured_media":0,"parent":0,"menu_order":0,"comment_status":"closed","ping_status":"closed","template":"","meta":{"_acf_changed":false},"class_list":["post-116713","page","type-page","status-publish","hentry"],"acf":[],"yoast_head":"<!-- This site is optimized with the Yoast SEO plugin v27.3 - https:\/\/yoast.com\/product\/yoast-seo-wordpress\/ -->\n<title>Begleiter f\u00fcr euer Velomobil - Velomobile World<\/title>\n<meta name=\"description\" content=\"Wir pr\u00e4sentieren den neuen Begleiter f\u00fcr euer Velomobil: ein neuer M\u00f6glichkeits-Spielraum.\" \/>\n<meta name=\"robots\" content=\"index, follow, max-snippet:-1, max-image-preview:large, max-video-preview:-1\" \/>\n<link rel=\"canonical\" href=\"https:\/\/www.velomobileworld.com\/velomobile-trailer-bulk-basecamp\/\" \/>\n<meta property=\"og:locale\" content=\"de_DE\" \/>\n<meta property=\"og:type\" content=\"article\" \/>\n<meta property=\"og:title\" content=\"Begleiter f\u00fcr euer Velomobil - Velomobile World\" \/>\n<meta property=\"og:description\" content=\"Wir pr\u00e4sentieren den neuen Begleiter f\u00fcr euer Velomobil: ein neuer M\u00f6glichkeits-Spielraum.\" \/>\n<meta property=\"og:url\" content=\"https:\/\/www.velomobileworld.com\/velomobile-trailer-bulk-basecamp\/\" \/>\n<meta property=\"og:site_name\" content=\"Velomobile World\" \/>\n<meta name=\"twitter:card\" content=\"summary_large_image\" \/>\n<script type=\"application\/ld+json\" class=\"yoast-schema-graph\">{\"@context\":\"https:\\\/\\\/schema.org\",\"@graph\":[{\"@type\":\"WebPage\",\"@id\":\"https:\\\/\\\/www.velomobileworld.com\\\/velomobile-trailer-bulk-basecamp\\\/\",\"url\":\"https:\\\/\\\/www.velomobileworld.com\\\/velomobile-trailer-bulk-basecamp\\\/\",\"name\":\"Begleiter f\u00fcr euer Velomobil - Velomobile World\",\"isPartOf\":{\"@id\":\"https:\\\/\\\/www.velomobileworld.com\\\/nl\\\/#website\"},\"datePublished\":\"2025-11-18T10:06:44+00:00\",\"description\":\"Wir pr\u00e4sentieren den neuen Begleiter f\u00fcr euer Velomobil: ein neuer M\u00f6glichkeits-Spielraum.\",\"breadcrumb\":{\"@id\":\"https:\\\/\\\/www.velomobileworld.com\\\/velomobile-trailer-bulk-basecamp\\\/#breadcrumb\"},\"inLanguage\":\"de\",\"potentialAction\":[{\"@type\":\"ReadAction\",\"target\":[\"https:\\\/\\\/www.velomobileworld.com\\\/velomobile-trailer-bulk-basecamp\\\/\"]}]},{\"@type\":\"BreadcrumbList\",\"@id\":\"https:\\\/\\\/www.velomobileworld.com\\\/velomobile-trailer-bulk-basecamp\\\/#breadcrumb\",\"itemListElement\":[{\"@type\":\"ListItem\",\"position\":1,\"name\":\"Home\",\"item\":\"https:\\\/\\\/www.velomobileworld.com\\\/\"},{\"@type\":\"ListItem\",\"position\":2,\"name\":\"Begleiter f\u00fcr euer Velomobil\"}]},{\"@type\":\"WebSite\",\"@id\":\"https:\\\/\\\/www.velomobileworld.com\\\/nl\\\/#website\",\"url\":\"https:\\\/\\\/www.velomobileworld.com\\\/nl\\\/\",\"name\":\"Velomobile World\",\"description\":\"\",\"potentialAction\":[{\"@type\":\"SearchAction\",\"target\":{\"@type\":\"EntryPoint\",\"urlTemplate\":\"https:\\\/\\\/www.velomobileworld.com\\\/nl\\\/?s={search_term_string}\"},\"query-input\":{\"@type\":\"PropertyValueSpecification\",\"valueRequired\":true,\"valueName\":\"search_term_string\"}}],\"inLanguage\":\"de\"}]}<\/script>\n<!-- \/ Yoast SEO plugin. -->","yoast_head_json":{"title":"Begleiter f\u00fcr euer Velomobil - Velomobile World","description":"Wir pr\u00e4sentieren den neuen Begleiter f\u00fcr euer Velomobil: ein neuer M\u00f6glichkeits-Spielraum.","robots":{"index":"index","follow":"follow","max-snippet":"max-snippet:-1","max-image-preview":"max-image-preview:large","max-video-preview":"max-video-preview:-1"},"canonical":"https:\/\/www.velomobileworld.com\/velomobile-trailer-bulk-basecamp\/","og_locale":"de_DE","og_type":"article","og_title":"Begleiter f\u00fcr euer Velomobil - Velomobile World","og_description":"Wir pr\u00e4sentieren den neuen Begleiter f\u00fcr euer Velomobil: ein neuer M\u00f6glichkeits-Spielraum.","og_url":"https:\/\/www.velomobileworld.com\/velomobile-trailer-bulk-basecamp\/","og_site_name":"Velomobile World","twitter_card":"summary_large_image","schema":{"@context":"https:\/\/schema.org","@graph":[{"@type":"WebPage","@id":"https:\/\/www.velomobileworld.com\/velomobile-trailer-bulk-basecamp\/","url":"https:\/\/www.velomobileworld.com\/velomobile-trailer-bulk-basecamp\/","name":"Begleiter f\u00fcr euer Velomobil - Velomobile World","isPartOf":{"@id":"https:\/\/www.velomobileworld.com\/nl\/#website"},"datePublished":"2025-11-18T10:06:44+00:00","description":"Wir pr\u00e4sentieren den neuen Begleiter f\u00fcr euer Velomobil: ein neuer M\u00f6glichkeits-Spielraum.","breadcrumb":{"@id":"https:\/\/www.velomobileworld.com\/velomobile-trailer-bulk-basecamp\/#breadcrumb"},"inLanguage":"de","potentialAction":[{"@type":"ReadAction","target":["https:\/\/www.velomobileworld.com\/velomobile-trailer-bulk-basecamp\/"]}]},{"@type":"BreadcrumbList","@id":"https:\/\/www.velomobileworld.com\/velomobile-trailer-bulk-basecamp\/#breadcrumb","itemListElement":[{"@type":"ListItem","position":1,"name":"Home","item":"https:\/\/www.velomobileworld.com\/"},{"@type":"ListItem","position":2,"name":"Begleiter f\u00fcr euer Velomobil"}]},{"@type":"WebSite","@id":"https:\/\/www.velomobileworld.com\/nl\/#website","url":"https:\/\/www.velomobileworld.com\/nl\/","name":"Velomobile World","description":"","potentialAction":[{"@type":"SearchAction","target":{"@type":"EntryPoint","urlTemplate":"https:\/\/www.velomobileworld.com\/nl\/?s={search_term_string}"},"query-input":{"@type":"PropertyValueSpecification","valueRequired":true,"valueName":"search_term_string"}}],"inLanguage":"de"}]}},"_links":{"self":[{"href":"https:\/\/www.velomobileworld.com\/de\/wp-json\/wp\/v2\/pages\/116713","targetHints":{"allow":["GET"]}}],"collection":[{"href":"https:\/\/www.velomobileworld.com\/de\/wp-json\/wp\/v2\/pages"}],"about":[{"href":"https:\/\/www.velomobileworld.com\/de\/wp-json\/wp\/v2\/types\/page"}],"author":[{"embeddable":true,"href":"https:\/\/www.velomobileworld.com\/de\/wp-json\/wp\/v2\/users\/5"}],"replies":[{"embeddable":true,"href":"https:\/\/www.velomobileworld.com\/de\/wp-json\/wp\/v2\/comments?post=116713"}],"version-history":[{"count":0,"href":"https:\/\/www.velomobileworld.com\/de\/wp-json\/wp\/v2\/pages\/116713\/revisions"}],"wp:attachment":[{"href":"https:\/\/www.velomobileworld.com\/de\/wp-json\/wp\/v2\/media?parent=116713"}],"curies":[{"name":"wp","href":"https:\/\/api.w.org\/{rel}","templated":true}]}}