{"id":76614,"date":"2017-09-05T09:52:22","date_gmt":"2017-09-05T07:52:22","guid":{"rendered":"https:\/\/velomobileworld.convident.dev\/homepage\/"},"modified":"2026-02-13T08:26:40","modified_gmt":"2026-02-13T07:26:40","slug":"homepage","status":"publish","type":"page","link":"https:\/\/www.velomobileworld.com\/de\/","title":{"rendered":"Homepage"},"content":{"rendered":"\n\n\n<p><\/p>\n","protected":false},"excerpt":{"rendered":"","protected":false},"author":1,"featured_media":0,"parent":0,"menu_order":0,"comment_status":"closed","ping_status":"closed","template":"","meta":{"_acf_changed":false},"class_list":["post-76614","page","type-page","status-publish","hentry"],"acf":[],"yoast_head":"<!-- This site is optimized with the Yoast SEO plugin v27.5 - https:\/\/yoast.com\/product\/yoast-seo-wordpress\/ -->\n<title>Velomobile World | Innovative Velomobile &amp; Weltweite Lieferung<\/title>\n<meta name=\"description\" content=\"Wir m\u00f6chten unseren Kunden jeden Tag die beste Qualit\u00e4t bieten, um ein gro\u00dfartiges Fahrerlebnis zu erm\u00f6glichen. Bestellen Sie Ihr Velomobil hier!\" \/>\n<meta name=\"robots\" content=\"index, follow, max-snippet:-1, max-image-preview:large, max-video-preview:-1\" \/>\n<link rel=\"canonical\" href=\"https:\/\/www.velomobileworld.com\/\" \/>\n<meta property=\"og:locale\" content=\"de_DE\" \/>\n<meta property=\"og:type\" content=\"article\" \/>\n<meta property=\"og:title\" content=\"Velomobile World | Innovative Velomobile &amp; Weltweite Lieferung\" \/>\n<meta property=\"og:description\" content=\"Wir m\u00f6chten unseren Kunden jeden Tag die beste Qualit\u00e4t bieten, um ein gro\u00dfartiges Fahrerlebnis zu erm\u00f6glichen. Bestellen Sie Ihr Velomobil hier!\" \/>\n<meta property=\"og:url\" content=\"https:\/\/www.velomobileworld.com\/\" \/>\n<meta property=\"og:site_name\" content=\"Velomobile World\" \/>\n<meta property=\"article:modified_time\" content=\"2026-02-13T07:26:40+00:00\" \/>\n<meta name=\"twitter:card\" content=\"summary_large_image\" \/>\n<meta name=\"twitter:label1\" content=\"Gesch\u00e4tzte Lesezeit\" \/>\n\t<meta name=\"twitter:data1\" content=\"6\u00a0Minuten\" \/>\n<script type=\"application\/ld+json\" class=\"yoast-schema-graph\">{\"@context\":\"https:\\\/\\\/schema.org\",\"@graph\":[{\"@type\":\"WebPage\",\"@id\":\"https:\\\/\\\/www.velomobileworld.com\\\/\",\"url\":\"https:\\\/\\\/www.velomobileworld.com\\\/\",\"name\":\"Velomobile World | Innovative Velomobile & Weltweite Lieferung\",\"isPartOf\":{\"@id\":\"https:\\\/\\\/www.velomobileworld.com\\\/nl\\\/#website\"},\"datePublished\":\"2017-09-05T07:52:22+00:00\",\"dateModified\":\"2026-02-13T07:26:40+00:00\",\"description\":\"Wir m\u00f6chten unseren Kunden jeden Tag die beste Qualit\u00e4t bieten, um ein gro\u00dfartiges Fahrerlebnis zu erm\u00f6glichen. Bestellen Sie Ihr Velomobil hier!\",\"breadcrumb\":{\"@id\":\"https:\\\/\\\/www.velomobileworld.com\\\/#breadcrumb\"},\"inLanguage\":\"de\",\"potentialAction\":[{\"@type\":\"ReadAction\",\"target\":[\"https:\\\/\\\/www.velomobileworld.com\\\/\"]}]},{\"@type\":\"BreadcrumbList\",\"@id\":\"https:\\\/\\\/www.velomobileworld.com\\\/#breadcrumb\",\"itemListElement\":[{\"@type\":\"ListItem\",\"position\":1,\"name\":\"Home\",\"item\":\"https:\\\/\\\/www.velomobileworld.com\\\/\"},{\"@type\":\"ListItem\",\"position\":2,\"name\":\"Startseite\"}]},{\"@type\":\"WebSite\",\"@id\":\"https:\\\/\\\/www.velomobileworld.com\\\/nl\\\/#website\",\"url\":\"https:\\\/\\\/www.velomobileworld.com\\\/nl\\\/\",\"name\":\"Velomobile World\",\"description\":\"\",\"potentialAction\":[{\"@type\":\"SearchAction\",\"target\":{\"@type\":\"EntryPoint\",\"urlTemplate\":\"https:\\\/\\\/www.velomobileworld.com\\\/nl\\\/?s={search_term_string}\"},\"query-input\":{\"@type\":\"PropertyValueSpecification\",\"valueRequired\":true,\"valueName\":\"search_term_string\"}}],\"inLanguage\":\"de\"}]}<\/script>\n<!-- \/ Yoast SEO plugin. -->","yoast_head_json":{"title":"Velomobile World | Innovative Velomobile & Weltweite Lieferung","description":"Wir m\u00f6chten unseren Kunden jeden Tag die beste Qualit\u00e4t bieten, um ein gro\u00dfartiges Fahrerlebnis zu erm\u00f6glichen. Bestellen Sie Ihr Velomobil hier!","robots":{"index":"index","follow":"follow","max-snippet":"max-snippet:-1","max-image-preview":"max-image-preview:large","max-video-preview":"max-video-preview:-1"},"canonical":"https:\/\/www.velomobileworld.com\/","og_locale":"de_DE","og_type":"article","og_title":"Velomobile World | Innovative Velomobile & Weltweite Lieferung","og_description":"Wir m\u00f6chten unseren Kunden jeden Tag die beste Qualit\u00e4t bieten, um ein gro\u00dfartiges Fahrerlebnis zu erm\u00f6glichen. Bestellen Sie Ihr Velomobil hier!","og_url":"https:\/\/www.velomobileworld.com\/","og_site_name":"Velomobile World","article_modified_time":"2026-02-13T07:26:40+00:00","twitter_card":"summary_large_image","twitter_misc":{"Gesch\u00e4tzte Lesezeit":"6\u00a0Minuten"},"schema":{"@context":"https:\/\/schema.org","@graph":[{"@type":"WebPage","@id":"https:\/\/www.velomobileworld.com\/","url":"https:\/\/www.velomobileworld.com\/","name":"Velomobile World | Innovative Velomobile & Weltweite Lieferung","isPartOf":{"@id":"https:\/\/www.velomobileworld.com\/nl\/#website"},"datePublished":"2017-09-05T07:52:22+00:00","dateModified":"2026-02-13T07:26:40+00:00","description":"Wir m\u00f6chten unseren Kunden jeden Tag die beste Qualit\u00e4t bieten, um ein gro\u00dfartiges Fahrerlebnis zu erm\u00f6glichen. Bestellen Sie Ihr Velomobil hier!","breadcrumb":{"@id":"https:\/\/www.velomobileworld.com\/#breadcrumb"},"inLanguage":"de","potentialAction":[{"@type":"ReadAction","target":["https:\/\/www.velomobileworld.com\/"]}]},{"@type":"BreadcrumbList","@id":"https:\/\/www.velomobileworld.com\/#breadcrumb","itemListElement":[{"@type":"ListItem","position":1,"name":"Home","item":"https:\/\/www.velomobileworld.com\/"},{"@type":"ListItem","position":2,"name":"Startseite"}]},{"@type":"WebSite","@id":"https:\/\/www.velomobileworld.com\/nl\/#website","url":"https:\/\/www.velomobileworld.com\/nl\/","name":"Velomobile World","description":"","potentialAction":[{"@type":"SearchAction","target":{"@type":"EntryPoint","urlTemplate":"https:\/\/www.velomobileworld.com\/nl\/?s={search_term_string}"},"query-input":{"@type":"PropertyValueSpecification","valueRequired":true,"valueName":"search_term_string"}}],"inLanguage":"de"}]}},"_links":{"self":[{"href":"https:\/\/www.velomobileworld.com\/de\/wp-json\/wp\/v2\/pages\/76614","targetHints":{"allow":["GET"]}}],"collection":[{"href":"https:\/\/www.velomobileworld.com\/de\/wp-json\/wp\/v2\/pages"}],"about":[{"href":"https:\/\/www.velomobileworld.com\/de\/wp-json\/wp\/v2\/types\/page"}],"author":[{"embeddable":true,"href":"https:\/\/www.velomobileworld.com\/de\/wp-json\/wp\/v2\/users\/1"}],"replies":[{"embeddable":true,"href":"https:\/\/www.velomobileworld.com\/de\/wp-json\/wp\/v2\/comments?post=76614"}],"version-history":[{"count":3,"href":"https:\/\/www.velomobileworld.com\/de\/wp-json\/wp\/v2\/pages\/76614\/revisions"}],"predecessor-version":[{"id":116740,"href":"https:\/\/www.velomobileworld.com\/de\/wp-json\/wp\/v2\/pages\/76614\/revisions\/116740"}],"wp:attachment":[{"href":"https:\/\/www.velomobileworld.com\/de\/wp-json\/wp\/v2\/media?parent=76614"}],"curies":[{"name":"wp","href":"https:\/\/api.w.org\/{rel}","templated":true}]}}