{"id":76620,"date":"2025-03-11T12:05:36","date_gmt":"2025-03-11T11:05:36","guid":{"rendered":"https:\/\/velomobileworld.convident.dev\/warum-ein-velomobil-fahren-stauraum\/"},"modified":"2025-03-11T12:05:36","modified_gmt":"2025-03-11T11:05:36","slug":"warum-ein-velomobil-fahren-stauraum","status":"publish","type":"page","link":"https:\/\/www.velomobileworld.com\/de\/warum-ein-velomobil-fahren-stauraum\/","title":{"rendered":"WARUM EIN VELOMOBIL FAHREN: STAURAUM"},"content":{"rendered":"","protected":false},"excerpt":{"rendered":"","protected":false},"author":5,"featured_media":0,"parent":0,"menu_order":0,"comment_status":"closed","ping_status":"closed","template":"","meta":{"_acf_changed":false},"class_list":["post-76620","page","type-page","status-publish","hentry"],"acf":[],"yoast_head":"<!-- This site is optimized with the Yoast SEO plugin v27.5 - https:\/\/yoast.com\/product\/yoast-seo-wordpress\/ -->\n<title>WARUM EIN VELOMOBIL FAHREN: STAURAUM - Velomobile World<\/title>\n<meta name=\"description\" content=\"Entdecken Sie die Vorteile der Aufbewahrung in Velomobilen! Mit geschlossenen F\u00e4chern, Wetterschutz und gro\u00dfz\u00fcgigem Platzangebot machen sie den Transport sicher und effizient.\" \/>\n<meta name=\"robots\" content=\"index, follow, max-snippet:-1, max-image-preview:large, max-video-preview:-1\" \/>\n<link rel=\"canonical\" href=\"https:\/\/www.velomobileworld.com\/de\/warum-ein-velomobil-fahren-stauraum\/\" \/>\n<meta property=\"og:locale\" content=\"de_DE\" \/>\n<meta property=\"og:type\" content=\"article\" \/>\n<meta property=\"og:title\" content=\"WARUM EIN VELOMOBIL FAHREN: STAURAUM - Velomobile World\" \/>\n<meta property=\"og:description\" content=\"Entdecken Sie die Vorteile der Aufbewahrung in Velomobilen! Mit geschlossenen F\u00e4chern, Wetterschutz und gro\u00dfz\u00fcgigem Platzangebot machen sie den Transport sicher und effizient.\" \/>\n<meta property=\"og:url\" content=\"https:\/\/www.velomobileworld.com\/de\/warum-ein-velomobil-fahren-stauraum\/\" \/>\n<meta property=\"og:site_name\" content=\"Velomobile World\" \/>\n<meta name=\"twitter:card\" content=\"summary_large_image\" \/>\n<script type=\"application\/ld+json\" class=\"yoast-schema-graph\">{\"@context\":\"https:\\\/\\\/schema.org\",\"@graph\":[{\"@type\":\"WebPage\",\"@id\":\"https:\\\/\\\/www.velomobileworld.com\\\/de\\\/warum-ein-velomobil-fahren-stauraum\\\/\",\"url\":\"https:\\\/\\\/www.velomobileworld.com\\\/de\\\/warum-ein-velomobil-fahren-stauraum\\\/\",\"name\":\"WARUM EIN VELOMOBIL FAHREN: STAURAUM - Velomobile World\",\"isPartOf\":{\"@id\":\"https:\\\/\\\/www.velomobileworld.com\\\/nl\\\/#website\"},\"datePublished\":\"2025-03-11T11:05:36+00:00\",\"description\":\"Entdecken Sie die Vorteile der Aufbewahrung in Velomobilen! Mit geschlossenen F\u00e4chern, Wetterschutz und gro\u00dfz\u00fcgigem Platzangebot machen sie den Transport sicher und effizient.\",\"breadcrumb\":{\"@id\":\"https:\\\/\\\/www.velomobileworld.com\\\/de\\\/warum-ein-velomobil-fahren-stauraum\\\/#breadcrumb\"},\"inLanguage\":\"de\",\"potentialAction\":[{\"@type\":\"ReadAction\",\"target\":[\"https:\\\/\\\/www.velomobileworld.com\\\/de\\\/warum-ein-velomobil-fahren-stauraum\\\/\"]}]},{\"@type\":\"BreadcrumbList\",\"@id\":\"https:\\\/\\\/www.velomobileworld.com\\\/de\\\/warum-ein-velomobil-fahren-stauraum\\\/#breadcrumb\",\"itemListElement\":[{\"@type\":\"ListItem\",\"position\":1,\"name\":\"Home\",\"item\":\"https:\\\/\\\/www.velomobileworld.com\\\/\"},{\"@type\":\"ListItem\",\"position\":2,\"name\":\"WARUM EIN VELOMOBIL FAHREN: STAURAUM\"}]},{\"@type\":\"WebSite\",\"@id\":\"https:\\\/\\\/www.velomobileworld.com\\\/nl\\\/#website\",\"url\":\"https:\\\/\\\/www.velomobileworld.com\\\/nl\\\/\",\"name\":\"Velomobile World\",\"description\":\"\",\"potentialAction\":[{\"@type\":\"SearchAction\",\"target\":{\"@type\":\"EntryPoint\",\"urlTemplate\":\"https:\\\/\\\/www.velomobileworld.com\\\/nl\\\/?s={search_term_string}\"},\"query-input\":{\"@type\":\"PropertyValueSpecification\",\"valueRequired\":true,\"valueName\":\"search_term_string\"}}],\"inLanguage\":\"de\"}]}<\/script>\n<!-- \/ Yoast SEO plugin. -->","yoast_head_json":{"title":"WARUM EIN VELOMOBIL FAHREN: STAURAUM - Velomobile World","description":"Entdecken Sie die Vorteile der Aufbewahrung in Velomobilen! Mit geschlossenen F\u00e4chern, Wetterschutz und gro\u00dfz\u00fcgigem Platzangebot machen sie den Transport sicher und effizient.","robots":{"index":"index","follow":"follow","max-snippet":"max-snippet:-1","max-image-preview":"max-image-preview:large","max-video-preview":"max-video-preview:-1"},"canonical":"https:\/\/www.velomobileworld.com\/de\/warum-ein-velomobil-fahren-stauraum\/","og_locale":"de_DE","og_type":"article","og_title":"WARUM EIN VELOMOBIL FAHREN: STAURAUM - Velomobile World","og_description":"Entdecken Sie die Vorteile der Aufbewahrung in Velomobilen! Mit geschlossenen F\u00e4chern, Wetterschutz und gro\u00dfz\u00fcgigem Platzangebot machen sie den Transport sicher und effizient.","og_url":"https:\/\/www.velomobileworld.com\/de\/warum-ein-velomobil-fahren-stauraum\/","og_site_name":"Velomobile World","twitter_card":"summary_large_image","schema":{"@context":"https:\/\/schema.org","@graph":[{"@type":"WebPage","@id":"https:\/\/www.velomobileworld.com\/de\/warum-ein-velomobil-fahren-stauraum\/","url":"https:\/\/www.velomobileworld.com\/de\/warum-ein-velomobil-fahren-stauraum\/","name":"WARUM EIN VELOMOBIL FAHREN: STAURAUM - Velomobile World","isPartOf":{"@id":"https:\/\/www.velomobileworld.com\/nl\/#website"},"datePublished":"2025-03-11T11:05:36+00:00","description":"Entdecken Sie die Vorteile der Aufbewahrung in Velomobilen! Mit geschlossenen F\u00e4chern, Wetterschutz und gro\u00dfz\u00fcgigem Platzangebot machen sie den Transport sicher und effizient.","breadcrumb":{"@id":"https:\/\/www.velomobileworld.com\/de\/warum-ein-velomobil-fahren-stauraum\/#breadcrumb"},"inLanguage":"de","potentialAction":[{"@type":"ReadAction","target":["https:\/\/www.velomobileworld.com\/de\/warum-ein-velomobil-fahren-stauraum\/"]}]},{"@type":"BreadcrumbList","@id":"https:\/\/www.velomobileworld.com\/de\/warum-ein-velomobil-fahren-stauraum\/#breadcrumb","itemListElement":[{"@type":"ListItem","position":1,"name":"Home","item":"https:\/\/www.velomobileworld.com\/"},{"@type":"ListItem","position":2,"name":"WARUM EIN VELOMOBIL FAHREN: STAURAUM"}]},{"@type":"WebSite","@id":"https:\/\/www.velomobileworld.com\/nl\/#website","url":"https:\/\/www.velomobileworld.com\/nl\/","name":"Velomobile World","description":"","potentialAction":[{"@type":"SearchAction","target":{"@type":"EntryPoint","urlTemplate":"https:\/\/www.velomobileworld.com\/nl\/?s={search_term_string}"},"query-input":{"@type":"PropertyValueSpecification","valueRequired":true,"valueName":"search_term_string"}}],"inLanguage":"de"}]}},"_links":{"self":[{"href":"https:\/\/www.velomobileworld.com\/de\/wp-json\/wp\/v2\/pages\/76620","targetHints":{"allow":["GET"]}}],"collection":[{"href":"https:\/\/www.velomobileworld.com\/de\/wp-json\/wp\/v2\/pages"}],"about":[{"href":"https:\/\/www.velomobileworld.com\/de\/wp-json\/wp\/v2\/types\/page"}],"author":[{"embeddable":true,"href":"https:\/\/www.velomobileworld.com\/de\/wp-json\/wp\/v2\/users\/5"}],"replies":[{"embeddable":true,"href":"https:\/\/www.velomobileworld.com\/de\/wp-json\/wp\/v2\/comments?post=76620"}],"version-history":[{"count":0,"href":"https:\/\/www.velomobileworld.com\/de\/wp-json\/wp\/v2\/pages\/76620\/revisions"}],"wp:attachment":[{"href":"https:\/\/www.velomobileworld.com\/de\/wp-json\/wp\/v2\/media?parent=76620"}],"curies":[{"name":"wp","href":"https:\/\/api.w.org\/{rel}","templated":true}]}}