{"id":116576,"date":"2026-01-23T12:20:23","date_gmt":"2026-01-23T11:20:23","guid":{"rendered":"https:\/\/www.velomobileworld.com\/product\/buelk-mk1-2022-gebraucht-ca-1-500-km\/"},"modified":"2026-02-03T07:13:08","modified_gmt":"2026-02-03T06:13:08","slug":"buelk-mk1-2022-gebraucht-ca-1-500-km","status":"publish","type":"product","link":"https:\/\/www.velomobileworld.com\/de\/product\/buelk-mk1-2022-gebraucht-ca-1-500-km\/","title":{"rendered":"B\u00fclk MK1 (2022) \u2013 GEBRAUCHT, ca. 1.500 km &#8211; \u00d6sterreich"},"content":{"rendered":"<h3 data-start=\"76\" data-end=\"125\"><strong data-start=\"80\" data-end=\"125\">B\u00fclk MK1 (2022) \u2013 GEBRAUCHT, ca. 1.500 km<\/strong><\/h3>\n<p data-start=\"127\" data-end=\"317\">Dieses Velomobil wird im Auftrag eines ehemaligen H\u00e4ndlers <strong data-start=\"186\" data-end=\"221\">\u00fcber Velomobile World angeboten<\/strong>.<br data-start=\"222\" data-end=\"225\" \/>\ud83d\udc49 <strong data-start=\"228\" data-end=\"317\">F\u00fcr weitere Informationen, Liefer- und Kaufdetails kontaktieren Sie uns bitte direkt.<\/strong><\/p>\n<h3 data-start=\"324\" data-end=\"363\"><strong data-start=\"328\" data-end=\"363\">onfiguration &amp; Spezifikationen<\/strong><\/h3>\n<p data-start=\"365\" data-end=\"377\"><strong data-start=\"365\" data-end=\"375\">Farbe:<\/strong><\/p>\n<ul data-start=\"378\" data-end=\"419\">\n<li data-start=\"378\" data-end=\"419\">\n<p data-start=\"380\" data-end=\"419\">Wei\u00df (RAL 9010) \/ Himmelblau (RAL 5015)<\/p>\n<\/li>\n<\/ul>\n<p data-start=\"421\" data-end=\"440\"><strong data-start=\"421\" data-end=\"438\">Wetterschutz:<\/strong><\/p>\n<ul data-start=\"441\" data-end=\"520\">\n<li data-start=\"441\" data-end=\"485\">\n<p data-start=\"443\" data-end=\"485\">BM-Haube mit hohen Knieh\u00f6ckern (Gr\u00f6\u00dfe L)<\/p>\n<\/li>\n<li data-start=\"486\" data-end=\"520\">\n<p data-start=\"488\" data-end=\"520\">BM-Haube mit flachen Knieh\u00f6ckern<\/p>\n<\/li>\n<\/ul>\n<p data-start=\"522\" data-end=\"551\"><strong data-start=\"522\" data-end=\"549\">Beleuchtung &amp; Elektrik:<\/strong><\/p>\n<ul data-start=\"552\" data-end=\"630\">\n<li data-start=\"552\" data-end=\"574\">\n<p data-start=\"554\" data-end=\"574\">Kellermann Electra<\/p>\n<\/li>\n<li data-start=\"575\" data-end=\"604\">\n<p data-start=\"577\" data-end=\"604\">Lupine SL AX Scheinwerfer<\/p>\n<\/li>\n<li data-start=\"605\" data-end=\"630\">\n<p data-start=\"607\" data-end=\"630\">Cat Eye Enduro Computer<\/p>\n<\/li>\n<\/ul>\n<p data-start=\"632\" data-end=\"646\"><strong data-start=\"632\" data-end=\"644\">Antrieb:<\/strong><\/p>\n<ul data-start=\"647\" data-end=\"726\">\n<li data-start=\"647\" data-end=\"673\">\n<p data-start=\"649\" data-end=\"673\">Kurbelarml\u00e4nge: 140 mm<\/p>\n<\/li>\n<li data-start=\"674\" data-end=\"694\">\n<p data-start=\"676\" data-end=\"694\">Kettenblatt: 63T<\/p>\n<\/li>\n<li data-start=\"695\" data-end=\"726\">\n<p data-start=\"697\" data-end=\"726\">Rotor 11\u201352 Kassette, 12-Gang<\/p>\n<\/li>\n<\/ul>\n<p data-start=\"728\" data-end=\"756\"><strong data-start=\"728\" data-end=\"754\">Bremsen &amp; Ausstattung:<\/strong><\/p>\n<ul data-start=\"757\" data-end=\"881\">\n<li data-start=\"757\" data-end=\"781\">\n<p data-start=\"759\" data-end=\"781\">70 mm Trommelbremsen<\/p>\n<\/li>\n<li data-start=\"782\" data-end=\"810\">\n<p data-start=\"784\" data-end=\"810\">Tragegriff (Lift Handle)<\/p>\n<\/li>\n<li data-start=\"811\" data-end=\"849\">\n<p data-start=\"813\" data-end=\"849\">Spiegel links + rechts inkl. Kegel<\/p>\n<\/li>\n<li data-start=\"850\" data-end=\"881\">\n<p data-start=\"852\" data-end=\"881\">Flaschenhalter (Bidon Holder)<\/p>\n<\/li>\n<\/ul>\n","protected":false},"excerpt":{"rendered":"<p data-start=\"279\" data-end=\"456\">\ud83d\udc49 <strong data-start=\"382\" data-end=\"456\">F\u00fcr Preis-, Liefer- und Kaufdetails kontaktieren Sie uns bitte direkt.<\/strong><\/p>\n<h4 data-start=\"458\" data-end=\"497\"><\/h4>\n","protected":false},"featured_media":116572,"template":"","meta":{"_acf_changed":false},"product_brand":[],"product_cat":[852],"product_tag":[],"class_list":{"0":"post-116576","1":"product","2":"type-product","3":"status-publish","4":"has-post-thumbnail","6":"product_cat-nicht-kategorisiert","8":"first","9":"instock","10":"taxable","11":"shipping-taxable","12":"purchasable","13":"product-type-simple"},"composite_virtual":false,"composite_layout":"","composite_add_to_cart_form_location":"","composite_editable_in_cart":false,"composite_sold_individually_context":"","composite_shop_price_calc":"","composite_components":[],"composite_scenarios":[],"bundled_by":[],"bundle_stock_status":"instock","bundle_stock_quantity":null,"bundle_virtual":false,"bundle_layout":"","bundle_add_to_cart_form_location":"","bundle_editable_in_cart":false,"bundle_sold_individually_context":"","bundle_item_grouping":"","bundle_min_size":"","bundle_max_size":"","bundle_price":[],"bundled_items":[],"bundle_sell_ids":[],"acf":[],"yoast_head":"<!-- This site is optimized with the Yoast SEO plugin v27.5 - https:\/\/yoast.com\/product\/yoast-seo-wordpress\/ -->\n<title>B\u00fclk MK1 (2022) \u2013 GEBRAUCHT, ca. 1.500 km - \u00d6sterreich - Velomobile World<\/title>\n<meta name=\"description\" content=\"Gebrauchter B\u00fclk MK1, ca. 1.500 km, Baujahr 2022\" \/>\n<meta name=\"robots\" content=\"index, follow, max-snippet:-1, max-image-preview:large, max-video-preview:-1\" \/>\n<link rel=\"canonical\" href=\"https:\/\/www.velomobileworld.com\/product\/bulk-mk1-2022-used-approx-1500-km\/\" \/>\n<meta property=\"og:locale\" content=\"de_DE\" \/>\n<meta property=\"og:type\" content=\"article\" \/>\n<meta property=\"og:title\" content=\"B\u00fclk MK1 (2022) \u2013 GEBRAUCHT, ca. 1.500 km - \u00d6sterreich - Velomobile World\" \/>\n<meta property=\"og:description\" content=\"Gebrauchter B\u00fclk MK1, ca. 1.500 km, Baujahr 2022\" \/>\n<meta property=\"og:url\" content=\"https:\/\/www.velomobileworld.com\/product\/bulk-mk1-2022-used-approx-1500-km\/\" \/>\n<meta property=\"og:site_name\" content=\"Velomobile World\" \/>\n<meta property=\"article:modified_time\" content=\"2026-02-03T06:13:08+00:00\" \/>\n<meta property=\"og:image\" content=\"https:\/\/www.velomobileworld.com\/wp-content\/uploads\/2026\/01\/image3.jpeg\" \/>\n\t<meta property=\"og:image:width\" content=\"1280\" \/>\n\t<meta property=\"og:image:height\" content=\"961\" \/>\n\t<meta property=\"og:image:type\" content=\"image\/jpeg\" \/>\n<meta name=\"twitter:card\" content=\"summary_large_image\" \/>\n<script type=\"application\/ld+json\" class=\"yoast-schema-graph\">{\"@context\":\"https:\\\/\\\/schema.org\",\"@graph\":[{\"@type\":\"WebPage\",\"@id\":\"https:\\\/\\\/www.velomobileworld.com\\\/product\\\/bulk-mk1-2022-used-approx-1500-km\\\/\",\"url\":\"https:\\\/\\\/www.velomobileworld.com\\\/product\\\/bulk-mk1-2022-used-approx-1500-km\\\/\",\"name\":\"B\u00fclk MK1 (2022) \u2013 GEBRAUCHT, ca. 1.500 km - \u00d6sterreich - Velomobile World\",\"isPartOf\":{\"@id\":\"https:\\\/\\\/www.velomobileworld.com\\\/nl\\\/#website\"},\"primaryImageOfPage\":{\"@id\":\"https:\\\/\\\/www.velomobileworld.com\\\/product\\\/bulk-mk1-2022-used-approx-1500-km\\\/#primaryimage\"},\"image\":{\"@id\":\"https:\\\/\\\/www.velomobileworld.com\\\/product\\\/bulk-mk1-2022-used-approx-1500-km\\\/#primaryimage\"},\"thumbnailUrl\":\"https:\\\/\\\/www.velomobileworld.com\\\/wp-content\\\/uploads\\\/2026\\\/01\\\/image3.jpeg\",\"datePublished\":\"2026-01-23T11:20:23+00:00\",\"dateModified\":\"2026-02-03T06:13:08+00:00\",\"description\":\"Gebrauchter B\u00fclk MK1, ca. 1.500 km, Baujahr 2022\",\"breadcrumb\":{\"@id\":\"https:\\\/\\\/www.velomobileworld.com\\\/product\\\/bulk-mk1-2022-used-approx-1500-km\\\/#breadcrumb\"},\"inLanguage\":\"de\",\"potentialAction\":[{\"@type\":\"ReadAction\",\"target\":[\"https:\\\/\\\/www.velomobileworld.com\\\/product\\\/bulk-mk1-2022-used-approx-1500-km\\\/\"]}]},{\"@type\":\"ImageObject\",\"inLanguage\":\"de\",\"@id\":\"https:\\\/\\\/www.velomobileworld.com\\\/product\\\/bulk-mk1-2022-used-approx-1500-km\\\/#primaryimage\",\"url\":\"https:\\\/\\\/www.velomobileworld.com\\\/wp-content\\\/uploads\\\/2026\\\/01\\\/image3.jpeg\",\"contentUrl\":\"https:\\\/\\\/www.velomobileworld.com\\\/wp-content\\\/uploads\\\/2026\\\/01\\\/image3.jpeg\",\"width\":1280,\"height\":961},{\"@type\":\"BreadcrumbList\",\"@id\":\"https:\\\/\\\/www.velomobileworld.com\\\/product\\\/bulk-mk1-2022-used-approx-1500-km\\\/#breadcrumb\",\"itemListElement\":[{\"@type\":\"ListItem\",\"position\":1,\"name\":\"Home\",\"item\":\"https:\\\/\\\/www.velomobileworld.com\\\/\"},{\"@type\":\"ListItem\",\"position\":2,\"name\":\"Shop\",\"item\":\"https:\\\/\\\/www.velomobileworld.com\\\/de\\\/shop\\\/\"},{\"@type\":\"ListItem\",\"position\":3,\"name\":\"B\u00fclk MK1 (2022) \u2013 GEBRAUCHT, ca. 1.500 km &#8211; \u00d6sterreich\"}]},{\"@type\":\"WebSite\",\"@id\":\"https:\\\/\\\/www.velomobileworld.com\\\/nl\\\/#website\",\"url\":\"https:\\\/\\\/www.velomobileworld.com\\\/nl\\\/\",\"name\":\"Velomobile World\",\"description\":\"\",\"potentialAction\":[{\"@type\":\"SearchAction\",\"target\":{\"@type\":\"EntryPoint\",\"urlTemplate\":\"https:\\\/\\\/www.velomobileworld.com\\\/nl\\\/?s={search_term_string}\"},\"query-input\":{\"@type\":\"PropertyValueSpecification\",\"valueRequired\":true,\"valueName\":\"search_term_string\"}}],\"inLanguage\":\"de\"}]}<\/script>\n<!-- \/ Yoast SEO plugin. -->","yoast_head_json":{"title":"B\u00fclk MK1 (2022) \u2013 GEBRAUCHT, ca. 1.500 km - \u00d6sterreich - Velomobile World","description":"Gebrauchter B\u00fclk MK1, ca. 1.500 km, Baujahr 2022","robots":{"index":"index","follow":"follow","max-snippet":"max-snippet:-1","max-image-preview":"max-image-preview:large","max-video-preview":"max-video-preview:-1"},"canonical":"https:\/\/www.velomobileworld.com\/product\/bulk-mk1-2022-used-approx-1500-km\/","og_locale":"de_DE","og_type":"article","og_title":"B\u00fclk MK1 (2022) \u2013 GEBRAUCHT, ca. 1.500 km - \u00d6sterreich - Velomobile World","og_description":"Gebrauchter B\u00fclk MK1, ca. 1.500 km, Baujahr 2022","og_url":"https:\/\/www.velomobileworld.com\/product\/bulk-mk1-2022-used-approx-1500-km\/","og_site_name":"Velomobile World","article_modified_time":"2026-02-03T06:13:08+00:00","og_image":[{"width":1280,"height":961,"url":"https:\/\/www.velomobileworld.com\/wp-content\/uploads\/2026\/01\/image3.jpeg","type":"image\/jpeg"}],"twitter_card":"summary_large_image","schema":{"@context":"https:\/\/schema.org","@graph":[{"@type":"WebPage","@id":"https:\/\/www.velomobileworld.com\/product\/bulk-mk1-2022-used-approx-1500-km\/","url":"https:\/\/www.velomobileworld.com\/product\/bulk-mk1-2022-used-approx-1500-km\/","name":"B\u00fclk MK1 (2022) \u2013 GEBRAUCHT, ca. 1.500 km - \u00d6sterreich - Velomobile World","isPartOf":{"@id":"https:\/\/www.velomobileworld.com\/nl\/#website"},"primaryImageOfPage":{"@id":"https:\/\/www.velomobileworld.com\/product\/bulk-mk1-2022-used-approx-1500-km\/#primaryimage"},"image":{"@id":"https:\/\/www.velomobileworld.com\/product\/bulk-mk1-2022-used-approx-1500-km\/#primaryimage"},"thumbnailUrl":"https:\/\/www.velomobileworld.com\/wp-content\/uploads\/2026\/01\/image3.jpeg","datePublished":"2026-01-23T11:20:23+00:00","dateModified":"2026-02-03T06:13:08+00:00","description":"Gebrauchter B\u00fclk MK1, ca. 1.500 km, Baujahr 2022","breadcrumb":{"@id":"https:\/\/www.velomobileworld.com\/product\/bulk-mk1-2022-used-approx-1500-km\/#breadcrumb"},"inLanguage":"de","potentialAction":[{"@type":"ReadAction","target":["https:\/\/www.velomobileworld.com\/product\/bulk-mk1-2022-used-approx-1500-km\/"]}]},{"@type":"ImageObject","inLanguage":"de","@id":"https:\/\/www.velomobileworld.com\/product\/bulk-mk1-2022-used-approx-1500-km\/#primaryimage","url":"https:\/\/www.velomobileworld.com\/wp-content\/uploads\/2026\/01\/image3.jpeg","contentUrl":"https:\/\/www.velomobileworld.com\/wp-content\/uploads\/2026\/01\/image3.jpeg","width":1280,"height":961},{"@type":"BreadcrumbList","@id":"https:\/\/www.velomobileworld.com\/product\/bulk-mk1-2022-used-approx-1500-km\/#breadcrumb","itemListElement":[{"@type":"ListItem","position":1,"name":"Home","item":"https:\/\/www.velomobileworld.com\/"},{"@type":"ListItem","position":2,"name":"Shop","item":"https:\/\/www.velomobileworld.com\/de\/shop\/"},{"@type":"ListItem","position":3,"name":"B\u00fclk MK1 (2022) \u2013 GEBRAUCHT, ca. 1.500 km &#8211; \u00d6sterreich"}]},{"@type":"WebSite","@id":"https:\/\/www.velomobileworld.com\/nl\/#website","url":"https:\/\/www.velomobileworld.com\/nl\/","name":"Velomobile World","description":"","potentialAction":[{"@type":"SearchAction","target":{"@type":"EntryPoint","urlTemplate":"https:\/\/www.velomobileworld.com\/nl\/?s={search_term_string}"},"query-input":{"@type":"PropertyValueSpecification","valueRequired":true,"valueName":"search_term_string"}}],"inLanguage":"de"}]}},"_links":{"self":[{"href":"https:\/\/www.velomobileworld.com\/de\/wp-json\/wp\/v2\/product\/116576","targetHints":{"allow":["GET"]}}],"collection":[{"href":"https:\/\/www.velomobileworld.com\/de\/wp-json\/wp\/v2\/product"}],"about":[{"href":"https:\/\/www.velomobileworld.com\/de\/wp-json\/wp\/v2\/types\/product"}],"wp:featuredmedia":[{"embeddable":true,"href":"https:\/\/www.velomobileworld.com\/de\/wp-json\/wp\/v2\/media\/116572"}],"wp:attachment":[{"href":"https:\/\/www.velomobileworld.com\/de\/wp-json\/wp\/v2\/media?parent=116576"}],"wp:term":[{"taxonomy":"product_brand","embeddable":true,"href":"https:\/\/www.velomobileworld.com\/de\/wp-json\/wp\/v2\/product_brand?post=116576"},{"taxonomy":"product_cat","embeddable":true,"href":"https:\/\/www.velomobileworld.com\/de\/wp-json\/wp\/v2\/product_cat?post=116576"},{"taxonomy":"product_tag","embeddable":true,"href":"https:\/\/www.velomobileworld.com\/de\/wp-json\/wp\/v2\/product_tag?post=116576"}],"curies":[{"name":"wp","href":"https:\/\/api.w.org\/{rel}","templated":true}]}}