{"id":116605,"date":"2026-01-26T12:28:19","date_gmt":"2026-01-26T11:28:19","guid":{"rendered":"https:\/\/www.velomobileworld.com\/product\/alpha-m9-1-neu-04-2022\/"},"modified":"2026-02-03T07:09:18","modified_gmt":"2026-02-03T06:09:18","slug":"alpha-m9-1-neu-04-2022","status":"publish","type":"product","link":"https:\/\/www.velomobileworld.com\/de\/product\/alpha-m9-1-neu-04-2022\/","title":{"rendered":"Alpha M9.1 NEU (04\/2022) &#8211; \u00d6sterreich"},"content":{"rendered":"<p data-start=\"166\" data-end=\"261\">Dieses Velomobil wird \u00fcber <strong data-start=\"193\" data-end=\"213\">Velomobile World<\/strong> im Auftrag eines ehemaligen H\u00e4ndlers angeboten.<\/p>\n<p data-start=\"263\" data-end=\"362\">\ud83d\udc49 <strong data-start=\"266\" data-end=\"362\">F\u00fcr weitere Informationen, Lieferdetails und Kaufanfragen kontaktieren Sie uns bitte direkt.<\/strong><\/p>\n<h3 data-start=\"364\" data-end=\"397\">Ausstattung &amp; Spezifikationen<\/h3>\n<ul data-start=\"398\" data-end=\"864\">\n<li data-start=\"398\" data-end=\"428\">\n<p data-start=\"400\" data-end=\"428\"><strong data-start=\"400\" data-end=\"410\">Farbe:<\/strong> Orange Metallic<\/p>\n<\/li>\n<li data-start=\"429\" data-end=\"515\">\n<p data-start=\"431\" data-end=\"515\"><strong data-start=\"431\" data-end=\"447\">Beleuchtung:<\/strong> Lupine SL AX mit Scheinwerfer, R\u00fccklicht, Bremslicht und Blinkern<\/p>\n<\/li>\n<li data-start=\"516\" data-end=\"550\">\n<p data-start=\"518\" data-end=\"550\"><strong data-start=\"518\" data-end=\"529\">Kurbel:<\/strong> Rotor Aldu, 170 mm<\/p>\n<\/li>\n<li data-start=\"551\" data-end=\"580\">\n<p data-start=\"553\" data-end=\"580\"><strong data-start=\"553\" data-end=\"569\">Kettenblatt:<\/strong> 65 Z\u00e4hne<\/p>\n<\/li>\n<li data-start=\"581\" data-end=\"618\">\n<p data-start=\"583\" data-end=\"618\"><strong data-start=\"583\" data-end=\"595\">Bremsen:<\/strong> 90 mm Trommelbremsen<\/p>\n<\/li>\n<li data-start=\"619\" data-end=\"641\">\n<p data-start=\"621\" data-end=\"641\"><strong data-start=\"621\" data-end=\"639\">Flaschenhalter<\/strong><\/p>\n<\/li>\n<li data-start=\"642\" data-end=\"681\">\n<p data-start=\"644\" data-end=\"681\"><strong data-start=\"644\" data-end=\"653\">Sitz:<\/strong> Lange Sitzst\u00fctze, Gr\u00f6\u00dfe M<\/p>\n<\/li>\n<li data-start=\"682\" data-end=\"711\">\n<p data-start=\"684\" data-end=\"711\"><strong data-start=\"684\" data-end=\"700\">Sitzpolster:<\/strong> Ventisit<\/p>\n<\/li>\n<li data-start=\"712\" data-end=\"751\">\n<p data-start=\"714\" data-end=\"751\"><strong data-start=\"714\" data-end=\"734\">Fahrradcomputer:<\/strong> Cat Eye Enduro<\/p>\n<\/li>\n<li data-start=\"752\" data-end=\"765\">\n<p data-start=\"754\" data-end=\"765\"><strong data-start=\"754\" data-end=\"763\">Haube<\/strong><\/p>\n<\/li>\n<li data-start=\"766\" data-end=\"805\">\n<p data-start=\"768\" data-end=\"805\"><strong data-start=\"768\" data-end=\"782\">Schaltung:<\/strong> Rotor 11\u201352, 12-fach<\/p>\n<\/li>\n<li data-start=\"806\" data-end=\"847\">\n<p data-start=\"808\" data-end=\"847\"><strong data-start=\"808\" data-end=\"825\">Hinterreifen:<\/strong> Continental GP 5000<\/p>\n<\/li>\n<li data-start=\"848\" data-end=\"864\">\n<p data-start=\"850\" data-end=\"864\"><strong data-start=\"850\" data-end=\"864\">Tragegriff<\/strong><\/p>\n<\/li>\n<\/ul>\n","protected":false},"excerpt":{"rendered":"<p data-start=\"279\" data-end=\"456\">\ud83d\udc49 <strong data-start=\"382\" data-end=\"456\">F\u00fcr weitere Informationen, Lieferdetails und Kaufanfragen kontaktieren Sie uns bitte direkt.<\/strong><\/p>\n<h4 data-start=\"458\" data-end=\"497\"><\/h4>\n","protected":false},"featured_media":116601,"template":"","meta":{"_acf_changed":false},"product_brand":[],"product_cat":[852],"product_tag":[],"class_list":{"0":"post-116605","1":"product","2":"type-product","3":"status-publish","4":"has-post-thumbnail","6":"product_cat-nicht-kategorisiert","8":"first","9":"instock","10":"taxable","11":"shipping-taxable","12":"purchasable","13":"product-type-simple"},"composite_virtual":false,"composite_layout":"","composite_add_to_cart_form_location":"","composite_editable_in_cart":false,"composite_sold_individually_context":"","composite_shop_price_calc":"","composite_components":[],"composite_scenarios":[],"bundled_by":[],"bundle_stock_status":"instock","bundle_stock_quantity":null,"bundle_virtual":false,"bundle_layout":"","bundle_add_to_cart_form_location":"","bundle_editable_in_cart":false,"bundle_sold_individually_context":"","bundle_item_grouping":"","bundle_min_size":"","bundle_max_size":"","bundle_price":[],"bundled_items":[],"bundle_sell_ids":[],"acf":[],"yoast_head":"<!-- This site is optimized with the Yoast SEO plugin v27.4 - https:\/\/yoast.com\/product\/yoast-seo-wordpress\/ -->\n<title>Alpha M9.1 NEU (04\/2022) - \u00d6sterreich - Velomobile World<\/title>\n<meta name=\"description\" content=\"Brandneues Alpha M 9.1 Velomobil in orange-metallic Lackierung, mit Premium-Beleuchtung, 90-mm-Trommelbremsen und Haube. Ab sofort verf\u00fcgbar f\u00fcr 12.300 \u20ac.\" \/>\n<meta name=\"robots\" content=\"index, follow, max-snippet:-1, max-image-preview:large, max-video-preview:-1\" \/>\n<link rel=\"canonical\" href=\"https:\/\/www.velomobileworld.com\/product\/alpha-m9-1-new-04-2022\/\" \/>\n<meta property=\"og:locale\" content=\"de_DE\" \/>\n<meta property=\"og:type\" content=\"article\" \/>\n<meta property=\"og:title\" content=\"Alpha M9.1 NEU (04\/2022) - \u00d6sterreich - Velomobile World\" \/>\n<meta property=\"og:description\" content=\"Brandneues Alpha M 9.1 Velomobil in orange-metallic Lackierung, mit Premium-Beleuchtung, 90-mm-Trommelbremsen und Haube. Ab sofort verf\u00fcgbar f\u00fcr 12.300 \u20ac.\" \/>\n<meta property=\"og:url\" content=\"https:\/\/www.velomobileworld.com\/product\/alpha-m9-1-new-04-2022\/\" \/>\n<meta property=\"og:site_name\" content=\"Velomobile World\" \/>\n<meta property=\"article:modified_time\" content=\"2026-02-03T06:09:18+00:00\" \/>\n<meta property=\"og:image\" content=\"https:\/\/www.velomobileworld.com\/wp-content\/uploads\/2026\/01\/First-10-items-2.png\" \/>\n\t<meta property=\"og:image:width\" content=\"1196\" \/>\n\t<meta property=\"og:image:height\" content=\"890\" \/>\n\t<meta property=\"og:image:type\" content=\"image\/png\" \/>\n<meta name=\"twitter:card\" content=\"summary_large_image\" \/>\n<script type=\"application\/ld+json\" class=\"yoast-schema-graph\">{\"@context\":\"https:\\\/\\\/schema.org\",\"@graph\":[{\"@type\":\"WebPage\",\"@id\":\"https:\\\/\\\/www.velomobileworld.com\\\/product\\\/alpha-m9-1-new-04-2022\\\/\",\"url\":\"https:\\\/\\\/www.velomobileworld.com\\\/product\\\/alpha-m9-1-new-04-2022\\\/\",\"name\":\"Alpha M9.1 NEU (04\\\/2022) - \u00d6sterreich - Velomobile World\",\"isPartOf\":{\"@id\":\"https:\\\/\\\/www.velomobileworld.com\\\/nl\\\/#website\"},\"primaryImageOfPage\":{\"@id\":\"https:\\\/\\\/www.velomobileworld.com\\\/product\\\/alpha-m9-1-new-04-2022\\\/#primaryimage\"},\"image\":{\"@id\":\"https:\\\/\\\/www.velomobileworld.com\\\/product\\\/alpha-m9-1-new-04-2022\\\/#primaryimage\"},\"thumbnailUrl\":\"https:\\\/\\\/www.velomobileworld.com\\\/wp-content\\\/uploads\\\/2026\\\/01\\\/First-10-items-2.png\",\"datePublished\":\"2026-01-26T11:28:19+00:00\",\"dateModified\":\"2026-02-03T06:09:18+00:00\",\"description\":\"Brandneues Alpha M 9.1 Velomobil in orange-metallic Lackierung, mit Premium-Beleuchtung, 90-mm-Trommelbremsen und Haube. Ab sofort verf\u00fcgbar f\u00fcr 12.300 \u20ac.\",\"breadcrumb\":{\"@id\":\"https:\\\/\\\/www.velomobileworld.com\\\/product\\\/alpha-m9-1-new-04-2022\\\/#breadcrumb\"},\"inLanguage\":\"de\",\"potentialAction\":[{\"@type\":\"ReadAction\",\"target\":[\"https:\\\/\\\/www.velomobileworld.com\\\/product\\\/alpha-m9-1-new-04-2022\\\/\"]}]},{\"@type\":\"ImageObject\",\"inLanguage\":\"de\",\"@id\":\"https:\\\/\\\/www.velomobileworld.com\\\/product\\\/alpha-m9-1-new-04-2022\\\/#primaryimage\",\"url\":\"https:\\\/\\\/www.velomobileworld.com\\\/wp-content\\\/uploads\\\/2026\\\/01\\\/First-10-items-2.png\",\"contentUrl\":\"https:\\\/\\\/www.velomobileworld.com\\\/wp-content\\\/uploads\\\/2026\\\/01\\\/First-10-items-2.png\",\"width\":1196,\"height\":890},{\"@type\":\"BreadcrumbList\",\"@id\":\"https:\\\/\\\/www.velomobileworld.com\\\/product\\\/alpha-m9-1-new-04-2022\\\/#breadcrumb\",\"itemListElement\":[{\"@type\":\"ListItem\",\"position\":1,\"name\":\"Home\",\"item\":\"https:\\\/\\\/www.velomobileworld.com\\\/\"},{\"@type\":\"ListItem\",\"position\":2,\"name\":\"Shop\",\"item\":\"https:\\\/\\\/www.velomobileworld.com\\\/de\\\/shop\\\/\"},{\"@type\":\"ListItem\",\"position\":3,\"name\":\"Alpha M9.1 NEU (04\\\/2022) &#8211; \u00d6sterreich\"}]},{\"@type\":\"WebSite\",\"@id\":\"https:\\\/\\\/www.velomobileworld.com\\\/nl\\\/#website\",\"url\":\"https:\\\/\\\/www.velomobileworld.com\\\/nl\\\/\",\"name\":\"Velomobile World\",\"description\":\"\",\"potentialAction\":[{\"@type\":\"SearchAction\",\"target\":{\"@type\":\"EntryPoint\",\"urlTemplate\":\"https:\\\/\\\/www.velomobileworld.com\\\/nl\\\/?s={search_term_string}\"},\"query-input\":{\"@type\":\"PropertyValueSpecification\",\"valueRequired\":true,\"valueName\":\"search_term_string\"}}],\"inLanguage\":\"de\"}]}<\/script>\n<!-- \/ Yoast SEO plugin. -->","yoast_head_json":{"title":"Alpha M9.1 NEU (04\/2022) - \u00d6sterreich - Velomobile World","description":"Brandneues Alpha M 9.1 Velomobil in orange-metallic Lackierung, mit Premium-Beleuchtung, 90-mm-Trommelbremsen und Haube. Ab sofort verf\u00fcgbar f\u00fcr 12.300 \u20ac.","robots":{"index":"index","follow":"follow","max-snippet":"max-snippet:-1","max-image-preview":"max-image-preview:large","max-video-preview":"max-video-preview:-1"},"canonical":"https:\/\/www.velomobileworld.com\/product\/alpha-m9-1-new-04-2022\/","og_locale":"de_DE","og_type":"article","og_title":"Alpha M9.1 NEU (04\/2022) - \u00d6sterreich - Velomobile World","og_description":"Brandneues Alpha M 9.1 Velomobil in orange-metallic Lackierung, mit Premium-Beleuchtung, 90-mm-Trommelbremsen und Haube. Ab sofort verf\u00fcgbar f\u00fcr 12.300 \u20ac.","og_url":"https:\/\/www.velomobileworld.com\/product\/alpha-m9-1-new-04-2022\/","og_site_name":"Velomobile World","article_modified_time":"2026-02-03T06:09:18+00:00","og_image":[{"width":1196,"height":890,"url":"https:\/\/www.velomobileworld.com\/wp-content\/uploads\/2026\/01\/First-10-items-2.png","type":"image\/png"}],"twitter_card":"summary_large_image","schema":{"@context":"https:\/\/schema.org","@graph":[{"@type":"WebPage","@id":"https:\/\/www.velomobileworld.com\/product\/alpha-m9-1-new-04-2022\/","url":"https:\/\/www.velomobileworld.com\/product\/alpha-m9-1-new-04-2022\/","name":"Alpha M9.1 NEU (04\/2022) - \u00d6sterreich - Velomobile World","isPartOf":{"@id":"https:\/\/www.velomobileworld.com\/nl\/#website"},"primaryImageOfPage":{"@id":"https:\/\/www.velomobileworld.com\/product\/alpha-m9-1-new-04-2022\/#primaryimage"},"image":{"@id":"https:\/\/www.velomobileworld.com\/product\/alpha-m9-1-new-04-2022\/#primaryimage"},"thumbnailUrl":"https:\/\/www.velomobileworld.com\/wp-content\/uploads\/2026\/01\/First-10-items-2.png","datePublished":"2026-01-26T11:28:19+00:00","dateModified":"2026-02-03T06:09:18+00:00","description":"Brandneues Alpha M 9.1 Velomobil in orange-metallic Lackierung, mit Premium-Beleuchtung, 90-mm-Trommelbremsen und Haube. Ab sofort verf\u00fcgbar f\u00fcr 12.300 \u20ac.","breadcrumb":{"@id":"https:\/\/www.velomobileworld.com\/product\/alpha-m9-1-new-04-2022\/#breadcrumb"},"inLanguage":"de","potentialAction":[{"@type":"ReadAction","target":["https:\/\/www.velomobileworld.com\/product\/alpha-m9-1-new-04-2022\/"]}]},{"@type":"ImageObject","inLanguage":"de","@id":"https:\/\/www.velomobileworld.com\/product\/alpha-m9-1-new-04-2022\/#primaryimage","url":"https:\/\/www.velomobileworld.com\/wp-content\/uploads\/2026\/01\/First-10-items-2.png","contentUrl":"https:\/\/www.velomobileworld.com\/wp-content\/uploads\/2026\/01\/First-10-items-2.png","width":1196,"height":890},{"@type":"BreadcrumbList","@id":"https:\/\/www.velomobileworld.com\/product\/alpha-m9-1-new-04-2022\/#breadcrumb","itemListElement":[{"@type":"ListItem","position":1,"name":"Home","item":"https:\/\/www.velomobileworld.com\/"},{"@type":"ListItem","position":2,"name":"Shop","item":"https:\/\/www.velomobileworld.com\/de\/shop\/"},{"@type":"ListItem","position":3,"name":"Alpha M9.1 NEU (04\/2022) &#8211; \u00d6sterreich"}]},{"@type":"WebSite","@id":"https:\/\/www.velomobileworld.com\/nl\/#website","url":"https:\/\/www.velomobileworld.com\/nl\/","name":"Velomobile World","description":"","potentialAction":[{"@type":"SearchAction","target":{"@type":"EntryPoint","urlTemplate":"https:\/\/www.velomobileworld.com\/nl\/?s={search_term_string}"},"query-input":{"@type":"PropertyValueSpecification","valueRequired":true,"valueName":"search_term_string"}}],"inLanguage":"de"}]}},"_links":{"self":[{"href":"https:\/\/www.velomobileworld.com\/de\/wp-json\/wp\/v2\/product\/116605","targetHints":{"allow":["GET"]}}],"collection":[{"href":"https:\/\/www.velomobileworld.com\/de\/wp-json\/wp\/v2\/product"}],"about":[{"href":"https:\/\/www.velomobileworld.com\/de\/wp-json\/wp\/v2\/types\/product"}],"wp:featuredmedia":[{"embeddable":true,"href":"https:\/\/www.velomobileworld.com\/de\/wp-json\/wp\/v2\/media\/116601"}],"wp:attachment":[{"href":"https:\/\/www.velomobileworld.com\/de\/wp-json\/wp\/v2\/media?parent=116605"}],"wp:term":[{"taxonomy":"product_brand","embeddable":true,"href":"https:\/\/www.velomobileworld.com\/de\/wp-json\/wp\/v2\/product_brand?post=116605"},{"taxonomy":"product_cat","embeddable":true,"href":"https:\/\/www.velomobileworld.com\/de\/wp-json\/wp\/v2\/product_cat?post=116605"},{"taxonomy":"product_tag","embeddable":true,"href":"https:\/\/www.velomobileworld.com\/de\/wp-json\/wp\/v2\/product_tag?post=116605"}],"curies":[{"name":"wp","href":"https:\/\/api.w.org\/{rel}","templated":true}]}}