{"id":116635,"date":"2026-01-26T18:24:40","date_gmt":"2026-01-26T17:24:40","guid":{"rendered":"https:\/\/www.velomobileworld.com\/product\/alpha-7-2-gebraucht-ca-40-km-07-2021\/"},"modified":"2026-02-03T07:05:16","modified_gmt":"2026-02-03T06:05:16","slug":"alpha-7-2-gebraucht-ca-40-km-07-2021","status":"publish","type":"product","link":"https:\/\/www.velomobileworld.com\/de\/product\/alpha-7-2-gebraucht-ca-40-km-07-2021\/","title":{"rendered":"Alpha 7.2, gebraucht, ca. 40 km (07\/2021) &#8211; \u00d6sterreich"},"content":{"rendered":"<p data-start=\"103\" data-end=\"304\">Dieses Velomobil wird \u00fcber <strong data-start=\"130\" data-end=\"150\">Velomobile World<\/strong> im Auftrag eines ehemaligen H\u00e4ndlers angeboten.<br data-start=\"198\" data-end=\"201\">\ud83d\udc49 <strong data-start=\"204\" data-end=\"304\">F\u00fcr weitere Informationen sowie Details zu Lieferung und Kauf kontaktieren Sie uns bitte direkt.<\/strong><\/p>\n<h3 data-start=\"306\" data-end=\"341\">Konfiguration &amp; Spezifikationen<\/h3>\n<ul data-start=\"342\" data-end=\"812\">\n<li data-start=\"342\" data-end=\"372\">\n<p data-start=\"344\" data-end=\"372\"><strong data-start=\"344\" data-end=\"354\">Farbe:<\/strong> Wei\u00df (RAL 9010)<\/p>\n<\/li>\n<li data-start=\"373\" data-end=\"459\">\n<p data-start=\"375\" data-end=\"459\"><strong data-start=\"375\" data-end=\"391\">Beleuchtung:<\/strong> Lupine SL AF mit Scheinwerfer, R\u00fccklicht, Bremslicht und Blinkern<\/p>\n<\/li>\n<li data-start=\"460\" data-end=\"479\">\n<p data-start=\"462\" data-end=\"479\"><strong data-start=\"462\" data-end=\"477\">Tanklenkung<\/strong><\/p>\n<\/li>\n<li data-start=\"480\" data-end=\"507\">\n<p data-start=\"482\" data-end=\"507\"><strong data-start=\"482\" data-end=\"498\">Kurbell\u00e4nge:<\/strong> 155 mm<\/p>\n<\/li>\n<li data-start=\"508\" data-end=\"537\">\n<p data-start=\"510\" data-end=\"537\"><strong data-start=\"510\" data-end=\"526\">Kettenblatt:<\/strong> 65 Z\u00e4hne<\/p>\n<\/li>\n<li data-start=\"538\" data-end=\"567\">\n<p data-start=\"540\" data-end=\"567\"><strong data-start=\"540\" data-end=\"559\">Trommelbremsen:<\/strong> 70 mm<\/p>\n<\/li>\n<li data-start=\"568\" data-end=\"590\">\n<p data-start=\"570\" data-end=\"590\"><strong data-start=\"570\" data-end=\"588\">Flaschenhalter<\/strong><\/p>\n<\/li>\n<li data-start=\"591\" data-end=\"629\">\n<p data-start=\"593\" data-end=\"629\"><strong data-start=\"593\" data-end=\"627\">Lange Sitzst\u00fctze \/ Sitzgr\u00f6\u00dfe M<\/strong><\/p>\n<\/li>\n<li data-start=\"630\" data-end=\"659\">\n<p data-start=\"632\" data-end=\"659\"><strong data-start=\"632\" data-end=\"648\">Sitzpolster:<\/strong> Ventisit<\/p>\n<\/li>\n<li data-start=\"660\" data-end=\"699\">\n<p data-start=\"662\" data-end=\"699\"><strong data-start=\"662\" data-end=\"682\">Fahrradcomputer:<\/strong> Cat Eye Enduro<\/p>\n<\/li>\n<li data-start=\"700\" data-end=\"713\">\n<p data-start=\"702\" data-end=\"713\"><strong data-start=\"702\" data-end=\"711\">Haube<\/strong><\/p>\n<\/li>\n<li data-start=\"714\" data-end=\"753\">\n<p data-start=\"716\" data-end=\"753\"><strong data-start=\"716\" data-end=\"730\">Schaltung:<\/strong> Rotor 11\u201352, 12-fach<\/p>\n<\/li>\n<li data-start=\"754\" data-end=\"795\">\n<p data-start=\"756\" data-end=\"795\"><strong data-start=\"756\" data-end=\"773\">Hinterreifen:<\/strong> Continental GP 5000<\/p>\n<\/li>\n<li data-start=\"796\" data-end=\"812\">\n<p data-start=\"798\" data-end=\"812\"><strong data-start=\"798\" data-end=\"812\">Tragegriff<\/strong><\/p>\n<\/li>\n<\/ul>\n","protected":false},"excerpt":{"rendered":"<p data-start=\"279\" data-end=\"456\">\ud83d\udc49 <strong data-start=\"382\" data-end=\"456\">F\u00fcr Preis-, Liefer- und Kaufdetails kontaktieren Sie uns bitte direkt.<\/strong><\/p>\n<h4 data-start=\"458\" data-end=\"497\"><\/h4>\n","protected":false},"featured_media":116631,"template":"","meta":{"_acf_changed":false},"product_brand":[],"product_cat":[852],"product_tag":[],"class_list":{"0":"post-116635","1":"product","2":"type-product","3":"status-publish","4":"has-post-thumbnail","6":"product_cat-nicht-kategorisiert","8":"first","9":"instock","10":"taxable","11":"shipping-taxable","12":"purchasable","13":"product-type-simple"},"composite_virtual":false,"composite_layout":"","composite_add_to_cart_form_location":"","composite_editable_in_cart":false,"composite_sold_individually_context":"","composite_shop_price_calc":"","composite_components":[],"composite_scenarios":[],"bundled_by":[],"bundle_stock_status":"instock","bundle_stock_quantity":null,"bundle_virtual":false,"bundle_layout":"","bundle_add_to_cart_form_location":"","bundle_editable_in_cart":false,"bundle_sold_individually_context":"","bundle_item_grouping":"","bundle_min_size":"","bundle_max_size":"","bundle_price":[],"bundled_items":[],"bundle_sell_ids":[],"acf":[],"yoast_head":"<!-- This site is optimized with the Yoast SEO plugin v27.3 - https:\/\/yoast.com\/product\/yoast-seo-wordpress\/ -->\n<title>Alpha 7.2, gebraucht, ca. 40 km (07\/2021) - \u00d6sterreich - Velomobile World<\/title>\n<meta name=\"description\" content=\"Alpha 7.2 Velomobil, gebraucht, ca. 40 km (07\/2021), in wei\u00dfem Design, mit Premium-Beleuchtung und transparenter Carbon-Haube. Ab sofort verf\u00fcgbar f\u00fcr 12.300 \u20ac.\" \/>\n<meta name=\"robots\" content=\"index, follow, max-snippet:-1, max-image-preview:large, max-video-preview:-1\" \/>\n<link rel=\"canonical\" href=\"https:\/\/www.velomobileworld.com\/product\/alpha-7-2-used-aprox-40-km-07-2021\/\" \/>\n<meta property=\"og:locale\" content=\"de_DE\" \/>\n<meta property=\"og:type\" content=\"article\" \/>\n<meta property=\"og:title\" content=\"Alpha 7.2, gebraucht, ca. 40 km (07\/2021) - \u00d6sterreich - Velomobile World\" \/>\n<meta property=\"og:description\" content=\"Alpha 7.2 Velomobil, gebraucht, ca. 40 km (07\/2021), in wei\u00dfem Design, mit Premium-Beleuchtung und transparenter Carbon-Haube. Ab sofort verf\u00fcgbar f\u00fcr 12.300 \u20ac.\" \/>\n<meta property=\"og:url\" content=\"https:\/\/www.velomobileworld.com\/product\/alpha-7-2-used-aprox-40-km-07-2021\/\" \/>\n<meta property=\"og:site_name\" content=\"Velomobile World\" \/>\n<meta property=\"article:modified_time\" content=\"2026-02-03T06:05:16+00:00\" \/>\n<meta property=\"og:image\" content=\"https:\/\/www.velomobileworld.com\/wp-content\/uploads\/2026\/01\/image1.jpeg\" \/>\n\t<meta property=\"og:image:width\" content=\"1363\" \/>\n\t<meta property=\"og:image:height\" content=\"1023\" \/>\n\t<meta property=\"og:image:type\" content=\"image\/jpeg\" \/>\n<meta name=\"twitter:card\" content=\"summary_large_image\" \/>\n<script type=\"application\/ld+json\" class=\"yoast-schema-graph\">{\"@context\":\"https:\\\/\\\/schema.org\",\"@graph\":[{\"@type\":\"WebPage\",\"@id\":\"https:\\\/\\\/www.velomobileworld.com\\\/product\\\/alpha-7-2-used-aprox-40-km-07-2021\\\/\",\"url\":\"https:\\\/\\\/www.velomobileworld.com\\\/product\\\/alpha-7-2-used-aprox-40-km-07-2021\\\/\",\"name\":\"Alpha 7.2, gebraucht, ca. 40 km (07\\\/2021) - \u00d6sterreich - Velomobile World\",\"isPartOf\":{\"@id\":\"https:\\\/\\\/www.velomobileworld.com\\\/nl\\\/#website\"},\"primaryImageOfPage\":{\"@id\":\"https:\\\/\\\/www.velomobileworld.com\\\/product\\\/alpha-7-2-used-aprox-40-km-07-2021\\\/#primaryimage\"},\"image\":{\"@id\":\"https:\\\/\\\/www.velomobileworld.com\\\/product\\\/alpha-7-2-used-aprox-40-km-07-2021\\\/#primaryimage\"},\"thumbnailUrl\":\"https:\\\/\\\/www.velomobileworld.com\\\/wp-content\\\/uploads\\\/2026\\\/01\\\/image1.jpeg\",\"datePublished\":\"2026-01-26T17:24:40+00:00\",\"dateModified\":\"2026-02-03T06:05:16+00:00\",\"description\":\"Alpha 7.2 Velomobil, gebraucht, ca. 40 km (07\\\/2021), in wei\u00dfem Design, mit Premium-Beleuchtung und transparenter Carbon-Haube. Ab sofort verf\u00fcgbar f\u00fcr 12.300 \u20ac.\",\"breadcrumb\":{\"@id\":\"https:\\\/\\\/www.velomobileworld.com\\\/product\\\/alpha-7-2-used-aprox-40-km-07-2021\\\/#breadcrumb\"},\"inLanguage\":\"de\",\"potentialAction\":[{\"@type\":\"ReadAction\",\"target\":[\"https:\\\/\\\/www.velomobileworld.com\\\/product\\\/alpha-7-2-used-aprox-40-km-07-2021\\\/\"]}]},{\"@type\":\"ImageObject\",\"inLanguage\":\"de\",\"@id\":\"https:\\\/\\\/www.velomobileworld.com\\\/product\\\/alpha-7-2-used-aprox-40-km-07-2021\\\/#primaryimage\",\"url\":\"https:\\\/\\\/www.velomobileworld.com\\\/wp-content\\\/uploads\\\/2026\\\/01\\\/image1.jpeg\",\"contentUrl\":\"https:\\\/\\\/www.velomobileworld.com\\\/wp-content\\\/uploads\\\/2026\\\/01\\\/image1.jpeg\",\"width\":1363,\"height\":1023},{\"@type\":\"BreadcrumbList\",\"@id\":\"https:\\\/\\\/www.velomobileworld.com\\\/product\\\/alpha-7-2-used-aprox-40-km-07-2021\\\/#breadcrumb\",\"itemListElement\":[{\"@type\":\"ListItem\",\"position\":1,\"name\":\"Home\",\"item\":\"https:\\\/\\\/www.velomobileworld.com\\\/\"},{\"@type\":\"ListItem\",\"position\":2,\"name\":\"Shop\",\"item\":\"https:\\\/\\\/www.velomobileworld.com\\\/de\\\/shop\\\/\"},{\"@type\":\"ListItem\",\"position\":3,\"name\":\"Alpha 7.2, gebraucht, ca. 40 km (07\\\/2021) &#8211; \u00d6sterreich\"}]},{\"@type\":\"WebSite\",\"@id\":\"https:\\\/\\\/www.velomobileworld.com\\\/nl\\\/#website\",\"url\":\"https:\\\/\\\/www.velomobileworld.com\\\/nl\\\/\",\"name\":\"Velomobile World\",\"description\":\"\",\"potentialAction\":[{\"@type\":\"SearchAction\",\"target\":{\"@type\":\"EntryPoint\",\"urlTemplate\":\"https:\\\/\\\/www.velomobileworld.com\\\/nl\\\/?s={search_term_string}\"},\"query-input\":{\"@type\":\"PropertyValueSpecification\",\"valueRequired\":true,\"valueName\":\"search_term_string\"}}],\"inLanguage\":\"de\"}]}<\/script>\n<!-- \/ Yoast SEO plugin. -->","yoast_head_json":{"title":"Alpha 7.2, gebraucht, ca. 40 km (07\/2021) - \u00d6sterreich - Velomobile World","description":"Alpha 7.2 Velomobil, gebraucht, ca. 40 km (07\/2021), in wei\u00dfem Design, mit Premium-Beleuchtung und transparenter Carbon-Haube. Ab sofort verf\u00fcgbar f\u00fcr 12.300 \u20ac.","robots":{"index":"index","follow":"follow","max-snippet":"max-snippet:-1","max-image-preview":"max-image-preview:large","max-video-preview":"max-video-preview:-1"},"canonical":"https:\/\/www.velomobileworld.com\/product\/alpha-7-2-used-aprox-40-km-07-2021\/","og_locale":"de_DE","og_type":"article","og_title":"Alpha 7.2, gebraucht, ca. 40 km (07\/2021) - \u00d6sterreich - Velomobile World","og_description":"Alpha 7.2 Velomobil, gebraucht, ca. 40 km (07\/2021), in wei\u00dfem Design, mit Premium-Beleuchtung und transparenter Carbon-Haube. Ab sofort verf\u00fcgbar f\u00fcr 12.300 \u20ac.","og_url":"https:\/\/www.velomobileworld.com\/product\/alpha-7-2-used-aprox-40-km-07-2021\/","og_site_name":"Velomobile World","article_modified_time":"2026-02-03T06:05:16+00:00","og_image":[{"width":1363,"height":1023,"url":"https:\/\/www.velomobileworld.com\/wp-content\/uploads\/2026\/01\/image1.jpeg","type":"image\/jpeg"}],"twitter_card":"summary_large_image","schema":{"@context":"https:\/\/schema.org","@graph":[{"@type":"WebPage","@id":"https:\/\/www.velomobileworld.com\/product\/alpha-7-2-used-aprox-40-km-07-2021\/","url":"https:\/\/www.velomobileworld.com\/product\/alpha-7-2-used-aprox-40-km-07-2021\/","name":"Alpha 7.2, gebraucht, ca. 40 km (07\/2021) - \u00d6sterreich - Velomobile World","isPartOf":{"@id":"https:\/\/www.velomobileworld.com\/nl\/#website"},"primaryImageOfPage":{"@id":"https:\/\/www.velomobileworld.com\/product\/alpha-7-2-used-aprox-40-km-07-2021\/#primaryimage"},"image":{"@id":"https:\/\/www.velomobileworld.com\/product\/alpha-7-2-used-aprox-40-km-07-2021\/#primaryimage"},"thumbnailUrl":"https:\/\/www.velomobileworld.com\/wp-content\/uploads\/2026\/01\/image1.jpeg","datePublished":"2026-01-26T17:24:40+00:00","dateModified":"2026-02-03T06:05:16+00:00","description":"Alpha 7.2 Velomobil, gebraucht, ca. 40 km (07\/2021), in wei\u00dfem Design, mit Premium-Beleuchtung und transparenter Carbon-Haube. Ab sofort verf\u00fcgbar f\u00fcr 12.300 \u20ac.","breadcrumb":{"@id":"https:\/\/www.velomobileworld.com\/product\/alpha-7-2-used-aprox-40-km-07-2021\/#breadcrumb"},"inLanguage":"de","potentialAction":[{"@type":"ReadAction","target":["https:\/\/www.velomobileworld.com\/product\/alpha-7-2-used-aprox-40-km-07-2021\/"]}]},{"@type":"ImageObject","inLanguage":"de","@id":"https:\/\/www.velomobileworld.com\/product\/alpha-7-2-used-aprox-40-km-07-2021\/#primaryimage","url":"https:\/\/www.velomobileworld.com\/wp-content\/uploads\/2026\/01\/image1.jpeg","contentUrl":"https:\/\/www.velomobileworld.com\/wp-content\/uploads\/2026\/01\/image1.jpeg","width":1363,"height":1023},{"@type":"BreadcrumbList","@id":"https:\/\/www.velomobileworld.com\/product\/alpha-7-2-used-aprox-40-km-07-2021\/#breadcrumb","itemListElement":[{"@type":"ListItem","position":1,"name":"Home","item":"https:\/\/www.velomobileworld.com\/"},{"@type":"ListItem","position":2,"name":"Shop","item":"https:\/\/www.velomobileworld.com\/de\/shop\/"},{"@type":"ListItem","position":3,"name":"Alpha 7.2, gebraucht, ca. 40 km (07\/2021) &#8211; \u00d6sterreich"}]},{"@type":"WebSite","@id":"https:\/\/www.velomobileworld.com\/nl\/#website","url":"https:\/\/www.velomobileworld.com\/nl\/","name":"Velomobile World","description":"","potentialAction":[{"@type":"SearchAction","target":{"@type":"EntryPoint","urlTemplate":"https:\/\/www.velomobileworld.com\/nl\/?s={search_term_string}"},"query-input":{"@type":"PropertyValueSpecification","valueRequired":true,"valueName":"search_term_string"}}],"inLanguage":"de"}]}},"_links":{"self":[{"href":"https:\/\/www.velomobileworld.com\/de\/wp-json\/wp\/v2\/product\/116635","targetHints":{"allow":["GET"]}}],"collection":[{"href":"https:\/\/www.velomobileworld.com\/de\/wp-json\/wp\/v2\/product"}],"about":[{"href":"https:\/\/www.velomobileworld.com\/de\/wp-json\/wp\/v2\/types\/product"}],"wp:featuredmedia":[{"embeddable":true,"href":"https:\/\/www.velomobileworld.com\/de\/wp-json\/wp\/v2\/media\/116631"}],"wp:attachment":[{"href":"https:\/\/www.velomobileworld.com\/de\/wp-json\/wp\/v2\/media?parent=116635"}],"wp:term":[{"taxonomy":"product_brand","embeddable":true,"href":"https:\/\/www.velomobileworld.com\/de\/wp-json\/wp\/v2\/product_brand?post=116635"},{"taxonomy":"product_cat","embeddable":true,"href":"https:\/\/www.velomobileworld.com\/de\/wp-json\/wp\/v2\/product_cat?post=116635"},{"taxonomy":"product_tag","embeddable":true,"href":"https:\/\/www.velomobileworld.com\/de\/wp-json\/wp\/v2\/product_tag?post=116635"}],"curies":[{"name":"wp","href":"https:\/\/api.w.org\/{rel}","templated":true}]}}