{"id":117320,"date":"2026-02-17T11:45:47","date_gmt":"2026-02-17T10:45:47","guid":{"rendered":"https:\/\/www.velomobileworld.com\/product\/bulk-race\/"},"modified":"2026-04-24T16:18:28","modified_gmt":"2026-04-24T14:18:28","slug":"bulk-race","status":"publish","type":"product","link":"https:\/\/www.velomobileworld.com\/de\/product\/bulk-race\/","title":{"rendered":"B\u00fclk Race"},"content":{"rendered":"<h2><strong>B\u00fclk Race: Pure Geschwindigkeit, handperfektioniert<\/strong><\/h2>\n<p>Das B\u00fclk Race ist das Hochleistungs-Geschwisterkind der B\u00fclk-Familie, das speziell auf den Rennsport ausgerichtet ist: leicht, ultra-aerodynamisch und darauf ausgelegt, Rekorde zu brechen. Konzipiert f\u00fcr Renntage und echte Geschwindigkeits-Enthusiasten, bietet es Agilit\u00e4t und Effizienz in jedem Detail.<\/p>\n<p>Materialien:<br \/>\nCarbonfaser mit Epoxidharz<br \/>\n*Fahrergr\u00f6\u00dfe:**<br \/>\nvon ~158 cm bis ~195 cm<br \/>\nMaximales Fahrergewicht:<br \/>\n120 kg<\/p>\n<p>Wir danken J\u00f6rg Basler herzlich f\u00fcr diese unglaublichen Fotos. Weitere Details finden Sie unter <a href=\"https:\/\/droplimits.com\/\">droplimits.com<\/a>.<\/p>\n<p>Basispreis: 9.750 \u20ac exkl. MwSt. \u2013 Gestalten Sie Ihr perfektes Velomobil f\u00fcr die Rennstrecke.<\/p>\n","protected":false},"excerpt":{"rendered":"<p>Das B\u00fclk Race ist das leichteste und schnellste Velomobil in der B\u00fclk-Modellreihe. Konzipiert f\u00fcr den Renneinsatz, liefert es maximale Geschwindigkeit, Steifigkeit und aerodynamische Effizienz. Eine Rekordmaschine, die sich in Aldenhoven durch Stefan Hegger bereits bew\u00e4hrt hat.<\/p>\n","protected":false},"featured_media":117757,"template":"","meta":{"_acf_changed":false},"product_brand":[],"product_cat":[814,817],"product_tag":[829,833,823,826,832],"class_list":{"0":"post-117320","1":"product","2":"type-product","3":"status-publish","4":"has-post-thumbnail","6":"product_cat-configure-your-velomobile-de","7":"product_cat-velomobile-de","8":"product_tag-comfortable-de","9":"product_tag-efficient-de","10":"product_tag-fast-de","11":"product_tag-highline-de","12":"product_tag-modular-de","14":"first","15":"instock","16":"sold-individually","17":"taxable","18":"shipping-taxable","19":"purchasable","20":"product-type-composite"},"composite_virtual":false,"composite_layout":"paged","composite_add_to_cart_form_location":"default","composite_editable_in_cart":false,"composite_sold_individually_context":"product","composite_shop_price_calc":"defaults","composite_components":[{"id":"1671113348","title":"Colors","description":"","query_type":"product_ids","query_ids":[117451],"default_option_id":117451,"thumbnail_id":"","thumbnail_src":"","quantity_min":1,"quantity_max":1,"priced_individually":true,"shipped_individually":false,"optional":false,"discount":"","options_style":"dropdowns","pagination_style":"classic","display_prices":"absolute","show_sorting_options":false,"show_filtering_options":false,"attribute_filter_ids":[],"select_action":"view","product_title_visible":false,"product_descr_visible":false,"product_price_visible":false,"product_thumb_visible":true,"subtotal_visible_product":true,"subtotal_visible_cart":true,"subtotal_visible_orders":true},{"id":"1671116670","title":"Electra","description":"","query_type":"product_ids","query_ids":[117472],"default_option_id":117472,"thumbnail_id":"","thumbnail_src":"","quantity_min":1,"quantity_max":1,"priced_individually":true,"shipped_individually":false,"optional":false,"discount":"","options_style":"dropdowns","pagination_style":"classic","display_prices":"absolute","show_sorting_options":false,"show_filtering_options":false,"attribute_filter_ids":[],"select_action":"view","product_title_visible":false,"product_descr_visible":false,"product_price_visible":false,"product_thumb_visible":true,"subtotal_visible_product":true,"subtotal_visible_cart":true,"subtotal_visible_orders":true},{"id":"1671443596","title":"Gear Options","description":"","query_type":"product_ids","query_ids":[117374],"default_option_id":117374,"thumbnail_id":"","thumbnail_src":"","quantity_min":1,"quantity_max":1,"priced_individually":true,"shipped_individually":false,"optional":false,"discount":"","options_style":"dropdowns","pagination_style":"classic","display_prices":"absolute","show_sorting_options":false,"show_filtering_options":false,"attribute_filter_ids":[],"select_action":"view","product_title_visible":false,"product_descr_visible":false,"product_price_visible":false,"product_thumb_visible":true,"subtotal_visible_product":true,"subtotal_visible_cart":true,"subtotal_visible_orders":true},{"id":"1671450846","title":"Other Options","description":"","query_type":"product_ids","query_ids":[117479],"default_option_id":117479,"thumbnail_id":"","thumbnail_src":"","quantity_min":1,"quantity_max":1,"priced_individually":true,"shipped_individually":false,"optional":false,"discount":"","options_style":"dropdowns","pagination_style":"classic","display_prices":"absolute","show_sorting_options":false,"show_filtering_options":false,"attribute_filter_ids":[],"select_action":"view","product_title_visible":false,"product_descr_visible":false,"product_price_visible":false,"product_thumb_visible":true,"subtotal_visible_product":true,"subtotal_visible_cart":true,"subtotal_visible_orders":true},{"id":"1680784168","title":"Measurements","description":"","query_type":"product_ids","query_ids":[115432],"default_option_id":115432,"thumbnail_id":"","thumbnail_src":"","quantity_min":1,"quantity_max":1,"priced_individually":false,"shipped_individually":false,"optional":false,"discount":"","options_style":"dropdowns","pagination_style":"classic","display_prices":"absolute","show_sorting_options":false,"show_filtering_options":false,"attribute_filter_ids":[],"select_action":"view","product_title_visible":false,"product_descr_visible":true,"product_price_visible":false,"product_thumb_visible":true,"subtotal_visible_product":false,"subtotal_visible_cart":false,"subtotal_visible_orders":false}],"composite_scenarios":[],"bundled_by":[],"bundle_stock_status":"instock","bundle_stock_quantity":null,"bundle_virtual":false,"bundle_layout":"","bundle_add_to_cart_form_location":"","bundle_editable_in_cart":false,"bundle_sold_individually_context":"","bundle_item_grouping":"","bundle_min_size":"","bundle_max_size":"","bundle_price":[],"bundled_items":[],"bundle_sell_ids":[],"acf":[],"yoast_head":"<!-- This site is optimized with the Yoast SEO plugin v27.5 - https:\/\/yoast.com\/product\/yoast-seo-wordpress\/ -->\n<title>B\u00fclk Race - Velomobile World<\/title>\n<meta name=\"description\" content=\"Das B\u00fclk Race ist f\u00fcr den Renneinsatz konzipiert und hat sich im harten Wettbewerb bereits bestens bew\u00e4hrt. Mit Rekordleistungen in Aldenhoven wurde es kompromisslos f\u00fcr pure Geschwindigkeit und maximale aerodynamische Effizienz gebaut.\" \/>\n<meta name=\"robots\" content=\"index, follow, max-snippet:-1, max-image-preview:large, max-video-preview:-1\" \/>\n<link rel=\"canonical\" href=\"https:\/\/www.velomobileworld.com\/de\/product\/bulk-race\/\" \/>\n<meta property=\"og:locale\" content=\"de_DE\" \/>\n<meta property=\"og:type\" content=\"article\" \/>\n<meta property=\"og:title\" content=\"B\u00fclk Race - Velomobile World\" \/>\n<meta property=\"og:description\" content=\"Das B\u00fclk Race ist f\u00fcr den Renneinsatz konzipiert und hat sich im harten Wettbewerb bereits bestens bew\u00e4hrt. Mit Rekordleistungen in Aldenhoven wurde es kompromisslos f\u00fcr pure Geschwindigkeit und maximale aerodynamische Effizienz gebaut.\" \/>\n<meta property=\"og:url\" content=\"https:\/\/www.velomobileworld.com\/de\/product\/bulk-race\/\" \/>\n<meta property=\"og:site_name\" content=\"Velomobile World\" \/>\n<meta property=\"article:modified_time\" content=\"2026-04-24T14:18:28+00:00\" \/>\n<meta property=\"og:image\" content=\"https:\/\/www.velomobileworld.com\/wp-content\/uploads\/2026\/02\/2.png\" \/>\n\t<meta property=\"og:image:width\" content=\"1181\" \/>\n\t<meta property=\"og:image:height\" content=\"1181\" \/>\n\t<meta property=\"og:image:type\" content=\"image\/png\" \/>\n<meta name=\"twitter:card\" content=\"summary_large_image\" \/>\n<meta name=\"twitter:label1\" content=\"Gesch\u00e4tzte Lesezeit\" \/>\n\t<meta name=\"twitter:data1\" content=\"6\u00a0Minuten\" \/>\n<script type=\"application\/ld+json\" class=\"yoast-schema-graph\">{\"@context\":\"https:\\\/\\\/schema.org\",\"@graph\":[{\"@type\":\"WebPage\",\"@id\":\"https:\\\/\\\/www.velomobileworld.com\\\/de\\\/product\\\/bulk-race\\\/\",\"url\":\"https:\\\/\\\/www.velomobileworld.com\\\/de\\\/product\\\/bulk-race\\\/\",\"name\":\"B\u00fclk Race - Velomobile World\",\"isPartOf\":{\"@id\":\"https:\\\/\\\/www.velomobileworld.com\\\/nl\\\/#website\"},\"primaryImageOfPage\":{\"@id\":\"https:\\\/\\\/www.velomobileworld.com\\\/de\\\/product\\\/bulk-race\\\/#primaryimage\"},\"image\":{\"@id\":\"https:\\\/\\\/www.velomobileworld.com\\\/de\\\/product\\\/bulk-race\\\/#primaryimage\"},\"thumbnailUrl\":\"https:\\\/\\\/www.velomobileworld.com\\\/wp-content\\\/uploads\\\/2026\\\/02\\\/2.png\",\"datePublished\":\"2026-02-17T10:45:47+00:00\",\"dateModified\":\"2026-04-24T14:18:28+00:00\",\"description\":\"Das B\u00fclk Race ist f\u00fcr den Renneinsatz konzipiert und hat sich im harten Wettbewerb bereits bestens bew\u00e4hrt. Mit Rekordleistungen in Aldenhoven wurde es kompromisslos f\u00fcr pure Geschwindigkeit und maximale aerodynamische Effizienz gebaut.\",\"breadcrumb\":{\"@id\":\"https:\\\/\\\/www.velomobileworld.com\\\/de\\\/product\\\/bulk-race\\\/#breadcrumb\"},\"inLanguage\":\"de\",\"potentialAction\":[{\"@type\":\"ReadAction\",\"target\":[\"https:\\\/\\\/www.velomobileworld.com\\\/de\\\/product\\\/bulk-race\\\/\"]}]},{\"@type\":\"ImageObject\",\"inLanguage\":\"de\",\"@id\":\"https:\\\/\\\/www.velomobileworld.com\\\/de\\\/product\\\/bulk-race\\\/#primaryimage\",\"url\":\"https:\\\/\\\/www.velomobileworld.com\\\/wp-content\\\/uploads\\\/2026\\\/02\\\/2.png\",\"contentUrl\":\"https:\\\/\\\/www.velomobileworld.com\\\/wp-content\\\/uploads\\\/2026\\\/02\\\/2.png\",\"width\":1181,\"height\":1181},{\"@type\":\"BreadcrumbList\",\"@id\":\"https:\\\/\\\/www.velomobileworld.com\\\/de\\\/product\\\/bulk-race\\\/#breadcrumb\",\"itemListElement\":[{\"@type\":\"ListItem\",\"position\":1,\"name\":\"Home\",\"item\":\"https:\\\/\\\/www.velomobileworld.com\\\/\"},{\"@type\":\"ListItem\",\"position\":2,\"name\":\"Shop\",\"item\":\"https:\\\/\\\/www.velomobileworld.com\\\/de\\\/shop\\\/\"},{\"@type\":\"ListItem\",\"position\":3,\"name\":\"B\u00fclk Race\"}]},{\"@type\":\"WebSite\",\"@id\":\"https:\\\/\\\/www.velomobileworld.com\\\/nl\\\/#website\",\"url\":\"https:\\\/\\\/www.velomobileworld.com\\\/nl\\\/\",\"name\":\"Velomobile World\",\"description\":\"\",\"potentialAction\":[{\"@type\":\"SearchAction\",\"target\":{\"@type\":\"EntryPoint\",\"urlTemplate\":\"https:\\\/\\\/www.velomobileworld.com\\\/nl\\\/?s={search_term_string}\"},\"query-input\":{\"@type\":\"PropertyValueSpecification\",\"valueRequired\":true,\"valueName\":\"search_term_string\"}}],\"inLanguage\":\"de\"}]}<\/script>\n<!-- \/ Yoast SEO plugin. -->","yoast_head_json":{"title":"B\u00fclk Race - Velomobile World","description":"Das B\u00fclk Race ist f\u00fcr den Renneinsatz konzipiert und hat sich im harten Wettbewerb bereits bestens bew\u00e4hrt. Mit Rekordleistungen in Aldenhoven wurde es kompromisslos f\u00fcr pure Geschwindigkeit und maximale aerodynamische Effizienz gebaut.","robots":{"index":"index","follow":"follow","max-snippet":"max-snippet:-1","max-image-preview":"max-image-preview:large","max-video-preview":"max-video-preview:-1"},"canonical":"https:\/\/www.velomobileworld.com\/de\/product\/bulk-race\/","og_locale":"de_DE","og_type":"article","og_title":"B\u00fclk Race - Velomobile World","og_description":"Das B\u00fclk Race ist f\u00fcr den Renneinsatz konzipiert und hat sich im harten Wettbewerb bereits bestens bew\u00e4hrt. Mit Rekordleistungen in Aldenhoven wurde es kompromisslos f\u00fcr pure Geschwindigkeit und maximale aerodynamische Effizienz gebaut.","og_url":"https:\/\/www.velomobileworld.com\/de\/product\/bulk-race\/","og_site_name":"Velomobile World","article_modified_time":"2026-04-24T14:18:28+00:00","og_image":[{"width":1181,"height":1181,"url":"https:\/\/www.velomobileworld.com\/wp-content\/uploads\/2026\/02\/2.png","type":"image\/png"}],"twitter_card":"summary_large_image","twitter_misc":{"Gesch\u00e4tzte Lesezeit":"6\u00a0Minuten"},"schema":{"@context":"https:\/\/schema.org","@graph":[{"@type":"WebPage","@id":"https:\/\/www.velomobileworld.com\/de\/product\/bulk-race\/","url":"https:\/\/www.velomobileworld.com\/de\/product\/bulk-race\/","name":"B\u00fclk Race - Velomobile World","isPartOf":{"@id":"https:\/\/www.velomobileworld.com\/nl\/#website"},"primaryImageOfPage":{"@id":"https:\/\/www.velomobileworld.com\/de\/product\/bulk-race\/#primaryimage"},"image":{"@id":"https:\/\/www.velomobileworld.com\/de\/product\/bulk-race\/#primaryimage"},"thumbnailUrl":"https:\/\/www.velomobileworld.com\/wp-content\/uploads\/2026\/02\/2.png","datePublished":"2026-02-17T10:45:47+00:00","dateModified":"2026-04-24T14:18:28+00:00","description":"Das B\u00fclk Race ist f\u00fcr den Renneinsatz konzipiert und hat sich im harten Wettbewerb bereits bestens bew\u00e4hrt. Mit Rekordleistungen in Aldenhoven wurde es kompromisslos f\u00fcr pure Geschwindigkeit und maximale aerodynamische Effizienz gebaut.","breadcrumb":{"@id":"https:\/\/www.velomobileworld.com\/de\/product\/bulk-race\/#breadcrumb"},"inLanguage":"de","potentialAction":[{"@type":"ReadAction","target":["https:\/\/www.velomobileworld.com\/de\/product\/bulk-race\/"]}]},{"@type":"ImageObject","inLanguage":"de","@id":"https:\/\/www.velomobileworld.com\/de\/product\/bulk-race\/#primaryimage","url":"https:\/\/www.velomobileworld.com\/wp-content\/uploads\/2026\/02\/2.png","contentUrl":"https:\/\/www.velomobileworld.com\/wp-content\/uploads\/2026\/02\/2.png","width":1181,"height":1181},{"@type":"BreadcrumbList","@id":"https:\/\/www.velomobileworld.com\/de\/product\/bulk-race\/#breadcrumb","itemListElement":[{"@type":"ListItem","position":1,"name":"Home","item":"https:\/\/www.velomobileworld.com\/"},{"@type":"ListItem","position":2,"name":"Shop","item":"https:\/\/www.velomobileworld.com\/de\/shop\/"},{"@type":"ListItem","position":3,"name":"B\u00fclk Race"}]},{"@type":"WebSite","@id":"https:\/\/www.velomobileworld.com\/nl\/#website","url":"https:\/\/www.velomobileworld.com\/nl\/","name":"Velomobile World","description":"","potentialAction":[{"@type":"SearchAction","target":{"@type":"EntryPoint","urlTemplate":"https:\/\/www.velomobileworld.com\/nl\/?s={search_term_string}"},"query-input":{"@type":"PropertyValueSpecification","valueRequired":true,"valueName":"search_term_string"}}],"inLanguage":"de"}]}},"_links":{"self":[{"href":"https:\/\/www.velomobileworld.com\/de\/wp-json\/wp\/v2\/product\/117320","targetHints":{"allow":["GET"]}}],"collection":[{"href":"https:\/\/www.velomobileworld.com\/de\/wp-json\/wp\/v2\/product"}],"about":[{"href":"https:\/\/www.velomobileworld.com\/de\/wp-json\/wp\/v2\/types\/product"}],"wp:featuredmedia":[{"embeddable":true,"href":"https:\/\/www.velomobileworld.com\/de\/wp-json\/wp\/v2\/media\/117757"}],"wp:attachment":[{"href":"https:\/\/www.velomobileworld.com\/de\/wp-json\/wp\/v2\/media?parent=117320"}],"wp:term":[{"taxonomy":"product_brand","embeddable":true,"href":"https:\/\/www.velomobileworld.com\/de\/wp-json\/wp\/v2\/product_brand?post=117320"},{"taxonomy":"product_cat","embeddable":true,"href":"https:\/\/www.velomobileworld.com\/de\/wp-json\/wp\/v2\/product_cat?post=117320"},{"taxonomy":"product_tag","embeddable":true,"href":"https:\/\/www.velomobileworld.com\/de\/wp-json\/wp\/v2\/product_tag?post=117320"}],"curies":[{"name":"wp","href":"https:\/\/api.w.org\/{rel}","templated":true}]}}