{"id":80792,"date":"2024-10-16T13:07:50","date_gmt":"2024-10-16T11:07:50","guid":{"rendered":"https:\/\/www.velomobileworld.com\/?post_type=product&#038;p=80792"},"modified":"2026-02-13T11:48:59","modified_gmt":"2026-02-13T10:48:59","slug":"buelk-mk1","status":"publish","type":"product","link":"https:\/\/www.velomobileworld.com\/de\/product\/buelk-mk1\/","title":{"rendered":"B\u00fclk-MK1"},"content":{"rendered":"<h2>Weltrekord-Leistung trifft auf allt\u00e4gliche Praktikabilit\u00e4t<\/h2>\n<p>Erleben Sie den Nervenkitzel, auf einem Weltrekordhalter zu fahren. Der B\u00fclk MK1, der den Deutschlanddurchquerungsrekord um mehr als 3 Stunden brach (1.094 km in 29:57 Stunden), vereint unerreichte aerodynamische Effizienz mit au\u00dfergew\u00f6hnlichem Komfort. Dieses revolution\u00e4re, menschengetriebene Fahrzeug erm\u00f6glicht es Ihnen, mit deutlich weniger Aufwand Rennsportgeschwindigkeiten zu erreichen, w\u00e4hrend es gleichzeitig vollst\u00e4ndigen Wetterschutz und Vielseitigkeit f\u00fcr den t\u00e4glichen Gebrauch bietet.<\/p>\n<p>Rekordbrechend: S\u00fcd-Nord-Durchquerung Deutschlands, Rekordhalter, der seine au\u00dfergew\u00f6hnliche Leistung unter realen Bedingungen beweist.<\/p>\n<p><strong>Materialien:<\/strong><br \/>Carbonfaser mit Epoxidharz<br \/><strong>K\u00f6rpergr\u00f6\u00dfe des Fahrers:<br \/><\/strong>* ~158 cm bis ~195 cm<br \/><strong>Maximales Fahrergewicht:<\/strong><br \/>120 kg<\/p>\n","protected":false},"excerpt":{"rendered":"<p>Der B\u00fclk MK1 definiert die menschlich angetriebene Fortbewegung neu, wie der Bruch des Deutschlanddurchquerungsrekords um mehr als 3 Stunden beweist (1.094 km in 29:57 Stunden). Mit branchenf\u00fchrender Aerodynamik und vielseitigen Komfortmerkmalen verwandelt er sowohl den t\u00e4glichen Arbeitsweg als auch Langstreckenabenteuer.<\/p>\n","protected":false},"featured_media":76961,"template":"","meta":{"_acf_changed":false},"product_brand":[],"product_cat":[814,817],"product_tag":[829,833,823,826,832],"class_list":{"0":"post-80792","1":"product","2":"type-product","3":"status-publish","4":"has-post-thumbnail","6":"product_cat-configure-your-velomobile-de","7":"product_cat-velomobile-de","8":"product_tag-comfortable-de","9":"product_tag-efficient-de","10":"product_tag-fast-de","11":"product_tag-highline-de","12":"product_tag-modular-de","14":"first","15":"instock","16":"sold-individually","17":"taxable","18":"shipping-taxable","19":"purchasable","20":"product-type-composite"},"composite_virtual":false,"composite_layout":"paged","composite_add_to_cart_form_location":"default","composite_editable_in_cart":false,"composite_sold_individually_context":"product","composite_shop_price_calc":"defaults","composite_components":[{"id":"1671113348","title":"Colors","description":"","query_type":"product_ids","query_ids":[1873],"default_option_id":119401,"thumbnail_id":"","thumbnail_src":"","quantity_min":1,"quantity_max":1,"priced_individually":true,"shipped_individually":false,"optional":false,"discount":"","options_style":"dropdowns","pagination_style":"classic","display_prices":"absolute","show_sorting_options":false,"show_filtering_options":false,"attribute_filter_ids":[],"select_action":"view","product_title_visible":false,"product_descr_visible":false,"product_price_visible":false,"product_thumb_visible":true,"subtotal_visible_product":true,"subtotal_visible_cart":true,"subtotal_visible_orders":true},{"id":"1671116670","title":"Electra","description":"","query_type":"product_ids","query_ids":[1874],"default_option_id":115418,"thumbnail_id":"","thumbnail_src":"","quantity_min":1,"quantity_max":1,"priced_individually":true,"shipped_individually":false,"optional":false,"discount":"","options_style":"dropdowns","pagination_style":"classic","display_prices":"absolute","show_sorting_options":false,"show_filtering_options":false,"attribute_filter_ids":[],"select_action":"view","product_title_visible":false,"product_descr_visible":false,"product_price_visible":false,"product_thumb_visible":true,"subtotal_visible_product":true,"subtotal_visible_cart":true,"subtotal_visible_orders":true},{"id":"1671443596","title":"Gear Options","description":"","query_type":"product_ids","query_ids":[1875],"default_option_id":100900,"thumbnail_id":"","thumbnail_src":"","quantity_min":1,"quantity_max":1,"priced_individually":true,"shipped_individually":false,"optional":false,"discount":"","options_style":"dropdowns","pagination_style":"classic","display_prices":"absolute","show_sorting_options":false,"show_filtering_options":false,"attribute_filter_ids":[],"select_action":"view","product_title_visible":false,"product_descr_visible":false,"product_price_visible":false,"product_thumb_visible":true,"subtotal_visible_product":true,"subtotal_visible_cart":true,"subtotal_visible_orders":true},{"id":"1671450846","title":"Other Options","description":"","query_type":"product_ids","query_ids":[1876],"default_option_id":115425,"thumbnail_id":"","thumbnail_src":"","quantity_min":1,"quantity_max":1,"priced_individually":true,"shipped_individually":false,"optional":false,"discount":"","options_style":"dropdowns","pagination_style":"classic","display_prices":"absolute","show_sorting_options":false,"show_filtering_options":false,"attribute_filter_ids":[],"select_action":"view","product_title_visible":false,"product_descr_visible":false,"product_price_visible":false,"product_thumb_visible":true,"subtotal_visible_product":true,"subtotal_visible_cart":true,"subtotal_visible_orders":true},{"id":"1680784168","title":"Measurements","description":"","query_type":"product_ids","query_ids":[1877],"default_option_id":115432,"thumbnail_id":"","thumbnail_src":"","quantity_min":1,"quantity_max":1,"priced_individually":false,"shipped_individually":false,"optional":false,"discount":"","options_style":"dropdowns","pagination_style":"classic","display_prices":"absolute","show_sorting_options":false,"show_filtering_options":false,"attribute_filter_ids":[],"select_action":"view","product_title_visible":false,"product_descr_visible":true,"product_price_visible":false,"product_thumb_visible":true,"subtotal_visible_product":false,"subtotal_visible_cart":false,"subtotal_visible_orders":false}],"composite_scenarios":[],"bundled_by":[],"bundle_stock_status":"instock","bundle_stock_quantity":null,"bundle_virtual":false,"bundle_layout":"","bundle_add_to_cart_form_location":"","bundle_editable_in_cart":false,"bundle_sold_individually_context":"","bundle_item_grouping":"","bundle_min_size":"","bundle_max_size":"","bundle_price":[],"bundled_items":[],"bundle_sell_ids":[],"acf":[],"yoast_head":"<!-- This site is optimized with the Yoast SEO plugin v27.5 - https:\/\/yoast.com\/product\/yoast-seo-wordpress\/ -->\n<title>B\u00fclk-MK1 - Velomobile World<\/title>\n<meta name=\"description\" content=\"Entdecken Sie das rekordbrechende B\u00fclk MK1 Velomobil \u2013 Inhaber des Deutschland-Durchquerungsrekords, das erstklassige Aerodynamik mit alltagstauglicher Praktikabilit\u00e4t vereint.\" \/>\n<meta name=\"robots\" content=\"index, follow, max-snippet:-1, max-image-preview:large, max-video-preview:-1\" \/>\n<link rel=\"canonical\" href=\"https:\/\/www.velomobileworld.com\/product\/2-bulk-mk1\/\" \/>\n<meta property=\"og:locale\" content=\"de_DE\" \/>\n<meta property=\"og:type\" content=\"article\" \/>\n<meta property=\"og:title\" content=\"B\u00fclk-MK1 - Velomobile World\" \/>\n<meta property=\"og:description\" content=\"Entdecken Sie das rekordbrechende B\u00fclk MK1 Velomobil \u2013 Inhaber des Deutschland-Durchquerungsrekords, das erstklassige Aerodynamik mit alltagstauglicher Praktikabilit\u00e4t vereint.\" \/>\n<meta property=\"og:url\" content=\"https:\/\/www.velomobileworld.com\/product\/2-bulk-mk1\/\" \/>\n<meta property=\"og:site_name\" content=\"Velomobile World\" \/>\n<meta property=\"article:modified_time\" content=\"2026-02-13T10:48:59+00:00\" \/>\n<meta property=\"og:image\" content=\"https:\/\/www.velomobileworld.com\/wp-content\/uploads\/2024\/10\/4.png\" \/>\n\t<meta property=\"og:image:width\" content=\"940\" \/>\n\t<meta property=\"og:image:height\" content=\"788\" \/>\n\t<meta property=\"og:image:type\" content=\"image\/png\" \/>\n<meta name=\"twitter:card\" content=\"summary_large_image\" \/>\n<meta name=\"twitter:label1\" content=\"Gesch\u00e4tzte Lesezeit\" \/>\n\t<meta name=\"twitter:data1\" content=\"5\u00a0Minuten\" \/>\n<script type=\"application\/ld+json\" class=\"yoast-schema-graph\">{\"@context\":\"https:\\\/\\\/schema.org\",\"@graph\":[{\"@type\":\"WebPage\",\"@id\":\"https:\\\/\\\/www.velomobileworld.com\\\/product\\\/2-bulk-mk1\\\/\",\"url\":\"https:\\\/\\\/www.velomobileworld.com\\\/product\\\/2-bulk-mk1\\\/\",\"name\":\"B\u00fclk-MK1 - Velomobile World\",\"isPartOf\":{\"@id\":\"https:\\\/\\\/www.velomobileworld.com\\\/nl\\\/#website\"},\"primaryImageOfPage\":{\"@id\":\"https:\\\/\\\/www.velomobileworld.com\\\/product\\\/2-bulk-mk1\\\/#primaryimage\"},\"image\":{\"@id\":\"https:\\\/\\\/www.velomobileworld.com\\\/product\\\/2-bulk-mk1\\\/#primaryimage\"},\"thumbnailUrl\":\"https:\\\/\\\/www.velomobileworld.com\\\/wp-content\\\/uploads\\\/2024\\\/10\\\/4.png\",\"datePublished\":\"2024-10-16T11:07:50+00:00\",\"dateModified\":\"2026-02-13T10:48:59+00:00\",\"description\":\"Entdecken Sie das rekordbrechende B\u00fclk MK1 Velomobil \u2013 Inhaber des Deutschland-Durchquerungsrekords, das erstklassige Aerodynamik mit alltagstauglicher Praktikabilit\u00e4t vereint.\",\"breadcrumb\":{\"@id\":\"https:\\\/\\\/www.velomobileworld.com\\\/product\\\/2-bulk-mk1\\\/#breadcrumb\"},\"inLanguage\":\"de\",\"potentialAction\":[{\"@type\":\"ReadAction\",\"target\":[\"https:\\\/\\\/www.velomobileworld.com\\\/product\\\/2-bulk-mk1\\\/\"]}]},{\"@type\":\"ImageObject\",\"inLanguage\":\"de\",\"@id\":\"https:\\\/\\\/www.velomobileworld.com\\\/product\\\/2-bulk-mk1\\\/#primaryimage\",\"url\":\"https:\\\/\\\/www.velomobileworld.com\\\/wp-content\\\/uploads\\\/2024\\\/10\\\/4.png\",\"contentUrl\":\"https:\\\/\\\/www.velomobileworld.com\\\/wp-content\\\/uploads\\\/2024\\\/10\\\/4.png\",\"width\":940,\"height\":788},{\"@type\":\"BreadcrumbList\",\"@id\":\"https:\\\/\\\/www.velomobileworld.com\\\/product\\\/2-bulk-mk1\\\/#breadcrumb\",\"itemListElement\":[{\"@type\":\"ListItem\",\"position\":1,\"name\":\"Home\",\"item\":\"https:\\\/\\\/www.velomobileworld.com\\\/\"},{\"@type\":\"ListItem\",\"position\":2,\"name\":\"Shop\",\"item\":\"https:\\\/\\\/www.velomobileworld.com\\\/de\\\/shop\\\/\"},{\"@type\":\"ListItem\",\"position\":3,\"name\":\"B\u00fclk-MK1\"}]},{\"@type\":\"WebSite\",\"@id\":\"https:\\\/\\\/www.velomobileworld.com\\\/nl\\\/#website\",\"url\":\"https:\\\/\\\/www.velomobileworld.com\\\/nl\\\/\",\"name\":\"Velomobile World\",\"description\":\"\",\"potentialAction\":[{\"@type\":\"SearchAction\",\"target\":{\"@type\":\"EntryPoint\",\"urlTemplate\":\"https:\\\/\\\/www.velomobileworld.com\\\/nl\\\/?s={search_term_string}\"},\"query-input\":{\"@type\":\"PropertyValueSpecification\",\"valueRequired\":true,\"valueName\":\"search_term_string\"}}],\"inLanguage\":\"de\"}]}<\/script>\n<!-- \/ Yoast SEO plugin. -->","yoast_head_json":{"title":"B\u00fclk-MK1 - Velomobile World","description":"Entdecken Sie das rekordbrechende B\u00fclk MK1 Velomobil \u2013 Inhaber des Deutschland-Durchquerungsrekords, das erstklassige Aerodynamik mit alltagstauglicher Praktikabilit\u00e4t vereint.","robots":{"index":"index","follow":"follow","max-snippet":"max-snippet:-1","max-image-preview":"max-image-preview:large","max-video-preview":"max-video-preview:-1"},"canonical":"https:\/\/www.velomobileworld.com\/product\/2-bulk-mk1\/","og_locale":"de_DE","og_type":"article","og_title":"B\u00fclk-MK1 - Velomobile World","og_description":"Entdecken Sie das rekordbrechende B\u00fclk MK1 Velomobil \u2013 Inhaber des Deutschland-Durchquerungsrekords, das erstklassige Aerodynamik mit alltagstauglicher Praktikabilit\u00e4t vereint.","og_url":"https:\/\/www.velomobileworld.com\/product\/2-bulk-mk1\/","og_site_name":"Velomobile World","article_modified_time":"2026-02-13T10:48:59+00:00","og_image":[{"width":940,"height":788,"url":"https:\/\/www.velomobileworld.com\/wp-content\/uploads\/2024\/10\/4.png","type":"image\/png"}],"twitter_card":"summary_large_image","twitter_misc":{"Gesch\u00e4tzte Lesezeit":"5\u00a0Minuten"},"schema":{"@context":"https:\/\/schema.org","@graph":[{"@type":"WebPage","@id":"https:\/\/www.velomobileworld.com\/product\/2-bulk-mk1\/","url":"https:\/\/www.velomobileworld.com\/product\/2-bulk-mk1\/","name":"B\u00fclk-MK1 - Velomobile World","isPartOf":{"@id":"https:\/\/www.velomobileworld.com\/nl\/#website"},"primaryImageOfPage":{"@id":"https:\/\/www.velomobileworld.com\/product\/2-bulk-mk1\/#primaryimage"},"image":{"@id":"https:\/\/www.velomobileworld.com\/product\/2-bulk-mk1\/#primaryimage"},"thumbnailUrl":"https:\/\/www.velomobileworld.com\/wp-content\/uploads\/2024\/10\/4.png","datePublished":"2024-10-16T11:07:50+00:00","dateModified":"2026-02-13T10:48:59+00:00","description":"Entdecken Sie das rekordbrechende B\u00fclk MK1 Velomobil \u2013 Inhaber des Deutschland-Durchquerungsrekords, das erstklassige Aerodynamik mit alltagstauglicher Praktikabilit\u00e4t vereint.","breadcrumb":{"@id":"https:\/\/www.velomobileworld.com\/product\/2-bulk-mk1\/#breadcrumb"},"inLanguage":"de","potentialAction":[{"@type":"ReadAction","target":["https:\/\/www.velomobileworld.com\/product\/2-bulk-mk1\/"]}]},{"@type":"ImageObject","inLanguage":"de","@id":"https:\/\/www.velomobileworld.com\/product\/2-bulk-mk1\/#primaryimage","url":"https:\/\/www.velomobileworld.com\/wp-content\/uploads\/2024\/10\/4.png","contentUrl":"https:\/\/www.velomobileworld.com\/wp-content\/uploads\/2024\/10\/4.png","width":940,"height":788},{"@type":"BreadcrumbList","@id":"https:\/\/www.velomobileworld.com\/product\/2-bulk-mk1\/#breadcrumb","itemListElement":[{"@type":"ListItem","position":1,"name":"Home","item":"https:\/\/www.velomobileworld.com\/"},{"@type":"ListItem","position":2,"name":"Shop","item":"https:\/\/www.velomobileworld.com\/de\/shop\/"},{"@type":"ListItem","position":3,"name":"B\u00fclk-MK1"}]},{"@type":"WebSite","@id":"https:\/\/www.velomobileworld.com\/nl\/#website","url":"https:\/\/www.velomobileworld.com\/nl\/","name":"Velomobile World","description":"","potentialAction":[{"@type":"SearchAction","target":{"@type":"EntryPoint","urlTemplate":"https:\/\/www.velomobileworld.com\/nl\/?s={search_term_string}"},"query-input":{"@type":"PropertyValueSpecification","valueRequired":true,"valueName":"search_term_string"}}],"inLanguage":"de"}]}},"_links":{"self":[{"href":"https:\/\/www.velomobileworld.com\/de\/wp-json\/wp\/v2\/product\/80792","targetHints":{"allow":["GET"]}}],"collection":[{"href":"https:\/\/www.velomobileworld.com\/de\/wp-json\/wp\/v2\/product"}],"about":[{"href":"https:\/\/www.velomobileworld.com\/de\/wp-json\/wp\/v2\/types\/product"}],"wp:featuredmedia":[{"embeddable":true,"href":"https:\/\/www.velomobileworld.com\/de\/wp-json\/wp\/v2\/media\/76961"}],"wp:attachment":[{"href":"https:\/\/www.velomobileworld.com\/de\/wp-json\/wp\/v2\/media?parent=80792"}],"wp:term":[{"taxonomy":"product_brand","embeddable":true,"href":"https:\/\/www.velomobileworld.com\/de\/wp-json\/wp\/v2\/product_brand?post=80792"},{"taxonomy":"product_cat","embeddable":true,"href":"https:\/\/www.velomobileworld.com\/de\/wp-json\/wp\/v2\/product_cat?post=80792"},{"taxonomy":"product_tag","embeddable":true,"href":"https:\/\/www.velomobileworld.com\/de\/wp-json\/wp\/v2\/product_tag?post=80792"}],"curies":[{"name":"wp","href":"https:\/\/api.w.org\/{rel}","templated":true}]}}