{"id":80848,"date":"2024-10-16T13:15:56","date_gmt":"2024-10-16T11:15:56","guid":{"rendered":"https:\/\/www.velomobileworld.com\/?post_type=product&#038;p=80848"},"modified":"2026-02-18T07:17:28","modified_gmt":"2026-02-18T06:17:28","slug":"buelk-4-more","status":"publish","type":"product","link":"https:\/\/www.velomobileworld.com\/de\/product\/buelk-4-more\/","title":{"rendered":"B\u00fclk 4 More"},"content":{"rendered":"<h2>Das Velomobil f\u00fcr die Menschen ist da<\/h2>\n<p>Erleben Sie den Nervenkitzel erstklassiger Velomobiltechnik zu einem Preis, der sinnvoll ist. Der B\u00fclk 4 More bietet Ihnen 90 % der Merkmale, die Premium-Velomobile au\u00dfergew\u00f6hnlich machen, zu nur 60 % der Kosten. Geboren aus der DNA unseres Weltrekordfahrzeugs B\u00fclk MK1, ist dies mehr als nur ein Velomobil \u2013 es ist eine Revolution in der nachhaltigen urbanen Mobilit\u00e4t.<\/p>\n<p>Der B\u00fclk 4 More besteht haupts\u00e4chlich aus GRP und nicht mehr aus CFRP. Das Fahrzeug-\/Fahrer-Gewicht wird im Durchschnitt etwa 2,5 % h\u00f6her sein. Das Fahrzeug hat serienm\u00e4\u00dfig nur eine 1\u00d711 Gangschaltung, die f\u00fcr 90 % aller Anwendungen ausreichend ist. In der Basisausstattung gibt es nur ein STVO-zugelassenes Stecklicht mit Bremslichtfunktion (80 Lux Scheinwerfer). Der Frontrahmen und das Mono-Schwingarm bestehen aus Aluminium und nicht mehr aus Carbon. Die Karosserie ist nicht mehr lackiert, sondern foliert. Durch die Vereinfachung der Innenstruktur und die Vergr\u00f6\u00dferung der Wartungsluken wird die Produktion deutlich einfacher und g\u00fcnstiger.<\/p>\n","protected":false},"excerpt":{"rendered":"<p>Die Nachfrage nach hochpreisigen Velomobilen war zur\u00fcckgegangen, und so entstand die Idee eines \u201eVelomobils f\u00fcr die Menschen\u201c. Erschwinglich auch f\u00fcr j\u00fcngere Leute und generell f\u00fcr mehr Menschen: daher der Name B\u00fclk for More.<\/p>\n<p>Dieses neue Fahrzeug soll nicht nur f\u00fcr mehr Menschen erschwinglich sein, sondern auch Merkmale aufweisen, die eine vielseitigere Nutzung erm\u00f6glichen.<\/p>\n","protected":false},"featured_media":76981,"template":"","meta":{"_acf_changed":false},"product_brand":[],"product_cat":[814,817],"product_tag":[829,936,935,832,934],"class_list":{"0":"post-80848","1":"product","2":"type-product","3":"status-publish","4":"has-post-thumbnail","6":"product_cat-configure-your-velomobile-de","7":"product_cat-velomobile-de","8":"product_tag-comfortable-de","9":"product_tag-glass-fiber-de","10":"product_tag-increased-ground-clearance-de","11":"product_tag-modular-de","12":"product_tag-short-turning-circle-de","14":"first","15":"instock","16":"sold-individually","17":"taxable","18":"shipping-taxable","19":"purchasable","20":"product-type-composite"},"composite_virtual":false,"composite_layout":"paged","composite_add_to_cart_form_location":"default","composite_editable_in_cart":false,"composite_sold_individually_context":"product","composite_shop_price_calc":"defaults","composite_components":[{"id":"1671113348","title":"Colors","description":"","query_type":"product_ids","query_ids":[3850],"default_option_id":115236,"thumbnail_id":"","thumbnail_src":"","quantity_min":1,"quantity_max":1,"priced_individually":true,"shipped_individually":false,"optional":false,"discount":"","options_style":"dropdowns","pagination_style":"classic","display_prices":"absolute","show_sorting_options":false,"show_filtering_options":false,"attribute_filter_ids":[],"select_action":"view","product_title_visible":false,"product_descr_visible":false,"product_price_visible":false,"product_thumb_visible":true,"subtotal_visible_product":true,"subtotal_visible_cart":true,"subtotal_visible_orders":true},{"id":"1671116670","title":"Electra","description":"","query_type":"product_ids","query_ids":[3849],"default_option_id":115229,"thumbnail_id":"","thumbnail_src":"","quantity_min":1,"quantity_max":1,"priced_individually":true,"shipped_individually":false,"optional":false,"discount":"","options_style":"dropdowns","pagination_style":"classic","display_prices":"absolute","show_sorting_options":false,"show_filtering_options":false,"attribute_filter_ids":[],"select_action":"view","product_title_visible":false,"product_descr_visible":false,"product_price_visible":false,"product_thumb_visible":true,"subtotal_visible_product":true,"subtotal_visible_cart":true,"subtotal_visible_orders":true},{"id":"1671443596","title":"Gear Options","description":"","query_type":"product_ids","query_ids":[3851],"default_option_id":115243,"thumbnail_id":"","thumbnail_src":"","quantity_min":1,"quantity_max":1,"priced_individually":true,"shipped_individually":false,"optional":false,"discount":"","options_style":"dropdowns","pagination_style":"classic","display_prices":"absolute","show_sorting_options":false,"show_filtering_options":false,"attribute_filter_ids":[],"select_action":"view","product_title_visible":false,"product_descr_visible":false,"product_price_visible":false,"product_thumb_visible":true,"subtotal_visible_product":true,"subtotal_visible_cart":true,"subtotal_visible_orders":true},{"id":"1671450846","title":"Other Options","description":"","query_type":"product_ids","query_ids":[3852],"default_option_id":115250,"thumbnail_id":"","thumbnail_src":"","quantity_min":1,"quantity_max":1,"priced_individually":true,"shipped_individually":false,"optional":false,"discount":"","options_style":"dropdowns","pagination_style":"classic","display_prices":"absolute","show_sorting_options":false,"show_filtering_options":false,"attribute_filter_ids":[],"select_action":"view","product_title_visible":false,"product_descr_visible":false,"product_price_visible":false,"product_thumb_visible":true,"subtotal_visible_product":true,"subtotal_visible_cart":true,"subtotal_visible_orders":true},{"id":"1680784168","title":"Measurements","description":"","query_type":"product_ids","query_ids":[1877],"default_option_id":115432,"thumbnail_id":"","thumbnail_src":"","quantity_min":1,"quantity_max":1,"priced_individually":false,"shipped_individually":false,"optional":false,"discount":"","options_style":"dropdowns","pagination_style":"classic","display_prices":"absolute","show_sorting_options":false,"show_filtering_options":false,"attribute_filter_ids":[],"select_action":"view","product_title_visible":false,"product_descr_visible":true,"product_price_visible":false,"product_thumb_visible":true,"subtotal_visible_product":false,"subtotal_visible_cart":false,"subtotal_visible_orders":false}],"composite_scenarios":[],"bundled_by":[],"bundle_stock_status":"instock","bundle_stock_quantity":null,"bundle_virtual":false,"bundle_layout":"","bundle_add_to_cart_form_location":"","bundle_editable_in_cart":false,"bundle_sold_individually_context":"","bundle_item_grouping":"","bundle_min_size":"","bundle_max_size":"","bundle_price":[],"bundled_items":[],"bundle_sell_ids":[],"acf":[],"yoast_head":"<!-- This site is optimized with the Yoast SEO plugin v27.5 - https:\/\/yoast.com\/product\/yoast-seo-wordpress\/ -->\n<title>B\u00fclk 4 More - Velomobile World<\/title>\n<meta name=\"description\" content=\"Erleben Sie mit dem B\u00fclk 4 More Premium-Velomobil-Performance zu einem erschwinglichen Preis. Basierend auf unserem Weltrekord-Design, bietet es fortschrittliche Aerodynamik und anpassbare Optionen f\u00fcr das t\u00e4gliche Pendeln.\" \/>\n<meta name=\"robots\" content=\"index, follow, max-snippet:-1, max-image-preview:large, max-video-preview:-1\" \/>\n<link rel=\"canonical\" href=\"https:\/\/www.velomobileworld.com\/product\/1-bulk-4-more\/\" \/>\n<meta property=\"og:locale\" content=\"de_DE\" \/>\n<meta property=\"og:type\" content=\"article\" \/>\n<meta property=\"og:title\" content=\"B\u00fclk 4 More - Velomobile World\" \/>\n<meta property=\"og:description\" content=\"Erleben Sie mit dem B\u00fclk 4 More Premium-Velomobil-Performance zu einem erschwinglichen Preis. Basierend auf unserem Weltrekord-Design, bietet es fortschrittliche Aerodynamik und anpassbare Optionen f\u00fcr das t\u00e4gliche Pendeln.\" \/>\n<meta property=\"og:url\" content=\"https:\/\/www.velomobileworld.com\/product\/1-bulk-4-more\/\" \/>\n<meta property=\"og:site_name\" content=\"Velomobile World\" \/>\n<meta property=\"article:modified_time\" content=\"2026-02-18T06:17:28+00:00\" \/>\n<meta property=\"og:image\" content=\"https:\/\/www.velomobileworld.com\/wp-content\/uploads\/2024\/10\/1.png\" \/>\n\t<meta property=\"og:image:width\" content=\"940\" \/>\n\t<meta property=\"og:image:height\" content=\"788\" \/>\n\t<meta property=\"og:image:type\" content=\"image\/png\" \/>\n<meta name=\"twitter:card\" content=\"summary_large_image\" \/>\n<meta name=\"twitter:label1\" content=\"Gesch\u00e4tzte Lesezeit\" \/>\n\t<meta name=\"twitter:data1\" content=\"6\u00a0Minuten\" \/>\n<script type=\"application\/ld+json\" class=\"yoast-schema-graph\">{\"@context\":\"https:\\\/\\\/schema.org\",\"@graph\":[{\"@type\":\"WebPage\",\"@id\":\"https:\\\/\\\/www.velomobileworld.com\\\/product\\\/1-bulk-4-more\\\/\",\"url\":\"https:\\\/\\\/www.velomobileworld.com\\\/product\\\/1-bulk-4-more\\\/\",\"name\":\"B\u00fclk 4 More - Velomobile World\",\"isPartOf\":{\"@id\":\"https:\\\/\\\/www.velomobileworld.com\\\/nl\\\/#website\"},\"primaryImageOfPage\":{\"@id\":\"https:\\\/\\\/www.velomobileworld.com\\\/product\\\/1-bulk-4-more\\\/#primaryimage\"},\"image\":{\"@id\":\"https:\\\/\\\/www.velomobileworld.com\\\/product\\\/1-bulk-4-more\\\/#primaryimage\"},\"thumbnailUrl\":\"https:\\\/\\\/www.velomobileworld.com\\\/wp-content\\\/uploads\\\/2024\\\/10\\\/1.png\",\"datePublished\":\"2024-10-16T11:15:56+00:00\",\"dateModified\":\"2026-02-18T06:17:28+00:00\",\"description\":\"Erleben Sie mit dem B\u00fclk 4 More Premium-Velomobil-Performance zu einem erschwinglichen Preis. Basierend auf unserem Weltrekord-Design, bietet es fortschrittliche Aerodynamik und anpassbare Optionen f\u00fcr das t\u00e4gliche Pendeln.\",\"breadcrumb\":{\"@id\":\"https:\\\/\\\/www.velomobileworld.com\\\/product\\\/1-bulk-4-more\\\/#breadcrumb\"},\"inLanguage\":\"de\",\"potentialAction\":[{\"@type\":\"ReadAction\",\"target\":[\"https:\\\/\\\/www.velomobileworld.com\\\/product\\\/1-bulk-4-more\\\/\"]}]},{\"@type\":\"ImageObject\",\"inLanguage\":\"de\",\"@id\":\"https:\\\/\\\/www.velomobileworld.com\\\/product\\\/1-bulk-4-more\\\/#primaryimage\",\"url\":\"https:\\\/\\\/www.velomobileworld.com\\\/wp-content\\\/uploads\\\/2024\\\/10\\\/1.png\",\"contentUrl\":\"https:\\\/\\\/www.velomobileworld.com\\\/wp-content\\\/uploads\\\/2024\\\/10\\\/1.png\",\"width\":940,\"height\":788},{\"@type\":\"BreadcrumbList\",\"@id\":\"https:\\\/\\\/www.velomobileworld.com\\\/product\\\/1-bulk-4-more\\\/#breadcrumb\",\"itemListElement\":[{\"@type\":\"ListItem\",\"position\":1,\"name\":\"Home\",\"item\":\"https:\\\/\\\/www.velomobileworld.com\\\/\"},{\"@type\":\"ListItem\",\"position\":2,\"name\":\"Shop\",\"item\":\"https:\\\/\\\/www.velomobileworld.com\\\/de\\\/shop\\\/\"},{\"@type\":\"ListItem\",\"position\":3,\"name\":\"B\u00fclk 4 More\"}]},{\"@type\":\"WebSite\",\"@id\":\"https:\\\/\\\/www.velomobileworld.com\\\/nl\\\/#website\",\"url\":\"https:\\\/\\\/www.velomobileworld.com\\\/nl\\\/\",\"name\":\"Velomobile World\",\"description\":\"\",\"potentialAction\":[{\"@type\":\"SearchAction\",\"target\":{\"@type\":\"EntryPoint\",\"urlTemplate\":\"https:\\\/\\\/www.velomobileworld.com\\\/nl\\\/?s={search_term_string}\"},\"query-input\":{\"@type\":\"PropertyValueSpecification\",\"valueRequired\":true,\"valueName\":\"search_term_string\"}}],\"inLanguage\":\"de\"}]}<\/script>\n<!-- \/ Yoast SEO plugin. -->","yoast_head_json":{"title":"B\u00fclk 4 More - Velomobile World","description":"Erleben Sie mit dem B\u00fclk 4 More Premium-Velomobil-Performance zu einem erschwinglichen Preis. Basierend auf unserem Weltrekord-Design, bietet es fortschrittliche Aerodynamik und anpassbare Optionen f\u00fcr das t\u00e4gliche Pendeln.","robots":{"index":"index","follow":"follow","max-snippet":"max-snippet:-1","max-image-preview":"max-image-preview:large","max-video-preview":"max-video-preview:-1"},"canonical":"https:\/\/www.velomobileworld.com\/product\/1-bulk-4-more\/","og_locale":"de_DE","og_type":"article","og_title":"B\u00fclk 4 More - Velomobile World","og_description":"Erleben Sie mit dem B\u00fclk 4 More Premium-Velomobil-Performance zu einem erschwinglichen Preis. Basierend auf unserem Weltrekord-Design, bietet es fortschrittliche Aerodynamik und anpassbare Optionen f\u00fcr das t\u00e4gliche Pendeln.","og_url":"https:\/\/www.velomobileworld.com\/product\/1-bulk-4-more\/","og_site_name":"Velomobile World","article_modified_time":"2026-02-18T06:17:28+00:00","og_image":[{"width":940,"height":788,"url":"https:\/\/www.velomobileworld.com\/wp-content\/uploads\/2024\/10\/1.png","type":"image\/png"}],"twitter_card":"summary_large_image","twitter_misc":{"Gesch\u00e4tzte Lesezeit":"6\u00a0Minuten"},"schema":{"@context":"https:\/\/schema.org","@graph":[{"@type":"WebPage","@id":"https:\/\/www.velomobileworld.com\/product\/1-bulk-4-more\/","url":"https:\/\/www.velomobileworld.com\/product\/1-bulk-4-more\/","name":"B\u00fclk 4 More - Velomobile World","isPartOf":{"@id":"https:\/\/www.velomobileworld.com\/nl\/#website"},"primaryImageOfPage":{"@id":"https:\/\/www.velomobileworld.com\/product\/1-bulk-4-more\/#primaryimage"},"image":{"@id":"https:\/\/www.velomobileworld.com\/product\/1-bulk-4-more\/#primaryimage"},"thumbnailUrl":"https:\/\/www.velomobileworld.com\/wp-content\/uploads\/2024\/10\/1.png","datePublished":"2024-10-16T11:15:56+00:00","dateModified":"2026-02-18T06:17:28+00:00","description":"Erleben Sie mit dem B\u00fclk 4 More Premium-Velomobil-Performance zu einem erschwinglichen Preis. Basierend auf unserem Weltrekord-Design, bietet es fortschrittliche Aerodynamik und anpassbare Optionen f\u00fcr das t\u00e4gliche Pendeln.","breadcrumb":{"@id":"https:\/\/www.velomobileworld.com\/product\/1-bulk-4-more\/#breadcrumb"},"inLanguage":"de","potentialAction":[{"@type":"ReadAction","target":["https:\/\/www.velomobileworld.com\/product\/1-bulk-4-more\/"]}]},{"@type":"ImageObject","inLanguage":"de","@id":"https:\/\/www.velomobileworld.com\/product\/1-bulk-4-more\/#primaryimage","url":"https:\/\/www.velomobileworld.com\/wp-content\/uploads\/2024\/10\/1.png","contentUrl":"https:\/\/www.velomobileworld.com\/wp-content\/uploads\/2024\/10\/1.png","width":940,"height":788},{"@type":"BreadcrumbList","@id":"https:\/\/www.velomobileworld.com\/product\/1-bulk-4-more\/#breadcrumb","itemListElement":[{"@type":"ListItem","position":1,"name":"Home","item":"https:\/\/www.velomobileworld.com\/"},{"@type":"ListItem","position":2,"name":"Shop","item":"https:\/\/www.velomobileworld.com\/de\/shop\/"},{"@type":"ListItem","position":3,"name":"B\u00fclk 4 More"}]},{"@type":"WebSite","@id":"https:\/\/www.velomobileworld.com\/nl\/#website","url":"https:\/\/www.velomobileworld.com\/nl\/","name":"Velomobile World","description":"","potentialAction":[{"@type":"SearchAction","target":{"@type":"EntryPoint","urlTemplate":"https:\/\/www.velomobileworld.com\/nl\/?s={search_term_string}"},"query-input":{"@type":"PropertyValueSpecification","valueRequired":true,"valueName":"search_term_string"}}],"inLanguage":"de"}]}},"_links":{"self":[{"href":"https:\/\/www.velomobileworld.com\/de\/wp-json\/wp\/v2\/product\/80848","targetHints":{"allow":["GET"]}}],"collection":[{"href":"https:\/\/www.velomobileworld.com\/de\/wp-json\/wp\/v2\/product"}],"about":[{"href":"https:\/\/www.velomobileworld.com\/de\/wp-json\/wp\/v2\/types\/product"}],"wp:featuredmedia":[{"embeddable":true,"href":"https:\/\/www.velomobileworld.com\/de\/wp-json\/wp\/v2\/media\/76981"}],"wp:attachment":[{"href":"https:\/\/www.velomobileworld.com\/de\/wp-json\/wp\/v2\/media?parent=80848"}],"wp:term":[{"taxonomy":"product_brand","embeddable":true,"href":"https:\/\/www.velomobileworld.com\/de\/wp-json\/wp\/v2\/product_brand?post=80848"},{"taxonomy":"product_cat","embeddable":true,"href":"https:\/\/www.velomobileworld.com\/de\/wp-json\/wp\/v2\/product_cat?post=80848"},{"taxonomy":"product_tag","embeddable":true,"href":"https:\/\/www.velomobileworld.com\/de\/wp-json\/wp\/v2\/product_tag?post=80848"}],"curies":[{"name":"wp","href":"https:\/\/api.w.org\/{rel}","templated":true}]}}