{"id":99741,"date":"2025-07-21T06:24:55","date_gmt":"2025-07-21T04:24:55","guid":{"rendered":"https:\/\/www.velomobileworld.com\/product\/buelk-distance-in-deutschland\/"},"modified":"2026-03-24T10:11:25","modified_gmt":"2026-03-24T09:11:25","slug":"buelk-distance-in-deutschland","status":"publish","type":"product","link":"https:\/\/www.velomobileworld.com\/de\/product\/buelk-distance-in-deutschland\/","title":{"rendered":"B\u00fclk Distance in Deutschland"},"content":{"rendered":"<p>Wir verkaufen ein einzigartiges B\u00fclk Distance in einem besonderem gr\u00fcn (Seriennummer BKD010), NEUFAHRZEUG!<\/p>\n<p>Farben:<br \/>\n&#8211; oben, Hotspot, Combihaube, Nose cover: wei\u00df metallic<br \/>\n&#8211; unten, Radabdeckungen: Ford gr\u00fcn metallic XSC 2737C<\/p>\n<p>Ausstattung:<br \/>\n&#8211; Spiegel: Left+Right Zefal<br \/>\n&#8211; Haube: Kombihaube Knieausst\u00fclpungen M (mittlere Gr\u00f6\u00dfe)<br \/>\n&#8211; Bremsen: 90mm<br \/>\n&#8211; Kettenblatt: 63 Z\u00e4hne<br \/>\n&#8211; Kassette: 11-52 Rotor<br \/>\n&#8211; Kurbell\u00e4nge: 150mm<br \/>\n&#8211; Tillerlenkung<br \/>\n&#8211; Beleuchtung: Hotspot B&amp;M IQx, Headlight vorne: Lupine SLX (wired), Blinker, Bremslicht, Hupe<br \/>\n&#8211; Tacho<br \/>\n&#8211; linkes Gep\u00e4ckfach<br \/>\n&#8211; Ventisit Matte<\/p>\n<p>Neupreis der Ausstattung: 13,684.50\u20ac zzgl. \u00dcberf\u00fchrung. Bei uns: 13.000\u20ac inkl. \u00dcberf\u00fchrung.<\/p>\n<p>Weiteres Zubeh\u00f6r und Hauben gegen Aufpreis erh\u00e4ltlich. Z.B. ist eine Kombihaube in wei\u00df metallic verf\u00fcgbar.<\/p>\n","protected":false},"excerpt":{"rendered":"<p>Dieses Velomobil wird verkauft von Johann Hoy \u2013 Hovelo, unserem H\u00e4ndler in <span id=\"street-address\">Werlbergerstr. 4,\u00a0<\/span><span id=\"viewad-locality\">86551 Bayern \u2013 Aichach<\/span><\/p>\n","protected":false},"featured_media":99705,"template":"","meta":{"_acf_changed":false},"product_brand":[],"product_cat":[852],"product_tag":[],"class_list":{"0":"post-99741","1":"product","2":"type-product","3":"status-publish","4":"has-post-thumbnail","6":"product_cat-nicht-kategorisiert","8":"first","9":"instock","10":"sale","11":"taxable","12":"shipping-taxable","13":"purchasable","14":"product-type-simple"},"composite_virtual":false,"composite_layout":"","composite_add_to_cart_form_location":"","composite_editable_in_cart":false,"composite_sold_individually_context":"","composite_shop_price_calc":"","composite_components":[],"composite_scenarios":[],"bundled_by":[],"bundle_stock_status":"instock","bundle_stock_quantity":null,"bundle_virtual":false,"bundle_layout":"","bundle_add_to_cart_form_location":"","bundle_editable_in_cart":false,"bundle_sold_individually_context":"","bundle_item_grouping":"","bundle_min_size":"","bundle_max_size":"","bundle_price":[],"bundled_items":[],"bundle_sell_ids":[],"acf":[],"yoast_head":"<!-- This site is optimized with the Yoast SEO plugin v27.3 - https:\/\/yoast.com\/product\/yoast-seo-wordpress\/ -->\n<title>B\u00fclk Distance in Deutschland - Velomobile World<\/title>\n<meta name=\"description\" content=\"&quot;Nagelneues B\u00fclk Distance Velomobil in einzigartigem gr\u00fcn-metallic (Seriennummer BKD010) mit hochwertiger Ausstattung \u2013 jetzt verf\u00fcgbar f\u00fcr 13.000\u202f\u20ac inkl. Lieferung\" \/>\n<meta name=\"robots\" content=\"index, follow, max-snippet:-1, max-image-preview:large, max-video-preview:-1\" \/>\n<link rel=\"canonical\" href=\"https:\/\/www.velomobileworld.com\/product\/bulk-distance-in-germany\/\" \/>\n<meta property=\"og:locale\" content=\"de_DE\" \/>\n<meta property=\"og:type\" content=\"article\" \/>\n<meta property=\"og:title\" content=\"B\u00fclk Distance in Deutschland - Velomobile World\" \/>\n<meta property=\"og:description\" content=\"&quot;Nagelneues B\u00fclk Distance Velomobil in einzigartigem gr\u00fcn-metallic (Seriennummer BKD010) mit hochwertiger Ausstattung \u2013 jetzt verf\u00fcgbar f\u00fcr 13.000\u202f\u20ac inkl. Lieferung\" \/>\n<meta property=\"og:url\" content=\"https:\/\/www.velomobileworld.com\/product\/bulk-distance-in-germany\/\" \/>\n<meta property=\"og:site_name\" content=\"Velomobile World\" \/>\n<meta property=\"article:modified_time\" content=\"2026-03-24T09:11:25+00:00\" \/>\n<meta name=\"twitter:card\" content=\"summary_large_image\" \/>\n<meta name=\"twitter:label1\" content=\"Gesch\u00e4tzte Lesezeit\" \/>\n\t<meta name=\"twitter:data1\" content=\"1\u00a0Minute\" \/>\n<script type=\"application\/ld+json\" class=\"yoast-schema-graph\">{\"@context\":\"https:\\\/\\\/schema.org\",\"@graph\":[{\"@type\":\"WebPage\",\"@id\":\"https:\\\/\\\/www.velomobileworld.com\\\/product\\\/bulk-distance-in-germany\\\/\",\"url\":\"https:\\\/\\\/www.velomobileworld.com\\\/product\\\/bulk-distance-in-germany\\\/\",\"name\":\"B\u00fclk Distance in Deutschland - Velomobile World\",\"isPartOf\":{\"@id\":\"https:\\\/\\\/www.velomobileworld.com\\\/nl\\\/#website\"},\"primaryImageOfPage\":{\"@id\":\"https:\\\/\\\/www.velomobileworld.com\\\/product\\\/bulk-distance-in-germany\\\/#primaryimage\"},\"image\":{\"@id\":\"https:\\\/\\\/www.velomobileworld.com\\\/product\\\/bulk-distance-in-germany\\\/#primaryimage\"},\"thumbnailUrl\":\"https:\\\/\\\/www.velomobileworld.com\\\/wp-content\\\/uploads\\\/2025\\\/07\\\/585bda31-6a2e-46ed-b654-eeb3b235a66e.avif\",\"datePublished\":\"2025-07-21T04:24:55+00:00\",\"dateModified\":\"2026-03-24T09:11:25+00:00\",\"description\":\"\\\"Nagelneues B\u00fclk Distance Velomobil in einzigartigem gr\u00fcn-metallic (Seriennummer BKD010) mit hochwertiger Ausstattung \u2013 jetzt verf\u00fcgbar f\u00fcr 13.000\u202f\u20ac inkl. Lieferung\",\"breadcrumb\":{\"@id\":\"https:\\\/\\\/www.velomobileworld.com\\\/product\\\/bulk-distance-in-germany\\\/#breadcrumb\"},\"inLanguage\":\"de\",\"potentialAction\":[{\"@type\":\"ReadAction\",\"target\":[\"https:\\\/\\\/www.velomobileworld.com\\\/product\\\/bulk-distance-in-germany\\\/\"]}]},{\"@type\":\"ImageObject\",\"inLanguage\":\"de\",\"@id\":\"https:\\\/\\\/www.velomobileworld.com\\\/product\\\/bulk-distance-in-germany\\\/#primaryimage\",\"url\":\"https:\\\/\\\/www.velomobileworld.com\\\/wp-content\\\/uploads\\\/2025\\\/07\\\/585bda31-6a2e-46ed-b654-eeb3b235a66e.avif\",\"contentUrl\":\"https:\\\/\\\/www.velomobileworld.com\\\/wp-content\\\/uploads\\\/2025\\\/07\\\/585bda31-6a2e-46ed-b654-eeb3b235a66e.avif\",\"width\":1600,\"height\":1200,\"caption\":\"Bulk Distance velomobile sold by Hovelo in Germany\"},{\"@type\":\"BreadcrumbList\",\"@id\":\"https:\\\/\\\/www.velomobileworld.com\\\/product\\\/bulk-distance-in-germany\\\/#breadcrumb\",\"itemListElement\":[{\"@type\":\"ListItem\",\"position\":1,\"name\":\"Home\",\"item\":\"https:\\\/\\\/www.velomobileworld.com\\\/\"},{\"@type\":\"ListItem\",\"position\":2,\"name\":\"Shop\",\"item\":\"https:\\\/\\\/www.velomobileworld.com\\\/de\\\/shop\\\/\"},{\"@type\":\"ListItem\",\"position\":3,\"name\":\"B\u00fclk Distance in Deutschland\"}]},{\"@type\":\"WebSite\",\"@id\":\"https:\\\/\\\/www.velomobileworld.com\\\/nl\\\/#website\",\"url\":\"https:\\\/\\\/www.velomobileworld.com\\\/nl\\\/\",\"name\":\"Velomobile World\",\"description\":\"\",\"potentialAction\":[{\"@type\":\"SearchAction\",\"target\":{\"@type\":\"EntryPoint\",\"urlTemplate\":\"https:\\\/\\\/www.velomobileworld.com\\\/nl\\\/?s={search_term_string}\"},\"query-input\":{\"@type\":\"PropertyValueSpecification\",\"valueRequired\":true,\"valueName\":\"search_term_string\"}}],\"inLanguage\":\"de\"}]}<\/script>\n<!-- \/ Yoast SEO plugin. -->","yoast_head_json":{"title":"B\u00fclk Distance in Deutschland - Velomobile World","description":"\"Nagelneues B\u00fclk Distance Velomobil in einzigartigem gr\u00fcn-metallic (Seriennummer BKD010) mit hochwertiger Ausstattung \u2013 jetzt verf\u00fcgbar f\u00fcr 13.000\u202f\u20ac inkl. Lieferung","robots":{"index":"index","follow":"follow","max-snippet":"max-snippet:-1","max-image-preview":"max-image-preview:large","max-video-preview":"max-video-preview:-1"},"canonical":"https:\/\/www.velomobileworld.com\/product\/bulk-distance-in-germany\/","og_locale":"de_DE","og_type":"article","og_title":"B\u00fclk Distance in Deutschland - Velomobile World","og_description":"\"Nagelneues B\u00fclk Distance Velomobil in einzigartigem gr\u00fcn-metallic (Seriennummer BKD010) mit hochwertiger Ausstattung \u2013 jetzt verf\u00fcgbar f\u00fcr 13.000\u202f\u20ac inkl. Lieferung","og_url":"https:\/\/www.velomobileworld.com\/product\/bulk-distance-in-germany\/","og_site_name":"Velomobile World","article_modified_time":"2026-03-24T09:11:25+00:00","twitter_card":"summary_large_image","twitter_misc":{"Gesch\u00e4tzte Lesezeit":"1\u00a0Minute"},"schema":{"@context":"https:\/\/schema.org","@graph":[{"@type":"WebPage","@id":"https:\/\/www.velomobileworld.com\/product\/bulk-distance-in-germany\/","url":"https:\/\/www.velomobileworld.com\/product\/bulk-distance-in-germany\/","name":"B\u00fclk Distance in Deutschland - Velomobile World","isPartOf":{"@id":"https:\/\/www.velomobileworld.com\/nl\/#website"},"primaryImageOfPage":{"@id":"https:\/\/www.velomobileworld.com\/product\/bulk-distance-in-germany\/#primaryimage"},"image":{"@id":"https:\/\/www.velomobileworld.com\/product\/bulk-distance-in-germany\/#primaryimage"},"thumbnailUrl":"https:\/\/www.velomobileworld.com\/wp-content\/uploads\/2025\/07\/585bda31-6a2e-46ed-b654-eeb3b235a66e.avif","datePublished":"2025-07-21T04:24:55+00:00","dateModified":"2026-03-24T09:11:25+00:00","description":"\"Nagelneues B\u00fclk Distance Velomobil in einzigartigem gr\u00fcn-metallic (Seriennummer BKD010) mit hochwertiger Ausstattung \u2013 jetzt verf\u00fcgbar f\u00fcr 13.000\u202f\u20ac inkl. Lieferung","breadcrumb":{"@id":"https:\/\/www.velomobileworld.com\/product\/bulk-distance-in-germany\/#breadcrumb"},"inLanguage":"de","potentialAction":[{"@type":"ReadAction","target":["https:\/\/www.velomobileworld.com\/product\/bulk-distance-in-germany\/"]}]},{"@type":"ImageObject","inLanguage":"de","@id":"https:\/\/www.velomobileworld.com\/product\/bulk-distance-in-germany\/#primaryimage","url":"https:\/\/www.velomobileworld.com\/wp-content\/uploads\/2025\/07\/585bda31-6a2e-46ed-b654-eeb3b235a66e.avif","contentUrl":"https:\/\/www.velomobileworld.com\/wp-content\/uploads\/2025\/07\/585bda31-6a2e-46ed-b654-eeb3b235a66e.avif","width":1600,"height":1200,"caption":"Bulk Distance velomobile sold by Hovelo in Germany"},{"@type":"BreadcrumbList","@id":"https:\/\/www.velomobileworld.com\/product\/bulk-distance-in-germany\/#breadcrumb","itemListElement":[{"@type":"ListItem","position":1,"name":"Home","item":"https:\/\/www.velomobileworld.com\/"},{"@type":"ListItem","position":2,"name":"Shop","item":"https:\/\/www.velomobileworld.com\/de\/shop\/"},{"@type":"ListItem","position":3,"name":"B\u00fclk Distance in Deutschland"}]},{"@type":"WebSite","@id":"https:\/\/www.velomobileworld.com\/nl\/#website","url":"https:\/\/www.velomobileworld.com\/nl\/","name":"Velomobile World","description":"","potentialAction":[{"@type":"SearchAction","target":{"@type":"EntryPoint","urlTemplate":"https:\/\/www.velomobileworld.com\/nl\/?s={search_term_string}"},"query-input":{"@type":"PropertyValueSpecification","valueRequired":true,"valueName":"search_term_string"}}],"inLanguage":"de"}]}},"_links":{"self":[{"href":"https:\/\/www.velomobileworld.com\/de\/wp-json\/wp\/v2\/product\/99741","targetHints":{"allow":["GET"]}}],"collection":[{"href":"https:\/\/www.velomobileworld.com\/de\/wp-json\/wp\/v2\/product"}],"about":[{"href":"https:\/\/www.velomobileworld.com\/de\/wp-json\/wp\/v2\/types\/product"}],"wp:featuredmedia":[{"embeddable":true,"href":"https:\/\/www.velomobileworld.com\/de\/wp-json\/wp\/v2\/media\/99705"}],"wp:attachment":[{"href":"https:\/\/www.velomobileworld.com\/de\/wp-json\/wp\/v2\/media?parent=99741"}],"wp:term":[{"taxonomy":"product_brand","embeddable":true,"href":"https:\/\/www.velomobileworld.com\/de\/wp-json\/wp\/v2\/product_brand?post=99741"},{"taxonomy":"product_cat","embeddable":true,"href":"https:\/\/www.velomobileworld.com\/de\/wp-json\/wp\/v2\/product_cat?post=99741"},{"taxonomy":"product_tag","embeddable":true,"href":"https:\/\/www.velomobileworld.com\/de\/wp-json\/wp\/v2\/product_tag?post=99741"}],"curies":[{"name":"wp","href":"https:\/\/api.w.org\/{rel}","templated":true}]}}