{"id":99760,"date":"2025-07-21T06:31:09","date_gmt":"2025-07-21T04:31:09","guid":{"rendered":"https:\/\/www.velomobileworld.com\/product\/buelk-mk1-in-deutschland\/"},"modified":"2025-07-21T06:40:57","modified_gmt":"2025-07-21T04:40:57","slug":"buelk-mk1-in-deutschland","status":"publish","type":"product","link":"https:\/\/www.velomobileworld.com\/de\/product\/buelk-mk1-in-deutschland\/","title":{"rendered":"B\u00fclk MK1 in Deutschland"},"content":{"rendered":"<p>Wer nicht warten will, kann sich hier gleich den Traum eines Velomobils erf\u00fcllen!<\/p>\n<p>Verkauft wird hier B\u00fclk Seriennummer BMK 184<br \/>\nAusstattung:<br \/>\nKilometer: 0<br \/>\nFarbe: wei\u00df\/gelb<br \/>\nBeleuchtung: Hotspot (B&amp;M IQx + Highsider R\u00fccklicht) + Kellermann Blinker, Frontlicht: B&amp;M IQx<br \/>\nKurbell\u00e4nge: 150mm<br \/>\nKettenbl\u00e4tter: 60\/42 Z\u00e4hne<br \/>\nKassette: 11-36 11-fach<br \/>\nBremsen: 90mm Trommelbremsen<br \/>\nSpiegel: Zefal rechts + links<br \/>\nTacho<br \/>\ninkl. Combihaube in gelb mit hohen Knieausst\u00fclpungen<\/p>\n<p>Neupreis 11,475.00\u20ac inkl. \u00dcberf\u00fchrung bei uns 10.900\u20ac!<\/p>\n<p>Zus\u00e4tzliches Zubeh\u00f6r wie Sitzmatten und Hauben auf Anfrage und Bestellung<\/p>\n","protected":false},"excerpt":{"rendered":"<p>Dieses Velomobil wird verkauft von Johann Hoy \u2013 Hovelo, unserem H\u00e4ndler in <span id=\"street-address\">Werlbergerstr. 4,\u00a0<\/span><span id=\"viewad-locality\">86551 Bayern \u2013 Aichach<\/span><\/p>\n","protected":false},"featured_media":115712,"template":"","meta":{"_acf_changed":false},"product_brand":[],"product_cat":[852],"product_tag":[],"class_list":{"0":"post-99760","1":"product","2":"type-product","3":"status-publish","4":"has-post-thumbnail","6":"product_cat-nicht-kategorisiert","8":"first","9":"instock","10":"sale","11":"taxable","12":"shipping-taxable","13":"product-type-external"},"composite_virtual":false,"composite_layout":"","composite_add_to_cart_form_location":"","composite_editable_in_cart":false,"composite_sold_individually_context":"","composite_shop_price_calc":"","composite_components":[],"composite_scenarios":[],"bundled_by":[],"bundle_stock_status":"instock","bundle_stock_quantity":null,"bundle_virtual":false,"bundle_layout":"","bundle_add_to_cart_form_location":"","bundle_editable_in_cart":false,"bundle_sold_individually_context":"","bundle_item_grouping":"","bundle_min_size":"","bundle_max_size":"","bundle_price":[],"bundled_items":[],"bundle_sell_ids":[],"acf":[],"yoast_head":"<!-- This site is optimized with the Yoast SEO plugin v27.5 - https:\/\/yoast.com\/product\/yoast-seo-wordpress\/ -->\n<title>B\u00fclk MK1 in Deutschland - Velomobile World<\/title>\n<meta name=\"description\" content=\"Nagelneues B\u00fclk MK1 Velomobil im wei\u00df\/gelben Design mit hochwertiger Beleuchtung, 90\u202fmm Trommelbremsen und gelber Kombihaube. Jetzt verf\u00fcgbar f\u00fcr 10.900\u202f\u20ac\" \/>\n<meta name=\"robots\" content=\"index, follow, max-snippet:-1, max-image-preview:large, max-video-preview:-1\" \/>\n<link rel=\"canonical\" href=\"https:\/\/www.velomobileworld.com\/de\/product\/buelk-mk1-in-deutschland\/\" \/>\n<meta property=\"og:locale\" content=\"de_DE\" \/>\n<meta property=\"og:type\" content=\"article\" \/>\n<meta property=\"og:title\" content=\"B\u00fclk MK1 in Deutschland - Velomobile World\" \/>\n<meta property=\"og:description\" content=\"Nagelneues B\u00fclk MK1 Velomobil im wei\u00df\/gelben Design mit hochwertiger Beleuchtung, 90\u202fmm Trommelbremsen und gelber Kombihaube. Jetzt verf\u00fcgbar f\u00fcr 10.900\u202f\u20ac\" \/>\n<meta property=\"og:url\" content=\"https:\/\/www.velomobileworld.com\/de\/product\/buelk-mk1-in-deutschland\/\" \/>\n<meta property=\"og:site_name\" content=\"Velomobile World\" \/>\n<meta property=\"article:modified_time\" content=\"2025-07-21T04:40:57+00:00\" \/>\n<meta name=\"twitter:card\" content=\"summary_large_image\" \/>\n<meta name=\"twitter:label1\" content=\"Gesch\u00e4tzte Lesezeit\" \/>\n\t<meta name=\"twitter:data1\" content=\"1\u00a0Minute\" \/>\n<script type=\"application\/ld+json\" class=\"yoast-schema-graph\">{\"@context\":\"https:\\\/\\\/schema.org\",\"@graph\":[{\"@type\":\"WebPage\",\"@id\":\"https:\\\/\\\/www.velomobileworld.com\\\/de\\\/product\\\/buelk-mk1-in-deutschland\\\/\",\"url\":\"https:\\\/\\\/www.velomobileworld.com\\\/de\\\/product\\\/buelk-mk1-in-deutschland\\\/\",\"name\":\"B\u00fclk MK1 in Deutschland - Velomobile World\",\"isPartOf\":{\"@id\":\"https:\\\/\\\/www.velomobileworld.com\\\/nl\\\/#website\"},\"primaryImageOfPage\":{\"@id\":\"https:\\\/\\\/www.velomobileworld.com\\\/de\\\/product\\\/buelk-mk1-in-deutschland\\\/#primaryimage\"},\"image\":{\"@id\":\"https:\\\/\\\/www.velomobileworld.com\\\/de\\\/product\\\/buelk-mk1-in-deutschland\\\/#primaryimage\"},\"thumbnailUrl\":\"https:\\\/\\\/www.velomobileworld.com\\\/wp-content\\\/uploads\\\/2025\\\/07\\\/Untitled-design.png\",\"datePublished\":\"2025-07-21T04:31:09+00:00\",\"dateModified\":\"2025-07-21T04:40:57+00:00\",\"description\":\"Nagelneues B\u00fclk MK1 Velomobil im wei\u00df\\\/gelben Design mit hochwertiger Beleuchtung, 90\u202fmm Trommelbremsen und gelber Kombihaube. Jetzt verf\u00fcgbar f\u00fcr 10.900\u202f\u20ac\",\"breadcrumb\":{\"@id\":\"https:\\\/\\\/www.velomobileworld.com\\\/de\\\/product\\\/buelk-mk1-in-deutschland\\\/#breadcrumb\"},\"inLanguage\":\"de\",\"potentialAction\":[{\"@type\":\"ReadAction\",\"target\":[\"https:\\\/\\\/www.velomobileworld.com\\\/de\\\/product\\\/buelk-mk1-in-deutschland\\\/\"]}]},{\"@type\":\"ImageObject\",\"inLanguage\":\"de\",\"@id\":\"https:\\\/\\\/www.velomobileworld.com\\\/de\\\/product\\\/buelk-mk1-in-deutschland\\\/#primaryimage\",\"url\":\"https:\\\/\\\/www.velomobileworld.com\\\/wp-content\\\/uploads\\\/2025\\\/07\\\/Untitled-design.png\",\"contentUrl\":\"https:\\\/\\\/www.velomobileworld.com\\\/wp-content\\\/uploads\\\/2025\\\/07\\\/Untitled-design.png\",\"width\":1196,\"height\":890},{\"@type\":\"BreadcrumbList\",\"@id\":\"https:\\\/\\\/www.velomobileworld.com\\\/de\\\/product\\\/buelk-mk1-in-deutschland\\\/#breadcrumb\",\"itemListElement\":[{\"@type\":\"ListItem\",\"position\":1,\"name\":\"Home\",\"item\":\"https:\\\/\\\/www.velomobileworld.com\\\/\"},{\"@type\":\"ListItem\",\"position\":2,\"name\":\"Shop\",\"item\":\"https:\\\/\\\/www.velomobileworld.com\\\/de\\\/shop\\\/\"},{\"@type\":\"ListItem\",\"position\":3,\"name\":\"B\u00fclk MK1 in Deutschland\"}]},{\"@type\":\"WebSite\",\"@id\":\"https:\\\/\\\/www.velomobileworld.com\\\/nl\\\/#website\",\"url\":\"https:\\\/\\\/www.velomobileworld.com\\\/nl\\\/\",\"name\":\"Velomobile World\",\"description\":\"\",\"potentialAction\":[{\"@type\":\"SearchAction\",\"target\":{\"@type\":\"EntryPoint\",\"urlTemplate\":\"https:\\\/\\\/www.velomobileworld.com\\\/nl\\\/?s={search_term_string}\"},\"query-input\":{\"@type\":\"PropertyValueSpecification\",\"valueRequired\":true,\"valueName\":\"search_term_string\"}}],\"inLanguage\":\"de\"}]}<\/script>\n<!-- \/ Yoast SEO plugin. -->","yoast_head_json":{"title":"B\u00fclk MK1 in Deutschland - Velomobile World","description":"Nagelneues B\u00fclk MK1 Velomobil im wei\u00df\/gelben Design mit hochwertiger Beleuchtung, 90\u202fmm Trommelbremsen und gelber Kombihaube. Jetzt verf\u00fcgbar f\u00fcr 10.900\u202f\u20ac","robots":{"index":"index","follow":"follow","max-snippet":"max-snippet:-1","max-image-preview":"max-image-preview:large","max-video-preview":"max-video-preview:-1"},"canonical":"https:\/\/www.velomobileworld.com\/de\/product\/buelk-mk1-in-deutschland\/","og_locale":"de_DE","og_type":"article","og_title":"B\u00fclk MK1 in Deutschland - Velomobile World","og_description":"Nagelneues B\u00fclk MK1 Velomobil im wei\u00df\/gelben Design mit hochwertiger Beleuchtung, 90\u202fmm Trommelbremsen und gelber Kombihaube. Jetzt verf\u00fcgbar f\u00fcr 10.900\u202f\u20ac","og_url":"https:\/\/www.velomobileworld.com\/de\/product\/buelk-mk1-in-deutschland\/","og_site_name":"Velomobile World","article_modified_time":"2025-07-21T04:40:57+00:00","twitter_card":"summary_large_image","twitter_misc":{"Gesch\u00e4tzte Lesezeit":"1\u00a0Minute"},"schema":{"@context":"https:\/\/schema.org","@graph":[{"@type":"WebPage","@id":"https:\/\/www.velomobileworld.com\/de\/product\/buelk-mk1-in-deutschland\/","url":"https:\/\/www.velomobileworld.com\/de\/product\/buelk-mk1-in-deutschland\/","name":"B\u00fclk MK1 in Deutschland - Velomobile World","isPartOf":{"@id":"https:\/\/www.velomobileworld.com\/nl\/#website"},"primaryImageOfPage":{"@id":"https:\/\/www.velomobileworld.com\/de\/product\/buelk-mk1-in-deutschland\/#primaryimage"},"image":{"@id":"https:\/\/www.velomobileworld.com\/de\/product\/buelk-mk1-in-deutschland\/#primaryimage"},"thumbnailUrl":"https:\/\/www.velomobileworld.com\/wp-content\/uploads\/2025\/07\/Untitled-design.png","datePublished":"2025-07-21T04:31:09+00:00","dateModified":"2025-07-21T04:40:57+00:00","description":"Nagelneues B\u00fclk MK1 Velomobil im wei\u00df\/gelben Design mit hochwertiger Beleuchtung, 90\u202fmm Trommelbremsen und gelber Kombihaube. Jetzt verf\u00fcgbar f\u00fcr 10.900\u202f\u20ac","breadcrumb":{"@id":"https:\/\/www.velomobileworld.com\/de\/product\/buelk-mk1-in-deutschland\/#breadcrumb"},"inLanguage":"de","potentialAction":[{"@type":"ReadAction","target":["https:\/\/www.velomobileworld.com\/de\/product\/buelk-mk1-in-deutschland\/"]}]},{"@type":"ImageObject","inLanguage":"de","@id":"https:\/\/www.velomobileworld.com\/de\/product\/buelk-mk1-in-deutschland\/#primaryimage","url":"https:\/\/www.velomobileworld.com\/wp-content\/uploads\/2025\/07\/Untitled-design.png","contentUrl":"https:\/\/www.velomobileworld.com\/wp-content\/uploads\/2025\/07\/Untitled-design.png","width":1196,"height":890},{"@type":"BreadcrumbList","@id":"https:\/\/www.velomobileworld.com\/de\/product\/buelk-mk1-in-deutschland\/#breadcrumb","itemListElement":[{"@type":"ListItem","position":1,"name":"Home","item":"https:\/\/www.velomobileworld.com\/"},{"@type":"ListItem","position":2,"name":"Shop","item":"https:\/\/www.velomobileworld.com\/de\/shop\/"},{"@type":"ListItem","position":3,"name":"B\u00fclk MK1 in Deutschland"}]},{"@type":"WebSite","@id":"https:\/\/www.velomobileworld.com\/nl\/#website","url":"https:\/\/www.velomobileworld.com\/nl\/","name":"Velomobile World","description":"","potentialAction":[{"@type":"SearchAction","target":{"@type":"EntryPoint","urlTemplate":"https:\/\/www.velomobileworld.com\/nl\/?s={search_term_string}"},"query-input":{"@type":"PropertyValueSpecification","valueRequired":true,"valueName":"search_term_string"}}],"inLanguage":"de"}]}},"_links":{"self":[{"href":"https:\/\/www.velomobileworld.com\/de\/wp-json\/wp\/v2\/product\/99760","targetHints":{"allow":["GET"]}}],"collection":[{"href":"https:\/\/www.velomobileworld.com\/de\/wp-json\/wp\/v2\/product"}],"about":[{"href":"https:\/\/www.velomobileworld.com\/de\/wp-json\/wp\/v2\/types\/product"}],"wp:featuredmedia":[{"embeddable":true,"href":"https:\/\/www.velomobileworld.com\/de\/wp-json\/wp\/v2\/media\/115712"}],"wp:attachment":[{"href":"https:\/\/www.velomobileworld.com\/de\/wp-json\/wp\/v2\/media?parent=99760"}],"wp:term":[{"taxonomy":"product_brand","embeddable":true,"href":"https:\/\/www.velomobileworld.com\/de\/wp-json\/wp\/v2\/product_brand?post=99760"},{"taxonomy":"product_cat","embeddable":true,"href":"https:\/\/www.velomobileworld.com\/de\/wp-json\/wp\/v2\/product_cat?post=99760"},{"taxonomy":"product_tag","embeddable":true,"href":"https:\/\/www.velomobileworld.com\/de\/wp-json\/wp\/v2\/product_tag?post=99760"}],"curies":[{"name":"wp","href":"https:\/\/api.w.org\/{rel}","templated":true}]}}