{"id":116919,"date":"2017-09-05T09:52:22","date_gmt":"2017-09-05T07:52:22","guid":{"rendered":"https:\/\/www.velomobileworld.com\/pagina-de-inicio\/"},"modified":"2026-02-23T13:12:07","modified_gmt":"2026-02-23T12:12:07","slug":"pagina-de-inicio","status":"publish","type":"page","link":"https:\/\/www.velomobileworld.com\/es\/","title":{"rendered":"P\u00e1gina de inicio"},"content":{"rendered":"\n\n\n<p><\/p>\n","protected":false},"excerpt":{"rendered":"","protected":false},"author":1,"featured_media":0,"parent":0,"menu_order":0,"comment_status":"closed","ping_status":"closed","template":"","meta":{"_acf_changed":false},"class_list":["post-116919","page","type-page","status-publish","hentry"],"acf":[],"yoast_head":"<!-- This site is optimized with the Yoast SEO plugin v27.6 - https:\/\/yoast.com\/product\/yoast-seo-wordpress\/ -->\n<title>Velomobile World | Velom\u00f3viles innovadores y env\u00edo a todo el mundo<\/title>\n<meta name=\"description\" content=\"Queremos entregar la mejor calidad a nuestros clientes cada d\u00eda para brindar una gran experiencia de ciclismo. \u00a1Pide tu velom\u00f3vil aqu\u00ed!\" \/>\n<meta name=\"robots\" content=\"index, follow, max-snippet:-1, max-image-preview:large, max-video-preview:-1\" \/>\n<link rel=\"canonical\" href=\"https:\/\/www.velomobileworld.com\/\" \/>\n<meta property=\"og:locale\" content=\"es_ES\" \/>\n<meta property=\"og:type\" content=\"article\" \/>\n<meta property=\"og:title\" content=\"Velomobile World | Velom\u00f3viles innovadores y env\u00edo a todo el mundo\" \/>\n<meta property=\"og:description\" content=\"Queremos entregar la mejor calidad a nuestros clientes cada d\u00eda para brindar una gran experiencia de ciclismo. \u00a1Pide tu velom\u00f3vil aqu\u00ed!\" \/>\n<meta property=\"og:url\" content=\"https:\/\/www.velomobileworld.com\/\" \/>\n<meta property=\"og:site_name\" content=\"Velomobile World\" \/>\n<meta property=\"article:modified_time\" content=\"2026-02-23T12:12:07+00:00\" \/>\n<meta name=\"twitter:card\" content=\"summary_large_image\" \/>\n<script type=\"application\/ld+json\" class=\"yoast-schema-graph\">{\"@context\":\"https:\\\/\\\/schema.org\",\"@graph\":[{\"@type\":\"WebPage\",\"@id\":\"https:\\\/\\\/www.velomobileworld.com\\\/\",\"url\":\"https:\\\/\\\/www.velomobileworld.com\\\/\",\"name\":\"Velomobile World | Velom\u00f3viles innovadores y env\u00edo a todo el mundo\",\"isPartOf\":{\"@id\":\"https:\\\/\\\/www.velomobileworld.com\\\/nl\\\/#website\"},\"datePublished\":\"2017-09-05T07:52:22+00:00\",\"dateModified\":\"2026-02-23T12:12:07+00:00\",\"description\":\"Queremos entregar la mejor calidad a nuestros clientes cada d\u00eda para brindar una gran experiencia de ciclismo. \u00a1Pide tu velom\u00f3vil aqu\u00ed!\",\"breadcrumb\":{\"@id\":\"https:\\\/\\\/www.velomobileworld.com\\\/#breadcrumb\"},\"inLanguage\":\"es\",\"potentialAction\":[{\"@type\":\"ReadAction\",\"target\":[\"https:\\\/\\\/www.velomobileworld.com\\\/\"]}]},{\"@type\":\"BreadcrumbList\",\"@id\":\"https:\\\/\\\/www.velomobileworld.com\\\/#breadcrumb\",\"itemListElement\":[{\"@type\":\"ListItem\",\"position\":1,\"name\":\"Home\",\"item\":\"https:\\\/\\\/www.velomobileworld.com\\\/\"},{\"@type\":\"ListItem\",\"position\":2,\"name\":\"Portada\"}]},{\"@type\":\"WebSite\",\"@id\":\"https:\\\/\\\/www.velomobileworld.com\\\/nl\\\/#website\",\"url\":\"https:\\\/\\\/www.velomobileworld.com\\\/nl\\\/\",\"name\":\"Velomobile World\",\"description\":\"\",\"potentialAction\":[{\"@type\":\"SearchAction\",\"target\":{\"@type\":\"EntryPoint\",\"urlTemplate\":\"https:\\\/\\\/www.velomobileworld.com\\\/nl\\\/?s={search_term_string}\"},\"query-input\":{\"@type\":\"PropertyValueSpecification\",\"valueRequired\":true,\"valueName\":\"search_term_string\"}}],\"inLanguage\":\"es\"}]}<\/script>\n<!-- \/ Yoast SEO plugin. -->","yoast_head_json":{"title":"Velomobile World | Velom\u00f3viles innovadores y env\u00edo a todo el mundo","description":"Queremos entregar la mejor calidad a nuestros clientes cada d\u00eda para brindar una gran experiencia de ciclismo. \u00a1Pide tu velom\u00f3vil aqu\u00ed!","robots":{"index":"index","follow":"follow","max-snippet":"max-snippet:-1","max-image-preview":"max-image-preview:large","max-video-preview":"max-video-preview:-1"},"canonical":"https:\/\/www.velomobileworld.com\/","og_locale":"es_ES","og_type":"article","og_title":"Velomobile World | Velom\u00f3viles innovadores y env\u00edo a todo el mundo","og_description":"Queremos entregar la mejor calidad a nuestros clientes cada d\u00eda para brindar una gran experiencia de ciclismo. \u00a1Pide tu velom\u00f3vil aqu\u00ed!","og_url":"https:\/\/www.velomobileworld.com\/","og_site_name":"Velomobile World","article_modified_time":"2026-02-23T12:12:07+00:00","twitter_card":"summary_large_image","schema":{"@context":"https:\/\/schema.org","@graph":[{"@type":"WebPage","@id":"https:\/\/www.velomobileworld.com\/","url":"https:\/\/www.velomobileworld.com\/","name":"Velomobile World | Velom\u00f3viles innovadores y env\u00edo a todo el mundo","isPartOf":{"@id":"https:\/\/www.velomobileworld.com\/nl\/#website"},"datePublished":"2017-09-05T07:52:22+00:00","dateModified":"2026-02-23T12:12:07+00:00","description":"Queremos entregar la mejor calidad a nuestros clientes cada d\u00eda para brindar una gran experiencia de ciclismo. \u00a1Pide tu velom\u00f3vil aqu\u00ed!","breadcrumb":{"@id":"https:\/\/www.velomobileworld.com\/#breadcrumb"},"inLanguage":"es","potentialAction":[{"@type":"ReadAction","target":["https:\/\/www.velomobileworld.com\/"]}]},{"@type":"BreadcrumbList","@id":"https:\/\/www.velomobileworld.com\/#breadcrumb","itemListElement":[{"@type":"ListItem","position":1,"name":"Home","item":"https:\/\/www.velomobileworld.com\/"},{"@type":"ListItem","position":2,"name":"Portada"}]},{"@type":"WebSite","@id":"https:\/\/www.velomobileworld.com\/nl\/#website","url":"https:\/\/www.velomobileworld.com\/nl\/","name":"Velomobile World","description":"","potentialAction":[{"@type":"SearchAction","target":{"@type":"EntryPoint","urlTemplate":"https:\/\/www.velomobileworld.com\/nl\/?s={search_term_string}"},"query-input":{"@type":"PropertyValueSpecification","valueRequired":true,"valueName":"search_term_string"}}],"inLanguage":"es"}]}},"jetpack_sharing_enabled":true,"_links":{"self":[{"href":"https:\/\/www.velomobileworld.com\/es\/wp-json\/wp\/v2\/pages\/116919","targetHints":{"allow":["GET"]}}],"collection":[{"href":"https:\/\/www.velomobileworld.com\/es\/wp-json\/wp\/v2\/pages"}],"about":[{"href":"https:\/\/www.velomobileworld.com\/es\/wp-json\/wp\/v2\/types\/page"}],"author":[{"embeddable":true,"href":"https:\/\/www.velomobileworld.com\/es\/wp-json\/wp\/v2\/users\/1"}],"replies":[{"embeddable":true,"href":"https:\/\/www.velomobileworld.com\/es\/wp-json\/wp\/v2\/comments?post=116919"}],"version-history":[{"count":1,"href":"https:\/\/www.velomobileworld.com\/es\/wp-json\/wp\/v2\/pages\/116919\/revisions"}],"predecessor-version":[{"id":116937,"href":"https:\/\/www.velomobileworld.com\/es\/wp-json\/wp\/v2\/pages\/116919\/revisions\/116937"}],"wp:attachment":[{"href":"https:\/\/www.velomobileworld.com\/es\/wp-json\/wp\/v2\/media?parent=116919"}],"curies":[{"name":"wp","href":"https:\/\/api.w.org\/{rel}","templated":true}]}}