{"id":78117,"date":"2025-03-01T19:25:03","date_gmt":"2025-03-01T18:25:03","guid":{"rendered":"https:\/\/velomobileworld.convident.dev\/un-nuevo-velomovil-bulk-4-more\/"},"modified":"2025-03-01T19:25:03","modified_gmt":"2025-03-01T18:25:03","slug":"un-nuevo-velomovil-bulk-4-more","status":"publish","type":"page","link":"https:\/\/www.velomobileworld.com\/es\/un-nuevo-velomovil-bulk-4-more\/","title":{"rendered":"Un Nuevo Velom\u00f3vil: B\u00fclk 4 More"},"content":{"rendered":"","protected":false},"excerpt":{"rendered":"","protected":false},"author":5,"featured_media":78118,"parent":0,"menu_order":0,"comment_status":"closed","ping_status":"closed","template":"","meta":{"_acf_changed":false},"class_list":["post-78117","page","type-page","status-publish","has-post-thumbnail","hentry"],"acf":[],"yoast_head":"<!-- This site is optimized with the Yoast SEO plugin v27.6 - https:\/\/yoast.com\/product\/yoast-seo-wordpress\/ -->\n<title>Un Nuevo Velom\u00f3vil: B\u00fclk 4 More - Velomobile World<\/title>\n<meta name=\"description\" content=\"B\u00fclk 4 More: un velom\u00f3vil revolucionario y asequible, dise\u00f1ado para acercar el transporte ecol\u00f3gico y de alto rendimiento a un p\u00fablico m\u00e1s amplio, con caracter\u00edsticas innovadoras y un dise\u00f1o simplificado.\" \/>\n<meta name=\"robots\" content=\"index, follow, max-snippet:-1, max-image-preview:large, max-video-preview:-1\" \/>\n<link rel=\"canonical\" href=\"https:\/\/www.velomobileworld.com\/es\/un-nuevo-velomovil-bulk-4-more\/\" \/>\n<meta property=\"og:locale\" content=\"es_ES\" \/>\n<meta property=\"og:type\" content=\"article\" \/>\n<meta property=\"og:title\" content=\"Un Nuevo Velom\u00f3vil: B\u00fclk 4 More - Velomobile World\" \/>\n<meta property=\"og:description\" content=\"B\u00fclk 4 More: un velom\u00f3vil revolucionario y asequible, dise\u00f1ado para acercar el transporte ecol\u00f3gico y de alto rendimiento a un p\u00fablico m\u00e1s amplio, con caracter\u00edsticas innovadoras y un dise\u00f1o simplificado.\" \/>\n<meta property=\"og:url\" content=\"https:\/\/www.velomobileworld.com\/es\/un-nuevo-velomovil-bulk-4-more\/\" \/>\n<meta property=\"og:site_name\" content=\"Velomobile World\" \/>\n<meta property=\"og:image\" content=\"https:\/\/www.velomobileworld.com\/wp-content\/uploads\/2025\/03\/8b-Bulk4More.webp\" \/>\n\t<meta property=\"og:image:width\" content=\"800\" \/>\n\t<meta property=\"og:image:height\" content=\"533\" \/>\n\t<meta property=\"og:image:type\" content=\"image\/webp\" \/>\n<meta name=\"twitter:card\" content=\"summary_large_image\" \/>\n<script type=\"application\/ld+json\" class=\"yoast-schema-graph\">{\"@context\":\"https:\\\/\\\/schema.org\",\"@graph\":[{\"@type\":\"WebPage\",\"@id\":\"https:\\\/\\\/www.velomobileworld.com\\\/es\\\/un-nuevo-velomovil-bulk-4-more\\\/\",\"url\":\"https:\\\/\\\/www.velomobileworld.com\\\/es\\\/un-nuevo-velomovil-bulk-4-more\\\/\",\"name\":\"Un Nuevo Velom\u00f3vil: B\u00fclk 4 More - Velomobile World\",\"isPartOf\":{\"@id\":\"https:\\\/\\\/www.velomobileworld.com\\\/nl\\\/#website\"},\"primaryImageOfPage\":{\"@id\":\"https:\\\/\\\/www.velomobileworld.com\\\/es\\\/un-nuevo-velomovil-bulk-4-more\\\/#primaryimage\"},\"image\":{\"@id\":\"https:\\\/\\\/www.velomobileworld.com\\\/es\\\/un-nuevo-velomovil-bulk-4-more\\\/#primaryimage\"},\"thumbnailUrl\":\"https:\\\/\\\/www.velomobileworld.com\\\/wp-content\\\/uploads\\\/2025\\\/03\\\/8b-Bulk4More.webp\",\"datePublished\":\"2025-03-01T18:25:03+00:00\",\"description\":\"B\u00fclk 4 More: un velom\u00f3vil revolucionario y asequible, dise\u00f1ado para acercar el transporte ecol\u00f3gico y de alto rendimiento a un p\u00fablico m\u00e1s amplio, con caracter\u00edsticas innovadoras y un dise\u00f1o simplificado.\",\"breadcrumb\":{\"@id\":\"https:\\\/\\\/www.velomobileworld.com\\\/es\\\/un-nuevo-velomovil-bulk-4-more\\\/#breadcrumb\"},\"inLanguage\":\"es\",\"potentialAction\":[{\"@type\":\"ReadAction\",\"target\":[\"https:\\\/\\\/www.velomobileworld.com\\\/es\\\/un-nuevo-velomovil-bulk-4-more\\\/\"]}]},{\"@type\":\"ImageObject\",\"inLanguage\":\"es\",\"@id\":\"https:\\\/\\\/www.velomobileworld.com\\\/es\\\/un-nuevo-velomovil-bulk-4-more\\\/#primaryimage\",\"url\":\"https:\\\/\\\/www.velomobileworld.com\\\/wp-content\\\/uploads\\\/2025\\\/03\\\/8b-Bulk4More.webp\",\"contentUrl\":\"https:\\\/\\\/www.velomobileworld.com\\\/wp-content\\\/uploads\\\/2025\\\/03\\\/8b-Bulk4More.webp\",\"width\":800,\"height\":533},{\"@type\":\"BreadcrumbList\",\"@id\":\"https:\\\/\\\/www.velomobileworld.com\\\/es\\\/un-nuevo-velomovil-bulk-4-more\\\/#breadcrumb\",\"itemListElement\":[{\"@type\":\"ListItem\",\"position\":1,\"name\":\"Home\",\"item\":\"https:\\\/\\\/www.velomobileworld.com\\\/\"},{\"@type\":\"ListItem\",\"position\":2,\"name\":\"Un Nuevo Velom\u00f3vil: B\u00fclk 4 More\"}]},{\"@type\":\"WebSite\",\"@id\":\"https:\\\/\\\/www.velomobileworld.com\\\/nl\\\/#website\",\"url\":\"https:\\\/\\\/www.velomobileworld.com\\\/nl\\\/\",\"name\":\"Velomobile World\",\"description\":\"\",\"potentialAction\":[{\"@type\":\"SearchAction\",\"target\":{\"@type\":\"EntryPoint\",\"urlTemplate\":\"https:\\\/\\\/www.velomobileworld.com\\\/nl\\\/?s={search_term_string}\"},\"query-input\":{\"@type\":\"PropertyValueSpecification\",\"valueRequired\":true,\"valueName\":\"search_term_string\"}}],\"inLanguage\":\"es\"}]}<\/script>\n<!-- \/ Yoast SEO plugin. -->","yoast_head_json":{"title":"Un Nuevo Velom\u00f3vil: B\u00fclk 4 More - Velomobile World","description":"B\u00fclk 4 More: un velom\u00f3vil revolucionario y asequible, dise\u00f1ado para acercar el transporte ecol\u00f3gico y de alto rendimiento a un p\u00fablico m\u00e1s amplio, con caracter\u00edsticas innovadoras y un dise\u00f1o simplificado.","robots":{"index":"index","follow":"follow","max-snippet":"max-snippet:-1","max-image-preview":"max-image-preview:large","max-video-preview":"max-video-preview:-1"},"canonical":"https:\/\/www.velomobileworld.com\/es\/un-nuevo-velomovil-bulk-4-more\/","og_locale":"es_ES","og_type":"article","og_title":"Un Nuevo Velom\u00f3vil: B\u00fclk 4 More - Velomobile World","og_description":"B\u00fclk 4 More: un velom\u00f3vil revolucionario y asequible, dise\u00f1ado para acercar el transporte ecol\u00f3gico y de alto rendimiento a un p\u00fablico m\u00e1s amplio, con caracter\u00edsticas innovadoras y un dise\u00f1o simplificado.","og_url":"https:\/\/www.velomobileworld.com\/es\/un-nuevo-velomovil-bulk-4-more\/","og_site_name":"Velomobile World","og_image":[{"width":800,"height":533,"url":"https:\/\/www.velomobileworld.com\/wp-content\/uploads\/2025\/03\/8b-Bulk4More.webp","type":"image\/webp"}],"twitter_card":"summary_large_image","schema":{"@context":"https:\/\/schema.org","@graph":[{"@type":"WebPage","@id":"https:\/\/www.velomobileworld.com\/es\/un-nuevo-velomovil-bulk-4-more\/","url":"https:\/\/www.velomobileworld.com\/es\/un-nuevo-velomovil-bulk-4-more\/","name":"Un Nuevo Velom\u00f3vil: B\u00fclk 4 More - Velomobile World","isPartOf":{"@id":"https:\/\/www.velomobileworld.com\/nl\/#website"},"primaryImageOfPage":{"@id":"https:\/\/www.velomobileworld.com\/es\/un-nuevo-velomovil-bulk-4-more\/#primaryimage"},"image":{"@id":"https:\/\/www.velomobileworld.com\/es\/un-nuevo-velomovil-bulk-4-more\/#primaryimage"},"thumbnailUrl":"https:\/\/www.velomobileworld.com\/wp-content\/uploads\/2025\/03\/8b-Bulk4More.webp","datePublished":"2025-03-01T18:25:03+00:00","description":"B\u00fclk 4 More: un velom\u00f3vil revolucionario y asequible, dise\u00f1ado para acercar el transporte ecol\u00f3gico y de alto rendimiento a un p\u00fablico m\u00e1s amplio, con caracter\u00edsticas innovadoras y un dise\u00f1o simplificado.","breadcrumb":{"@id":"https:\/\/www.velomobileworld.com\/es\/un-nuevo-velomovil-bulk-4-more\/#breadcrumb"},"inLanguage":"es","potentialAction":[{"@type":"ReadAction","target":["https:\/\/www.velomobileworld.com\/es\/un-nuevo-velomovil-bulk-4-more\/"]}]},{"@type":"ImageObject","inLanguage":"es","@id":"https:\/\/www.velomobileworld.com\/es\/un-nuevo-velomovil-bulk-4-more\/#primaryimage","url":"https:\/\/www.velomobileworld.com\/wp-content\/uploads\/2025\/03\/8b-Bulk4More.webp","contentUrl":"https:\/\/www.velomobileworld.com\/wp-content\/uploads\/2025\/03\/8b-Bulk4More.webp","width":800,"height":533},{"@type":"BreadcrumbList","@id":"https:\/\/www.velomobileworld.com\/es\/un-nuevo-velomovil-bulk-4-more\/#breadcrumb","itemListElement":[{"@type":"ListItem","position":1,"name":"Home","item":"https:\/\/www.velomobileworld.com\/"},{"@type":"ListItem","position":2,"name":"Un Nuevo Velom\u00f3vil: B\u00fclk 4 More"}]},{"@type":"WebSite","@id":"https:\/\/www.velomobileworld.com\/nl\/#website","url":"https:\/\/www.velomobileworld.com\/nl\/","name":"Velomobile World","description":"","potentialAction":[{"@type":"SearchAction","target":{"@type":"EntryPoint","urlTemplate":"https:\/\/www.velomobileworld.com\/nl\/?s={search_term_string}"},"query-input":{"@type":"PropertyValueSpecification","valueRequired":true,"valueName":"search_term_string"}}],"inLanguage":"es"}]}},"jetpack_sharing_enabled":true,"_links":{"self":[{"href":"https:\/\/www.velomobileworld.com\/es\/wp-json\/wp\/v2\/pages\/78117","targetHints":{"allow":["GET"]}}],"collection":[{"href":"https:\/\/www.velomobileworld.com\/es\/wp-json\/wp\/v2\/pages"}],"about":[{"href":"https:\/\/www.velomobileworld.com\/es\/wp-json\/wp\/v2\/types\/page"}],"author":[{"embeddable":true,"href":"https:\/\/www.velomobileworld.com\/es\/wp-json\/wp\/v2\/users\/5"}],"replies":[{"embeddable":true,"href":"https:\/\/www.velomobileworld.com\/es\/wp-json\/wp\/v2\/comments?post=78117"}],"version-history":[{"count":0,"href":"https:\/\/www.velomobileworld.com\/es\/wp-json\/wp\/v2\/pages\/78117\/revisions"}],"wp:featuredmedia":[{"embeddable":true,"href":"https:\/\/www.velomobileworld.com\/es\/wp-json\/wp\/v2\/media\/78118"}],"wp:attachment":[{"href":"https:\/\/www.velomobileworld.com\/es\/wp-json\/wp\/v2\/media?parent=78117"}],"curies":[{"name":"wp","href":"https:\/\/api.w.org\/{rel}","templated":true}]}}