{"id":78674,"date":"2025-03-04T10:46:02","date_gmt":"2025-03-04T09:46:02","guid":{"rendered":"https:\/\/velomobileworld.convident.dev\/bulk-el-velomovil-que-puede-cambiarte-la-vida\/"},"modified":"2025-03-04T10:46:02","modified_gmt":"2025-03-04T09:46:02","slug":"bulk-el-velomovil-que-puede-cambiarte-la-vida","status":"publish","type":"page","link":"https:\/\/www.velomobileworld.com\/es\/bulk-el-velomovil-que-puede-cambiarte-la-vida\/","title":{"rendered":"B\u00dcLK: EL VELOM\u00d3VIL QUE PUEDE CAMBIARTE LA VIDA"},"content":{"rendered":"","protected":false},"excerpt":{"rendered":"","protected":false},"author":5,"featured_media":0,"parent":0,"menu_order":0,"comment_status":"closed","ping_status":"closed","template":"","meta":{"_acf_changed":false},"class_list":["post-78674","page","type-page","status-publish","hentry"],"acf":[],"yoast_head":"<!-- This site is optimized with the Yoast SEO plugin v27.6 - https:\/\/yoast.com\/product\/yoast-seo-wordpress\/ -->\n<title>B\u00dcLK: EL VELOM\u00d3VIL QUE PUEDE CAMBIARTE LA VIDA - Velomobile World<\/title>\n<meta name=\"description\" content=\"Descubre el B\u00fclk MK1, el velom\u00f3vil que rompi\u00f3 r\u00e9cords mundiales. Construcci\u00f3n ultraligera en carbono, aerodin\u00e1mica excepcional y un rendimiento vers\u00e1til para ciclistas exigentes. Velocidad m\u00e1xima impulsada por el ser humano.\" \/>\n<meta name=\"robots\" content=\"index, follow, max-snippet:-1, max-image-preview:large, max-video-preview:-1\" \/>\n<link rel=\"canonical\" href=\"https:\/\/www.velomobileworld.com\/es\/bulk-el-velomovil-que-puede-cambiarte-la-vida\/\" \/>\n<meta property=\"og:locale\" content=\"es_ES\" \/>\n<meta property=\"og:type\" content=\"article\" \/>\n<meta property=\"og:title\" content=\"B\u00dcLK: EL VELOM\u00d3VIL QUE PUEDE CAMBIARTE LA VIDA - Velomobile World\" \/>\n<meta property=\"og:description\" content=\"Descubre el B\u00fclk MK1, el velom\u00f3vil que rompi\u00f3 r\u00e9cords mundiales. Construcci\u00f3n ultraligera en carbono, aerodin\u00e1mica excepcional y un rendimiento vers\u00e1til para ciclistas exigentes. Velocidad m\u00e1xima impulsada por el ser humano.\" \/>\n<meta property=\"og:url\" content=\"https:\/\/www.velomobileworld.com\/es\/bulk-el-velomovil-que-puede-cambiarte-la-vida\/\" \/>\n<meta property=\"og:site_name\" content=\"Velomobile World\" \/>\n<meta name=\"twitter:card\" content=\"summary_large_image\" \/>\n<script type=\"application\/ld+json\" class=\"yoast-schema-graph\">{\"@context\":\"https:\\\/\\\/schema.org\",\"@graph\":[{\"@type\":\"WebPage\",\"@id\":\"https:\\\/\\\/www.velomobileworld.com\\\/es\\\/bulk-el-velomovil-que-puede-cambiarte-la-vida\\\/\",\"url\":\"https:\\\/\\\/www.velomobileworld.com\\\/es\\\/bulk-el-velomovil-que-puede-cambiarte-la-vida\\\/\",\"name\":\"B\u00dcLK: EL VELOM\u00d3VIL QUE PUEDE CAMBIARTE LA VIDA - Velomobile World\",\"isPartOf\":{\"@id\":\"https:\\\/\\\/www.velomobileworld.com\\\/nl\\\/#website\"},\"datePublished\":\"2025-03-04T09:46:02+00:00\",\"description\":\"Descubre el B\u00fclk MK1, el velom\u00f3vil que rompi\u00f3 r\u00e9cords mundiales. Construcci\u00f3n ultraligera en carbono, aerodin\u00e1mica excepcional y un rendimiento vers\u00e1til para ciclistas exigentes. Velocidad m\u00e1xima impulsada por el ser humano.\",\"breadcrumb\":{\"@id\":\"https:\\\/\\\/www.velomobileworld.com\\\/es\\\/bulk-el-velomovil-que-puede-cambiarte-la-vida\\\/#breadcrumb\"},\"inLanguage\":\"es\",\"potentialAction\":[{\"@type\":\"ReadAction\",\"target\":[\"https:\\\/\\\/www.velomobileworld.com\\\/es\\\/bulk-el-velomovil-que-puede-cambiarte-la-vida\\\/\"]}]},{\"@type\":\"BreadcrumbList\",\"@id\":\"https:\\\/\\\/www.velomobileworld.com\\\/es\\\/bulk-el-velomovil-que-puede-cambiarte-la-vida\\\/#breadcrumb\",\"itemListElement\":[{\"@type\":\"ListItem\",\"position\":1,\"name\":\"Home\",\"item\":\"https:\\\/\\\/www.velomobileworld.com\\\/\"},{\"@type\":\"ListItem\",\"position\":2,\"name\":\"B\u00dcLK: EL VELOM\u00d3VIL QUE PUEDE CAMBIARTE LA VIDA\"}]},{\"@type\":\"WebSite\",\"@id\":\"https:\\\/\\\/www.velomobileworld.com\\\/nl\\\/#website\",\"url\":\"https:\\\/\\\/www.velomobileworld.com\\\/nl\\\/\",\"name\":\"Velomobile World\",\"description\":\"\",\"potentialAction\":[{\"@type\":\"SearchAction\",\"target\":{\"@type\":\"EntryPoint\",\"urlTemplate\":\"https:\\\/\\\/www.velomobileworld.com\\\/nl\\\/?s={search_term_string}\"},\"query-input\":{\"@type\":\"PropertyValueSpecification\",\"valueRequired\":true,\"valueName\":\"search_term_string\"}}],\"inLanguage\":\"es\"}]}<\/script>\n<!-- \/ Yoast SEO plugin. -->","yoast_head_json":{"title":"B\u00dcLK: EL VELOM\u00d3VIL QUE PUEDE CAMBIARTE LA VIDA - Velomobile World","description":"Descubre el B\u00fclk MK1, el velom\u00f3vil que rompi\u00f3 r\u00e9cords mundiales. Construcci\u00f3n ultraligera en carbono, aerodin\u00e1mica excepcional y un rendimiento vers\u00e1til para ciclistas exigentes. Velocidad m\u00e1xima impulsada por el ser humano.","robots":{"index":"index","follow":"follow","max-snippet":"max-snippet:-1","max-image-preview":"max-image-preview:large","max-video-preview":"max-video-preview:-1"},"canonical":"https:\/\/www.velomobileworld.com\/es\/bulk-el-velomovil-que-puede-cambiarte-la-vida\/","og_locale":"es_ES","og_type":"article","og_title":"B\u00dcLK: EL VELOM\u00d3VIL QUE PUEDE CAMBIARTE LA VIDA - Velomobile World","og_description":"Descubre el B\u00fclk MK1, el velom\u00f3vil que rompi\u00f3 r\u00e9cords mundiales. Construcci\u00f3n ultraligera en carbono, aerodin\u00e1mica excepcional y un rendimiento vers\u00e1til para ciclistas exigentes. Velocidad m\u00e1xima impulsada por el ser humano.","og_url":"https:\/\/www.velomobileworld.com\/es\/bulk-el-velomovil-que-puede-cambiarte-la-vida\/","og_site_name":"Velomobile World","twitter_card":"summary_large_image","schema":{"@context":"https:\/\/schema.org","@graph":[{"@type":"WebPage","@id":"https:\/\/www.velomobileworld.com\/es\/bulk-el-velomovil-que-puede-cambiarte-la-vida\/","url":"https:\/\/www.velomobileworld.com\/es\/bulk-el-velomovil-que-puede-cambiarte-la-vida\/","name":"B\u00dcLK: EL VELOM\u00d3VIL QUE PUEDE CAMBIARTE LA VIDA - Velomobile World","isPartOf":{"@id":"https:\/\/www.velomobileworld.com\/nl\/#website"},"datePublished":"2025-03-04T09:46:02+00:00","description":"Descubre el B\u00fclk MK1, el velom\u00f3vil que rompi\u00f3 r\u00e9cords mundiales. Construcci\u00f3n ultraligera en carbono, aerodin\u00e1mica excepcional y un rendimiento vers\u00e1til para ciclistas exigentes. Velocidad m\u00e1xima impulsada por el ser humano.","breadcrumb":{"@id":"https:\/\/www.velomobileworld.com\/es\/bulk-el-velomovil-que-puede-cambiarte-la-vida\/#breadcrumb"},"inLanguage":"es","potentialAction":[{"@type":"ReadAction","target":["https:\/\/www.velomobileworld.com\/es\/bulk-el-velomovil-que-puede-cambiarte-la-vida\/"]}]},{"@type":"BreadcrumbList","@id":"https:\/\/www.velomobileworld.com\/es\/bulk-el-velomovil-que-puede-cambiarte-la-vida\/#breadcrumb","itemListElement":[{"@type":"ListItem","position":1,"name":"Home","item":"https:\/\/www.velomobileworld.com\/"},{"@type":"ListItem","position":2,"name":"B\u00dcLK: EL VELOM\u00d3VIL QUE PUEDE CAMBIARTE LA VIDA"}]},{"@type":"WebSite","@id":"https:\/\/www.velomobileworld.com\/nl\/#website","url":"https:\/\/www.velomobileworld.com\/nl\/","name":"Velomobile World","description":"","potentialAction":[{"@type":"SearchAction","target":{"@type":"EntryPoint","urlTemplate":"https:\/\/www.velomobileworld.com\/nl\/?s={search_term_string}"},"query-input":{"@type":"PropertyValueSpecification","valueRequired":true,"valueName":"search_term_string"}}],"inLanguage":"es"}]}},"jetpack_sharing_enabled":true,"_links":{"self":[{"href":"https:\/\/www.velomobileworld.com\/es\/wp-json\/wp\/v2\/pages\/78674","targetHints":{"allow":["GET"]}}],"collection":[{"href":"https:\/\/www.velomobileworld.com\/es\/wp-json\/wp\/v2\/pages"}],"about":[{"href":"https:\/\/www.velomobileworld.com\/es\/wp-json\/wp\/v2\/types\/page"}],"author":[{"embeddable":true,"href":"https:\/\/www.velomobileworld.com\/es\/wp-json\/wp\/v2\/users\/5"}],"replies":[{"embeddable":true,"href":"https:\/\/www.velomobileworld.com\/es\/wp-json\/wp\/v2\/comments?post=78674"}],"version-history":[{"count":0,"href":"https:\/\/www.velomobileworld.com\/es\/wp-json\/wp\/v2\/pages\/78674\/revisions"}],"wp:attachment":[{"href":"https:\/\/www.velomobileworld.com\/es\/wp-json\/wp\/v2\/media?parent=78674"}],"curies":[{"name":"wp","href":"https:\/\/api.w.org\/{rel}","templated":true}]}}