{"id":78729,"date":"2025-03-07T11:14:47","date_gmt":"2025-03-07T10:14:47","guid":{"rendered":"https:\/\/velomobileworld.convident.dev\/clientes-satisfechos\/"},"modified":"2025-03-07T11:14:47","modified_gmt":"2025-03-07T10:14:47","slug":"clientes-satisfechos","status":"publish","type":"page","link":"https:\/\/www.velomobileworld.com\/es\/clientes-satisfechos\/","title":{"rendered":"CLIENTES SATISFECHOS"},"content":{"rendered":"","protected":false},"excerpt":{"rendered":"","protected":false},"author":5,"featured_media":0,"parent":0,"menu_order":0,"comment_status":"closed","ping_status":"closed","template":"","meta":{"_acf_changed":false},"class_list":["post-78729","page","type-page","status-publish","hentry"],"acf":[],"yoast_head":"<!-- This site is optimized with the Yoast SEO plugin v27.4 - https:\/\/yoast.com\/product\/yoast-seo-wordpress\/ -->\n<title>CLIENTES SATISFECHOS - Velomobile World<\/title>\n<meta name=\"description\" content=\"\u00a1Los clientes satisfechos adoran sus velom\u00f3viles! Lee opiniones de usuarios de todo el mundo y descubre c\u00f3mo Velomobile World ofrece calidad, velocidad y alegr\u00eda d\u00eda a d\u00eda.\" \/>\n<meta name=\"robots\" content=\"index, follow, max-snippet:-1, max-image-preview:large, max-video-preview:-1\" \/>\n<link rel=\"canonical\" href=\"https:\/\/www.velomobileworld.com\/es\/clientes-satisfechos\/\" \/>\n<meta property=\"og:locale\" content=\"es_ES\" \/>\n<meta property=\"og:type\" content=\"article\" \/>\n<meta property=\"og:title\" content=\"CLIENTES SATISFECHOS - Velomobile World\" \/>\n<meta property=\"og:description\" content=\"\u00a1Los clientes satisfechos adoran sus velom\u00f3viles! Lee opiniones de usuarios de todo el mundo y descubre c\u00f3mo Velomobile World ofrece calidad, velocidad y alegr\u00eda d\u00eda a d\u00eda.\" \/>\n<meta property=\"og:url\" content=\"https:\/\/www.velomobileworld.com\/es\/clientes-satisfechos\/\" \/>\n<meta property=\"og:site_name\" content=\"Velomobile World\" \/>\n<meta name=\"twitter:card\" content=\"summary_large_image\" \/>\n<script type=\"application\/ld+json\" class=\"yoast-schema-graph\">{\"@context\":\"https:\\\/\\\/schema.org\",\"@graph\":[{\"@type\":\"WebPage\",\"@id\":\"https:\\\/\\\/www.velomobileworld.com\\\/es\\\/clientes-satisfechos\\\/\",\"url\":\"https:\\\/\\\/www.velomobileworld.com\\\/es\\\/clientes-satisfechos\\\/\",\"name\":\"CLIENTES SATISFECHOS - Velomobile World\",\"isPartOf\":{\"@id\":\"https:\\\/\\\/www.velomobileworld.com\\\/nl\\\/#website\"},\"datePublished\":\"2025-03-07T10:14:47+00:00\",\"description\":\"\u00a1Los clientes satisfechos adoran sus velom\u00f3viles! Lee opiniones de usuarios de todo el mundo y descubre c\u00f3mo Velomobile World ofrece calidad, velocidad y alegr\u00eda d\u00eda a d\u00eda.\",\"breadcrumb\":{\"@id\":\"https:\\\/\\\/www.velomobileworld.com\\\/es\\\/clientes-satisfechos\\\/#breadcrumb\"},\"inLanguage\":\"es\",\"potentialAction\":[{\"@type\":\"ReadAction\",\"target\":[\"https:\\\/\\\/www.velomobileworld.com\\\/es\\\/clientes-satisfechos\\\/\"]}]},{\"@type\":\"BreadcrumbList\",\"@id\":\"https:\\\/\\\/www.velomobileworld.com\\\/es\\\/clientes-satisfechos\\\/#breadcrumb\",\"itemListElement\":[{\"@type\":\"ListItem\",\"position\":1,\"name\":\"Home\",\"item\":\"https:\\\/\\\/www.velomobileworld.com\\\/\"},{\"@type\":\"ListItem\",\"position\":2,\"name\":\"CLIENTES SATISFECHOS\"}]},{\"@type\":\"WebSite\",\"@id\":\"https:\\\/\\\/www.velomobileworld.com\\\/nl\\\/#website\",\"url\":\"https:\\\/\\\/www.velomobileworld.com\\\/nl\\\/\",\"name\":\"Velomobile World\",\"description\":\"\",\"potentialAction\":[{\"@type\":\"SearchAction\",\"target\":{\"@type\":\"EntryPoint\",\"urlTemplate\":\"https:\\\/\\\/www.velomobileworld.com\\\/nl\\\/?s={search_term_string}\"},\"query-input\":{\"@type\":\"PropertyValueSpecification\",\"valueRequired\":true,\"valueName\":\"search_term_string\"}}],\"inLanguage\":\"es\"}]}<\/script>\n<!-- \/ Yoast SEO plugin. -->","yoast_head_json":{"title":"CLIENTES SATISFECHOS - Velomobile World","description":"\u00a1Los clientes satisfechos adoran sus velom\u00f3viles! Lee opiniones de usuarios de todo el mundo y descubre c\u00f3mo Velomobile World ofrece calidad, velocidad y alegr\u00eda d\u00eda a d\u00eda.","robots":{"index":"index","follow":"follow","max-snippet":"max-snippet:-1","max-image-preview":"max-image-preview:large","max-video-preview":"max-video-preview:-1"},"canonical":"https:\/\/www.velomobileworld.com\/es\/clientes-satisfechos\/","og_locale":"es_ES","og_type":"article","og_title":"CLIENTES SATISFECHOS - Velomobile World","og_description":"\u00a1Los clientes satisfechos adoran sus velom\u00f3viles! Lee opiniones de usuarios de todo el mundo y descubre c\u00f3mo Velomobile World ofrece calidad, velocidad y alegr\u00eda d\u00eda a d\u00eda.","og_url":"https:\/\/www.velomobileworld.com\/es\/clientes-satisfechos\/","og_site_name":"Velomobile World","twitter_card":"summary_large_image","schema":{"@context":"https:\/\/schema.org","@graph":[{"@type":"WebPage","@id":"https:\/\/www.velomobileworld.com\/es\/clientes-satisfechos\/","url":"https:\/\/www.velomobileworld.com\/es\/clientes-satisfechos\/","name":"CLIENTES SATISFECHOS - Velomobile World","isPartOf":{"@id":"https:\/\/www.velomobileworld.com\/nl\/#website"},"datePublished":"2025-03-07T10:14:47+00:00","description":"\u00a1Los clientes satisfechos adoran sus velom\u00f3viles! Lee opiniones de usuarios de todo el mundo y descubre c\u00f3mo Velomobile World ofrece calidad, velocidad y alegr\u00eda d\u00eda a d\u00eda.","breadcrumb":{"@id":"https:\/\/www.velomobileworld.com\/es\/clientes-satisfechos\/#breadcrumb"},"inLanguage":"es","potentialAction":[{"@type":"ReadAction","target":["https:\/\/www.velomobileworld.com\/es\/clientes-satisfechos\/"]}]},{"@type":"BreadcrumbList","@id":"https:\/\/www.velomobileworld.com\/es\/clientes-satisfechos\/#breadcrumb","itemListElement":[{"@type":"ListItem","position":1,"name":"Home","item":"https:\/\/www.velomobileworld.com\/"},{"@type":"ListItem","position":2,"name":"CLIENTES SATISFECHOS"}]},{"@type":"WebSite","@id":"https:\/\/www.velomobileworld.com\/nl\/#website","url":"https:\/\/www.velomobileworld.com\/nl\/","name":"Velomobile World","description":"","potentialAction":[{"@type":"SearchAction","target":{"@type":"EntryPoint","urlTemplate":"https:\/\/www.velomobileworld.com\/nl\/?s={search_term_string}"},"query-input":{"@type":"PropertyValueSpecification","valueRequired":true,"valueName":"search_term_string"}}],"inLanguage":"es"}]}},"_links":{"self":[{"href":"https:\/\/www.velomobileworld.com\/es\/wp-json\/wp\/v2\/pages\/78729","targetHints":{"allow":["GET"]}}],"collection":[{"href":"https:\/\/www.velomobileworld.com\/es\/wp-json\/wp\/v2\/pages"}],"about":[{"href":"https:\/\/www.velomobileworld.com\/es\/wp-json\/wp\/v2\/types\/page"}],"author":[{"embeddable":true,"href":"https:\/\/www.velomobileworld.com\/es\/wp-json\/wp\/v2\/users\/5"}],"replies":[{"embeddable":true,"href":"https:\/\/www.velomobileworld.com\/es\/wp-json\/wp\/v2\/comments?post=78729"}],"version-history":[{"count":0,"href":"https:\/\/www.velomobileworld.com\/es\/wp-json\/wp\/v2\/pages\/78729\/revisions"}],"wp:attachment":[{"href":"https:\/\/www.velomobileworld.com\/es\/wp-json\/wp\/v2\/media?parent=78729"}],"curies":[{"name":"wp","href":"https:\/\/api.w.org\/{rel}","templated":true}]}}