{"id":116372,"date":"2026-01-22T09:34:38","date_gmt":"2026-01-22T08:34:38","guid":{"rendered":"https:\/\/www.velomobileworld.com\/?post_type=product&#038;p=116372"},"modified":"2026-03-30T08:04:41","modified_gmt":"2026-03-30T06:04:41","slug":"alpha-7-2-tanksteering-demonstration-model-2021","status":"publish","type":"product","link":"https:\/\/www.velomobileworld.com\/es\/product\/alpha-7-2-tanksteering-demonstration-model-2021\/","title":{"rendered":"Alpha 7.2 tanksteering \u2013 Demonstration Model (2021) &#8211; France"},"content":{"rendered":"<p><strong>Ce v\u00e9lomobile est propos\u00e9 par <a href=\"https:\/\/roulcouche.com\/\">CYCLES ROULCOUCHE<\/a>, notre revendeur officiel en France, situ\u00e9 Rue de la Gare \u00e0 Gu\u00e9rard. Pour toute information ou pour d\u00e9couvrir le mod\u00e8le, vous pouvez les contacter \u00e0\u00a0<a class=\"decorated-link cursor-pointer\" rel=\"noopener\" data-start=\"255\" data-end=\"274\">info@roulcouche.com<\/a>\u00a0ou par t\u00e9l\u00e9phone au +33 1 70 35 54 94.\u00a0 <\/strong><\/p>\n<h3><strong>Tarif\u00a0<span style=\"text-decoration: line-through;\">12000 \u20acttc<\/span>\u00a0-&gt;9500 \u20acttc<\/strong><\/h3>\n<p>Couleur bas de caisse : <strong>bleu <\/strong><\/p>\n<p>Couleur dessus, trappe p\u00e9dalier et trappe d\u00e9railleur : <strong>blanc\u00a0<\/strong><\/p>\n<p>Couleur enjoliveurs et entr\u00e9 d&#8217;air : <strong>carbone transparent <\/strong><\/p>\n<p><strong>\u00c9quipement<\/strong> :<\/p>\n<ul>\n<li>2 r\u00e9troviseurs Zefal<\/li>\n<li>Clignotants + klaxon + Phare B&amp;M IQ-X sur batteries<\/li>\n<li>Transmission 2&#215;11 vitesses Shimano Deore cassette 11\/36 plateaux 33-56<\/li>\n<li>Appui-t\u00eate<\/li>\n<li>Freins 90 mm<\/li>\n<li>Mousse Ventisit<\/li>\n<li>SANS TOIT<\/li>\n<\/ul>\n<h2><strong>Alpha 7 MK2 tank steering, 2021 demonstration model<\/strong><\/h2>\n<h3><strong>Price <span style=\"text-decoration: line-through;\">12000 \u20acincl VAT<\/span>-&gt;9500 \u20acinclVAT<\/strong><\/h3>\n<p data-start=\"167\" data-end=\"178\"><strong data-start=\"167\" data-end=\"178\">Colors:<\/strong><\/p>\n<ul data-start=\"179\" data-end=\"318\">\n<li data-start=\"179\" data-end=\"203\">\n<p data-start=\"181\" data-end=\"203\">Bottom: <strong data-start=\"193\" data-end=\"201\">blue<\/strong><\/p>\n<\/li>\n<li data-start=\"204\" data-end=\"264\">\n<p data-start=\"206\" data-end=\"264\">Top, front cover and derailleur hatch: <strong data-start=\"253\" data-end=\"262\">white<\/strong><\/p>\n<\/li>\n<li data-start=\"265\" data-end=\"318\">\n<p data-start=\"267\" data-end=\"318\">Wheel covers and air intake: <strong data-start=\"296\" data-end=\"318\">transparent carbon<\/strong><\/p>\n<\/li>\n<\/ul>\n<p data-start=\"320\" data-end=\"334\"><strong data-start=\"320\" data-end=\"334\">Equipment:<\/strong><\/p>\n<ul data-start=\"335\" data-end=\"558\">\n<li data-start=\"335\" data-end=\"354\">\n<p data-start=\"337\" data-end=\"354\">2 Zefal mirrors<\/p>\n<\/li>\n<li data-start=\"355\" data-end=\"417\">\n<p data-start=\"357\" data-end=\"417\">Turn signals + horn + B&amp;M IQ-X headlight (battery-powered)<\/p>\n<\/li>\n<li data-start=\"418\" data-end=\"491\">\n<p data-start=\"420\" data-end=\"491\">Shimano Deore 2&#215;11-speed drivetrain, cassette 11\/36, chainrings 33\u201356<\/p>\n<\/li>\n<li data-start=\"492\" data-end=\"504\">\n<p data-start=\"494\" data-end=\"504\">Headrest<\/p>\n<\/li>\n<li data-start=\"505\" data-end=\"521\">\n<p data-start=\"507\" data-end=\"521\">90 mm brakes<\/p>\n<\/li>\n<li data-start=\"522\" data-end=\"539\">\n<p data-start=\"524\" data-end=\"539\">Ventisit foam<\/p>\n<\/li>\n<li data-start=\"540\" data-end=\"558\">\n<p data-start=\"542\" data-end=\"558\">WITHOUT HOOD<\/p>\n<\/li>\n<\/ul>\n<p>&nbsp;<\/p>\n","protected":false},"excerpt":{"rendered":"<p data-start=\"52\" data-end=\"334\">This Velomobile is sold by <a href=\"https:\/\/roulcouche.com\/\">CYCLES ROULCOUCHE<\/a>, our Dealer in\u00a0<span id=\"street-address\">France, Rue de la Gare, Gu\u00e9rard \u2013 info@roulcouche.com, phone: +330170355494.<\/span><\/p>\n","protected":false},"featured_media":116373,"template":"","meta":{"_acf_changed":false},"product_brand":[],"product_cat":[600],"product_tag":[],"class_list":{"0":"post-116372","1":"product","2":"type-product","3":"status-publish","4":"has-post-thumbnail","6":"product_cat-preconfigured-in-stock","8":"first","9":"instock","10":"sale","11":"taxable","12":"shipping-taxable","13":"purchasable","14":"product-type-simple"},"composite_virtual":false,"composite_layout":"","composite_add_to_cart_form_location":"","composite_editable_in_cart":false,"composite_sold_individually_context":"","composite_shop_price_calc":"","composite_components":[],"composite_scenarios":[],"bundled_by":[],"bundle_stock_status":"instock","bundle_stock_quantity":null,"bundle_virtual":false,"bundle_layout":"","bundle_add_to_cart_form_location":"","bundle_editable_in_cart":false,"bundle_sold_individually_context":"","bundle_item_grouping":"","bundle_min_size":"","bundle_max_size":"","bundle_price":[],"bundled_items":[],"bundle_sell_ids":[],"acf":[],"yoast_head":"<!-- This site is optimized with the Yoast SEO plugin v27.5 - https:\/\/yoast.com\/product\/yoast-seo-wordpress\/ -->\n<title>Alpha 7.2 tanksteering \u2013 Demonstration Model (2021) - France - Velomobile World<\/title>\n<meta name=\"description\" content=\"In stock now, no waiting! The Bulk Distance carbon fiber bike, Kawasaki green color with top-tier comfort. Built for long-distance performance\" \/>\n<meta name=\"robots\" content=\"index, follow, max-snippet:-1, max-image-preview:large, max-video-preview:-1\" \/>\n<link rel=\"canonical\" href=\"https:\/\/www.velomobileworld.com\/product\/alpha-7-2-tanksteering-demonstration-model-2021\/\" \/>\n<meta property=\"og:locale\" content=\"es_ES\" \/>\n<meta property=\"og:type\" content=\"article\" \/>\n<meta property=\"og:title\" content=\"Alpha 7.2 tanksteering \u2013 Demonstration Model (2021) - France - Velomobile World\" \/>\n<meta property=\"og:description\" content=\"In stock now, no waiting! The Bulk Distance carbon fiber bike, Kawasaki green color with top-tier comfort. Built for long-distance performance\" \/>\n<meta property=\"og:url\" content=\"https:\/\/www.velomobileworld.com\/product\/alpha-7-2-tanksteering-demonstration-model-2021\/\" \/>\n<meta property=\"og:site_name\" content=\"Velomobile World\" \/>\n<meta property=\"article:modified_time\" content=\"2026-03-30T06:04:41+00:00\" \/>\n<meta property=\"og:image\" content=\"https:\/\/www.velomobileworld.com\/wp-content\/uploads\/2026\/01\/Alpha7Roulcouche1.jpg\" \/>\n\t<meta property=\"og:image:width\" content=\"2000\" \/>\n\t<meta property=\"og:image:height\" content=\"1420\" \/>\n\t<meta property=\"og:image:type\" content=\"image\/jpeg\" \/>\n<meta name=\"twitter:card\" content=\"summary_large_image\" \/>\n<meta name=\"twitter:label1\" content=\"Tiempo de lectura\" \/>\n\t<meta name=\"twitter:data1\" content=\"1 minuto\" \/>\n<script type=\"application\/ld+json\" class=\"yoast-schema-graph\">{\"@context\":\"https:\\\/\\\/schema.org\",\"@graph\":[{\"@type\":\"WebPage\",\"@id\":\"https:\\\/\\\/www.velomobileworld.com\\\/product\\\/alpha-7-2-tanksteering-demonstration-model-2021\\\/\",\"url\":\"https:\\\/\\\/www.velomobileworld.com\\\/product\\\/alpha-7-2-tanksteering-demonstration-model-2021\\\/\",\"name\":\"Alpha 7.2 tanksteering \u2013 Demonstration Model (2021) - France - Velomobile World\",\"isPartOf\":{\"@id\":\"https:\\\/\\\/www.velomobileworld.com\\\/nl\\\/#website\"},\"primaryImageOfPage\":{\"@id\":\"https:\\\/\\\/www.velomobileworld.com\\\/product\\\/alpha-7-2-tanksteering-demonstration-model-2021\\\/#primaryimage\"},\"image\":{\"@id\":\"https:\\\/\\\/www.velomobileworld.com\\\/product\\\/alpha-7-2-tanksteering-demonstration-model-2021\\\/#primaryimage\"},\"thumbnailUrl\":\"https:\\\/\\\/www.velomobileworld.com\\\/wp-content\\\/uploads\\\/2026\\\/01\\\/Alpha7Roulcouche1.jpg\",\"datePublished\":\"2026-01-22T08:34:38+00:00\",\"dateModified\":\"2026-03-30T06:04:41+00:00\",\"description\":\"In stock now, no waiting! The Bulk Distance carbon fiber bike, Kawasaki green color with top-tier comfort. Built for long-distance performance\",\"breadcrumb\":{\"@id\":\"https:\\\/\\\/www.velomobileworld.com\\\/product\\\/alpha-7-2-tanksteering-demonstration-model-2021\\\/#breadcrumb\"},\"inLanguage\":\"es\",\"potentialAction\":[{\"@type\":\"ReadAction\",\"target\":[\"https:\\\/\\\/www.velomobileworld.com\\\/product\\\/alpha-7-2-tanksteering-demonstration-model-2021\\\/\"]}]},{\"@type\":\"ImageObject\",\"inLanguage\":\"es\",\"@id\":\"https:\\\/\\\/www.velomobileworld.com\\\/product\\\/alpha-7-2-tanksteering-demonstration-model-2021\\\/#primaryimage\",\"url\":\"https:\\\/\\\/www.velomobileworld.com\\\/wp-content\\\/uploads\\\/2026\\\/01\\\/Alpha7Roulcouche1.jpg\",\"contentUrl\":\"https:\\\/\\\/www.velomobileworld.com\\\/wp-content\\\/uploads\\\/2026\\\/01\\\/Alpha7Roulcouche1.jpg\",\"width\":2000,\"height\":1420},{\"@type\":\"BreadcrumbList\",\"@id\":\"https:\\\/\\\/www.velomobileworld.com\\\/product\\\/alpha-7-2-tanksteering-demonstration-model-2021\\\/#breadcrumb\",\"itemListElement\":[{\"@type\":\"ListItem\",\"position\":1,\"name\":\"Home\",\"item\":\"https:\\\/\\\/www.velomobileworld.com\\\/\"},{\"@type\":\"ListItem\",\"position\":2,\"name\":\"Tienda\",\"item\":\"https:\\\/\\\/www.velomobileworld.com\\\/es\\\/tienda\\\/\"},{\"@type\":\"ListItem\",\"position\":3,\"name\":\"Alpha 7.2 tanksteering \u2013 Demonstration Model (2021) &#8211; France\"}]},{\"@type\":\"WebSite\",\"@id\":\"https:\\\/\\\/www.velomobileworld.com\\\/nl\\\/#website\",\"url\":\"https:\\\/\\\/www.velomobileworld.com\\\/nl\\\/\",\"name\":\"Velomobile World\",\"description\":\"\",\"potentialAction\":[{\"@type\":\"SearchAction\",\"target\":{\"@type\":\"EntryPoint\",\"urlTemplate\":\"https:\\\/\\\/www.velomobileworld.com\\\/nl\\\/?s={search_term_string}\"},\"query-input\":{\"@type\":\"PropertyValueSpecification\",\"valueRequired\":true,\"valueName\":\"search_term_string\"}}],\"inLanguage\":\"es\"}]}<\/script>\n<!-- \/ Yoast SEO plugin. -->","yoast_head_json":{"title":"Alpha 7.2 tanksteering \u2013 Demonstration Model (2021) - France - Velomobile World","description":"In stock now, no waiting! The Bulk Distance carbon fiber bike, Kawasaki green color with top-tier comfort. Built for long-distance performance","robots":{"index":"index","follow":"follow","max-snippet":"max-snippet:-1","max-image-preview":"max-image-preview:large","max-video-preview":"max-video-preview:-1"},"canonical":"https:\/\/www.velomobileworld.com\/product\/alpha-7-2-tanksteering-demonstration-model-2021\/","og_locale":"es_ES","og_type":"article","og_title":"Alpha 7.2 tanksteering \u2013 Demonstration Model (2021) - France - Velomobile World","og_description":"In stock now, no waiting! The Bulk Distance carbon fiber bike, Kawasaki green color with top-tier comfort. Built for long-distance performance","og_url":"https:\/\/www.velomobileworld.com\/product\/alpha-7-2-tanksteering-demonstration-model-2021\/","og_site_name":"Velomobile World","article_modified_time":"2026-03-30T06:04:41+00:00","og_image":[{"width":2000,"height":1420,"url":"https:\/\/www.velomobileworld.com\/wp-content\/uploads\/2026\/01\/Alpha7Roulcouche1.jpg","type":"image\/jpeg"}],"twitter_card":"summary_large_image","twitter_misc":{"Tiempo de lectura":"1 minuto"},"schema":{"@context":"https:\/\/schema.org","@graph":[{"@type":"WebPage","@id":"https:\/\/www.velomobileworld.com\/product\/alpha-7-2-tanksteering-demonstration-model-2021\/","url":"https:\/\/www.velomobileworld.com\/product\/alpha-7-2-tanksteering-demonstration-model-2021\/","name":"Alpha 7.2 tanksteering \u2013 Demonstration Model (2021) - France - Velomobile World","isPartOf":{"@id":"https:\/\/www.velomobileworld.com\/nl\/#website"},"primaryImageOfPage":{"@id":"https:\/\/www.velomobileworld.com\/product\/alpha-7-2-tanksteering-demonstration-model-2021\/#primaryimage"},"image":{"@id":"https:\/\/www.velomobileworld.com\/product\/alpha-7-2-tanksteering-demonstration-model-2021\/#primaryimage"},"thumbnailUrl":"https:\/\/www.velomobileworld.com\/wp-content\/uploads\/2026\/01\/Alpha7Roulcouche1.jpg","datePublished":"2026-01-22T08:34:38+00:00","dateModified":"2026-03-30T06:04:41+00:00","description":"In stock now, no waiting! The Bulk Distance carbon fiber bike, Kawasaki green color with top-tier comfort. Built for long-distance performance","breadcrumb":{"@id":"https:\/\/www.velomobileworld.com\/product\/alpha-7-2-tanksteering-demonstration-model-2021\/#breadcrumb"},"inLanguage":"es","potentialAction":[{"@type":"ReadAction","target":["https:\/\/www.velomobileworld.com\/product\/alpha-7-2-tanksteering-demonstration-model-2021\/"]}]},{"@type":"ImageObject","inLanguage":"es","@id":"https:\/\/www.velomobileworld.com\/product\/alpha-7-2-tanksteering-demonstration-model-2021\/#primaryimage","url":"https:\/\/www.velomobileworld.com\/wp-content\/uploads\/2026\/01\/Alpha7Roulcouche1.jpg","contentUrl":"https:\/\/www.velomobileworld.com\/wp-content\/uploads\/2026\/01\/Alpha7Roulcouche1.jpg","width":2000,"height":1420},{"@type":"BreadcrumbList","@id":"https:\/\/www.velomobileworld.com\/product\/alpha-7-2-tanksteering-demonstration-model-2021\/#breadcrumb","itemListElement":[{"@type":"ListItem","position":1,"name":"Home","item":"https:\/\/www.velomobileworld.com\/"},{"@type":"ListItem","position":2,"name":"Tienda","item":"https:\/\/www.velomobileworld.com\/es\/tienda\/"},{"@type":"ListItem","position":3,"name":"Alpha 7.2 tanksteering \u2013 Demonstration Model (2021) &#8211; France"}]},{"@type":"WebSite","@id":"https:\/\/www.velomobileworld.com\/nl\/#website","url":"https:\/\/www.velomobileworld.com\/nl\/","name":"Velomobile World","description":"","potentialAction":[{"@type":"SearchAction","target":{"@type":"EntryPoint","urlTemplate":"https:\/\/www.velomobileworld.com\/nl\/?s={search_term_string}"},"query-input":{"@type":"PropertyValueSpecification","valueRequired":true,"valueName":"search_term_string"}}],"inLanguage":"es"}]}},"jetpack_sharing_enabled":true,"_links":{"self":[{"href":"https:\/\/www.velomobileworld.com\/es\/wp-json\/wp\/v2\/product\/116372","targetHints":{"allow":["GET"]}}],"collection":[{"href":"https:\/\/www.velomobileworld.com\/es\/wp-json\/wp\/v2\/product"}],"about":[{"href":"https:\/\/www.velomobileworld.com\/es\/wp-json\/wp\/v2\/types\/product"}],"wp:featuredmedia":[{"embeddable":true,"href":"https:\/\/www.velomobileworld.com\/es\/wp-json\/wp\/v2\/media\/116373"}],"wp:attachment":[{"href":"https:\/\/www.velomobileworld.com\/es\/wp-json\/wp\/v2\/media?parent=116372"}],"wp:term":[{"taxonomy":"product_brand","embeddable":true,"href":"https:\/\/www.velomobileworld.com\/es\/wp-json\/wp\/v2\/product_brand?post=116372"},{"taxonomy":"product_cat","embeddable":true,"href":"https:\/\/www.velomobileworld.com\/es\/wp-json\/wp\/v2\/product_cat?post=116372"},{"taxonomy":"product_tag","embeddable":true,"href":"https:\/\/www.velomobileworld.com\/es\/wp-json\/wp\/v2\/product_tag?post=116372"}],"curies":[{"name":"wp","href":"https:\/\/api.w.org\/{rel}","templated":true}]}}