{"id":117323,"date":"2026-02-17T11:45:47","date_gmt":"2026-02-17T10:45:47","guid":{"rendered":"https:\/\/www.velomobileworld.com\/product\/bulk-race\/"},"modified":"2026-04-24T16:14:27","modified_gmt":"2026-04-24T14:14:27","slug":"bulk-race","status":"publish","type":"product","link":"https:\/\/www.velomobileworld.com\/es\/product\/bulk-race\/","title":{"rendered":"B\u00fclk Race"},"content":{"rendered":"<h2><strong>El B\u00fclk Race: Pura velocidad, perfeccionada a mano<\/strong><\/h2>\n<p>El <strong>B\u00fclk Race<\/strong> es el hermano de alto rendimiento de la familia B\u00fclk, orientado espec\u00edficamente a la competici\u00f3n: ligero, ultra-aerodin\u00e1mico y dise\u00f1ado para batir r\u00e9cords. Pensado para jornadas en pista y para los aut\u00e9nticos entusiastas de la velocidad, ofrece una agilidad y un rendimiento excepcionales en cada detalle.<\/p>\n<p><strong>Materiales:<\/strong><br \/>\nFibra de carbono con epoxi<br \/>\n<strong>Estatura del ciclista*:<\/strong><br \/>\n~158 cm a ~195 cm<br \/>\n<strong>Peso m\u00e1ximo del ciclista:<\/strong><br \/>\n120 kg<\/p>\n<p>Queremos dar las gracias de todo coraz\u00f3n a J\u00f6rg Basler por estas fotos tan incre\u00edbles. Para m\u00e1s detalles, puedes entrar en <a href=\"https:\/\/droplimits.com\/\">droplimits.com<\/a><\/p>\n<p>Precio base: <strong>9750 sin IVA<\/strong> &#8211; dise\u00f1a tu velom\u00f3vil perfecto para circuito.<\/p>\n","protected":false},"excerpt":{"rendered":"<p>El B\u00fclk Race es el velom\u00f3vil m\u00e1s ligero y r\u00e1pido de toda la gama B\u00fclk. Dise\u00f1ado con la competici\u00f3n en mente, ofrece la m\u00e1xima velocidad, rigidez y eficiencia aerodin\u00e1mica. Es una m\u00e1quina de batir r\u00e9cords, como ya demostr\u00f3 Stefan Hegger en Aldenhoven.<\/p>\n<p>Precio base: <strong>9750 sin IVA<\/strong> &#8211; dise\u00f1a tu velom\u00f3vil perfecto para circuito.<\/p>\n","protected":false},"featured_media":117760,"template":"","meta":{"_acf_changed":false},"product_brand":[],"product_cat":[907,910],"product_tag":[924,5443,923,929,5442],"class_list":{"0":"post-117323","1":"product","2":"type-product","3":"status-publish","4":"has-post-thumbnail","6":"product_cat-configure-your-velomobile-es","7":"product_cat-velomobile-es","8":"product_tag-comfortable-es","9":"product_tag-eficiente","10":"product_tag-fast-es","11":"product_tag-highline-es","12":"product_tag-modular","14":"first","15":"instock","16":"sold-individually","17":"taxable","18":"shipping-taxable","19":"purchasable","20":"product-type-composite"},"composite_virtual":false,"composite_layout":"paged","composite_add_to_cart_form_location":"default","composite_editable_in_cart":false,"composite_sold_individually_context":"product","composite_shop_price_calc":"defaults","composite_components":[{"id":"1671113348","title":"Colors","description":"","query_type":"product_ids","query_ids":[117454],"default_option_id":117454,"thumbnail_id":"","thumbnail_src":"","quantity_min":1,"quantity_max":1,"priced_individually":true,"shipped_individually":false,"optional":false,"discount":"","options_style":"dropdowns","pagination_style":"classic","display_prices":"absolute","show_sorting_options":false,"show_filtering_options":false,"attribute_filter_ids":[],"select_action":"view","product_title_visible":false,"product_descr_visible":false,"product_price_visible":false,"product_thumb_visible":true,"subtotal_visible_product":true,"subtotal_visible_cart":true,"subtotal_visible_orders":true},{"id":"1671116670","title":"Electra","description":"","query_type":"product_ids","query_ids":[117475],"default_option_id":117475,"thumbnail_id":"","thumbnail_src":"","quantity_min":1,"quantity_max":1,"priced_individually":true,"shipped_individually":false,"optional":false,"discount":"","options_style":"dropdowns","pagination_style":"classic","display_prices":"absolute","show_sorting_options":false,"show_filtering_options":false,"attribute_filter_ids":[],"select_action":"view","product_title_visible":false,"product_descr_visible":false,"product_price_visible":false,"product_thumb_visible":true,"subtotal_visible_product":true,"subtotal_visible_cart":true,"subtotal_visible_orders":true},{"id":"1671443596","title":"Gear Options","description":"","query_type":"product_ids","query_ids":[117377],"default_option_id":117377,"thumbnail_id":"","thumbnail_src":"","quantity_min":1,"quantity_max":1,"priced_individually":true,"shipped_individually":false,"optional":false,"discount":"","options_style":"dropdowns","pagination_style":"classic","display_prices":"absolute","show_sorting_options":false,"show_filtering_options":false,"attribute_filter_ids":[],"select_action":"view","product_title_visible":false,"product_descr_visible":false,"product_price_visible":false,"product_thumb_visible":true,"subtotal_visible_product":true,"subtotal_visible_cart":true,"subtotal_visible_orders":true},{"id":"1671450846","title":"Other Options","description":"","query_type":"product_ids","query_ids":[117482],"default_option_id":117482,"thumbnail_id":"","thumbnail_src":"","quantity_min":1,"quantity_max":1,"priced_individually":true,"shipped_individually":false,"optional":false,"discount":"","options_style":"dropdowns","pagination_style":"classic","display_prices":"absolute","show_sorting_options":false,"show_filtering_options":false,"attribute_filter_ids":[],"select_action":"view","product_title_visible":false,"product_descr_visible":false,"product_price_visible":false,"product_thumb_visible":true,"subtotal_visible_product":true,"subtotal_visible_cart":true,"subtotal_visible_orders":true},{"id":"1680784168","title":"Measurements","description":"","query_type":"product_ids","query_ids":[115435],"default_option_id":115435,"thumbnail_id":"","thumbnail_src":"","quantity_min":1,"quantity_max":1,"priced_individually":false,"shipped_individually":false,"optional":false,"discount":"","options_style":"dropdowns","pagination_style":"classic","display_prices":"absolute","show_sorting_options":false,"show_filtering_options":false,"attribute_filter_ids":[],"select_action":"view","product_title_visible":false,"product_descr_visible":true,"product_price_visible":false,"product_thumb_visible":true,"subtotal_visible_product":false,"subtotal_visible_cart":false,"subtotal_visible_orders":false}],"composite_scenarios":[],"bundled_by":[],"bundle_stock_status":"instock","bundle_stock_quantity":null,"bundle_virtual":false,"bundle_layout":"","bundle_add_to_cart_form_location":"","bundle_editable_in_cart":false,"bundle_sold_individually_context":"","bundle_item_grouping":"","bundle_min_size":"","bundle_max_size":"","bundle_price":[],"bundled_items":[],"bundle_sell_ids":[],"acf":[],"yoast_head":"<!-- This site is optimized with the Yoast SEO plugin v27.5 - https:\/\/yoast.com\/product\/yoast-seo-wordpress\/ -->\n<title>B\u00fclk Race - Velomobile World<\/title>\n<meta name=\"description\" content=\"El B\u00fclk Race est\u00e1 dise\u00f1ado para la competici\u00f3n y ha sido puesto a prueba en las carreras m\u00e1s exigentes. Con un rendimiento de r\u00e9cord en Aldenhoven, ha sido creado con un \u00fanico objetivo: la velocidad pura y la m\u00e1xima eficiencia aerodin\u00e1mica.\" \/>\n<meta name=\"robots\" content=\"index, follow, max-snippet:-1, max-image-preview:large, max-video-preview:-1\" \/>\n<link rel=\"canonical\" href=\"https:\/\/www.velomobileworld.com\/es\/product\/bulk-race\/\" \/>\n<meta property=\"og:locale\" content=\"es_ES\" \/>\n<meta property=\"og:type\" content=\"article\" \/>\n<meta property=\"og:title\" content=\"B\u00fclk Race - Velomobile World\" \/>\n<meta property=\"og:description\" content=\"El B\u00fclk Race est\u00e1 dise\u00f1ado para la competici\u00f3n y ha sido puesto a prueba en las carreras m\u00e1s exigentes. Con un rendimiento de r\u00e9cord en Aldenhoven, ha sido creado con un \u00fanico objetivo: la velocidad pura y la m\u00e1xima eficiencia aerodin\u00e1mica.\" \/>\n<meta property=\"og:url\" content=\"https:\/\/www.velomobileworld.com\/es\/product\/bulk-race\/\" \/>\n<meta property=\"og:site_name\" content=\"Velomobile World\" \/>\n<meta property=\"article:modified_time\" content=\"2026-04-24T14:14:27+00:00\" \/>\n<meta property=\"og:image\" content=\"https:\/\/www.velomobileworld.com\/wp-content\/uploads\/2026\/02\/2.png\" \/>\n\t<meta property=\"og:image:width\" content=\"1181\" \/>\n\t<meta property=\"og:image:height\" content=\"1181\" \/>\n\t<meta property=\"og:image:type\" content=\"image\/png\" \/>\n<meta name=\"twitter:card\" content=\"summary_large_image\" \/>\n<meta name=\"twitter:label1\" content=\"Tiempo de lectura\" \/>\n\t<meta name=\"twitter:data1\" content=\"5 minutos\" \/>\n<script type=\"application\/ld+json\" class=\"yoast-schema-graph\">{\"@context\":\"https:\\\/\\\/schema.org\",\"@graph\":[{\"@type\":\"WebPage\",\"@id\":\"https:\\\/\\\/www.velomobileworld.com\\\/es\\\/product\\\/bulk-race\\\/\",\"url\":\"https:\\\/\\\/www.velomobileworld.com\\\/es\\\/product\\\/bulk-race\\\/\",\"name\":\"B\u00fclk Race - Velomobile World\",\"isPartOf\":{\"@id\":\"https:\\\/\\\/www.velomobileworld.com\\\/nl\\\/#website\"},\"primaryImageOfPage\":{\"@id\":\"https:\\\/\\\/www.velomobileworld.com\\\/es\\\/product\\\/bulk-race\\\/#primaryimage\"},\"image\":{\"@id\":\"https:\\\/\\\/www.velomobileworld.com\\\/es\\\/product\\\/bulk-race\\\/#primaryimage\"},\"thumbnailUrl\":\"https:\\\/\\\/www.velomobileworld.com\\\/wp-content\\\/uploads\\\/2026\\\/02\\\/2.png\",\"datePublished\":\"2026-02-17T10:45:47+00:00\",\"dateModified\":\"2026-04-24T14:14:27+00:00\",\"description\":\"El B\u00fclk Race est\u00e1 dise\u00f1ado para la competici\u00f3n y ha sido puesto a prueba en las carreras m\u00e1s exigentes. Con un rendimiento de r\u00e9cord en Aldenhoven, ha sido creado con un \u00fanico objetivo: la velocidad pura y la m\u00e1xima eficiencia aerodin\u00e1mica.\",\"breadcrumb\":{\"@id\":\"https:\\\/\\\/www.velomobileworld.com\\\/es\\\/product\\\/bulk-race\\\/#breadcrumb\"},\"inLanguage\":\"es\",\"potentialAction\":[{\"@type\":\"ReadAction\",\"target\":[\"https:\\\/\\\/www.velomobileworld.com\\\/es\\\/product\\\/bulk-race\\\/\"]}]},{\"@type\":\"ImageObject\",\"inLanguage\":\"es\",\"@id\":\"https:\\\/\\\/www.velomobileworld.com\\\/es\\\/product\\\/bulk-race\\\/#primaryimage\",\"url\":\"https:\\\/\\\/www.velomobileworld.com\\\/wp-content\\\/uploads\\\/2026\\\/02\\\/2.png\",\"contentUrl\":\"https:\\\/\\\/www.velomobileworld.com\\\/wp-content\\\/uploads\\\/2026\\\/02\\\/2.png\",\"width\":1181,\"height\":1181},{\"@type\":\"BreadcrumbList\",\"@id\":\"https:\\\/\\\/www.velomobileworld.com\\\/es\\\/product\\\/bulk-race\\\/#breadcrumb\",\"itemListElement\":[{\"@type\":\"ListItem\",\"position\":1,\"name\":\"Home\",\"item\":\"https:\\\/\\\/www.velomobileworld.com\\\/\"},{\"@type\":\"ListItem\",\"position\":2,\"name\":\"Tienda\",\"item\":\"https:\\\/\\\/www.velomobileworld.com\\\/es\\\/tienda\\\/\"},{\"@type\":\"ListItem\",\"position\":3,\"name\":\"B\u00fclk Race\"}]},{\"@type\":\"WebSite\",\"@id\":\"https:\\\/\\\/www.velomobileworld.com\\\/nl\\\/#website\",\"url\":\"https:\\\/\\\/www.velomobileworld.com\\\/nl\\\/\",\"name\":\"Velomobile World\",\"description\":\"\",\"potentialAction\":[{\"@type\":\"SearchAction\",\"target\":{\"@type\":\"EntryPoint\",\"urlTemplate\":\"https:\\\/\\\/www.velomobileworld.com\\\/nl\\\/?s={search_term_string}\"},\"query-input\":{\"@type\":\"PropertyValueSpecification\",\"valueRequired\":true,\"valueName\":\"search_term_string\"}}],\"inLanguage\":\"es\"}]}<\/script>\n<!-- \/ Yoast SEO plugin. -->","yoast_head_json":{"title":"B\u00fclk Race - Velomobile World","description":"El B\u00fclk Race est\u00e1 dise\u00f1ado para la competici\u00f3n y ha sido puesto a prueba en las carreras m\u00e1s exigentes. Con un rendimiento de r\u00e9cord en Aldenhoven, ha sido creado con un \u00fanico objetivo: la velocidad pura y la m\u00e1xima eficiencia aerodin\u00e1mica.","robots":{"index":"index","follow":"follow","max-snippet":"max-snippet:-1","max-image-preview":"max-image-preview:large","max-video-preview":"max-video-preview:-1"},"canonical":"https:\/\/www.velomobileworld.com\/es\/product\/bulk-race\/","og_locale":"es_ES","og_type":"article","og_title":"B\u00fclk Race - Velomobile World","og_description":"El B\u00fclk Race est\u00e1 dise\u00f1ado para la competici\u00f3n y ha sido puesto a prueba en las carreras m\u00e1s exigentes. Con un rendimiento de r\u00e9cord en Aldenhoven, ha sido creado con un \u00fanico objetivo: la velocidad pura y la m\u00e1xima eficiencia aerodin\u00e1mica.","og_url":"https:\/\/www.velomobileworld.com\/es\/product\/bulk-race\/","og_site_name":"Velomobile World","article_modified_time":"2026-04-24T14:14:27+00:00","og_image":[{"width":1181,"height":1181,"url":"https:\/\/www.velomobileworld.com\/wp-content\/uploads\/2026\/02\/2.png","type":"image\/png"}],"twitter_card":"summary_large_image","twitter_misc":{"Tiempo de lectura":"5 minutos"},"schema":{"@context":"https:\/\/schema.org","@graph":[{"@type":"WebPage","@id":"https:\/\/www.velomobileworld.com\/es\/product\/bulk-race\/","url":"https:\/\/www.velomobileworld.com\/es\/product\/bulk-race\/","name":"B\u00fclk Race - Velomobile World","isPartOf":{"@id":"https:\/\/www.velomobileworld.com\/nl\/#website"},"primaryImageOfPage":{"@id":"https:\/\/www.velomobileworld.com\/es\/product\/bulk-race\/#primaryimage"},"image":{"@id":"https:\/\/www.velomobileworld.com\/es\/product\/bulk-race\/#primaryimage"},"thumbnailUrl":"https:\/\/www.velomobileworld.com\/wp-content\/uploads\/2026\/02\/2.png","datePublished":"2026-02-17T10:45:47+00:00","dateModified":"2026-04-24T14:14:27+00:00","description":"El B\u00fclk Race est\u00e1 dise\u00f1ado para la competici\u00f3n y ha sido puesto a prueba en las carreras m\u00e1s exigentes. Con un rendimiento de r\u00e9cord en Aldenhoven, ha sido creado con un \u00fanico objetivo: la velocidad pura y la m\u00e1xima eficiencia aerodin\u00e1mica.","breadcrumb":{"@id":"https:\/\/www.velomobileworld.com\/es\/product\/bulk-race\/#breadcrumb"},"inLanguage":"es","potentialAction":[{"@type":"ReadAction","target":["https:\/\/www.velomobileworld.com\/es\/product\/bulk-race\/"]}]},{"@type":"ImageObject","inLanguage":"es","@id":"https:\/\/www.velomobileworld.com\/es\/product\/bulk-race\/#primaryimage","url":"https:\/\/www.velomobileworld.com\/wp-content\/uploads\/2026\/02\/2.png","contentUrl":"https:\/\/www.velomobileworld.com\/wp-content\/uploads\/2026\/02\/2.png","width":1181,"height":1181},{"@type":"BreadcrumbList","@id":"https:\/\/www.velomobileworld.com\/es\/product\/bulk-race\/#breadcrumb","itemListElement":[{"@type":"ListItem","position":1,"name":"Home","item":"https:\/\/www.velomobileworld.com\/"},{"@type":"ListItem","position":2,"name":"Tienda","item":"https:\/\/www.velomobileworld.com\/es\/tienda\/"},{"@type":"ListItem","position":3,"name":"B\u00fclk Race"}]},{"@type":"WebSite","@id":"https:\/\/www.velomobileworld.com\/nl\/#website","url":"https:\/\/www.velomobileworld.com\/nl\/","name":"Velomobile World","description":"","potentialAction":[{"@type":"SearchAction","target":{"@type":"EntryPoint","urlTemplate":"https:\/\/www.velomobileworld.com\/nl\/?s={search_term_string}"},"query-input":{"@type":"PropertyValueSpecification","valueRequired":true,"valueName":"search_term_string"}}],"inLanguage":"es"}]}},"_links":{"self":[{"href":"https:\/\/www.velomobileworld.com\/es\/wp-json\/wp\/v2\/product\/117323","targetHints":{"allow":["GET"]}}],"collection":[{"href":"https:\/\/www.velomobileworld.com\/es\/wp-json\/wp\/v2\/product"}],"about":[{"href":"https:\/\/www.velomobileworld.com\/es\/wp-json\/wp\/v2\/types\/product"}],"wp:featuredmedia":[{"embeddable":true,"href":"https:\/\/www.velomobileworld.com\/es\/wp-json\/wp\/v2\/media\/117760"}],"wp:attachment":[{"href":"https:\/\/www.velomobileworld.com\/es\/wp-json\/wp\/v2\/media?parent=117323"}],"wp:term":[{"taxonomy":"product_brand","embeddable":true,"href":"https:\/\/www.velomobileworld.com\/es\/wp-json\/wp\/v2\/product_brand?post=117323"},{"taxonomy":"product_cat","embeddable":true,"href":"https:\/\/www.velomobileworld.com\/es\/wp-json\/wp\/v2\/product_cat?post=117323"},{"taxonomy":"product_tag","embeddable":true,"href":"https:\/\/www.velomobileworld.com\/es\/wp-json\/wp\/v2\/product_tag?post=117323"}],"curies":[{"name":"wp","href":"https:\/\/api.w.org\/{rel}","templated":true}]}}