{"id":118337,"date":"2025-10-09T10:50:19","date_gmt":"2025-10-09T08:50:19","guid":{"rendered":"https:\/\/www.velomobileworld.com\/product\/asiento-alpha\/"},"modified":"2025-10-09T10:50:19","modified_gmt":"2025-10-09T08:50:19","slug":"asiento-alpha","status":"publish","type":"product","link":"https:\/\/www.velomobileworld.com\/es\/product\/asiento-alpha\/","title":{"rendered":"Asiento Alpha"},"content":{"rendered":"<p data-path-to-node=\"0\"><b data-path-to-node=\"0\" data-index-in-node=\"0\">Asiento Alpha disponible para todos los modelos: M, L, XL, y el asiento Ergo en M, L, XL.<\/b><\/p>\n","protected":false},"excerpt":{"rendered":"<p>Este precio incluye los gastos de env\u00edo para los pa\u00edses de la UE.<br data-start=\"186\" data-end=\"189\" \/>Para otros pa\u00edses, recibir\u00e1s un correo electr\u00f3nico con los detalles si no logramos encontrar una opci\u00f3n de env\u00edo que se ajuste a este precio.<\/p>\n","protected":false},"featured_media":115657,"template":"","meta":{"_acf_changed":false},"product_brand":[],"product_cat":[1016,1017,1018],"product_tag":[1019],"class_list":{"0":"post-118337","1":"product","2":"type-product","3":"status-publish","4":"has-post-thumbnail","6":"product_cat-bulk-spare-parts-es","7":"product_cat-parts-es","8":"product_cat-spare-parts-others-es","9":"product_tag-bulk-models-es","11":"first","12":"instock","13":"taxable","14":"shipping-taxable","15":"purchasable","16":"product-type-simple"},"composite_virtual":false,"composite_layout":"","composite_add_to_cart_form_location":"","composite_editable_in_cart":false,"composite_sold_individually_context":"","composite_shop_price_calc":"","composite_components":[],"composite_scenarios":[],"bundled_by":[],"bundle_stock_status":"instock","bundle_stock_quantity":null,"bundle_virtual":false,"bundle_layout":"","bundle_add_to_cart_form_location":"","bundle_editable_in_cart":false,"bundle_sold_individually_context":"","bundle_item_grouping":"","bundle_min_size":"","bundle_max_size":"","bundle_price":[],"bundled_items":[],"bundle_sell_ids":[],"acf":[],"yoast_head":"<!-- This site is optimized with the Yoast SEO plugin v27.5 - https:\/\/yoast.com\/product\/yoast-seo-wordpress\/ -->\n<title>Asiento Alpha - Velomobile World<\/title>\n<meta name=\"description\" content=\"Elige tu asiento ideal: selecciona el que mejor se adapte a tu altura, estilo de conducci\u00f3n y modelo. Nuestros asientos Alpha est\u00e1n disponibles en M, L y XL, ofreciendo comodidad en todos los modelos. \u00bfPrefieres un soporte mejorado? Opta por el asiento Ergo, disponible en tallas M, L y XL, dise\u00f1ado para ofrecer una ergonom\u00eda extra y confort en trayectos largos.\" \/>\n<meta name=\"robots\" content=\"index, follow, max-snippet:-1, max-image-preview:large, max-video-preview:-1\" \/>\n<link rel=\"canonical\" href=\"https:\/\/www.velomobileworld.com\/product\/alpha-seat\/\" \/>\n<meta property=\"og:locale\" content=\"es_ES\" \/>\n<meta property=\"og:type\" content=\"article\" \/>\n<meta property=\"og:title\" content=\"Asiento Alpha - Velomobile World\" \/>\n<meta property=\"og:description\" content=\"Elige tu asiento ideal: selecciona el que mejor se adapte a tu altura, estilo de conducci\u00f3n y modelo. Nuestros asientos Alpha est\u00e1n disponibles en M, L y XL, ofreciendo comodidad en todos los modelos. \u00bfPrefieres un soporte mejorado? Opta por el asiento Ergo, disponible en tallas M, L y XL, dise\u00f1ado para ofrecer una ergonom\u00eda extra y confort en trayectos largos.\" \/>\n<meta property=\"og:url\" content=\"https:\/\/www.velomobileworld.com\/product\/alpha-seat\/\" \/>\n<meta property=\"og:site_name\" content=\"Velomobile World\" \/>\n<meta property=\"og:image\" content=\"https:\/\/www.velomobileworld.com\/wp-content\/uploads\/2025\/10\/Product-Promotion-Photo-Collage-Instagram-Post-1.png\" \/>\n\t<meta property=\"og:image:width\" content=\"1080\" \/>\n\t<meta property=\"og:image:height\" content=\"1080\" \/>\n\t<meta property=\"og:image:type\" content=\"image\/png\" \/>\n<meta name=\"twitter:card\" content=\"summary_large_image\" \/>\n<script type=\"application\/ld+json\" class=\"yoast-schema-graph\">{\"@context\":\"https:\\\/\\\/schema.org\",\"@graph\":[{\"@type\":\"WebPage\",\"@id\":\"https:\\\/\\\/www.velomobileworld.com\\\/product\\\/alpha-seat\\\/\",\"url\":\"https:\\\/\\\/www.velomobileworld.com\\\/product\\\/alpha-seat\\\/\",\"name\":\"Asiento Alpha - Velomobile World\",\"isPartOf\":{\"@id\":\"https:\\\/\\\/www.velomobileworld.com\\\/nl\\\/#website\"},\"primaryImageOfPage\":{\"@id\":\"https:\\\/\\\/www.velomobileworld.com\\\/product\\\/alpha-seat\\\/#primaryimage\"},\"image\":{\"@id\":\"https:\\\/\\\/www.velomobileworld.com\\\/product\\\/alpha-seat\\\/#primaryimage\"},\"thumbnailUrl\":\"https:\\\/\\\/www.velomobileworld.com\\\/wp-content\\\/uploads\\\/2025\\\/10\\\/Product-Promotion-Photo-Collage-Instagram-Post-1.png\",\"datePublished\":\"2025-10-09T08:50:19+00:00\",\"description\":\"Elige tu asiento ideal: selecciona el que mejor se adapte a tu altura, estilo de conducci\u00f3n y modelo. Nuestros asientos Alpha est\u00e1n disponibles en M, L y XL, ofreciendo comodidad en todos los modelos. \u00bfPrefieres un soporte mejorado? Opta por el asiento Ergo, disponible en tallas M, L y XL, dise\u00f1ado para ofrecer una ergonom\u00eda extra y confort en trayectos largos.\",\"breadcrumb\":{\"@id\":\"https:\\\/\\\/www.velomobileworld.com\\\/product\\\/alpha-seat\\\/#breadcrumb\"},\"inLanguage\":\"es\",\"potentialAction\":[{\"@type\":\"ReadAction\",\"target\":[\"https:\\\/\\\/www.velomobileworld.com\\\/product\\\/alpha-seat\\\/\"]}]},{\"@type\":\"ImageObject\",\"inLanguage\":\"es\",\"@id\":\"https:\\\/\\\/www.velomobileworld.com\\\/product\\\/alpha-seat\\\/#primaryimage\",\"url\":\"https:\\\/\\\/www.velomobileworld.com\\\/wp-content\\\/uploads\\\/2025\\\/10\\\/Product-Promotion-Photo-Collage-Instagram-Post-1.png\",\"contentUrl\":\"https:\\\/\\\/www.velomobileworld.com\\\/wp-content\\\/uploads\\\/2025\\\/10\\\/Product-Promotion-Photo-Collage-Instagram-Post-1.png\",\"width\":1080,\"height\":1080},{\"@type\":\"BreadcrumbList\",\"@id\":\"https:\\\/\\\/www.velomobileworld.com\\\/product\\\/alpha-seat\\\/#breadcrumb\",\"itemListElement\":[{\"@type\":\"ListItem\",\"position\":1,\"name\":\"Home\",\"item\":\"https:\\\/\\\/www.velomobileworld.com\\\/\"},{\"@type\":\"ListItem\",\"position\":2,\"name\":\"Tienda\",\"item\":\"https:\\\/\\\/www.velomobileworld.com\\\/es\\\/tienda\\\/\"},{\"@type\":\"ListItem\",\"position\":3,\"name\":\"Asiento Alpha\"}]},{\"@type\":\"WebSite\",\"@id\":\"https:\\\/\\\/www.velomobileworld.com\\\/nl\\\/#website\",\"url\":\"https:\\\/\\\/www.velomobileworld.com\\\/nl\\\/\",\"name\":\"Velomobile World\",\"description\":\"\",\"potentialAction\":[{\"@type\":\"SearchAction\",\"target\":{\"@type\":\"EntryPoint\",\"urlTemplate\":\"https:\\\/\\\/www.velomobileworld.com\\\/nl\\\/?s={search_term_string}\"},\"query-input\":{\"@type\":\"PropertyValueSpecification\",\"valueRequired\":true,\"valueName\":\"search_term_string\"}}],\"inLanguage\":\"es\"}]}<\/script>\n<!-- \/ Yoast SEO plugin. -->","yoast_head_json":{"title":"Asiento Alpha - Velomobile World","description":"Elige tu asiento ideal: selecciona el que mejor se adapte a tu altura, estilo de conducci\u00f3n y modelo. Nuestros asientos Alpha est\u00e1n disponibles en M, L y XL, ofreciendo comodidad en todos los modelos. \u00bfPrefieres un soporte mejorado? Opta por el asiento Ergo, disponible en tallas M, L y XL, dise\u00f1ado para ofrecer una ergonom\u00eda extra y confort en trayectos largos.","robots":{"index":"index","follow":"follow","max-snippet":"max-snippet:-1","max-image-preview":"max-image-preview:large","max-video-preview":"max-video-preview:-1"},"canonical":"https:\/\/www.velomobileworld.com\/product\/alpha-seat\/","og_locale":"es_ES","og_type":"article","og_title":"Asiento Alpha - Velomobile World","og_description":"Elige tu asiento ideal: selecciona el que mejor se adapte a tu altura, estilo de conducci\u00f3n y modelo. Nuestros asientos Alpha est\u00e1n disponibles en M, L y XL, ofreciendo comodidad en todos los modelos. \u00bfPrefieres un soporte mejorado? Opta por el asiento Ergo, disponible en tallas M, L y XL, dise\u00f1ado para ofrecer una ergonom\u00eda extra y confort en trayectos largos.","og_url":"https:\/\/www.velomobileworld.com\/product\/alpha-seat\/","og_site_name":"Velomobile World","og_image":[{"width":1080,"height":1080,"url":"https:\/\/www.velomobileworld.com\/wp-content\/uploads\/2025\/10\/Product-Promotion-Photo-Collage-Instagram-Post-1.png","type":"image\/png"}],"twitter_card":"summary_large_image","schema":{"@context":"https:\/\/schema.org","@graph":[{"@type":"WebPage","@id":"https:\/\/www.velomobileworld.com\/product\/alpha-seat\/","url":"https:\/\/www.velomobileworld.com\/product\/alpha-seat\/","name":"Asiento Alpha - Velomobile World","isPartOf":{"@id":"https:\/\/www.velomobileworld.com\/nl\/#website"},"primaryImageOfPage":{"@id":"https:\/\/www.velomobileworld.com\/product\/alpha-seat\/#primaryimage"},"image":{"@id":"https:\/\/www.velomobileworld.com\/product\/alpha-seat\/#primaryimage"},"thumbnailUrl":"https:\/\/www.velomobileworld.com\/wp-content\/uploads\/2025\/10\/Product-Promotion-Photo-Collage-Instagram-Post-1.png","datePublished":"2025-10-09T08:50:19+00:00","description":"Elige tu asiento ideal: selecciona el que mejor se adapte a tu altura, estilo de conducci\u00f3n y modelo. Nuestros asientos Alpha est\u00e1n disponibles en M, L y XL, ofreciendo comodidad en todos los modelos. \u00bfPrefieres un soporte mejorado? Opta por el asiento Ergo, disponible en tallas M, L y XL, dise\u00f1ado para ofrecer una ergonom\u00eda extra y confort en trayectos largos.","breadcrumb":{"@id":"https:\/\/www.velomobileworld.com\/product\/alpha-seat\/#breadcrumb"},"inLanguage":"es","potentialAction":[{"@type":"ReadAction","target":["https:\/\/www.velomobileworld.com\/product\/alpha-seat\/"]}]},{"@type":"ImageObject","inLanguage":"es","@id":"https:\/\/www.velomobileworld.com\/product\/alpha-seat\/#primaryimage","url":"https:\/\/www.velomobileworld.com\/wp-content\/uploads\/2025\/10\/Product-Promotion-Photo-Collage-Instagram-Post-1.png","contentUrl":"https:\/\/www.velomobileworld.com\/wp-content\/uploads\/2025\/10\/Product-Promotion-Photo-Collage-Instagram-Post-1.png","width":1080,"height":1080},{"@type":"BreadcrumbList","@id":"https:\/\/www.velomobileworld.com\/product\/alpha-seat\/#breadcrumb","itemListElement":[{"@type":"ListItem","position":1,"name":"Home","item":"https:\/\/www.velomobileworld.com\/"},{"@type":"ListItem","position":2,"name":"Tienda","item":"https:\/\/www.velomobileworld.com\/es\/tienda\/"},{"@type":"ListItem","position":3,"name":"Asiento Alpha"}]},{"@type":"WebSite","@id":"https:\/\/www.velomobileworld.com\/nl\/#website","url":"https:\/\/www.velomobileworld.com\/nl\/","name":"Velomobile World","description":"","potentialAction":[{"@type":"SearchAction","target":{"@type":"EntryPoint","urlTemplate":"https:\/\/www.velomobileworld.com\/nl\/?s={search_term_string}"},"query-input":{"@type":"PropertyValueSpecification","valueRequired":true,"valueName":"search_term_string"}}],"inLanguage":"es"}]}},"_links":{"self":[{"href":"https:\/\/www.velomobileworld.com\/es\/wp-json\/wp\/v2\/product\/118337","targetHints":{"allow":["GET"]}}],"collection":[{"href":"https:\/\/www.velomobileworld.com\/es\/wp-json\/wp\/v2\/product"}],"about":[{"href":"https:\/\/www.velomobileworld.com\/es\/wp-json\/wp\/v2\/types\/product"}],"wp:featuredmedia":[{"embeddable":true,"href":"https:\/\/www.velomobileworld.com\/es\/wp-json\/wp\/v2\/media\/115657"}],"wp:attachment":[{"href":"https:\/\/www.velomobileworld.com\/es\/wp-json\/wp\/v2\/media?parent=118337"}],"wp:term":[{"taxonomy":"product_brand","embeddable":true,"href":"https:\/\/www.velomobileworld.com\/es\/wp-json\/wp\/v2\/product_brand?post=118337"},{"taxonomy":"product_cat","embeddable":true,"href":"https:\/\/www.velomobileworld.com\/es\/wp-json\/wp\/v2\/product_cat?post=118337"},{"taxonomy":"product_tag","embeddable":true,"href":"https:\/\/www.velomobileworld.com\/es\/wp-json\/wp\/v2\/product_tag?post=118337"}],"curies":[{"name":"wp","href":"https:\/\/api.w.org\/{rel}","templated":true}]}}