{"id":118743,"date":"2025-07-21T06:24:55","date_gmt":"2025-07-21T04:24:55","guid":{"rendered":"https:\/\/www.velomobileworld.com\/product\/bulk-distance-in-germany\/"},"modified":"2025-07-21T06:24:55","modified_gmt":"2025-07-21T04:24:55","slug":"bulk-distance-in-germany","status":"publish","type":"product","link":"https:\/\/www.velomobileworld.com\/es\/product\/bulk-distance-in-germany\/","title":{"rendered":"B\u00fclk Distance in Germany"},"content":{"rendered":"<p>Aqu\u00ed tienes la traducci\u00f3n para este modelo especial en espa\u00f1ol, adaptada para que suene profesional y atractiva para coleccionistas o usuarios avanzados:<\/p>\n<p data-start=\"51\" data-end=\"168\">Ponemos a la venta un <strong data-start=\"75\" data-end=\"92\">B\u00fclk Distance<\/strong> \u00fanico en un color verde especial (N\u00famero de serie <strong data-start=\"133\" data-end=\"143\">BKD010<\/strong>), \u00a1un <strong data-start=\"146\" data-end=\"168\">VEH\u00cdCULO COMPLETAMENTE NUEVO!<\/strong><\/p>\n<p data-start=\"170\" data-end=\"183\"><strong data-start=\"170\" data-end=\"181\">Colores:<\/strong><\/p>\n<ul data-start=\"184\" data-end=\"294\">\n\u00a0\t<\/p>\n<li data-start=\"184\" data-end=\"240\">\n<p data-start=\"186\" data-end=\"240\">Parte superior, Hotspot, C\u00fapula Combo, Tapa frontal: blanco metalizado<\/p>\n<\/li>\n<p>\u00a0\t<\/p>\n<li data-start=\"241\" data-end=\"294\">\n<p data-start=\"243\" data-end=\"294\">Parte inferior, Tapacubos: verde Ford metalizado XSC 2737C<\/p>\n<\/li>\n<\/ul>\n<p data-start=\"296\" data-end=\"311\"><strong data-start=\"296\" data-end=\"309\">Caracter\u00edsticas:<\/strong><\/p>\n<ul data-start=\"312\" data-end=\"674\">\n\u00a0\t<\/p>\n<li data-start=\"312\" data-end=\"343\">\n<p data-start=\"314\" data-end=\"343\">Espejos: Izquierdo + Derecho Zefal<\/p>\n<\/li>\n<p>\u00a0\t<\/p>\n<li data-start=\"344\" data-end=\"403\">\n<p data-start=\"346\" data-end=\"403\">C\u00fapula: Tipo Combo con deflectores de rodilla medianos (talla M)<\/p>\n<\/li>\n<p>\u00a0\t<\/p>\n<li data-start=\"404\" data-end=\"420\">\n<p data-start=\"406\" data-end=\"420\">Frenos: 90 mm<\/p>\n<\/li>\n<p>\u00a0\t<\/p>\n<li data-start=\"421\" data-end=\"444\">\n<p data-start=\"423\" data-end=\"444\">Plato: 63T<\/p>\n<\/li>\n<p>\u00a0\t<\/p>\n<li data-start=\"445\" data-end=\"470\">\n<p data-start=\"447\" data-end=\"470\">Cassette: 11-52 Rotor<\/p>\n<\/li>\n<p>\u00a0\t<\/p>\n<li data-start=\"471\" data-end=\"494\">\n<p data-start=\"473\" data-end=\"494\">Longitud de bielas: 150 mm<\/p>\n<\/li>\n<p>\u00a0\t<\/p>\n<li data-start=\"495\" data-end=\"514\">\n<p data-start=\"497\" data-end=\"514\">Direcci\u00f3n tipo palanca (Tiller)<\/p>\n<\/li>\n<p>\u00a0\t<\/p>\n<li data-start=\"515\" data-end=\"614\">\n<p data-start=\"517\" data-end=\"614\">Iluminaci\u00f3n: Hotspot B&amp;M IQx, Faro delantero: Lupine SLX (con cable), Intermitentes, Luz de freno, Claxon<\/p>\n<\/li>\n<p>\u00a0\t<\/p>\n<li data-start=\"615\" data-end=\"630\">\n<p data-start=\"617\" data-end=\"630\">Veloc\u00edmetro<\/p>\n<\/li>\n<p>\u00a0\t<\/p>\n<li data-start=\"631\" data-end=\"659\">\n<p data-start=\"633\" data-end=\"659\">Compartimento de equipaje izquierdo<\/p>\n<\/li>\n<p>\u00a0\t<\/p>\n<li data-start=\"660\" data-end=\"674\">\n<p data-start=\"662\" data-end=\"674\">Asiento Ventisit<\/p>\n<p>Accesorios adicionales y c\u00fapulas disponibles con coste extra.<br data-start=\"832\" data-end=\"835\" \/>Por ejemplo, disponemos de una c\u00fapula combo en blanco metalizado.<\/li>\n<\/ul>\n","protected":false},"excerpt":{"rendered":"<p>Este velom\u00f3vil es vendido por Johann Hoy &#8211; Hovelo, nuestro distribuidor en <span id=\"street-address\">Werlbergerstr. 4, <\/span><span id=\"viewad-locality\">86551 Bayern &#8211; Aichach<\/span><\/p>\n","protected":false},"featured_media":99708,"template":"","meta":{"_acf_changed":false},"product_brand":[],"product_cat":[855],"product_tag":[],"class_list":{"0":"post-118743","1":"product","2":"type-product","3":"status-publish","4":"has-post-thumbnail","6":"product_cat-sin-categoria","8":"first","9":"instock","10":"sale","11":"taxable","12":"shipping-taxable","13":"purchasable","14":"product-type-simple"},"composite_virtual":false,"composite_layout":"","composite_add_to_cart_form_location":"","composite_editable_in_cart":false,"composite_sold_individually_context":"","composite_shop_price_calc":"","composite_components":[],"composite_scenarios":[],"bundled_by":[],"bundle_stock_status":"instock","bundle_stock_quantity":null,"bundle_virtual":false,"bundle_layout":"","bundle_add_to_cart_form_location":"","bundle_editable_in_cart":false,"bundle_sold_individually_context":"","bundle_item_grouping":"","bundle_min_size":"","bundle_max_size":"","bundle_price":[],"bundled_items":[],"bundle_sell_ids":[],"acf":[],"yoast_head":"<!-- This site is optimized with the Yoast SEO plugin v27.3 - https:\/\/yoast.com\/product\/yoast-seo-wordpress\/ -->\n<title>B\u00fclk Distance in Germany - Velomobile World<\/title>\n<meta name=\"description\" content=\"Velom\u00f3vil B\u00fclk Distance a estrenar en un exclusivo acabado verde metalizado (Serie BKD010) con equipamiento premium. Disponible ahora por 13.000 \u20ac, env\u00edo incluido.\" \/>\n<meta name=\"robots\" content=\"index, follow, max-snippet:-1, max-image-preview:large, max-video-preview:-1\" \/>\n<link rel=\"canonical\" href=\"https:\/\/www.velomobileworld.com\/product\/bulk-distance-in-germany\/\" \/>\n<meta property=\"og:locale\" content=\"es_ES\" \/>\n<meta property=\"og:type\" content=\"article\" \/>\n<meta property=\"og:title\" content=\"B\u00fclk Distance in Germany - Velomobile World\" \/>\n<meta property=\"og:description\" content=\"Velom\u00f3vil B\u00fclk Distance a estrenar en un exclusivo acabado verde metalizado (Serie BKD010) con equipamiento premium. Disponible ahora por 13.000 \u20ac, env\u00edo incluido.\" \/>\n<meta property=\"og:url\" content=\"https:\/\/www.velomobileworld.com\/product\/bulk-distance-in-germany\/\" \/>\n<meta property=\"og:site_name\" content=\"Velomobile World\" \/>\n<meta name=\"twitter:card\" content=\"summary_large_image\" \/>\n<meta name=\"twitter:label1\" content=\"Tiempo de lectura\" \/>\n\t<meta name=\"twitter:data1\" content=\"1 minuto\" \/>\n<script type=\"application\/ld+json\" class=\"yoast-schema-graph\">{\"@context\":\"https:\\\/\\\/schema.org\",\"@graph\":[{\"@type\":\"WebPage\",\"@id\":\"https:\\\/\\\/www.velomobileworld.com\\\/product\\\/bulk-distance-in-germany\\\/\",\"url\":\"https:\\\/\\\/www.velomobileworld.com\\\/product\\\/bulk-distance-in-germany\\\/\",\"name\":\"B\u00fclk Distance in Germany - Velomobile World\",\"isPartOf\":{\"@id\":\"https:\\\/\\\/www.velomobileworld.com\\\/nl\\\/#website\"},\"primaryImageOfPage\":{\"@id\":\"https:\\\/\\\/www.velomobileworld.com\\\/product\\\/bulk-distance-in-germany\\\/#primaryimage\"},\"image\":{\"@id\":\"https:\\\/\\\/www.velomobileworld.com\\\/product\\\/bulk-distance-in-germany\\\/#primaryimage\"},\"thumbnailUrl\":\"https:\\\/\\\/www.velomobileworld.com\\\/wp-content\\\/uploads\\\/2025\\\/07\\\/585bda31-6a2e-46ed-b654-eeb3b235a66e.avif\",\"datePublished\":\"2025-07-21T04:24:55+00:00\",\"description\":\"Velom\u00f3vil B\u00fclk Distance a estrenar en un exclusivo acabado verde metalizado (Serie BKD010) con equipamiento premium. Disponible ahora por 13.000 \u20ac, env\u00edo incluido.\",\"breadcrumb\":{\"@id\":\"https:\\\/\\\/www.velomobileworld.com\\\/product\\\/bulk-distance-in-germany\\\/#breadcrumb\"},\"inLanguage\":\"es\",\"potentialAction\":[{\"@type\":\"ReadAction\",\"target\":[\"https:\\\/\\\/www.velomobileworld.com\\\/product\\\/bulk-distance-in-germany\\\/\"]}]},{\"@type\":\"ImageObject\",\"inLanguage\":\"es\",\"@id\":\"https:\\\/\\\/www.velomobileworld.com\\\/product\\\/bulk-distance-in-germany\\\/#primaryimage\",\"url\":\"https:\\\/\\\/www.velomobileworld.com\\\/wp-content\\\/uploads\\\/2025\\\/07\\\/585bda31-6a2e-46ed-b654-eeb3b235a66e.avif\",\"contentUrl\":\"https:\\\/\\\/www.velomobileworld.com\\\/wp-content\\\/uploads\\\/2025\\\/07\\\/585bda31-6a2e-46ed-b654-eeb3b235a66e.avif\",\"width\":1600,\"height\":1200,\"caption\":\"Bulk Distance velomobile sold by Hovelo in Germany\"},{\"@type\":\"BreadcrumbList\",\"@id\":\"https:\\\/\\\/www.velomobileworld.com\\\/product\\\/bulk-distance-in-germany\\\/#breadcrumb\",\"itemListElement\":[{\"@type\":\"ListItem\",\"position\":1,\"name\":\"Home\",\"item\":\"https:\\\/\\\/www.velomobileworld.com\\\/\"},{\"@type\":\"ListItem\",\"position\":2,\"name\":\"Tienda\",\"item\":\"https:\\\/\\\/www.velomobileworld.com\\\/es\\\/tienda\\\/\"},{\"@type\":\"ListItem\",\"position\":3,\"name\":\"B\u00fclk Distance in Germany\"}]},{\"@type\":\"WebSite\",\"@id\":\"https:\\\/\\\/www.velomobileworld.com\\\/nl\\\/#website\",\"url\":\"https:\\\/\\\/www.velomobileworld.com\\\/nl\\\/\",\"name\":\"Velomobile World\",\"description\":\"\",\"potentialAction\":[{\"@type\":\"SearchAction\",\"target\":{\"@type\":\"EntryPoint\",\"urlTemplate\":\"https:\\\/\\\/www.velomobileworld.com\\\/nl\\\/?s={search_term_string}\"},\"query-input\":{\"@type\":\"PropertyValueSpecification\",\"valueRequired\":true,\"valueName\":\"search_term_string\"}}],\"inLanguage\":\"es\"}]}<\/script>\n<!-- \/ Yoast SEO plugin. -->","yoast_head_json":{"title":"B\u00fclk Distance in Germany - Velomobile World","description":"Velom\u00f3vil B\u00fclk Distance a estrenar en un exclusivo acabado verde metalizado (Serie BKD010) con equipamiento premium. Disponible ahora por 13.000 \u20ac, env\u00edo incluido.","robots":{"index":"index","follow":"follow","max-snippet":"max-snippet:-1","max-image-preview":"max-image-preview:large","max-video-preview":"max-video-preview:-1"},"canonical":"https:\/\/www.velomobileworld.com\/product\/bulk-distance-in-germany\/","og_locale":"es_ES","og_type":"article","og_title":"B\u00fclk Distance in Germany - Velomobile World","og_description":"Velom\u00f3vil B\u00fclk Distance a estrenar en un exclusivo acabado verde metalizado (Serie BKD010) con equipamiento premium. Disponible ahora por 13.000 \u20ac, env\u00edo incluido.","og_url":"https:\/\/www.velomobileworld.com\/product\/bulk-distance-in-germany\/","og_site_name":"Velomobile World","twitter_card":"summary_large_image","twitter_misc":{"Tiempo de lectura":"1 minuto"},"schema":{"@context":"https:\/\/schema.org","@graph":[{"@type":"WebPage","@id":"https:\/\/www.velomobileworld.com\/product\/bulk-distance-in-germany\/","url":"https:\/\/www.velomobileworld.com\/product\/bulk-distance-in-germany\/","name":"B\u00fclk Distance in Germany - Velomobile World","isPartOf":{"@id":"https:\/\/www.velomobileworld.com\/nl\/#website"},"primaryImageOfPage":{"@id":"https:\/\/www.velomobileworld.com\/product\/bulk-distance-in-germany\/#primaryimage"},"image":{"@id":"https:\/\/www.velomobileworld.com\/product\/bulk-distance-in-germany\/#primaryimage"},"thumbnailUrl":"https:\/\/www.velomobileworld.com\/wp-content\/uploads\/2025\/07\/585bda31-6a2e-46ed-b654-eeb3b235a66e.avif","datePublished":"2025-07-21T04:24:55+00:00","description":"Velom\u00f3vil B\u00fclk Distance a estrenar en un exclusivo acabado verde metalizado (Serie BKD010) con equipamiento premium. Disponible ahora por 13.000 \u20ac, env\u00edo incluido.","breadcrumb":{"@id":"https:\/\/www.velomobileworld.com\/product\/bulk-distance-in-germany\/#breadcrumb"},"inLanguage":"es","potentialAction":[{"@type":"ReadAction","target":["https:\/\/www.velomobileworld.com\/product\/bulk-distance-in-germany\/"]}]},{"@type":"ImageObject","inLanguage":"es","@id":"https:\/\/www.velomobileworld.com\/product\/bulk-distance-in-germany\/#primaryimage","url":"https:\/\/www.velomobileworld.com\/wp-content\/uploads\/2025\/07\/585bda31-6a2e-46ed-b654-eeb3b235a66e.avif","contentUrl":"https:\/\/www.velomobileworld.com\/wp-content\/uploads\/2025\/07\/585bda31-6a2e-46ed-b654-eeb3b235a66e.avif","width":1600,"height":1200,"caption":"Bulk Distance velomobile sold by Hovelo in Germany"},{"@type":"BreadcrumbList","@id":"https:\/\/www.velomobileworld.com\/product\/bulk-distance-in-germany\/#breadcrumb","itemListElement":[{"@type":"ListItem","position":1,"name":"Home","item":"https:\/\/www.velomobileworld.com\/"},{"@type":"ListItem","position":2,"name":"Tienda","item":"https:\/\/www.velomobileworld.com\/es\/tienda\/"},{"@type":"ListItem","position":3,"name":"B\u00fclk Distance in Germany"}]},{"@type":"WebSite","@id":"https:\/\/www.velomobileworld.com\/nl\/#website","url":"https:\/\/www.velomobileworld.com\/nl\/","name":"Velomobile World","description":"","potentialAction":[{"@type":"SearchAction","target":{"@type":"EntryPoint","urlTemplate":"https:\/\/www.velomobileworld.com\/nl\/?s={search_term_string}"},"query-input":{"@type":"PropertyValueSpecification","valueRequired":true,"valueName":"search_term_string"}}],"inLanguage":"es"}]}},"_links":{"self":[{"href":"https:\/\/www.velomobileworld.com\/es\/wp-json\/wp\/v2\/product\/118743","targetHints":{"allow":["GET"]}}],"collection":[{"href":"https:\/\/www.velomobileworld.com\/es\/wp-json\/wp\/v2\/product"}],"about":[{"href":"https:\/\/www.velomobileworld.com\/es\/wp-json\/wp\/v2\/types\/product"}],"wp:featuredmedia":[{"embeddable":true,"href":"https:\/\/www.velomobileworld.com\/es\/wp-json\/wp\/v2\/media\/99708"}],"wp:attachment":[{"href":"https:\/\/www.velomobileworld.com\/es\/wp-json\/wp\/v2\/media?parent=118743"}],"wp:term":[{"taxonomy":"product_brand","embeddable":true,"href":"https:\/\/www.velomobileworld.com\/es\/wp-json\/wp\/v2\/product_brand?post=118743"},{"taxonomy":"product_cat","embeddable":true,"href":"https:\/\/www.velomobileworld.com\/es\/wp-json\/wp\/v2\/product_cat?post=118743"},{"taxonomy":"product_tag","embeddable":true,"href":"https:\/\/www.velomobileworld.com\/es\/wp-json\/wp\/v2\/product_tag?post=118743"}],"curies":[{"name":"wp","href":"https:\/\/api.w.org\/{rel}","templated":true}]}}