{"id":97928,"date":"2025-03-17T08:52:18","date_gmt":"2025-03-17T07:52:18","guid":{"rendered":"https:\/\/www.velomobileworld.com\/?post_type=product&#038;p=97928"},"modified":"2026-02-13T11:37:21","modified_gmt":"2026-02-13T10:37:21","slug":"bulk-distance","status":"publish","type":"product","link":"https:\/\/www.velomobileworld.com\/es\/product\/bulk-distance\/","title":{"rendered":"B\u00fclk Distance"},"content":{"rendered":"<p data-start=\"51\" data-end=\"220\">B\u00fclk Distance es el velom\u00f3vil m\u00e1s r\u00e1pido de la serie B\u00fclk y combina una aerodin\u00e1mica sin compromisos con la idoneidad para el uso diario y la facilidad de mantenimiento.<\/p>\n<p data-start=\"222\" data-end=\"593\">El velom\u00f3vil B\u00fclk Distance es un veh\u00edculo impulsado por fuerza muscular para deportes, ocio y movilidad en general. Aunque t\u00e9cnicamente es una bicicleta, puede hacer mucho m\u00e1s: ofrece excelente protecci\u00f3n contra el clima, alto confort de conducci\u00f3n, gran seguridad y requiere considerablemente menos esfuerzo que una bicicleta de carrera para alcanzar la misma velocidad.<\/p>\n<p data-start=\"595\" data-end=\"828\">Despu\u00e9s de crear el excepcional B\u00fclk-MK1 en 2021, Eggert B\u00fclk y Jens Buckbesch desarrollaron su modelo hermano, el B\u00fclk Distance, con un dise\u00f1o aerodin\u00e1mico optimizado mediante simulaciones CFD por el Prof. Dr. h.c.-Ing. Eric Helter.<\/p>\n<p data-start=\"830\" data-end=\"984\">El B\u00fclk Distance se basa en el velom\u00f3vil r\u00e9cord B\u00fclk MK1 y representa un desarrollo adicional en t\u00e9rminos de aerodin\u00e1mica y adecuaci\u00f3n para el uso diario.<\/p>\n<p data-start=\"986\" data-end=\"1248\">Haz clic arriba en el bot\u00f3n \u201cDetalles sobre B\u00fclk Distance\u201d o AQU\u00cd para obtener m\u00e1s informaci\u00f3n sobre la eficiencia en viajes de larga distancia, aerodin\u00e1mica, compactibilidad y modularidad, estabilidad y din\u00e1mica de conducci\u00f3n, seguridad, especificaciones y m\u00e1s.<\/p>\n","protected":false},"excerpt":{"rendered":"<p>B\u00fclk Distance es el velom\u00f3vil m\u00e1s r\u00e1pido de la serie B\u00fclk y combina una aerodin\u00e1mica sin compromisos con la idoneidad para el uso diario y facilidad de mantenimiento. B\u00fclk Distance est\u00e1 basado en el velom\u00f3vil r\u00e9cord B\u00fclk MK1 y representa un desarrollo adicional en t\u00e9rminos de aerodin\u00e1mica y adecuaci\u00f3n para el uso diario.<\/p>\n","protected":false},"featured_media":80511,"template":"","meta":{"_acf_changed":false},"product_brand":[],"product_cat":[907,910],"product_tag":[924,5443,923,929,5442,5441],"class_list":{"0":"post-97928","1":"product","2":"type-product","3":"status-publish","4":"has-post-thumbnail","6":"product_cat-configure-your-velomobile-es","7":"product_cat-velomobile-es","8":"product_tag-comfortable-es","9":"product_tag-eficiente","10":"product_tag-fast-es","11":"product_tag-highline-es","12":"product_tag-modular","13":"product_tag-velomovil","15":"first","16":"instock","17":"sold-individually","18":"taxable","19":"shipping-taxable","20":"purchasable","21":"product-type-composite"},"composite_virtual":false,"composite_layout":"paged","composite_add_to_cart_form_location":"default","composite_editable_in_cart":false,"composite_sold_individually_context":"product","composite_shop_price_calc":"defaults","composite_components":[{"id":"1671113348","title":"Colors","description":"","query_type":"product_ids","query_ids":[115219],"default_option_id":115219,"thumbnail_id":"","thumbnail_src":"","quantity_min":1,"quantity_max":1,"priced_individually":true,"shipped_individually":false,"optional":false,"discount":"","options_style":"dropdowns","pagination_style":"classic","display_prices":"absolute","show_sorting_options":false,"show_filtering_options":false,"attribute_filter_ids":[],"select_action":"view","product_title_visible":false,"product_descr_visible":false,"product_price_visible":false,"product_thumb_visible":true,"subtotal_visible_product":true,"subtotal_visible_cart":true,"subtotal_visible_orders":true},{"id":"1671116670","title":"Electra","description":"","query_type":"product_ids","query_ids":[115421],"default_option_id":115421,"thumbnail_id":"","thumbnail_src":"","quantity_min":1,"quantity_max":1,"priced_individually":true,"shipped_individually":false,"optional":false,"discount":"","options_style":"dropdowns","pagination_style":"classic","display_prices":"absolute","show_sorting_options":false,"show_filtering_options":false,"attribute_filter_ids":[],"select_action":"view","product_title_visible":false,"product_descr_visible":false,"product_price_visible":false,"product_thumb_visible":true,"subtotal_visible_product":true,"subtotal_visible_cart":true,"subtotal_visible_orders":true},{"id":"1671443596","title":"Gear Options","description":"","query_type":"product_ids","query_ids":[115212],"default_option_id":115212,"thumbnail_id":"","thumbnail_src":"","quantity_min":1,"quantity_max":1,"priced_individually":true,"shipped_individually":false,"optional":false,"discount":"","options_style":"dropdowns","pagination_style":"classic","display_prices":"absolute","show_sorting_options":false,"show_filtering_options":false,"attribute_filter_ids":[],"select_action":"view","product_title_visible":false,"product_descr_visible":false,"product_price_visible":false,"product_thumb_visible":true,"subtotal_visible_product":true,"subtotal_visible_cart":true,"subtotal_visible_orders":true},{"id":"1671450846","title":"Other Options","description":"","query_type":"product_ids","query_ids":[115205],"default_option_id":115205,"thumbnail_id":"","thumbnail_src":"","quantity_min":1,"quantity_max":1,"priced_individually":true,"shipped_individually":false,"optional":false,"discount":"","options_style":"dropdowns","pagination_style":"classic","display_prices":"absolute","show_sorting_options":false,"show_filtering_options":false,"attribute_filter_ids":[],"select_action":"view","product_title_visible":false,"product_descr_visible":false,"product_price_visible":false,"product_thumb_visible":true,"subtotal_visible_product":true,"subtotal_visible_cart":true,"subtotal_visible_orders":true},{"id":"1680784168","title":"Measurements","description":"","query_type":"product_ids","query_ids":[115435],"default_option_id":115435,"thumbnail_id":"","thumbnail_src":"","quantity_min":1,"quantity_max":1,"priced_individually":false,"shipped_individually":false,"optional":false,"discount":"","options_style":"dropdowns","pagination_style":"classic","display_prices":"absolute","show_sorting_options":false,"show_filtering_options":false,"attribute_filter_ids":[],"select_action":"view","product_title_visible":false,"product_descr_visible":true,"product_price_visible":false,"product_thumb_visible":true,"subtotal_visible_product":false,"subtotal_visible_cart":false,"subtotal_visible_orders":false}],"composite_scenarios":[],"bundled_by":[],"bundle_stock_status":"instock","bundle_stock_quantity":null,"bundle_virtual":false,"bundle_layout":"","bundle_add_to_cart_form_location":"","bundle_editable_in_cart":false,"bundle_sold_individually_context":"","bundle_item_grouping":"","bundle_min_size":"","bundle_max_size":"","bundle_price":[],"bundled_items":[],"bundle_sell_ids":[],"acf":[],"yoast_head":"<!-- This site is optimized with the Yoast SEO plugin v27.3 - https:\/\/yoast.com\/product\/yoast-seo-wordpress\/ -->\n<title>B\u00fclk Distance - Velomobile World<\/title>\n<meta name=\"description\" content=\"Descubre el velom\u00f3vil m\u00e1s r\u00e1pido \u2013 B\u00fclk Distance. Andar en bicicleta nunca ha sido tan f\u00e1cil y c\u00f3modo para desplazamientos de larga distancia. \u00a1Haz tu pedido ahora!\" \/>\n<meta name=\"robots\" content=\"index, follow, max-snippet:-1, max-image-preview:large, max-video-preview:-1\" \/>\n<link rel=\"canonical\" href=\"https:\/\/www.velomobileworld.com\/product\/bulk-distance-2\/\" \/>\n<meta property=\"og:locale\" content=\"es_ES\" \/>\n<meta property=\"og:type\" content=\"article\" \/>\n<meta property=\"og:title\" content=\"B\u00fclk Distance - Velomobile World\" \/>\n<meta property=\"og:description\" content=\"Descubre el velom\u00f3vil m\u00e1s r\u00e1pido \u2013 B\u00fclk Distance. Andar en bicicleta nunca ha sido tan f\u00e1cil y c\u00f3modo para desplazamientos de larga distancia. \u00a1Haz tu pedido ahora!\" \/>\n<meta property=\"og:url\" content=\"https:\/\/www.velomobileworld.com\/product\/bulk-distance-2\/\" \/>\n<meta property=\"og:site_name\" content=\"Velomobile World\" \/>\n<meta property=\"article:modified_time\" content=\"2026-02-13T10:37:21+00:00\" \/>\n<meta property=\"og:image\" content=\"https:\/\/www.velomobileworld.com\/wp-content\/uploads\/2025\/03\/Untitled-design-1-2048x1717-1.webp\" \/>\n\t<meta property=\"og:image:width\" content=\"2048\" \/>\n\t<meta property=\"og:image:height\" content=\"1717\" \/>\n\t<meta property=\"og:image:type\" content=\"image\/webp\" \/>\n<meta name=\"twitter:card\" content=\"summary_large_image\" \/>\n<meta name=\"twitter:label1\" content=\"Tiempo de lectura\" \/>\n\t<meta name=\"twitter:data1\" content=\"6 minutos\" \/>\n<script type=\"application\/ld+json\" class=\"yoast-schema-graph\">{\"@context\":\"https:\\\/\\\/schema.org\",\"@graph\":[{\"@type\":\"WebPage\",\"@id\":\"https:\\\/\\\/www.velomobileworld.com\\\/product\\\/bulk-distance-2\\\/\",\"url\":\"https:\\\/\\\/www.velomobileworld.com\\\/product\\\/bulk-distance-2\\\/\",\"name\":\"B\u00fclk Distance - Velomobile World\",\"isPartOf\":{\"@id\":\"https:\\\/\\\/www.velomobileworld.com\\\/nl\\\/#website\"},\"primaryImageOfPage\":{\"@id\":\"https:\\\/\\\/www.velomobileworld.com\\\/product\\\/bulk-distance-2\\\/#primaryimage\"},\"image\":{\"@id\":\"https:\\\/\\\/www.velomobileworld.com\\\/product\\\/bulk-distance-2\\\/#primaryimage\"},\"thumbnailUrl\":\"https:\\\/\\\/www.velomobileworld.com\\\/wp-content\\\/uploads\\\/2025\\\/03\\\/Untitled-design-1-2048x1717-1.webp\",\"datePublished\":\"2025-03-17T07:52:18+00:00\",\"dateModified\":\"2026-02-13T10:37:21+00:00\",\"description\":\"Descubre el velom\u00f3vil m\u00e1s r\u00e1pido \u2013 B\u00fclk Distance. Andar en bicicleta nunca ha sido tan f\u00e1cil y c\u00f3modo para desplazamientos de larga distancia. \u00a1Haz tu pedido ahora!\",\"breadcrumb\":{\"@id\":\"https:\\\/\\\/www.velomobileworld.com\\\/product\\\/bulk-distance-2\\\/#breadcrumb\"},\"inLanguage\":\"es\",\"potentialAction\":[{\"@type\":\"ReadAction\",\"target\":[\"https:\\\/\\\/www.velomobileworld.com\\\/product\\\/bulk-distance-2\\\/\"]}]},{\"@type\":\"ImageObject\",\"inLanguage\":\"es\",\"@id\":\"https:\\\/\\\/www.velomobileworld.com\\\/product\\\/bulk-distance-2\\\/#primaryimage\",\"url\":\"https:\\\/\\\/www.velomobileworld.com\\\/wp-content\\\/uploads\\\/2025\\\/03\\\/Untitled-design-1-2048x1717-1.webp\",\"contentUrl\":\"https:\\\/\\\/www.velomobileworld.com\\\/wp-content\\\/uploads\\\/2025\\\/03\\\/Untitled-design-1-2048x1717-1.webp\",\"width\":2048,\"height\":1717},{\"@type\":\"BreadcrumbList\",\"@id\":\"https:\\\/\\\/www.velomobileworld.com\\\/product\\\/bulk-distance-2\\\/#breadcrumb\",\"itemListElement\":[{\"@type\":\"ListItem\",\"position\":1,\"name\":\"Home\",\"item\":\"https:\\\/\\\/www.velomobileworld.com\\\/\"},{\"@type\":\"ListItem\",\"position\":2,\"name\":\"Velomobiles\",\"item\":\"https:\\\/\\\/www.velomobileworld.com\\\/velomobiles\\\/\"},{\"@type\":\"ListItem\",\"position\":3,\"name\":\"B\u00fclk Distance\"}]},{\"@type\":\"WebSite\",\"@id\":\"https:\\\/\\\/www.velomobileworld.com\\\/nl\\\/#website\",\"url\":\"https:\\\/\\\/www.velomobileworld.com\\\/nl\\\/\",\"name\":\"Velomobile World\",\"description\":\"\",\"potentialAction\":[{\"@type\":\"SearchAction\",\"target\":{\"@type\":\"EntryPoint\",\"urlTemplate\":\"https:\\\/\\\/www.velomobileworld.com\\\/nl\\\/?s={search_term_string}\"},\"query-input\":{\"@type\":\"PropertyValueSpecification\",\"valueRequired\":true,\"valueName\":\"search_term_string\"}}],\"inLanguage\":\"es\"}]}<\/script>\n<!-- \/ Yoast SEO plugin. -->","yoast_head_json":{"title":"B\u00fclk Distance - Velomobile World","description":"Descubre el velom\u00f3vil m\u00e1s r\u00e1pido \u2013 B\u00fclk Distance. Andar en bicicleta nunca ha sido tan f\u00e1cil y c\u00f3modo para desplazamientos de larga distancia. \u00a1Haz tu pedido ahora!","robots":{"index":"index","follow":"follow","max-snippet":"max-snippet:-1","max-image-preview":"max-image-preview:large","max-video-preview":"max-video-preview:-1"},"canonical":"https:\/\/www.velomobileworld.com\/product\/bulk-distance-2\/","og_locale":"es_ES","og_type":"article","og_title":"B\u00fclk Distance - Velomobile World","og_description":"Descubre el velom\u00f3vil m\u00e1s r\u00e1pido \u2013 B\u00fclk Distance. Andar en bicicleta nunca ha sido tan f\u00e1cil y c\u00f3modo para desplazamientos de larga distancia. \u00a1Haz tu pedido ahora!","og_url":"https:\/\/www.velomobileworld.com\/product\/bulk-distance-2\/","og_site_name":"Velomobile World","article_modified_time":"2026-02-13T10:37:21+00:00","og_image":[{"width":2048,"height":1717,"url":"https:\/\/www.velomobileworld.com\/wp-content\/uploads\/2025\/03\/Untitled-design-1-2048x1717-1.webp","type":"image\/webp"}],"twitter_card":"summary_large_image","twitter_misc":{"Tiempo de lectura":"6 minutos"},"schema":{"@context":"https:\/\/schema.org","@graph":[{"@type":"WebPage","@id":"https:\/\/www.velomobileworld.com\/product\/bulk-distance-2\/","url":"https:\/\/www.velomobileworld.com\/product\/bulk-distance-2\/","name":"B\u00fclk Distance - Velomobile World","isPartOf":{"@id":"https:\/\/www.velomobileworld.com\/nl\/#website"},"primaryImageOfPage":{"@id":"https:\/\/www.velomobileworld.com\/product\/bulk-distance-2\/#primaryimage"},"image":{"@id":"https:\/\/www.velomobileworld.com\/product\/bulk-distance-2\/#primaryimage"},"thumbnailUrl":"https:\/\/www.velomobileworld.com\/wp-content\/uploads\/2025\/03\/Untitled-design-1-2048x1717-1.webp","datePublished":"2025-03-17T07:52:18+00:00","dateModified":"2026-02-13T10:37:21+00:00","description":"Descubre el velom\u00f3vil m\u00e1s r\u00e1pido \u2013 B\u00fclk Distance. Andar en bicicleta nunca ha sido tan f\u00e1cil y c\u00f3modo para desplazamientos de larga distancia. \u00a1Haz tu pedido ahora!","breadcrumb":{"@id":"https:\/\/www.velomobileworld.com\/product\/bulk-distance-2\/#breadcrumb"},"inLanguage":"es","potentialAction":[{"@type":"ReadAction","target":["https:\/\/www.velomobileworld.com\/product\/bulk-distance-2\/"]}]},{"@type":"ImageObject","inLanguage":"es","@id":"https:\/\/www.velomobileworld.com\/product\/bulk-distance-2\/#primaryimage","url":"https:\/\/www.velomobileworld.com\/wp-content\/uploads\/2025\/03\/Untitled-design-1-2048x1717-1.webp","contentUrl":"https:\/\/www.velomobileworld.com\/wp-content\/uploads\/2025\/03\/Untitled-design-1-2048x1717-1.webp","width":2048,"height":1717},{"@type":"BreadcrumbList","@id":"https:\/\/www.velomobileworld.com\/product\/bulk-distance-2\/#breadcrumb","itemListElement":[{"@type":"ListItem","position":1,"name":"Home","item":"https:\/\/www.velomobileworld.com\/"},{"@type":"ListItem","position":2,"name":"Velomobiles","item":"https:\/\/www.velomobileworld.com\/velomobiles\/"},{"@type":"ListItem","position":3,"name":"B\u00fclk Distance"}]},{"@type":"WebSite","@id":"https:\/\/www.velomobileworld.com\/nl\/#website","url":"https:\/\/www.velomobileworld.com\/nl\/","name":"Velomobile World","description":"","potentialAction":[{"@type":"SearchAction","target":{"@type":"EntryPoint","urlTemplate":"https:\/\/www.velomobileworld.com\/nl\/?s={search_term_string}"},"query-input":{"@type":"PropertyValueSpecification","valueRequired":true,"valueName":"search_term_string"}}],"inLanguage":"es"}]}},"_links":{"self":[{"href":"https:\/\/www.velomobileworld.com\/es\/wp-json\/wp\/v2\/product\/97928","targetHints":{"allow":["GET"]}}],"collection":[{"href":"https:\/\/www.velomobileworld.com\/es\/wp-json\/wp\/v2\/product"}],"about":[{"href":"https:\/\/www.velomobileworld.com\/es\/wp-json\/wp\/v2\/types\/product"}],"wp:featuredmedia":[{"embeddable":true,"href":"https:\/\/www.velomobileworld.com\/es\/wp-json\/wp\/v2\/media\/80511"}],"wp:attachment":[{"href":"https:\/\/www.velomobileworld.com\/es\/wp-json\/wp\/v2\/media?parent=97928"}],"wp:term":[{"taxonomy":"product_brand","embeddable":true,"href":"https:\/\/www.velomobileworld.com\/es\/wp-json\/wp\/v2\/product_brand?post=97928"},{"taxonomy":"product_cat","embeddable":true,"href":"https:\/\/www.velomobileworld.com\/es\/wp-json\/wp\/v2\/product_cat?post=97928"},{"taxonomy":"product_tag","embeddable":true,"href":"https:\/\/www.velomobileworld.com\/es\/wp-json\/wp\/v2\/product_tag?post=97928"}],"curies":[{"name":"wp","href":"https:\/\/api.w.org\/{rel}","templated":true}]}}