{"id":97959,"date":"2024-10-16T13:11:24","date_gmt":"2024-10-16T11:11:24","guid":{"rendered":"https:\/\/www.velomobileworld.com\/?post_type=product&#038;p=97959"},"modified":"2026-02-17T07:46:51","modified_gmt":"2026-02-17T06:46:51","slug":"alpha-w9","status":"publish","type":"product","link":"https:\/\/www.velomobileworld.com\/es\/product\/alpha-w9\/","title":{"rendered":"Alpha W9"},"content":{"rendered":"<p data-path-to-node=\"1\"><b data-path-to-node=\"1\" data-index-in-node=\"0\">Materiales:<\/b><br \/>\nFibra de carbono con resina epoxi<\/p>\n<p data-path-to-node=\"2\"><strong><i data-path-to-node=\"2\" data-index-in-node=\"0\">Altura del ciclista:<\/i><\/strong>*<br \/>\n~159 cm a ~180 cm<\/p>\n<p data-path-to-node=\"3\"><b data-path-to-node=\"3\" data-index-in-node=\"0\">Peso m\u00e1ximo del ciclista:<\/b><br \/>\n90 kg<\/p>\n<p data-path-to-node=\"4\">Experimenta una nueva dimensi\u00f3n del placer de conducir con el Alpha W9, la \u00faltima innovaci\u00f3n en transporte de propulsi\u00f3n humana. Con 2,60 m de largo y 80 cm de ancho, el W9 presenta una forma modificada que mantiene las ventajas de sus hermanos mayores, al tiempo que ofrece una estabilidad direccional mejorada y un perfil m\u00e1s aerodin\u00e1mico.<\/p>\n<p data-path-to-node=\"5\">El dise\u00f1o del W9 permite una posici\u00f3n de asiento m\u00e1s baja, lo que potencia la din\u00e1mica de conducci\u00f3n sin comprometer la comodidad. La parte delantera se ha ensanchado estrat\u00e9gicamente 1,5 cm donde m\u00e1s importa, aumentando el espacio para las bielas y logrando una eficiencia de pedaleo \u00f3ptima. A pesar de sus dimensiones compactas, el W9 acoge c\u00f3modamente a ciclistas de hasta 1,80 m de altura (o 1,90 m con bielas de 140 mm).<\/p>\n<p data-path-to-node=\"6\">Construido con genes de competici\u00f3n, el W9 cuenta con pasos de rueda cerrados, un sistema de transmisi\u00f3n r\u00edgido y espejos integrados de forma permanente que se alinean autom\u00e1ticamente a la perfecci\u00f3n, lo cual resulta especialmente atractivo al conducir sin capota. El velom\u00f3vil destaca tanto en escenarios de alto rendimiento como en el uso diario, con un amplio espacio de almacenamiento que incluye compartimentos laterales opcionales.<\/p>\n","protected":false},"excerpt":{"rendered":"<p>El Alpha W9 es un velom\u00f3vil elegante y veloz que combina una aerodin\u00e1mica superior con la practicidad para el uso diario. Este derivado estilizado de la serie Alpha 9 ofrece una excelente resistencia al viento, un manejo c\u00f3modo y una impresionante seguridad ante accidentes en un paquete compacto.<\/p>\n","protected":false},"featured_media":99531,"template":"","meta":{"_acf_changed":false},"product_brand":[],"product_cat":[907,910],"product_tag":[924,923,929],"class_list":{"0":"post-97959","1":"product","2":"type-product","3":"status-publish","4":"has-post-thumbnail","6":"product_cat-configure-your-velomobile-es","7":"product_cat-velomobile-es","8":"product_tag-comfortable-es","9":"product_tag-fast-es","10":"product_tag-highline-es","12":"first","13":"instock","14":"sold-individually","15":"taxable","16":"shipping-taxable","17":"purchasable","18":"product-type-composite"},"composite_virtual":false,"composite_layout":"paged","composite_add_to_cart_form_location":"default","composite_editable_in_cart":false,"composite_sold_individually_context":"product","composite_shop_price_calc":"defaults","composite_components":[{"id":"1682642339","title":"Colors","description":"","query_type":"product_ids","query_ids":[2779],"default_option_id":115365,"thumbnail_id":"","thumbnail_src":"","quantity_min":1,"quantity_max":1,"priced_individually":true,"shipped_individually":false,"optional":false,"discount":"","options_style":"dropdowns","pagination_style":"classic","display_prices":"absolute","show_sorting_options":false,"show_filtering_options":false,"attribute_filter_ids":[],"select_action":"view","product_title_visible":false,"product_descr_visible":false,"product_price_visible":false,"product_thumb_visible":true,"subtotal_visible_product":true,"subtotal_visible_cart":true,"subtotal_visible_orders":true},{"id":"1682642340","title":"Electra","description":"","query_type":"product_ids","query_ids":[2755],"default_option_id":115386,"thumbnail_id":"","thumbnail_src":"","quantity_min":1,"quantity_max":1,"priced_individually":true,"shipped_individually":false,"optional":false,"discount":"","options_style":"dropdowns","pagination_style":"classic","display_prices":"absolute","show_sorting_options":false,"show_filtering_options":false,"attribute_filter_ids":[],"select_action":"view","product_title_visible":false,"product_descr_visible":false,"product_price_visible":false,"product_thumb_visible":true,"subtotal_visible_product":true,"subtotal_visible_cart":true,"subtotal_visible_orders":true},{"id":"1682642341","title":"Gear Options","description":"","query_type":"product_ids","query_ids":[2757],"default_option_id":115393,"thumbnail_id":"","thumbnail_src":"","quantity_min":1,"quantity_max":1,"priced_individually":true,"shipped_individually":false,"optional":false,"discount":"","options_style":"dropdowns","pagination_style":"classic","display_prices":"absolute","show_sorting_options":false,"show_filtering_options":false,"attribute_filter_ids":[],"select_action":"view","product_title_visible":false,"product_descr_visible":false,"product_price_visible":false,"product_thumb_visible":true,"subtotal_visible_product":true,"subtotal_visible_cart":true,"subtotal_visible_orders":true},{"id":"1682642342","title":"Other Options","description":"","query_type":"product_ids","query_ids":[2780],"default_option_id":115372,"thumbnail_id":"","thumbnail_src":"","quantity_min":1,"quantity_max":1,"priced_individually":true,"shipped_individually":false,"optional":false,"discount":"","options_style":"dropdowns","pagination_style":"classic","display_prices":"absolute","show_sorting_options":false,"show_filtering_options":false,"attribute_filter_ids":[],"select_action":"view","product_title_visible":false,"product_descr_visible":false,"product_price_visible":false,"product_thumb_visible":true,"subtotal_visible_product":true,"subtotal_visible_cart":true,"subtotal_visible_orders":true},{"id":"1682642343","title":"Measurements","description":"","query_type":"product_ids","query_ids":[1877],"default_option_id":115435,"thumbnail_id":"","thumbnail_src":"","quantity_min":1,"quantity_max":1,"priced_individually":false,"shipped_individually":false,"optional":false,"discount":"","options_style":"dropdowns","pagination_style":"classic","display_prices":"absolute","show_sorting_options":false,"show_filtering_options":false,"attribute_filter_ids":[],"select_action":"view","product_title_visible":false,"product_descr_visible":true,"product_price_visible":false,"product_thumb_visible":true,"subtotal_visible_product":false,"subtotal_visible_cart":false,"subtotal_visible_orders":false}],"composite_scenarios":[],"bundled_by":[],"bundle_stock_status":"instock","bundle_stock_quantity":null,"bundle_virtual":false,"bundle_layout":"","bundle_add_to_cart_form_location":"","bundle_editable_in_cart":false,"bundle_sold_individually_context":"","bundle_item_grouping":"","bundle_min_size":"","bundle_max_size":"","bundle_price":[],"bundled_items":[],"bundle_sell_ids":[],"acf":[],"yoast_head":"<!-- This site is optimized with the Yoast SEO plugin v27.4 - https:\/\/yoast.com\/product\/yoast-seo-wordpress\/ -->\n<title>Alpha W9 - Velomobile World<\/title>\n<meta name=\"robots\" content=\"index, follow, max-snippet:-1, max-image-preview:large, max-video-preview:-1\" \/>\n<link rel=\"canonical\" href=\"https:\/\/www.velomobileworld.com\/es\/product\/alpha-w9\/\" \/>\n<meta property=\"og:locale\" content=\"es_ES\" \/>\n<meta property=\"og:type\" content=\"article\" \/>\n<meta property=\"og:title\" content=\"Alpha W9 - Velomobile World\" \/>\n<meta property=\"og:description\" content=\"El Alpha W9 es un velom\u00f3vil elegante y veloz que combina una aerodin\u00e1mica superior con la practicidad para el uso diario. Este derivado estilizado de la serie Alpha 9 ofrece una excelente resistencia al viento, un manejo c\u00f3modo y una impresionante seguridad ante accidentes en un paquete compacto.\" \/>\n<meta property=\"og:url\" content=\"https:\/\/www.velomobileworld.com\/es\/product\/alpha-w9\/\" \/>\n<meta property=\"og:site_name\" content=\"Velomobile World\" \/>\n<meta property=\"article:modified_time\" content=\"2026-02-17T06:46:51+00:00\" \/>\n<meta property=\"og:image\" content=\"https:\/\/www.velomobileworld.com\/wp-content\/uploads\/2024\/10\/Untitled-design.jpg\" \/>\n\t<meta property=\"og:image:width\" content=\"535\" \/>\n\t<meta property=\"og:image:height\" content=\"500\" \/>\n\t<meta property=\"og:image:type\" content=\"image\/jpeg\" \/>\n<meta name=\"twitter:card\" content=\"summary_large_image\" \/>\n<meta name=\"twitter:label1\" content=\"Tiempo de lectura\" \/>\n\t<meta name=\"twitter:data1\" content=\"2 minutos\" \/>\n<script type=\"application\/ld+json\" class=\"yoast-schema-graph\">{\"@context\":\"https:\\\/\\\/schema.org\",\"@graph\":[{\"@type\":\"WebPage\",\"@id\":\"https:\\\/\\\/www.velomobileworld.com\\\/es\\\/product\\\/alpha-w9\\\/\",\"url\":\"https:\\\/\\\/www.velomobileworld.com\\\/es\\\/product\\\/alpha-w9\\\/\",\"name\":\"Alpha W9 - Velomobile World\",\"isPartOf\":{\"@id\":\"https:\\\/\\\/www.velomobileworld.com\\\/nl\\\/#website\"},\"primaryImageOfPage\":{\"@id\":\"https:\\\/\\\/www.velomobileworld.com\\\/es\\\/product\\\/alpha-w9\\\/#primaryimage\"},\"image\":{\"@id\":\"https:\\\/\\\/www.velomobileworld.com\\\/es\\\/product\\\/alpha-w9\\\/#primaryimage\"},\"thumbnailUrl\":\"https:\\\/\\\/www.velomobileworld.com\\\/wp-content\\\/uploads\\\/2024\\\/10\\\/Untitled-design.jpg\",\"datePublished\":\"2024-10-16T11:11:24+00:00\",\"dateModified\":\"2026-02-17T06:46:51+00:00\",\"breadcrumb\":{\"@id\":\"https:\\\/\\\/www.velomobileworld.com\\\/es\\\/product\\\/alpha-w9\\\/#breadcrumb\"},\"inLanguage\":\"es\",\"potentialAction\":[{\"@type\":\"ReadAction\",\"target\":[\"https:\\\/\\\/www.velomobileworld.com\\\/es\\\/product\\\/alpha-w9\\\/\"]}]},{\"@type\":\"ImageObject\",\"inLanguage\":\"es\",\"@id\":\"https:\\\/\\\/www.velomobileworld.com\\\/es\\\/product\\\/alpha-w9\\\/#primaryimage\",\"url\":\"https:\\\/\\\/www.velomobileworld.com\\\/wp-content\\\/uploads\\\/2024\\\/10\\\/Untitled-design.jpg\",\"contentUrl\":\"https:\\\/\\\/www.velomobileworld.com\\\/wp-content\\\/uploads\\\/2024\\\/10\\\/Untitled-design.jpg\",\"width\":535,\"height\":500,\"caption\":\"Alpha W9 velomobile\"},{\"@type\":\"BreadcrumbList\",\"@id\":\"https:\\\/\\\/www.velomobileworld.com\\\/es\\\/product\\\/alpha-w9\\\/#breadcrumb\",\"itemListElement\":[{\"@type\":\"ListItem\",\"position\":1,\"name\":\"Home\",\"item\":\"https:\\\/\\\/www.velomobileworld.com\\\/\"},{\"@type\":\"ListItem\",\"position\":2,\"name\":\"Tienda\",\"item\":\"https:\\\/\\\/www.velomobileworld.com\\\/es\\\/tienda\\\/\"},{\"@type\":\"ListItem\",\"position\":3,\"name\":\"Alpha W9\"}]},{\"@type\":\"WebSite\",\"@id\":\"https:\\\/\\\/www.velomobileworld.com\\\/nl\\\/#website\",\"url\":\"https:\\\/\\\/www.velomobileworld.com\\\/nl\\\/\",\"name\":\"Velomobile World\",\"description\":\"\",\"potentialAction\":[{\"@type\":\"SearchAction\",\"target\":{\"@type\":\"EntryPoint\",\"urlTemplate\":\"https:\\\/\\\/www.velomobileworld.com\\\/nl\\\/?s={search_term_string}\"},\"query-input\":{\"@type\":\"PropertyValueSpecification\",\"valueRequired\":true,\"valueName\":\"search_term_string\"}}],\"inLanguage\":\"es\"}]}<\/script>\n<!-- \/ Yoast SEO plugin. -->","yoast_head_json":{"title":"Alpha W9 - Velomobile World","robots":{"index":"index","follow":"follow","max-snippet":"max-snippet:-1","max-image-preview":"max-image-preview:large","max-video-preview":"max-video-preview:-1"},"canonical":"https:\/\/www.velomobileworld.com\/es\/product\/alpha-w9\/","og_locale":"es_ES","og_type":"article","og_title":"Alpha W9 - Velomobile World","og_description":"El Alpha W9 es un velom\u00f3vil elegante y veloz que combina una aerodin\u00e1mica superior con la practicidad para el uso diario. Este derivado estilizado de la serie Alpha 9 ofrece una excelente resistencia al viento, un manejo c\u00f3modo y una impresionante seguridad ante accidentes en un paquete compacto.","og_url":"https:\/\/www.velomobileworld.com\/es\/product\/alpha-w9\/","og_site_name":"Velomobile World","article_modified_time":"2026-02-17T06:46:51+00:00","og_image":[{"width":535,"height":500,"url":"https:\/\/www.velomobileworld.com\/wp-content\/uploads\/2024\/10\/Untitled-design.jpg","type":"image\/jpeg"}],"twitter_card":"summary_large_image","twitter_misc":{"Tiempo de lectura":"2 minutos"},"schema":{"@context":"https:\/\/schema.org","@graph":[{"@type":"WebPage","@id":"https:\/\/www.velomobileworld.com\/es\/product\/alpha-w9\/","url":"https:\/\/www.velomobileworld.com\/es\/product\/alpha-w9\/","name":"Alpha W9 - Velomobile World","isPartOf":{"@id":"https:\/\/www.velomobileworld.com\/nl\/#website"},"primaryImageOfPage":{"@id":"https:\/\/www.velomobileworld.com\/es\/product\/alpha-w9\/#primaryimage"},"image":{"@id":"https:\/\/www.velomobileworld.com\/es\/product\/alpha-w9\/#primaryimage"},"thumbnailUrl":"https:\/\/www.velomobileworld.com\/wp-content\/uploads\/2024\/10\/Untitled-design.jpg","datePublished":"2024-10-16T11:11:24+00:00","dateModified":"2026-02-17T06:46:51+00:00","breadcrumb":{"@id":"https:\/\/www.velomobileworld.com\/es\/product\/alpha-w9\/#breadcrumb"},"inLanguage":"es","potentialAction":[{"@type":"ReadAction","target":["https:\/\/www.velomobileworld.com\/es\/product\/alpha-w9\/"]}]},{"@type":"ImageObject","inLanguage":"es","@id":"https:\/\/www.velomobileworld.com\/es\/product\/alpha-w9\/#primaryimage","url":"https:\/\/www.velomobileworld.com\/wp-content\/uploads\/2024\/10\/Untitled-design.jpg","contentUrl":"https:\/\/www.velomobileworld.com\/wp-content\/uploads\/2024\/10\/Untitled-design.jpg","width":535,"height":500,"caption":"Alpha W9 velomobile"},{"@type":"BreadcrumbList","@id":"https:\/\/www.velomobileworld.com\/es\/product\/alpha-w9\/#breadcrumb","itemListElement":[{"@type":"ListItem","position":1,"name":"Home","item":"https:\/\/www.velomobileworld.com\/"},{"@type":"ListItem","position":2,"name":"Tienda","item":"https:\/\/www.velomobileworld.com\/es\/tienda\/"},{"@type":"ListItem","position":3,"name":"Alpha W9"}]},{"@type":"WebSite","@id":"https:\/\/www.velomobileworld.com\/nl\/#website","url":"https:\/\/www.velomobileworld.com\/nl\/","name":"Velomobile World","description":"","potentialAction":[{"@type":"SearchAction","target":{"@type":"EntryPoint","urlTemplate":"https:\/\/www.velomobileworld.com\/nl\/?s={search_term_string}"},"query-input":{"@type":"PropertyValueSpecification","valueRequired":true,"valueName":"search_term_string"}}],"inLanguage":"es"}]}},"_links":{"self":[{"href":"https:\/\/www.velomobileworld.com\/es\/wp-json\/wp\/v2\/product\/97959","targetHints":{"allow":["GET"]}}],"collection":[{"href":"https:\/\/www.velomobileworld.com\/es\/wp-json\/wp\/v2\/product"}],"about":[{"href":"https:\/\/www.velomobileworld.com\/es\/wp-json\/wp\/v2\/types\/product"}],"wp:featuredmedia":[{"embeddable":true,"href":"https:\/\/www.velomobileworld.com\/es\/wp-json\/wp\/v2\/media\/99531"}],"wp:attachment":[{"href":"https:\/\/www.velomobileworld.com\/es\/wp-json\/wp\/v2\/media?parent=97959"}],"wp:term":[{"taxonomy":"product_brand","embeddable":true,"href":"https:\/\/www.velomobileworld.com\/es\/wp-json\/wp\/v2\/product_brand?post=97959"},{"taxonomy":"product_cat","embeddable":true,"href":"https:\/\/www.velomobileworld.com\/es\/wp-json\/wp\/v2\/product_cat?post=97959"},{"taxonomy":"product_tag","embeddable":true,"href":"https:\/\/www.velomobileworld.com\/es\/wp-json\/wp\/v2\/product_tag?post=97959"}],"curies":[{"name":"wp","href":"https:\/\/api.w.org\/{rel}","templated":true}]}}