{"id":76691,"date":"2024-09-26T12:23:30","date_gmt":"2024-09-26T10:23:30","guid":{"rendered":"https:\/\/velomobileworld.convident.dev\/a-propos-de-nous\/"},"modified":"2024-09-26T12:23:30","modified_gmt":"2024-09-26T10:23:30","slug":"a-propos-de-nous","status":"publish","type":"page","link":"https:\/\/www.velomobileworld.com\/fr\/a-propos-de-nous\/","title":{"rendered":"\u00c0 propos de nous"},"content":{"rendered":"","protected":false},"excerpt":{"rendered":"","protected":false},"author":1,"featured_media":73938,"parent":0,"menu_order":0,"comment_status":"closed","ping_status":"closed","template":"","meta":{"_acf_changed":false},"class_list":["post-76691","page","type-page","status-publish","has-post-thumbnail","hentry"],"acf":[],"yoast_head":"<!-- This site is optimized with the Yoast SEO plugin v27.3 - https:\/\/yoast.com\/product\/yoast-seo-wordpress\/ -->\n<title>\u00c0 propos de nous - Velomobile World<\/title>\n<meta name=\"description\" content=\"D\u00e9couvrez le parcours de Velomobile World, de la d\u00e9couverte de la passion de Jan en 1997 \u00e0 la cr\u00e9ation d&#039;une entreprise mondiale. D\u00e9couvrez comment notre philosophie &quot;Ensemble pour la Perfection&quot; nous pousse \u00e0 livrer des v\u00e9lomobiles exceptionnels dans le monde entier.\" \/>\n<meta name=\"robots\" content=\"index, follow, max-snippet:-1, max-image-preview:large, max-video-preview:-1\" \/>\n<link rel=\"canonical\" href=\"https:\/\/www.velomobileworld.com\/fr\/a-propos-de-nous\/\" \/>\n<meta property=\"og:locale\" content=\"fr_FR\" \/>\n<meta property=\"og:type\" content=\"article\" \/>\n<meta property=\"og:title\" content=\"\u00c0 propos de nous - Velomobile World\" \/>\n<meta property=\"og:description\" content=\"D\u00e9couvrez le parcours de Velomobile World, de la d\u00e9couverte de la passion de Jan en 1997 \u00e0 la cr\u00e9ation d&#039;une entreprise mondiale. D\u00e9couvrez comment notre philosophie &quot;Ensemble pour la Perfection&quot; nous pousse \u00e0 livrer des v\u00e9lomobiles exceptionnels dans le monde entier.\" \/>\n<meta property=\"og:url\" content=\"https:\/\/www.velomobileworld.com\/fr\/a-propos-de-nous\/\" \/>\n<meta property=\"og:site_name\" content=\"Velomobile World\" \/>\n<meta property=\"og:image\" content=\"https:\/\/www.velomobileworld.com\/wp-content\/uploads\/2025\/03\/about-us-velomobile-world-team.webp\" \/>\n\t<meta property=\"og:image:width\" content=\"900\" \/>\n\t<meta property=\"og:image:height\" content=\"600\" \/>\n\t<meta property=\"og:image:type\" content=\"image\/webp\" \/>\n<meta name=\"twitter:card\" content=\"summary_large_image\" \/>\n<script type=\"application\/ld+json\" class=\"yoast-schema-graph\">{\"@context\":\"https:\\\/\\\/schema.org\",\"@graph\":[{\"@type\":\"WebPage\",\"@id\":\"https:\\\/\\\/www.velomobileworld.com\\\/fr\\\/a-propos-de-nous\\\/\",\"url\":\"https:\\\/\\\/www.velomobileworld.com\\\/fr\\\/a-propos-de-nous\\\/\",\"name\":\"\u00c0 propos de nous - Velomobile World\",\"isPartOf\":{\"@id\":\"https:\\\/\\\/www.velomobileworld.com\\\/nl\\\/#website\"},\"primaryImageOfPage\":{\"@id\":\"https:\\\/\\\/www.velomobileworld.com\\\/fr\\\/a-propos-de-nous\\\/#primaryimage\"},\"image\":{\"@id\":\"https:\\\/\\\/www.velomobileworld.com\\\/fr\\\/a-propos-de-nous\\\/#primaryimage\"},\"thumbnailUrl\":\"https:\\\/\\\/www.velomobileworld.com\\\/wp-content\\\/uploads\\\/2025\\\/03\\\/about-us-velomobile-world-team.webp\",\"datePublished\":\"2024-09-26T10:23:30+00:00\",\"description\":\"D\u00e9couvrez le parcours de Velomobile World, de la d\u00e9couverte de la passion de Jan en 1997 \u00e0 la cr\u00e9ation d'une entreprise mondiale. D\u00e9couvrez comment notre philosophie \\\"Ensemble pour la Perfection\\\" nous pousse \u00e0 livrer des v\u00e9lomobiles exceptionnels dans le monde entier.\",\"breadcrumb\":{\"@id\":\"https:\\\/\\\/www.velomobileworld.com\\\/fr\\\/a-propos-de-nous\\\/#breadcrumb\"},\"inLanguage\":\"fr-FR\",\"potentialAction\":[{\"@type\":\"ReadAction\",\"target\":[\"https:\\\/\\\/www.velomobileworld.com\\\/fr\\\/a-propos-de-nous\\\/\"]}]},{\"@type\":\"ImageObject\",\"inLanguage\":\"fr-FR\",\"@id\":\"https:\\\/\\\/www.velomobileworld.com\\\/fr\\\/a-propos-de-nous\\\/#primaryimage\",\"url\":\"https:\\\/\\\/www.velomobileworld.com\\\/wp-content\\\/uploads\\\/2025\\\/03\\\/about-us-velomobile-world-team.webp\",\"contentUrl\":\"https:\\\/\\\/www.velomobileworld.com\\\/wp-content\\\/uploads\\\/2025\\\/03\\\/about-us-velomobile-world-team.webp\",\"width\":900,\"height\":600,\"caption\":\"The velomobile world team in front of the factory\"},{\"@type\":\"BreadcrumbList\",\"@id\":\"https:\\\/\\\/www.velomobileworld.com\\\/fr\\\/a-propos-de-nous\\\/#breadcrumb\",\"itemListElement\":[{\"@type\":\"ListItem\",\"position\":1,\"name\":\"Home\",\"item\":\"https:\\\/\\\/www.velomobileworld.com\\\/fr\\\/\"},{\"@type\":\"ListItem\",\"position\":2,\"name\":\"\u00c0 propos de nous\"}]},{\"@type\":\"WebSite\",\"@id\":\"https:\\\/\\\/www.velomobileworld.com\\\/nl\\\/#website\",\"url\":\"https:\\\/\\\/www.velomobileworld.com\\\/nl\\\/\",\"name\":\"Velomobile World\",\"description\":\"\",\"potentialAction\":[{\"@type\":\"SearchAction\",\"target\":{\"@type\":\"EntryPoint\",\"urlTemplate\":\"https:\\\/\\\/www.velomobileworld.com\\\/nl\\\/?s={search_term_string}\"},\"query-input\":{\"@type\":\"PropertyValueSpecification\",\"valueRequired\":true,\"valueName\":\"search_term_string\"}}],\"inLanguage\":\"fr-FR\"}]}<\/script>\n<!-- \/ Yoast SEO plugin. -->","yoast_head_json":{"title":"\u00c0 propos de nous - Velomobile World","description":"D\u00e9couvrez le parcours de Velomobile World, de la d\u00e9couverte de la passion de Jan en 1997 \u00e0 la cr\u00e9ation d'une entreprise mondiale. D\u00e9couvrez comment notre philosophie \"Ensemble pour la Perfection\" nous pousse \u00e0 livrer des v\u00e9lomobiles exceptionnels dans le monde entier.","robots":{"index":"index","follow":"follow","max-snippet":"max-snippet:-1","max-image-preview":"max-image-preview:large","max-video-preview":"max-video-preview:-1"},"canonical":"https:\/\/www.velomobileworld.com\/fr\/a-propos-de-nous\/","og_locale":"fr_FR","og_type":"article","og_title":"\u00c0 propos de nous - Velomobile World","og_description":"D\u00e9couvrez le parcours de Velomobile World, de la d\u00e9couverte de la passion de Jan en 1997 \u00e0 la cr\u00e9ation d'une entreprise mondiale. D\u00e9couvrez comment notre philosophie \"Ensemble pour la Perfection\" nous pousse \u00e0 livrer des v\u00e9lomobiles exceptionnels dans le monde entier.","og_url":"https:\/\/www.velomobileworld.com\/fr\/a-propos-de-nous\/","og_site_name":"Velomobile World","og_image":[{"width":900,"height":600,"url":"https:\/\/www.velomobileworld.com\/wp-content\/uploads\/2025\/03\/about-us-velomobile-world-team.webp","type":"image\/webp"}],"twitter_card":"summary_large_image","schema":{"@context":"https:\/\/schema.org","@graph":[{"@type":"WebPage","@id":"https:\/\/www.velomobileworld.com\/fr\/a-propos-de-nous\/","url":"https:\/\/www.velomobileworld.com\/fr\/a-propos-de-nous\/","name":"\u00c0 propos de nous - Velomobile World","isPartOf":{"@id":"https:\/\/www.velomobileworld.com\/nl\/#website"},"primaryImageOfPage":{"@id":"https:\/\/www.velomobileworld.com\/fr\/a-propos-de-nous\/#primaryimage"},"image":{"@id":"https:\/\/www.velomobileworld.com\/fr\/a-propos-de-nous\/#primaryimage"},"thumbnailUrl":"https:\/\/www.velomobileworld.com\/wp-content\/uploads\/2025\/03\/about-us-velomobile-world-team.webp","datePublished":"2024-09-26T10:23:30+00:00","description":"D\u00e9couvrez le parcours de Velomobile World, de la d\u00e9couverte de la passion de Jan en 1997 \u00e0 la cr\u00e9ation d'une entreprise mondiale. D\u00e9couvrez comment notre philosophie \"Ensemble pour la Perfection\" nous pousse \u00e0 livrer des v\u00e9lomobiles exceptionnels dans le monde entier.","breadcrumb":{"@id":"https:\/\/www.velomobileworld.com\/fr\/a-propos-de-nous\/#breadcrumb"},"inLanguage":"fr-FR","potentialAction":[{"@type":"ReadAction","target":["https:\/\/www.velomobileworld.com\/fr\/a-propos-de-nous\/"]}]},{"@type":"ImageObject","inLanguage":"fr-FR","@id":"https:\/\/www.velomobileworld.com\/fr\/a-propos-de-nous\/#primaryimage","url":"https:\/\/www.velomobileworld.com\/wp-content\/uploads\/2025\/03\/about-us-velomobile-world-team.webp","contentUrl":"https:\/\/www.velomobileworld.com\/wp-content\/uploads\/2025\/03\/about-us-velomobile-world-team.webp","width":900,"height":600,"caption":"The velomobile world team in front of the factory"},{"@type":"BreadcrumbList","@id":"https:\/\/www.velomobileworld.com\/fr\/a-propos-de-nous\/#breadcrumb","itemListElement":[{"@type":"ListItem","position":1,"name":"Home","item":"https:\/\/www.velomobileworld.com\/fr\/"},{"@type":"ListItem","position":2,"name":"\u00c0 propos de nous"}]},{"@type":"WebSite","@id":"https:\/\/www.velomobileworld.com\/nl\/#website","url":"https:\/\/www.velomobileworld.com\/nl\/","name":"Velomobile World","description":"","potentialAction":[{"@type":"SearchAction","target":{"@type":"EntryPoint","urlTemplate":"https:\/\/www.velomobileworld.com\/nl\/?s={search_term_string}"},"query-input":{"@type":"PropertyValueSpecification","valueRequired":true,"valueName":"search_term_string"}}],"inLanguage":"fr-FR"}]}},"_links":{"self":[{"href":"https:\/\/www.velomobileworld.com\/fr\/wp-json\/wp\/v2\/pages\/76691","targetHints":{"allow":["GET"]}}],"collection":[{"href":"https:\/\/www.velomobileworld.com\/fr\/wp-json\/wp\/v2\/pages"}],"about":[{"href":"https:\/\/www.velomobileworld.com\/fr\/wp-json\/wp\/v2\/types\/page"}],"author":[{"embeddable":true,"href":"https:\/\/www.velomobileworld.com\/fr\/wp-json\/wp\/v2\/users\/1"}],"replies":[{"embeddable":true,"href":"https:\/\/www.velomobileworld.com\/fr\/wp-json\/wp\/v2\/comments?post=76691"}],"version-history":[{"count":0,"href":"https:\/\/www.velomobileworld.com\/fr\/wp-json\/wp\/v2\/pages\/76691\/revisions"}],"wp:featuredmedia":[{"embeddable":true,"href":"https:\/\/www.velomobileworld.com\/fr\/wp-json\/wp\/v2\/media\/73938"}],"wp:attachment":[{"href":"https:\/\/www.velomobileworld.com\/fr\/wp-json\/wp\/v2\/media?parent=76691"}],"curies":[{"name":"wp","href":"https:\/\/api.w.org\/{rel}","templated":true}]}}