{"id":98013,"date":"2025-03-06T08:37:19","date_gmt":"2025-03-06T07:37:19","guid":{"rendered":"https:\/\/www.velomobileworld.com\/cookies\/"},"modified":"2025-03-06T08:37:19","modified_gmt":"2025-03-06T07:37:19","slug":"cookies","status":"publish","type":"page","link":"https:\/\/www.velomobileworld.com\/fr\/cookies\/","title":{"rendered":"Cookies"},"content":{"rendered":"","protected":false},"excerpt":{"rendered":"","protected":false},"author":5,"featured_media":0,"parent":0,"menu_order":0,"comment_status":"closed","ping_status":"closed","template":"","meta":{"_acf_changed":false},"class_list":["post-98013","page","type-page","status-publish","hentry"],"acf":[],"yoast_head":"<!-- This site is optimized with the Yoast SEO plugin v27.5 - https:\/\/yoast.com\/product\/yoast-seo-wordpress\/ -->\n<title>Cookies - Velomobile World<\/title>\n<meta name=\"description\" content=\"D\u00e9couvrez comment VelomobileWorld utilise les cookies pour am\u00e9liorer votre exp\u00e9rience de navigation, analyser les performances du site et fournir un contenu personnalis\u00e9. G\u00e9rez vos pr\u00e9f\u00e9rences en mati\u00e8re de cookies \u00e0 tout moment pour pr\u00e9server votre vie priv\u00e9e et personnaliser votre navigation.\" \/>\n<meta name=\"robots\" content=\"index, follow, max-snippet:-1, max-image-preview:large, max-video-preview:-1\" \/>\n<link rel=\"canonical\" href=\"https:\/\/www.velomobileworld.com\/cookies\/\" \/>\n<meta property=\"og:locale\" content=\"fr_FR\" \/>\n<meta property=\"og:type\" content=\"article\" \/>\n<meta property=\"og:title\" content=\"Cookies - Velomobile World\" \/>\n<meta property=\"og:description\" content=\"D\u00e9couvrez comment VelomobileWorld utilise les cookies pour am\u00e9liorer votre exp\u00e9rience de navigation, analyser les performances du site et fournir un contenu personnalis\u00e9. G\u00e9rez vos pr\u00e9f\u00e9rences en mati\u00e8re de cookies \u00e0 tout moment pour pr\u00e9server votre vie priv\u00e9e et personnaliser votre navigation.\" \/>\n<meta property=\"og:url\" content=\"https:\/\/www.velomobileworld.com\/cookies\/\" \/>\n<meta property=\"og:site_name\" content=\"Velomobile World\" \/>\n<meta name=\"twitter:card\" content=\"summary_large_image\" \/>\n<script type=\"application\/ld+json\" class=\"yoast-schema-graph\">{\"@context\":\"https:\\\/\\\/schema.org\",\"@graph\":[{\"@type\":\"WebPage\",\"@id\":\"https:\\\/\\\/www.velomobileworld.com\\\/cookies\\\/\",\"url\":\"https:\\\/\\\/www.velomobileworld.com\\\/cookies\\\/\",\"name\":\"Cookies - Velomobile World\",\"isPartOf\":{\"@id\":\"https:\\\/\\\/www.velomobileworld.com\\\/nl\\\/#website\"},\"datePublished\":\"2025-03-06T07:37:19+00:00\",\"description\":\"D\u00e9couvrez comment VelomobileWorld utilise les cookies pour am\u00e9liorer votre exp\u00e9rience de navigation, analyser les performances du site et fournir un contenu personnalis\u00e9. G\u00e9rez vos pr\u00e9f\u00e9rences en mati\u00e8re de cookies \u00e0 tout moment pour pr\u00e9server votre vie priv\u00e9e et personnaliser votre navigation.\",\"breadcrumb\":{\"@id\":\"https:\\\/\\\/www.velomobileworld.com\\\/cookies\\\/#breadcrumb\"},\"inLanguage\":\"fr-FR\",\"potentialAction\":[{\"@type\":\"ReadAction\",\"target\":[\"https:\\\/\\\/www.velomobileworld.com\\\/cookies\\\/\"]}]},{\"@type\":\"BreadcrumbList\",\"@id\":\"https:\\\/\\\/www.velomobileworld.com\\\/cookies\\\/#breadcrumb\",\"itemListElement\":[{\"@type\":\"ListItem\",\"position\":1,\"name\":\"Home\",\"item\":\"https:\\\/\\\/www.velomobileworld.com\\\/fr\\\/\"},{\"@type\":\"ListItem\",\"position\":2,\"name\":\"Cookies\"}]},{\"@type\":\"WebSite\",\"@id\":\"https:\\\/\\\/www.velomobileworld.com\\\/nl\\\/#website\",\"url\":\"https:\\\/\\\/www.velomobileworld.com\\\/nl\\\/\",\"name\":\"Velomobile World\",\"description\":\"\",\"potentialAction\":[{\"@type\":\"SearchAction\",\"target\":{\"@type\":\"EntryPoint\",\"urlTemplate\":\"https:\\\/\\\/www.velomobileworld.com\\\/nl\\\/?s={search_term_string}\"},\"query-input\":{\"@type\":\"PropertyValueSpecification\",\"valueRequired\":true,\"valueName\":\"search_term_string\"}}],\"inLanguage\":\"fr-FR\"}]}<\/script>\n<!-- \/ Yoast SEO plugin. -->","yoast_head_json":{"title":"Cookies - Velomobile World","description":"D\u00e9couvrez comment VelomobileWorld utilise les cookies pour am\u00e9liorer votre exp\u00e9rience de navigation, analyser les performances du site et fournir un contenu personnalis\u00e9. G\u00e9rez vos pr\u00e9f\u00e9rences en mati\u00e8re de cookies \u00e0 tout moment pour pr\u00e9server votre vie priv\u00e9e et personnaliser votre navigation.","robots":{"index":"index","follow":"follow","max-snippet":"max-snippet:-1","max-image-preview":"max-image-preview:large","max-video-preview":"max-video-preview:-1"},"canonical":"https:\/\/www.velomobileworld.com\/cookies\/","og_locale":"fr_FR","og_type":"article","og_title":"Cookies - Velomobile World","og_description":"D\u00e9couvrez comment VelomobileWorld utilise les cookies pour am\u00e9liorer votre exp\u00e9rience de navigation, analyser les performances du site et fournir un contenu personnalis\u00e9. G\u00e9rez vos pr\u00e9f\u00e9rences en mati\u00e8re de cookies \u00e0 tout moment pour pr\u00e9server votre vie priv\u00e9e et personnaliser votre navigation.","og_url":"https:\/\/www.velomobileworld.com\/cookies\/","og_site_name":"Velomobile World","twitter_card":"summary_large_image","schema":{"@context":"https:\/\/schema.org","@graph":[{"@type":"WebPage","@id":"https:\/\/www.velomobileworld.com\/cookies\/","url":"https:\/\/www.velomobileworld.com\/cookies\/","name":"Cookies - Velomobile World","isPartOf":{"@id":"https:\/\/www.velomobileworld.com\/nl\/#website"},"datePublished":"2025-03-06T07:37:19+00:00","description":"D\u00e9couvrez comment VelomobileWorld utilise les cookies pour am\u00e9liorer votre exp\u00e9rience de navigation, analyser les performances du site et fournir un contenu personnalis\u00e9. G\u00e9rez vos pr\u00e9f\u00e9rences en mati\u00e8re de cookies \u00e0 tout moment pour pr\u00e9server votre vie priv\u00e9e et personnaliser votre navigation.","breadcrumb":{"@id":"https:\/\/www.velomobileworld.com\/cookies\/#breadcrumb"},"inLanguage":"fr-FR","potentialAction":[{"@type":"ReadAction","target":["https:\/\/www.velomobileworld.com\/cookies\/"]}]},{"@type":"BreadcrumbList","@id":"https:\/\/www.velomobileworld.com\/cookies\/#breadcrumb","itemListElement":[{"@type":"ListItem","position":1,"name":"Home","item":"https:\/\/www.velomobileworld.com\/fr\/"},{"@type":"ListItem","position":2,"name":"Cookies"}]},{"@type":"WebSite","@id":"https:\/\/www.velomobileworld.com\/nl\/#website","url":"https:\/\/www.velomobileworld.com\/nl\/","name":"Velomobile World","description":"","potentialAction":[{"@type":"SearchAction","target":{"@type":"EntryPoint","urlTemplate":"https:\/\/www.velomobileworld.com\/nl\/?s={search_term_string}"},"query-input":{"@type":"PropertyValueSpecification","valueRequired":true,"valueName":"search_term_string"}}],"inLanguage":"fr-FR"}]}},"_links":{"self":[{"href":"https:\/\/www.velomobileworld.com\/fr\/wp-json\/wp\/v2\/pages\/98013","targetHints":{"allow":["GET"]}}],"collection":[{"href":"https:\/\/www.velomobileworld.com\/fr\/wp-json\/wp\/v2\/pages"}],"about":[{"href":"https:\/\/www.velomobileworld.com\/fr\/wp-json\/wp\/v2\/types\/page"}],"author":[{"embeddable":true,"href":"https:\/\/www.velomobileworld.com\/fr\/wp-json\/wp\/v2\/users\/5"}],"replies":[{"embeddable":true,"href":"https:\/\/www.velomobileworld.com\/fr\/wp-json\/wp\/v2\/comments?post=98013"}],"version-history":[{"count":0,"href":"https:\/\/www.velomobileworld.com\/fr\/wp-json\/wp\/v2\/pages\/98013\/revisions"}],"wp:attachment":[{"href":"https:\/\/www.velomobileworld.com\/fr\/wp-json\/wp\/v2\/media?parent=98013"}],"curies":[{"name":"wp","href":"https:\/\/api.w.org\/{rel}","templated":true}]}}