{"id":116389,"date":"2026-01-22T09:34:38","date_gmt":"2026-01-22T08:34:38","guid":{"rendered":"https:\/\/www.velomobileworld.com\/product\/alpha-7-2-tanksteering-demonstration-model-2021\/"},"modified":"2026-02-03T07:15:44","modified_gmt":"2026-02-03T06:15:44","slug":"alpha-7-2-tanksteering-demonstration-model-2021","status":"publish","type":"product","link":"https:\/\/www.velomobileworld.com\/fr\/product\/alpha-7-2-tanksteering-demonstration-model-2021\/","title":{"rendered":"Alpha 7.2 tanksteering \u2013 Demonstration Model (2021) &#8211; France"},"content":{"rendered":"<p><strong>Ce v\u00e9lomobile est propos\u00e9 par CYCLES ROULCOUCHE, notre revendeur officiel en France, situ\u00e9 Rue de la Gare \u00e0 Gu\u00e9rard. Pour toute information ou pour d\u00e9couvrir le mod\u00e8le, vous pouvez les contacter \u00e0\u00a0<a class=\"decorated-link cursor-pointer\" rel=\"noopener\" data-start=\"255\" data-end=\"274\">info@roulcouche.com<\/a>\u00a0ou par t\u00e9l\u00e9phone au +33 1 70 35 54 94.\u00a0<\/strong><\/p>\n<h3><strong>Tarif\u00a0<span style=\"text-decoration: line-through;\">12000 \u20acttc<\/span>\u00a0-&gt;9500 \u20acttc<\/strong><\/h3>\n<p>Couleur bas de caisse :\u00a0<strong>bleu<\/strong><\/p>\n<p>Couleur dessus, trappe p\u00e9dalier et trappe d\u00e9railleur :\u00a0<strong>blanc\u00a0<\/strong><\/p>\n<p>Couleur enjoliveurs et entr\u00e9 d&rsquo;air :\u00a0<strong>carbone transparent<\/strong><\/p>\n<p><strong>\u00c9quipement<\/strong>\u00a0:<\/p>\n<ul>\n<li>2 r\u00e9troviseurs Zefal<\/li>\n<li>Clignotants + klaxon + Phare B&amp;M IQ-X sur batteries<\/li>\n<li>Transmission 2&#215;11 vitesses Shimano Deore cassette 11\/36 plateaux 33-56<\/li>\n<li>Appui-t\u00eate<\/li>\n<li>Freins 90 mm<\/li>\n<li>Mousse Ventisit<\/li>\n<li>SANS TOIT<\/li>\n<\/ul>\n","protected":false},"excerpt":{"rendered":"<p data-start=\"52\" data-end=\"334\">Ce v\u00e9lomobile est vendu par CYCLES ROULCOUCHE, notre revendeur en France, Rue de la Gare, Gu\u00e9rard \u2013 info@roulcouche.com, t\u00e9l\u00e9phone : +330170355494.<\/span><\/p>\n","protected":false},"featured_media":116376,"template":"","meta":{"_acf_changed":false},"product_brand":[],"product_cat":[851],"product_tag":[],"class_list":{"0":"post-116389","1":"product","2":"type-product","3":"status-publish","4":"has-post-thumbnail","6":"product_cat-non-categorise","8":"first","9":"instock","10":"sale","11":"taxable","12":"shipping-taxable","13":"purchasable","14":"product-type-simple"},"composite_virtual":false,"composite_layout":"","composite_add_to_cart_form_location":"","composite_editable_in_cart":false,"composite_sold_individually_context":"","composite_shop_price_calc":"","composite_components":[],"composite_scenarios":[],"bundled_by":[],"bundle_stock_status":"instock","bundle_stock_quantity":null,"bundle_virtual":false,"bundle_layout":"","bundle_add_to_cart_form_location":"","bundle_editable_in_cart":false,"bundle_sold_individually_context":"","bundle_item_grouping":"","bundle_min_size":"","bundle_max_size":"","bundle_price":[],"bundled_items":[],"bundle_sell_ids":[],"acf":[],"yoast_head":"<!-- This site is optimized with the Yoast SEO plugin v27.5 - https:\/\/yoast.com\/product\/yoast-seo-wordpress\/ -->\n<title>Alpha 7.2 tanksteering \u2013 Demonstration Model (2021) - France - Velomobile World<\/title>\n<meta name=\"description\" content=\"Disponible imm\u00e9diatement, sans aucun d\u00e9lai d\u2019attente ! D\u00e9couvrez l\u2019Alpha 7.2 en fibre de carbone, dans sa superbe combinaison bleu et blanc \u2014 un mod\u00e8le alliant \u00e9l\u00e9gance, l\u00e9g\u00e8ret\u00e9 et confort premium. Parfaitement con\u00e7u pour offrir des performances exceptionnelles sur longues distances.\" \/>\n<meta name=\"robots\" content=\"index, follow, max-snippet:-1, max-image-preview:large, max-video-preview:-1\" \/>\n<link rel=\"canonical\" href=\"https:\/\/www.velomobileworld.com\/product\/alpha-7-2-tanksteering-demonstration-model-2021\/\" \/>\n<meta property=\"og:locale\" content=\"fr_FR\" \/>\n<meta property=\"og:type\" content=\"article\" \/>\n<meta property=\"og:title\" content=\"Alpha 7.2 tanksteering \u2013 Demonstration Model (2021) - France - Velomobile World\" \/>\n<meta property=\"og:description\" content=\"Disponible imm\u00e9diatement, sans aucun d\u00e9lai d\u2019attente ! D\u00e9couvrez l\u2019Alpha 7.2 en fibre de carbone, dans sa superbe combinaison bleu et blanc \u2014 un mod\u00e8le alliant \u00e9l\u00e9gance, l\u00e9g\u00e8ret\u00e9 et confort premium. Parfaitement con\u00e7u pour offrir des performances exceptionnelles sur longues distances.\" \/>\n<meta property=\"og:url\" content=\"https:\/\/www.velomobileworld.com\/product\/alpha-7-2-tanksteering-demonstration-model-2021\/\" \/>\n<meta property=\"og:site_name\" content=\"Velomobile World\" \/>\n<meta property=\"article:modified_time\" content=\"2026-02-03T06:15:44+00:00\" \/>\n<meta property=\"og:image\" content=\"https:\/\/www.velomobileworld.com\/wp-content\/uploads\/2026\/01\/Alpha7Roulcouche1.jpg\" \/>\n\t<meta property=\"og:image:width\" content=\"2000\" \/>\n\t<meta property=\"og:image:height\" content=\"1420\" \/>\n\t<meta property=\"og:image:type\" content=\"image\/jpeg\" \/>\n<meta name=\"twitter:card\" content=\"summary_large_image\" \/>\n<script type=\"application\/ld+json\" class=\"yoast-schema-graph\">{\"@context\":\"https:\\\/\\\/schema.org\",\"@graph\":[{\"@type\":\"WebPage\",\"@id\":\"https:\\\/\\\/www.velomobileworld.com\\\/product\\\/alpha-7-2-tanksteering-demonstration-model-2021\\\/\",\"url\":\"https:\\\/\\\/www.velomobileworld.com\\\/product\\\/alpha-7-2-tanksteering-demonstration-model-2021\\\/\",\"name\":\"Alpha 7.2 tanksteering \u2013 Demonstration Model (2021) - France - Velomobile World\",\"isPartOf\":{\"@id\":\"https:\\\/\\\/www.velomobileworld.com\\\/nl\\\/#website\"},\"primaryImageOfPage\":{\"@id\":\"https:\\\/\\\/www.velomobileworld.com\\\/product\\\/alpha-7-2-tanksteering-demonstration-model-2021\\\/#primaryimage\"},\"image\":{\"@id\":\"https:\\\/\\\/www.velomobileworld.com\\\/product\\\/alpha-7-2-tanksteering-demonstration-model-2021\\\/#primaryimage\"},\"thumbnailUrl\":\"https:\\\/\\\/www.velomobileworld.com\\\/wp-content\\\/uploads\\\/2026\\\/01\\\/Alpha7Roulcouche1.jpg\",\"datePublished\":\"2026-01-22T08:34:38+00:00\",\"dateModified\":\"2026-02-03T06:15:44+00:00\",\"description\":\"Disponible imm\u00e9diatement, sans aucun d\u00e9lai d\u2019attente ! D\u00e9couvrez l\u2019Alpha 7.2 en fibre de carbone, dans sa superbe combinaison bleu et blanc \u2014 un mod\u00e8le alliant \u00e9l\u00e9gance, l\u00e9g\u00e8ret\u00e9 et confort premium. Parfaitement con\u00e7u pour offrir des performances exceptionnelles sur longues distances.\",\"breadcrumb\":{\"@id\":\"https:\\\/\\\/www.velomobileworld.com\\\/product\\\/alpha-7-2-tanksteering-demonstration-model-2021\\\/#breadcrumb\"},\"inLanguage\":\"fr-FR\",\"potentialAction\":[{\"@type\":\"ReadAction\",\"target\":[\"https:\\\/\\\/www.velomobileworld.com\\\/product\\\/alpha-7-2-tanksteering-demonstration-model-2021\\\/\"]}]},{\"@type\":\"ImageObject\",\"inLanguage\":\"fr-FR\",\"@id\":\"https:\\\/\\\/www.velomobileworld.com\\\/product\\\/alpha-7-2-tanksteering-demonstration-model-2021\\\/#primaryimage\",\"url\":\"https:\\\/\\\/www.velomobileworld.com\\\/wp-content\\\/uploads\\\/2026\\\/01\\\/Alpha7Roulcouche1.jpg\",\"contentUrl\":\"https:\\\/\\\/www.velomobileworld.com\\\/wp-content\\\/uploads\\\/2026\\\/01\\\/Alpha7Roulcouche1.jpg\",\"width\":2000,\"height\":1420},{\"@type\":\"BreadcrumbList\",\"@id\":\"https:\\\/\\\/www.velomobileworld.com\\\/product\\\/alpha-7-2-tanksteering-demonstration-model-2021\\\/#breadcrumb\",\"itemListElement\":[{\"@type\":\"ListItem\",\"position\":1,\"name\":\"Home\",\"item\":\"https:\\\/\\\/www.velomobileworld.com\\\/fr\\\/\"},{\"@type\":\"ListItem\",\"position\":2,\"name\":\"Boutique\",\"item\":\"https:\\\/\\\/www.velomobileworld.com\\\/fr\\\/boutique\\\/\"},{\"@type\":\"ListItem\",\"position\":3,\"name\":\"Alpha 7.2 tanksteering \u2013 Demonstration Model (2021) &#8211; France\"}]},{\"@type\":\"WebSite\",\"@id\":\"https:\\\/\\\/www.velomobileworld.com\\\/nl\\\/#website\",\"url\":\"https:\\\/\\\/www.velomobileworld.com\\\/nl\\\/\",\"name\":\"Velomobile World\",\"description\":\"\",\"potentialAction\":[{\"@type\":\"SearchAction\",\"target\":{\"@type\":\"EntryPoint\",\"urlTemplate\":\"https:\\\/\\\/www.velomobileworld.com\\\/nl\\\/?s={search_term_string}\"},\"query-input\":{\"@type\":\"PropertyValueSpecification\",\"valueRequired\":true,\"valueName\":\"search_term_string\"}}],\"inLanguage\":\"fr-FR\"}]}<\/script>\n<!-- \/ Yoast SEO plugin. -->","yoast_head_json":{"title":"Alpha 7.2 tanksteering \u2013 Demonstration Model (2021) - France - Velomobile World","description":"Disponible imm\u00e9diatement, sans aucun d\u00e9lai d\u2019attente ! D\u00e9couvrez l\u2019Alpha 7.2 en fibre de carbone, dans sa superbe combinaison bleu et blanc \u2014 un mod\u00e8le alliant \u00e9l\u00e9gance, l\u00e9g\u00e8ret\u00e9 et confort premium. Parfaitement con\u00e7u pour offrir des performances exceptionnelles sur longues distances.","robots":{"index":"index","follow":"follow","max-snippet":"max-snippet:-1","max-image-preview":"max-image-preview:large","max-video-preview":"max-video-preview:-1"},"canonical":"https:\/\/www.velomobileworld.com\/product\/alpha-7-2-tanksteering-demonstration-model-2021\/","og_locale":"fr_FR","og_type":"article","og_title":"Alpha 7.2 tanksteering \u2013 Demonstration Model (2021) - France - Velomobile World","og_description":"Disponible imm\u00e9diatement, sans aucun d\u00e9lai d\u2019attente ! D\u00e9couvrez l\u2019Alpha 7.2 en fibre de carbone, dans sa superbe combinaison bleu et blanc \u2014 un mod\u00e8le alliant \u00e9l\u00e9gance, l\u00e9g\u00e8ret\u00e9 et confort premium. Parfaitement con\u00e7u pour offrir des performances exceptionnelles sur longues distances.","og_url":"https:\/\/www.velomobileworld.com\/product\/alpha-7-2-tanksteering-demonstration-model-2021\/","og_site_name":"Velomobile World","article_modified_time":"2026-02-03T06:15:44+00:00","og_image":[{"width":2000,"height":1420,"url":"https:\/\/www.velomobileworld.com\/wp-content\/uploads\/2026\/01\/Alpha7Roulcouche1.jpg","type":"image\/jpeg"}],"twitter_card":"summary_large_image","schema":{"@context":"https:\/\/schema.org","@graph":[{"@type":"WebPage","@id":"https:\/\/www.velomobileworld.com\/product\/alpha-7-2-tanksteering-demonstration-model-2021\/","url":"https:\/\/www.velomobileworld.com\/product\/alpha-7-2-tanksteering-demonstration-model-2021\/","name":"Alpha 7.2 tanksteering \u2013 Demonstration Model (2021) - France - Velomobile World","isPartOf":{"@id":"https:\/\/www.velomobileworld.com\/nl\/#website"},"primaryImageOfPage":{"@id":"https:\/\/www.velomobileworld.com\/product\/alpha-7-2-tanksteering-demonstration-model-2021\/#primaryimage"},"image":{"@id":"https:\/\/www.velomobileworld.com\/product\/alpha-7-2-tanksteering-demonstration-model-2021\/#primaryimage"},"thumbnailUrl":"https:\/\/www.velomobileworld.com\/wp-content\/uploads\/2026\/01\/Alpha7Roulcouche1.jpg","datePublished":"2026-01-22T08:34:38+00:00","dateModified":"2026-02-03T06:15:44+00:00","description":"Disponible imm\u00e9diatement, sans aucun d\u00e9lai d\u2019attente ! D\u00e9couvrez l\u2019Alpha 7.2 en fibre de carbone, dans sa superbe combinaison bleu et blanc \u2014 un mod\u00e8le alliant \u00e9l\u00e9gance, l\u00e9g\u00e8ret\u00e9 et confort premium. Parfaitement con\u00e7u pour offrir des performances exceptionnelles sur longues distances.","breadcrumb":{"@id":"https:\/\/www.velomobileworld.com\/product\/alpha-7-2-tanksteering-demonstration-model-2021\/#breadcrumb"},"inLanguage":"fr-FR","potentialAction":[{"@type":"ReadAction","target":["https:\/\/www.velomobileworld.com\/product\/alpha-7-2-tanksteering-demonstration-model-2021\/"]}]},{"@type":"ImageObject","inLanguage":"fr-FR","@id":"https:\/\/www.velomobileworld.com\/product\/alpha-7-2-tanksteering-demonstration-model-2021\/#primaryimage","url":"https:\/\/www.velomobileworld.com\/wp-content\/uploads\/2026\/01\/Alpha7Roulcouche1.jpg","contentUrl":"https:\/\/www.velomobileworld.com\/wp-content\/uploads\/2026\/01\/Alpha7Roulcouche1.jpg","width":2000,"height":1420},{"@type":"BreadcrumbList","@id":"https:\/\/www.velomobileworld.com\/product\/alpha-7-2-tanksteering-demonstration-model-2021\/#breadcrumb","itemListElement":[{"@type":"ListItem","position":1,"name":"Home","item":"https:\/\/www.velomobileworld.com\/fr\/"},{"@type":"ListItem","position":2,"name":"Boutique","item":"https:\/\/www.velomobileworld.com\/fr\/boutique\/"},{"@type":"ListItem","position":3,"name":"Alpha 7.2 tanksteering \u2013 Demonstration Model (2021) &#8211; France"}]},{"@type":"WebSite","@id":"https:\/\/www.velomobileworld.com\/nl\/#website","url":"https:\/\/www.velomobileworld.com\/nl\/","name":"Velomobile World","description":"","potentialAction":[{"@type":"SearchAction","target":{"@type":"EntryPoint","urlTemplate":"https:\/\/www.velomobileworld.com\/nl\/?s={search_term_string}"},"query-input":{"@type":"PropertyValueSpecification","valueRequired":true,"valueName":"search_term_string"}}],"inLanguage":"fr-FR"}]}},"jetpack_sharing_enabled":true,"_links":{"self":[{"href":"https:\/\/www.velomobileworld.com\/fr\/wp-json\/wp\/v2\/product\/116389","targetHints":{"allow":["GET"]}}],"collection":[{"href":"https:\/\/www.velomobileworld.com\/fr\/wp-json\/wp\/v2\/product"}],"about":[{"href":"https:\/\/www.velomobileworld.com\/fr\/wp-json\/wp\/v2\/types\/product"}],"wp:featuredmedia":[{"embeddable":true,"href":"https:\/\/www.velomobileworld.com\/fr\/wp-json\/wp\/v2\/media\/116376"}],"wp:attachment":[{"href":"https:\/\/www.velomobileworld.com\/fr\/wp-json\/wp\/v2\/media?parent=116389"}],"wp:term":[{"taxonomy":"product_brand","embeddable":true,"href":"https:\/\/www.velomobileworld.com\/fr\/wp-json\/wp\/v2\/product_brand?post=116389"},{"taxonomy":"product_cat","embeddable":true,"href":"https:\/\/www.velomobileworld.com\/fr\/wp-json\/wp\/v2\/product_cat?post=116389"},{"taxonomy":"product_tag","embeddable":true,"href":"https:\/\/www.velomobileworld.com\/fr\/wp-json\/wp\/v2\/product_tag?post=116389"}],"curies":[{"name":"wp","href":"https:\/\/api.w.org\/{rel}","templated":true}]}}