{"id":116390,"date":"2026-01-22T06:15:46","date_gmt":"2026-01-22T05:15:46","guid":{"rendered":"https:\/\/www.velomobileworld.com\/product\/bulk-distance-avec-guidons-bas-neuf\/"},"modified":"2026-01-22T18:13:43","modified_gmt":"2026-01-22T17:13:43","slug":"bulk-distance-avec-guidons-bas-neuf","status":"publish","type":"product","link":"https:\/\/www.velomobileworld.com\/fr\/product\/bulk-distance-avec-guidons-bas-neuf\/","title":{"rendered":"B\u00fclk Distance avec guidons bas NEUF"},"content":{"rendered":"<p>Ce v\u00e9lomobile est propos\u00e9 par CYCLES ROULCOUCHE, notre revendeur officiel en France, situ\u00e9 Rue de la Gare \u00e0 Gu\u00e9rard. Pour toute information ou pour d\u00e9couvrir le mod\u00e8le, vous pouvez les contacter \u00e0\u00a0<a class=\"decorated-link cursor-pointer\" rel=\"noopener\" data-start=\"255\" data-end=\"274\">info@roulcouche.com<\/a>\u00a0ou par t\u00e9l\u00e9phone au +33 1 70 35 54 94.<\/p>\n<p data-start=\"51\" data-end=\"168\">Ce v\u00e9lomobile est propos\u00e9 par CYCLES ROULCOUCHE, notre revendeur officiel en France, situ\u00e9 Rue de la Gare \u00e0 Gu\u00e9rard. Pour toute information ou pour d\u00e9couvrir le mod\u00e8le, vous pouvez les contacter \u00e0 <a class=\"decorated-link cursor-pointer\" rel=\"noopener\" data-start=\"255\" data-end=\"274\">info@roulcouche.com<\/a> ou par t\u00e9l\u00e9phone au +33 1 70 35 54 94.<\/p>\n<h3 data-start=\"51\" data-end=\"168\"><strong>Tarif neuf 14275 \u20acttc <\/strong><\/h3>\n<p data-start=\"51\" data-end=\"168\">Couleur bas de caisse, couvres roues et Hotspot : <strong>turquoise\u00a0<\/strong><\/p>\n<p data-start=\"51\" data-end=\"168\">Couleur dessus, toit et trappe p\u00e9dalier : <strong>blanc\u00a0<\/strong><\/p>\n<p data-start=\"51\" data-end=\"168\">Couleur trappe d\u00e9railleur : <strong>carbone transparent <\/strong><\/p>\n<p data-start=\"51\" data-end=\"168\"><strong>\u00c9quipement<\/strong> :<\/p>\n<ul>\n<li data-start=\"51\" data-end=\"168\">2 r\u00e9troviseurs 3D<\/li>\n<li data-start=\"51\" data-end=\"168\">Hotspot (avec phare B&amp;M IQ-X)<\/li>\n<li data-start=\"51\" data-end=\"168\">Clignotants Kellerman + klaxon + Phare Lupine sur batteries<\/li>\n<li data-start=\"51\" data-end=\"168\">Compteur<\/li>\n<li data-start=\"51\" data-end=\"168\">Transmission 2&#215;11 vitesses Shimano Deore cassette 11\/36 plateaux 33\/56<\/li>\n<li data-start=\"51\" data-end=\"168\">Appui-t\u00eate &#8211; Freins 90 mm<\/li>\n<li data-start=\"51\" data-end=\"168\">Compartiments bagages gauche\/droit<\/li>\n<li data-start=\"51\" data-end=\"168\">Racehood avec visi\u00e8re moto et vitres avec Velcro + Combihood<\/li>\n<li data-start=\"51\" data-end=\"168\">Mousse Ventisit<\/li>\n<li data-start=\"51\" data-end=\"168\">Suspension \u00e0 air<\/li>\n<\/ul>\n","protected":false},"excerpt":{"rendered":"<p>Ce v\u00e9lomobile est propos\u00e9 par CYCLES ROULCOUCHE, notre revendeur officiel en France, situ\u00e9 Rue de la Gare \u00e0 Gu\u00e9rard. Pour toute information ou pour d\u00e9couvrir le mod\u00e8le, vous pouvez les contacter \u00e0 info@roulcouche.com ou par t\u00e9l\u00e9phone au +33 1 70 35 54 94.<\/span><\/p>\n","protected":false},"featured_media":116366,"template":"","meta":{"_acf_changed":false},"product_brand":[],"product_cat":[851],"product_tag":[],"class_list":{"0":"post-116390","1":"product","2":"type-product","3":"status-publish","4":"has-post-thumbnail","6":"product_cat-non-categorise","8":"first","9":"instock","10":"taxable","11":"shipping-taxable","12":"product-type-external"},"composite_virtual":false,"composite_layout":"","composite_add_to_cart_form_location":"","composite_editable_in_cart":false,"composite_sold_individually_context":"","composite_shop_price_calc":"","composite_components":[],"composite_scenarios":[],"bundled_by":[],"bundle_stock_status":"instock","bundle_stock_quantity":null,"bundle_virtual":false,"bundle_layout":"","bundle_add_to_cart_form_location":"","bundle_editable_in_cart":false,"bundle_sold_individually_context":"","bundle_item_grouping":"","bundle_min_size":"","bundle_max_size":"","bundle_price":[],"bundled_items":[],"bundle_sell_ids":[],"acf":[],"yoast_head":"<!-- This site is optimized with the Yoast SEO plugin v27.5 - https:\/\/yoast.com\/product\/yoast-seo-wordpress\/ -->\n<title>B\u00fclk Distance avec guidons bas NEUF - Velomobile World<\/title>\n<meta name=\"description\" content=\"B\u00fclk Distance neuf avec tanksteering, disponible maintenant pour 14 275 \u20ac.\" \/>\n<meta name=\"robots\" content=\"index, follow, max-snippet:-1, max-image-preview:large, max-video-preview:-1\" \/>\n<link rel=\"canonical\" href=\"https:\/\/www.velomobileworld.com\/product\/bulk-distance-tanksteering-in-france\/\" \/>\n<meta property=\"og:locale\" content=\"fr_FR\" \/>\n<meta property=\"og:type\" content=\"article\" \/>\n<meta property=\"og:title\" content=\"B\u00fclk Distance avec guidons bas NEUF - Velomobile World\" \/>\n<meta property=\"og:description\" content=\"B\u00fclk Distance neuf avec tanksteering, disponible maintenant pour 14 275 \u20ac.\" \/>\n<meta property=\"og:url\" content=\"https:\/\/www.velomobileworld.com\/product\/bulk-distance-tanksteering-in-france\/\" \/>\n<meta property=\"og:site_name\" content=\"Velomobile World\" \/>\n<meta property=\"article:modified_time\" content=\"2026-01-22T17:13:43+00:00\" \/>\n<meta property=\"og:image\" content=\"https:\/\/www.velomobileworld.com\/wp-content\/uploads\/2026\/01\/BulkDistanceRoulcouche1-1-1.jpg\" \/>\n\t<meta property=\"og:image:width\" content=\"2000\" \/>\n\t<meta property=\"og:image:height\" content=\"1500\" \/>\n\t<meta property=\"og:image:type\" content=\"image\/jpeg\" \/>\n<meta name=\"twitter:card\" content=\"summary_large_image\" \/>\n<meta name=\"twitter:label1\" content=\"Dur\u00e9e de lecture estim\u00e9e\" \/>\n\t<meta name=\"twitter:data1\" content=\"1 minute\" \/>\n<script type=\"application\/ld+json\" class=\"yoast-schema-graph\">{\"@context\":\"https:\\\/\\\/schema.org\",\"@graph\":[{\"@type\":\"WebPage\",\"@id\":\"https:\\\/\\\/www.velomobileworld.com\\\/product\\\/bulk-distance-tanksteering-in-france\\\/\",\"url\":\"https:\\\/\\\/www.velomobileworld.com\\\/product\\\/bulk-distance-tanksteering-in-france\\\/\",\"name\":\"B\u00fclk Distance avec guidons bas NEUF - Velomobile World\",\"isPartOf\":{\"@id\":\"https:\\\/\\\/www.velomobileworld.com\\\/nl\\\/#website\"},\"primaryImageOfPage\":{\"@id\":\"https:\\\/\\\/www.velomobileworld.com\\\/product\\\/bulk-distance-tanksteering-in-france\\\/#primaryimage\"},\"image\":{\"@id\":\"https:\\\/\\\/www.velomobileworld.com\\\/product\\\/bulk-distance-tanksteering-in-france\\\/#primaryimage\"},\"thumbnailUrl\":\"https:\\\/\\\/www.velomobileworld.com\\\/wp-content\\\/uploads\\\/2026\\\/01\\\/BulkDistanceRoulcouche1-1-1.jpg\",\"datePublished\":\"2026-01-22T05:15:46+00:00\",\"dateModified\":\"2026-01-22T17:13:43+00:00\",\"description\":\"B\u00fclk Distance neuf avec tanksteering, disponible maintenant pour 14 275 \u20ac.\",\"breadcrumb\":{\"@id\":\"https:\\\/\\\/www.velomobileworld.com\\\/product\\\/bulk-distance-tanksteering-in-france\\\/#breadcrumb\"},\"inLanguage\":\"fr-FR\",\"potentialAction\":[{\"@type\":\"ReadAction\",\"target\":[\"https:\\\/\\\/www.velomobileworld.com\\\/product\\\/bulk-distance-tanksteering-in-france\\\/\"]}]},{\"@type\":\"ImageObject\",\"inLanguage\":\"fr-FR\",\"@id\":\"https:\\\/\\\/www.velomobileworld.com\\\/product\\\/bulk-distance-tanksteering-in-france\\\/#primaryimage\",\"url\":\"https:\\\/\\\/www.velomobileworld.com\\\/wp-content\\\/uploads\\\/2026\\\/01\\\/BulkDistanceRoulcouche1-1-1.jpg\",\"contentUrl\":\"https:\\\/\\\/www.velomobileworld.com\\\/wp-content\\\/uploads\\\/2026\\\/01\\\/BulkDistanceRoulcouche1-1-1.jpg\",\"width\":2000,\"height\":1500},{\"@type\":\"BreadcrumbList\",\"@id\":\"https:\\\/\\\/www.velomobileworld.com\\\/product\\\/bulk-distance-tanksteering-in-france\\\/#breadcrumb\",\"itemListElement\":[{\"@type\":\"ListItem\",\"position\":1,\"name\":\"Home\",\"item\":\"https:\\\/\\\/www.velomobileworld.com\\\/fr\\\/\"},{\"@type\":\"ListItem\",\"position\":2,\"name\":\"Boutique\",\"item\":\"https:\\\/\\\/www.velomobileworld.com\\\/fr\\\/boutique\\\/\"},{\"@type\":\"ListItem\",\"position\":3,\"name\":\"B\u00fclk Distance avec guidons bas NEUF\"}]},{\"@type\":\"WebSite\",\"@id\":\"https:\\\/\\\/www.velomobileworld.com\\\/nl\\\/#website\",\"url\":\"https:\\\/\\\/www.velomobileworld.com\\\/nl\\\/\",\"name\":\"Velomobile World\",\"description\":\"\",\"potentialAction\":[{\"@type\":\"SearchAction\",\"target\":{\"@type\":\"EntryPoint\",\"urlTemplate\":\"https:\\\/\\\/www.velomobileworld.com\\\/nl\\\/?s={search_term_string}\"},\"query-input\":{\"@type\":\"PropertyValueSpecification\",\"valueRequired\":true,\"valueName\":\"search_term_string\"}}],\"inLanguage\":\"fr-FR\"}]}<\/script>\n<!-- \/ Yoast SEO plugin. -->","yoast_head_json":{"title":"B\u00fclk Distance avec guidons bas NEUF - Velomobile World","description":"B\u00fclk Distance neuf avec tanksteering, disponible maintenant pour 14 275 \u20ac.","robots":{"index":"index","follow":"follow","max-snippet":"max-snippet:-1","max-image-preview":"max-image-preview:large","max-video-preview":"max-video-preview:-1"},"canonical":"https:\/\/www.velomobileworld.com\/product\/bulk-distance-tanksteering-in-france\/","og_locale":"fr_FR","og_type":"article","og_title":"B\u00fclk Distance avec guidons bas NEUF - Velomobile World","og_description":"B\u00fclk Distance neuf avec tanksteering, disponible maintenant pour 14 275 \u20ac.","og_url":"https:\/\/www.velomobileworld.com\/product\/bulk-distance-tanksteering-in-france\/","og_site_name":"Velomobile World","article_modified_time":"2026-01-22T17:13:43+00:00","og_image":[{"width":2000,"height":1500,"url":"https:\/\/www.velomobileworld.com\/wp-content\/uploads\/2026\/01\/BulkDistanceRoulcouche1-1-1.jpg","type":"image\/jpeg"}],"twitter_card":"summary_large_image","twitter_misc":{"Dur\u00e9e de lecture estim\u00e9e":"1 minute"},"schema":{"@context":"https:\/\/schema.org","@graph":[{"@type":"WebPage","@id":"https:\/\/www.velomobileworld.com\/product\/bulk-distance-tanksteering-in-france\/","url":"https:\/\/www.velomobileworld.com\/product\/bulk-distance-tanksteering-in-france\/","name":"B\u00fclk Distance avec guidons bas NEUF - Velomobile World","isPartOf":{"@id":"https:\/\/www.velomobileworld.com\/nl\/#website"},"primaryImageOfPage":{"@id":"https:\/\/www.velomobileworld.com\/product\/bulk-distance-tanksteering-in-france\/#primaryimage"},"image":{"@id":"https:\/\/www.velomobileworld.com\/product\/bulk-distance-tanksteering-in-france\/#primaryimage"},"thumbnailUrl":"https:\/\/www.velomobileworld.com\/wp-content\/uploads\/2026\/01\/BulkDistanceRoulcouche1-1-1.jpg","datePublished":"2026-01-22T05:15:46+00:00","dateModified":"2026-01-22T17:13:43+00:00","description":"B\u00fclk Distance neuf avec tanksteering, disponible maintenant pour 14 275 \u20ac.","breadcrumb":{"@id":"https:\/\/www.velomobileworld.com\/product\/bulk-distance-tanksteering-in-france\/#breadcrumb"},"inLanguage":"fr-FR","potentialAction":[{"@type":"ReadAction","target":["https:\/\/www.velomobileworld.com\/product\/bulk-distance-tanksteering-in-france\/"]}]},{"@type":"ImageObject","inLanguage":"fr-FR","@id":"https:\/\/www.velomobileworld.com\/product\/bulk-distance-tanksteering-in-france\/#primaryimage","url":"https:\/\/www.velomobileworld.com\/wp-content\/uploads\/2026\/01\/BulkDistanceRoulcouche1-1-1.jpg","contentUrl":"https:\/\/www.velomobileworld.com\/wp-content\/uploads\/2026\/01\/BulkDistanceRoulcouche1-1-1.jpg","width":2000,"height":1500},{"@type":"BreadcrumbList","@id":"https:\/\/www.velomobileworld.com\/product\/bulk-distance-tanksteering-in-france\/#breadcrumb","itemListElement":[{"@type":"ListItem","position":1,"name":"Home","item":"https:\/\/www.velomobileworld.com\/fr\/"},{"@type":"ListItem","position":2,"name":"Boutique","item":"https:\/\/www.velomobileworld.com\/fr\/boutique\/"},{"@type":"ListItem","position":3,"name":"B\u00fclk Distance avec guidons bas NEUF"}]},{"@type":"WebSite","@id":"https:\/\/www.velomobileworld.com\/nl\/#website","url":"https:\/\/www.velomobileworld.com\/nl\/","name":"Velomobile World","description":"","potentialAction":[{"@type":"SearchAction","target":{"@type":"EntryPoint","urlTemplate":"https:\/\/www.velomobileworld.com\/nl\/?s={search_term_string}"},"query-input":{"@type":"PropertyValueSpecification","valueRequired":true,"valueName":"search_term_string"}}],"inLanguage":"fr-FR"}]}},"jetpack_sharing_enabled":true,"_links":{"self":[{"href":"https:\/\/www.velomobileworld.com\/fr\/wp-json\/wp\/v2\/product\/116390","targetHints":{"allow":["GET"]}}],"collection":[{"href":"https:\/\/www.velomobileworld.com\/fr\/wp-json\/wp\/v2\/product"}],"about":[{"href":"https:\/\/www.velomobileworld.com\/fr\/wp-json\/wp\/v2\/types\/product"}],"wp:featuredmedia":[{"embeddable":true,"href":"https:\/\/www.velomobileworld.com\/fr\/wp-json\/wp\/v2\/media\/116366"}],"wp:attachment":[{"href":"https:\/\/www.velomobileworld.com\/fr\/wp-json\/wp\/v2\/media?parent=116390"}],"wp:term":[{"taxonomy":"product_brand","embeddable":true,"href":"https:\/\/www.velomobileworld.com\/fr\/wp-json\/wp\/v2\/product_brand?post=116390"},{"taxonomy":"product_cat","embeddable":true,"href":"https:\/\/www.velomobileworld.com\/fr\/wp-json\/wp\/v2\/product_cat?post=116390"},{"taxonomy":"product_tag","embeddable":true,"href":"https:\/\/www.velomobileworld.com\/fr\/wp-json\/wp\/v2\/product_tag?post=116390"}],"curies":[{"name":"wp","href":"https:\/\/api.w.org\/{rel}","templated":true}]}}