{"id":116548,"date":"2026-01-22T06:00:27","date_gmt":"2026-01-22T05:00:27","guid":{"rendered":"https:\/\/www.velomobileworld.com\/product\/bulk-urban-2\/"},"modified":"2026-02-03T07:17:37","modified_gmt":"2026-02-03T06:17:37","slug":"bulk-urban-2","status":"publish","type":"product","link":"https:\/\/www.velomobileworld.com\/fr\/product\/bulk-urban-2\/","title":{"rendered":"Bulk Urban &#8211; Roumanie"},"content":{"rendered":"<h3 data-start=\"93\" data-end=\"274\">Ce v\u00e9lomobile B\u00fclk Urban est enti\u00e8rement configur\u00e9 et pr\u00eat \u00e0 offrir des performances de haut niveau, un excellent confort et une grande fiabilit\u00e9 pour les longues distances.<\/h3>\n<p data-start=\"275\" data-end=\"333\">Vous trouverez ci-dessous les sp\u00e9cifications compl\u00e8tes :**<\/p>\n<p data-start=\"335\" data-end=\"595\"><strong data-start=\"335\" data-end=\"357\">Couleur &amp; Design :<\/strong><br data-start=\"357\" data-end=\"360\" \/>\u2013 Coque inf\u00e9rieure + sup\u00e9rieure, cache avant, hotspot : Couleur sp\u00e9ciale \u2013 Hyundai VP Centenial<br data-start=\"455\" data-end=\"458\" \/>\u2013 Racehood, couvres-roues : Couleur sp\u00e9ciale Jaune B229 Charisma<br data-start=\"522\" data-end=\"525\" \/>\u2013 Couvercle de d\u00e9railleur en carbone transparent, autocollants noirs<\/p>\n<p data-start=\"597\" data-end=\"780\"><strong data-start=\"597\" data-end=\"626\">\u00c9clairage &amp; \u00c9lectricit\u00e9 :<\/strong><br data-start=\"626\" data-end=\"629\" \/>\u2013 Phare Lupine MiniMax avec commande filaire<br data-start=\"673\" data-end=\"676\" \/>\u2013 Syst\u00e8me 14 V : phare + hotspot, clignotants, klaxon et chargeur<br data-start=\"740\" data-end=\"743\" \/>\u2013 Compteur Cat Eye Enduro CC-ED 400<\/p>\n<p data-start=\"782\" data-end=\"844\"><strong data-start=\"782\" data-end=\"797\">Direction :<\/strong><br data-start=\"797\" data-end=\"800\" \/>\u2014 Direction par manettes (tiller volant)<\/p>\n<p data-start=\"846\" data-end=\"1028\"><strong data-start=\"846\" data-end=\"864\">Transmission :<\/strong><br data-start=\"864\" data-end=\"867\" \/>\u2013 Longueur de manivelle : 150 mm<br data-start=\"899\" data-end=\"902\" \/>\u2013 Support de bo\u00eetier de p\u00e9dalier : Standard<br data-start=\"945\" data-end=\"948\" \/>\u2013 Plateaux : 65 dents (principal), 46 dents (petit)<br data-start=\"999\" data-end=\"1002\" \/>\u2013 Cassette : 11\u201336 dents<\/p>\n<p data-start=\"1030\" data-end=\"1176\"><strong data-start=\"1030\" data-end=\"1052\">Freinage &amp; Roues :<\/strong><br data-start=\"1052\" data-end=\"1055\" \/>\u2013 Syst\u00e8me de freinage : 90 mm<br data-start=\"1084\" data-end=\"1087\" \/>\u2013 Pneus avant : Schwalbe One 28-406 (standard)<br data-start=\"1133\" data-end=\"1136\" \/>\u2013 Jantes avant : Alex Rims 406 (301 g)<\/p>\n<p data-start=\"1178\" data-end=\"1307\"><strong data-start=\"1178\" data-end=\"1208\">Rangement &amp; R\u00e9troviseurs :<\/strong><br data-start=\"1208\" data-end=\"1211\" \/>\u2013 Compartiments bagages : non<br data-start=\"1240\" data-end=\"1243\" \/>\u2013 C\u00f4nes gauche + droite : couleur sp\u00e9ciale Jaune B229 Charisma.<\/p>\n<p data-start=\"1309\" data-end=\"1391\"><strong data-start=\"1309\" data-end=\"1322\">Confort :<\/strong><br data-start=\"1322\" data-end=\"1325\" \/>\u2013 \u00c9pauli\u00e8res : 2 cm<br data-start=\"1344\" data-end=\"1347\" \/>\u2013 Assise Ventisit<br data-start=\"1364\" data-end=\"1367\" \/>\u2013 <strong data-start=\"1369\" data-end=\"1389\">P\u00e9dales incluses<\/strong><\/p>\n<p data-start=\"1393\" data-end=\"1537\"><strong data-start=\"1393\" data-end=\"1432\">Protection contre les intemp\u00e9ries :<\/strong><br data-start=\"1432\" data-end=\"1435\" \/>\u2013 Racehood avec moteur-visor, grandes bosses pour les genoux (L), couleur sp\u00e9ciale Jaune B229 Charisma.<\/p>\n","protected":false},"excerpt":{"rendered":"<p data-start=\"52\" data-end=\"334\"><strong>Disponible imm\u00e9diatement \u2014 prenez la route sans attendre!<\/strong><\/p>\n<p data-start=\"52\" data-end=\"334\">\n","protected":false},"featured_media":118611,"template":"","meta":{"_acf_changed":false},"product_brand":[],"product_cat":[851],"product_tag":[],"class_list":{"0":"post-116548","1":"product","2":"type-product","3":"status-publish","4":"has-post-thumbnail","6":"product_cat-non-categorise","8":"first","9":"instock","10":"sale","11":"taxable","12":"shipping-taxable","13":"purchasable","14":"product-type-simple"},"composite_virtual":false,"composite_layout":"","composite_add_to_cart_form_location":"","composite_editable_in_cart":false,"composite_sold_individually_context":"","composite_shop_price_calc":"","composite_components":[],"composite_scenarios":[],"bundled_by":[],"bundle_stock_status":"instock","bundle_stock_quantity":null,"bundle_virtual":false,"bundle_layout":"","bundle_add_to_cart_form_location":"","bundle_editable_in_cart":false,"bundle_sold_individually_context":"","bundle_item_grouping":"","bundle_min_size":"","bundle_max_size":"","bundle_price":[],"bundled_items":[],"bundle_sell_ids":[],"acf":[],"yoast_head":"<!-- This site is optimized with the Yoast SEO plugin v27.3 - https:\/\/yoast.com\/product\/yoast-seo-wordpress\/ -->\n<title>Bulk Urban - Roumanie - Velomobile World<\/title>\n<meta name=\"description\" content=\"Pr\u00eat \u00e0 rouler ! Le v\u00e9lomobile B\u00fclk Urban en carbone, dans des couleurs exclusives, est disponible pour une livraison imm\u00e9diate.\" \/>\n<meta name=\"robots\" content=\"index, follow, max-snippet:-1, max-image-preview:large, max-video-preview:-1\" \/>\n<link rel=\"canonical\" href=\"https:\/\/www.velomobileworld.com\/product\/bulk-urban\/\" \/>\n<meta property=\"og:locale\" content=\"fr_FR\" \/>\n<meta property=\"og:type\" content=\"article\" \/>\n<meta property=\"og:title\" content=\"Bulk Urban - Roumanie - Velomobile World\" \/>\n<meta property=\"og:description\" content=\"Pr\u00eat \u00e0 rouler ! Le v\u00e9lomobile B\u00fclk Urban en carbone, dans des couleurs exclusives, est disponible pour une livraison imm\u00e9diate.\" \/>\n<meta property=\"og:url\" content=\"https:\/\/www.velomobileworld.com\/product\/bulk-urban\/\" \/>\n<meta property=\"og:site_name\" content=\"Velomobile World\" \/>\n<meta property=\"article:modified_time\" content=\"2026-02-03T06:17:37+00:00\" \/>\n<meta property=\"og:image\" content=\"https:\/\/www.velomobileworld.com\/wp-content\/uploads\/2026\/01\/9-1.png\" \/>\n\t<meta property=\"og:image:width\" content=\"1196\" \/>\n\t<meta property=\"og:image:height\" content=\"890\" \/>\n\t<meta property=\"og:image:type\" content=\"image\/png\" \/>\n<meta name=\"twitter:card\" content=\"summary_large_image\" \/>\n<meta name=\"twitter:label1\" content=\"Dur\u00e9e de lecture estim\u00e9e\" \/>\n\t<meta name=\"twitter:data1\" content=\"1 minute\" \/>\n<script type=\"application\/ld+json\" class=\"yoast-schema-graph\">{\"@context\":\"https:\\\/\\\/schema.org\",\"@graph\":[{\"@type\":\"WebPage\",\"@id\":\"https:\\\/\\\/www.velomobileworld.com\\\/product\\\/bulk-urban\\\/\",\"url\":\"https:\\\/\\\/www.velomobileworld.com\\\/product\\\/bulk-urban\\\/\",\"name\":\"Bulk Urban - Roumanie - Velomobile World\",\"isPartOf\":{\"@id\":\"https:\\\/\\\/www.velomobileworld.com\\\/nl\\\/#website\"},\"primaryImageOfPage\":{\"@id\":\"https:\\\/\\\/www.velomobileworld.com\\\/product\\\/bulk-urban\\\/#primaryimage\"},\"image\":{\"@id\":\"https:\\\/\\\/www.velomobileworld.com\\\/product\\\/bulk-urban\\\/#primaryimage\"},\"thumbnailUrl\":\"https:\\\/\\\/www.velomobileworld.com\\\/wp-content\\\/uploads\\\/2026\\\/01\\\/First-10-items-4.png\",\"datePublished\":\"2026-01-22T05:00:27+00:00\",\"dateModified\":\"2026-02-03T06:17:37+00:00\",\"description\":\"Pr\u00eat \u00e0 rouler ! Le v\u00e9lomobile B\u00fclk Urban en carbone, dans des couleurs exclusives, est disponible pour une livraison imm\u00e9diate.\",\"breadcrumb\":{\"@id\":\"https:\\\/\\\/www.velomobileworld.com\\\/product\\\/bulk-urban\\\/#breadcrumb\"},\"inLanguage\":\"fr-FR\",\"potentialAction\":[{\"@type\":\"ReadAction\",\"target\":[\"https:\\\/\\\/www.velomobileworld.com\\\/product\\\/bulk-urban\\\/\"]}]},{\"@type\":\"ImageObject\",\"inLanguage\":\"fr-FR\",\"@id\":\"https:\\\/\\\/www.velomobileworld.com\\\/product\\\/bulk-urban\\\/#primaryimage\",\"url\":\"https:\\\/\\\/www.velomobileworld.com\\\/wp-content\\\/uploads\\\/2026\\\/01\\\/First-10-items-4.png\",\"contentUrl\":\"https:\\\/\\\/www.velomobileworld.com\\\/wp-content\\\/uploads\\\/2026\\\/01\\\/First-10-items-4.png\",\"width\":1196,\"height\":890},{\"@type\":\"BreadcrumbList\",\"@id\":\"https:\\\/\\\/www.velomobileworld.com\\\/product\\\/bulk-urban\\\/#breadcrumb\",\"itemListElement\":[{\"@type\":\"ListItem\",\"position\":1,\"name\":\"Home\",\"item\":\"https:\\\/\\\/www.velomobileworld.com\\\/fr\\\/\"},{\"@type\":\"ListItem\",\"position\":2,\"name\":\"Boutique\",\"item\":\"https:\\\/\\\/www.velomobileworld.com\\\/fr\\\/boutique\\\/\"},{\"@type\":\"ListItem\",\"position\":3,\"name\":\"Bulk Urban &#8211; Roumanie\"}]},{\"@type\":\"WebSite\",\"@id\":\"https:\\\/\\\/www.velomobileworld.com\\\/nl\\\/#website\",\"url\":\"https:\\\/\\\/www.velomobileworld.com\\\/nl\\\/\",\"name\":\"Velomobile World\",\"description\":\"\",\"potentialAction\":[{\"@type\":\"SearchAction\",\"target\":{\"@type\":\"EntryPoint\",\"urlTemplate\":\"https:\\\/\\\/www.velomobileworld.com\\\/nl\\\/?s={search_term_string}\"},\"query-input\":{\"@type\":\"PropertyValueSpecification\",\"valueRequired\":true,\"valueName\":\"search_term_string\"}}],\"inLanguage\":\"fr-FR\"}]}<\/script>\n<!-- \/ Yoast SEO plugin. -->","yoast_head_json":{"title":"Bulk Urban - Roumanie - Velomobile World","description":"Pr\u00eat \u00e0 rouler ! Le v\u00e9lomobile B\u00fclk Urban en carbone, dans des couleurs exclusives, est disponible pour une livraison imm\u00e9diate.","robots":{"index":"index","follow":"follow","max-snippet":"max-snippet:-1","max-image-preview":"max-image-preview:large","max-video-preview":"max-video-preview:-1"},"canonical":"https:\/\/www.velomobileworld.com\/product\/bulk-urban\/","og_locale":"fr_FR","og_type":"article","og_title":"Bulk Urban - Roumanie - Velomobile World","og_description":"Pr\u00eat \u00e0 rouler ! Le v\u00e9lomobile B\u00fclk Urban en carbone, dans des couleurs exclusives, est disponible pour une livraison imm\u00e9diate.","og_url":"https:\/\/www.velomobileworld.com\/product\/bulk-urban\/","og_site_name":"Velomobile World","article_modified_time":"2026-02-03T06:17:37+00:00","og_image":[{"width":1196,"height":890,"url":"https:\/\/www.velomobileworld.com\/wp-content\/uploads\/2026\/01\/9-1.png","type":"image\/png"}],"twitter_card":"summary_large_image","twitter_misc":{"Dur\u00e9e de lecture estim\u00e9e":"1 minute"},"schema":{"@context":"https:\/\/schema.org","@graph":[{"@type":"WebPage","@id":"https:\/\/www.velomobileworld.com\/product\/bulk-urban\/","url":"https:\/\/www.velomobileworld.com\/product\/bulk-urban\/","name":"Bulk Urban - Roumanie - Velomobile World","isPartOf":{"@id":"https:\/\/www.velomobileworld.com\/nl\/#website"},"primaryImageOfPage":{"@id":"https:\/\/www.velomobileworld.com\/product\/bulk-urban\/#primaryimage"},"image":{"@id":"https:\/\/www.velomobileworld.com\/product\/bulk-urban\/#primaryimage"},"thumbnailUrl":"https:\/\/www.velomobileworld.com\/wp-content\/uploads\/2026\/01\/First-10-items-4.png","datePublished":"2026-01-22T05:00:27+00:00","dateModified":"2026-02-03T06:17:37+00:00","description":"Pr\u00eat \u00e0 rouler ! Le v\u00e9lomobile B\u00fclk Urban en carbone, dans des couleurs exclusives, est disponible pour une livraison imm\u00e9diate.","breadcrumb":{"@id":"https:\/\/www.velomobileworld.com\/product\/bulk-urban\/#breadcrumb"},"inLanguage":"fr-FR","potentialAction":[{"@type":"ReadAction","target":["https:\/\/www.velomobileworld.com\/product\/bulk-urban\/"]}]},{"@type":"ImageObject","inLanguage":"fr-FR","@id":"https:\/\/www.velomobileworld.com\/product\/bulk-urban\/#primaryimage","url":"https:\/\/www.velomobileworld.com\/wp-content\/uploads\/2026\/01\/First-10-items-4.png","contentUrl":"https:\/\/www.velomobileworld.com\/wp-content\/uploads\/2026\/01\/First-10-items-4.png","width":1196,"height":890},{"@type":"BreadcrumbList","@id":"https:\/\/www.velomobileworld.com\/product\/bulk-urban\/#breadcrumb","itemListElement":[{"@type":"ListItem","position":1,"name":"Home","item":"https:\/\/www.velomobileworld.com\/fr\/"},{"@type":"ListItem","position":2,"name":"Boutique","item":"https:\/\/www.velomobileworld.com\/fr\/boutique\/"},{"@type":"ListItem","position":3,"name":"Bulk Urban &#8211; Roumanie"}]},{"@type":"WebSite","@id":"https:\/\/www.velomobileworld.com\/nl\/#website","url":"https:\/\/www.velomobileworld.com\/nl\/","name":"Velomobile World","description":"","potentialAction":[{"@type":"SearchAction","target":{"@type":"EntryPoint","urlTemplate":"https:\/\/www.velomobileworld.com\/nl\/?s={search_term_string}"},"query-input":{"@type":"PropertyValueSpecification","valueRequired":true,"valueName":"search_term_string"}}],"inLanguage":"fr-FR"}]}},"_links":{"self":[{"href":"https:\/\/www.velomobileworld.com\/fr\/wp-json\/wp\/v2\/product\/116548","targetHints":{"allow":["GET"]}}],"collection":[{"href":"https:\/\/www.velomobileworld.com\/fr\/wp-json\/wp\/v2\/product"}],"about":[{"href":"https:\/\/www.velomobileworld.com\/fr\/wp-json\/wp\/v2\/types\/product"}],"wp:featuredmedia":[{"embeddable":true,"href":"https:\/\/www.velomobileworld.com\/fr\/wp-json\/wp\/v2\/media\/118611"}],"wp:attachment":[{"href":"https:\/\/www.velomobileworld.com\/fr\/wp-json\/wp\/v2\/media?parent=116548"}],"wp:term":[{"taxonomy":"product_brand","embeddable":true,"href":"https:\/\/www.velomobileworld.com\/fr\/wp-json\/wp\/v2\/product_brand?post=116548"},{"taxonomy":"product_cat","embeddable":true,"href":"https:\/\/www.velomobileworld.com\/fr\/wp-json\/wp\/v2\/product_cat?post=116548"},{"taxonomy":"product_tag","embeddable":true,"href":"https:\/\/www.velomobileworld.com\/fr\/wp-json\/wp\/v2\/product_tag?post=116548"}],"curies":[{"name":"wp","href":"https:\/\/api.w.org\/{rel}","templated":true}]}}