{"id":118740,"date":"2026-03-16T16:06:29","date_gmt":"2026-03-16T15:06:29","guid":{"rendered":"https:\/\/www.velomobileworld.com\/product\/bulk-distance-romania\/"},"modified":"2026-03-16T16:06:29","modified_gmt":"2026-03-16T15:06:29","slug":"bulk-distance-romania","status":"publish","type":"product","link":"https:\/\/www.velomobileworld.com\/fr\/product\/bulk-distance-romania\/","title":{"rendered":"Bulk Distance &#8211; Romania"},"content":{"rendered":"<p data-start=\"241\" data-end=\"418\">Ce v\u00e9lomobile Bulk Distance est propos\u00e9 dans une configuration \u00ab\u00a0pr\u00eat \u00e0 rouler\u00a0\u00bb, con\u00e7ue pour les cyclistes qui recherchent le meilleur sans compromis. Voici les sp\u00e9cifications compl\u00e8tes :<\/p>\n<ul data-start=\"420\" data-end=\"1473\">\n\u00a0\t<\/p>\n<li data-start=\"420\" data-end=\"542\">\n<p data-start=\"422\" data-end=\"542\"><strong data-start=\"422\" data-end=\"440\">Couleur &amp; Design<\/strong> :<br data-start=\"441\" data-end=\"444\" \/>\u2013 Orange m\u00e9tallis\u00e9 &amp; Turquoise (RAL 6027) avec stickers oranges<br data-start=\"498\" data-end=\"501\" \/>\u2013 Protection de d\u00e9railleur en carbone transparent<br \/>\n\u2013 Capot de course (Racehood) avec passages de genoux \u00ab\u00a0motoradvisor\u00a0\u00bb (taille M) et ouverture dans le couvercle<br \/>\n\u2013 Lentille anti-bu\u00e9e et essuie-glace Bulk<br \/>\n\u2013 Couvercle combin\u00e9 (Combi lid) taille M<\/p>\n<\/li>\n<p>\u00a0\t<\/p>\n<li data-start=\"544\" data-end=\"686\">\n<p data-start=\"546\" data-end=\"686\"><strong data-start=\"546\" data-end=\"571\">\u00c9clairage &amp; \u00c9lectricit\u00e9<\/strong> :<br data-start=\"572\" data-end=\"575\" \/>\u2013 Phare IQ X <br data-start=\"617\" data-end=\"620\" \/>\u2013 Phare + hotspot, clignotants, avertisseur sonore et chargeur<\/p>\n<\/li>\n<p>\u00a0\t<\/p>\n<li data-start=\"688\" data-end=\"738\">\n<p data-start=\"690\" data-end=\"738\"><strong data-start=\"690\" data-end=\"713\">Direction<\/strong> :<br data-start=\"714\" data-end=\"717\" \/>\u2013 Direction par manche central (Tiller)<\/p>\n<\/li>\n<p>\u00a0\t<\/p>\n<li data-start=\"740\" data-end=\"888\">\n<p data-start=\"742\" data-end=\"888\"><strong data-start=\"742\" data-end=\"756\">Transmission<\/strong> :<br data-start=\"757\" data-end=\"760\" \/>\u2013 Manivelles 150 mm<br data-start=\"784\" data-end=\"787\" \/>\u2013 Support de bo\u00eetier de p\u00e9dalier : Standard<br data-start=\"822\" data-end=\"825\" \/>\u2013 Grand plateau : 65T<br data-start=\"863\" data-end=\"866\" \/>\u2013 Petit plateau : 42T<br \/>\n\u2013 Cassette 11-40T<\/p>\n<\/li>\n<p>\u00a0\t<\/p>\n<li data-start=\"890\" data-end=\"1031\">\n<p data-start=\"892\" data-end=\"1031\"><strong data-start=\"892\" data-end=\"912\">Freins &amp; Roues<\/strong> :<br data-start=\"913\" data-end=\"916\" \/>\u2013 Syst\u00e8me de freinage : 90 mm<br data-start=\"939\" data-end=\"942\" \/>\u2013 Pneus avant : Continental 28-406<br data-start=\"989\" data-end=\"992\" \/>\u2013 Jantes avant : Alex Rims 406 (301 g)<\/p>\n<\/li>\n<p>\u00a0\t<\/p>\n<li data-start=\"1033\" data-end=\"1136\">\n<p data-start=\"1035\" data-end=\"1136\"><strong data-start=\"1035\" data-end=\"1055\">Rangement &amp; R\u00e9troviseurs<\/strong> :<br data-start=\"1056\" data-end=\"1059\" \/>\u2013 Compartiments \u00e0 bagages : Gauche &amp; droite <br data-start=\"1099\" data-end=\"1102\" \/>\u2013 Coques de r\u00e9troviseurs (cones) orange m\u00e9tallis\u00e9 des deux c\u00f4t\u00e9s<\/p>\n<\/li>\n<p>\u00a0\t<\/p>\n<li data-start=\"1138\" data-end=\"1290\">\n<p data-start=\"1140\" data-end=\"1290\"><strong data-start=\"1140\" data-end=\"1160\">Confort<\/strong> :<br data-start=\"1161\" data-end=\"1164\" \/>\u2013 Coussinets d&rsquo;\u00e9paules : 3 cm<br data-start=\"1209\" data-end=\"1212\" \/>\u2013 Rembourrage de si\u00e8ge Ventisit<br \/>\n\u2013 Suspension : R\u00e9glage confort<br \/>\n\u2013 Porte-bidon<\/p>\n<\/li>\n<p>\u00a0\t<\/p>\n<li data-start=\"1292\" data-end=\"1473\">\n<p data-start=\"1294\" data-end=\"1473\"><strong data-start=\"1294\" data-end=\"1316\">Protection Intemp\u00e9ries<\/strong> :<br data-start=\"1317\" data-end=\"1320\" \/>\u2013 Capot Racehood avec motoradvisor et passages de genoux (M)<br data-start=\"1410\" data-end=\"1413\" \/>\u2013 Lentille anti-bu\u00e9e<br data-start=\"1430\" data-end=\"1433\" \/>\u2013 Double vitrage \u2013 Couvercle Combi en mousse avec passages de genoux (M)<br \/>\n\u2013 Renfort pour attache-remorque<\/p>\n<\/li>\n<\/ul>\n","protected":false},"excerpt":{"rendered":"<p data-start=\"52\" data-end=\"334\">Une configuration polyvalente avec capot et couvercle combin\u00e9 pour rouler par tous les temps, un double plateau pour une large gamme de d\u00e9veloppements, et un support d&rsquo;attache-remorque renforc\u00e9 ; con\u00e7u pour le confort, la flexibilit\u00e9 et un usage quotidien.<\/p>\n<p data-start=\"52\" data-end=\"334\">Faites d\u00e9filer pour voir tous les d\u00e9tails<\/p>\n<p data-start=\"52\" data-end=\"334\"><strong>\u00c9crivez-nous pour discuter du prix et de la livraison<\/strong><\/p>\n","protected":false},"featured_media":119100,"template":"","meta":{"_acf_changed":false},"product_brand":[],"product_cat":[851],"product_tag":[],"class_list":{"0":"post-118740","1":"product","2":"type-product","3":"status-publish","4":"has-post-thumbnail","6":"product_cat-non-categorise","8":"first","9":"instock","10":"sale","11":"taxable","12":"shipping-taxable","13":"purchasable","14":"product-type-simple"},"composite_virtual":false,"composite_layout":"","composite_add_to_cart_form_location":"","composite_editable_in_cart":false,"composite_sold_individually_context":"","composite_shop_price_calc":"","composite_components":[],"composite_scenarios":[],"bundled_by":[],"bundle_stock_status":"instock","bundle_stock_quantity":null,"bundle_virtual":false,"bundle_layout":"","bundle_add_to_cart_form_location":"","bundle_editable_in_cart":false,"bundle_sold_individually_context":"","bundle_item_grouping":"","bundle_min_size":"","bundle_max_size":"","bundle_price":[],"bundled_items":[],"bundle_sell_ids":[],"acf":[],"yoast_head":"<!-- This site is optimized with the Yoast SEO plugin v27.3 - https:\/\/yoast.com\/product\/yoast-seo-wordpress\/ -->\n<title>Bulk Distance - Romania - Velomobile World<\/title>\n<meta name=\"description\" content=\"En stock maintenant, pas d&#039;attente ! Le Bulk Distance est configur\u00e9 pour la conduite en conditions r\u00e9elles ; ce v\u00e9lomobile est \u00e9quip\u00e9 d&#039;un capot et d&#039;un couvercle combin\u00e9 pour toutes les conditions m\u00e9t\u00e9o, de deux plateaux avant pour une grande plage de vitesses, et d&#039;un support d&#039;attache-remorque renforc\u00e9 pour vos voyages et vos trajets quotidiens.\" \/>\n<meta name=\"robots\" content=\"index, follow, max-snippet:-1, max-image-preview:large, max-video-preview:-1\" \/>\n<link rel=\"canonical\" href=\"https:\/\/www.velomobileworld.com\/product\/bulk-distance-romania\/\" \/>\n<meta property=\"og:locale\" content=\"fr_FR\" \/>\n<meta property=\"og:type\" content=\"article\" \/>\n<meta property=\"og:title\" content=\"Bulk Distance - Romania - Velomobile World\" \/>\n<meta property=\"og:description\" content=\"En stock maintenant, pas d&#039;attente ! Le Bulk Distance est configur\u00e9 pour la conduite en conditions r\u00e9elles ; ce v\u00e9lomobile est \u00e9quip\u00e9 d&#039;un capot et d&#039;un couvercle combin\u00e9 pour toutes les conditions m\u00e9t\u00e9o, de deux plateaux avant pour une grande plage de vitesses, et d&#039;un support d&#039;attache-remorque renforc\u00e9 pour vos voyages et vos trajets quotidiens.\" \/>\n<meta property=\"og:url\" content=\"https:\/\/www.velomobileworld.com\/product\/bulk-distance-romania\/\" \/>\n<meta property=\"og:site_name\" content=\"Velomobile World\" \/>\n<meta property=\"og:image\" content=\"https:\/\/www.velomobileworld.com\/wp-content\/uploads\/2026\/03\/Untitled-design.jpg\" \/>\n\t<meta property=\"og:image:width\" content=\"1771\" \/>\n\t<meta property=\"og:image:height\" content=\"1181\" \/>\n\t<meta property=\"og:image:type\" content=\"image\/jpeg\" \/>\n<meta name=\"twitter:card\" content=\"summary_large_image\" \/>\n<meta name=\"twitter:label1\" content=\"Dur\u00e9e de lecture estim\u00e9e\" \/>\n\t<meta name=\"twitter:data1\" content=\"1 minute\" \/>\n<script type=\"application\/ld+json\" class=\"yoast-schema-graph\">{\"@context\":\"https:\\\/\\\/schema.org\",\"@graph\":[{\"@type\":\"WebPage\",\"@id\":\"https:\\\/\\\/www.velomobileworld.com\\\/product\\\/bulk-distance-romania\\\/\",\"url\":\"https:\\\/\\\/www.velomobileworld.com\\\/product\\\/bulk-distance-romania\\\/\",\"name\":\"Bulk Distance - Romania - Velomobile World\",\"isPartOf\":{\"@id\":\"https:\\\/\\\/www.velomobileworld.com\\\/nl\\\/#website\"},\"primaryImageOfPage\":{\"@id\":\"https:\\\/\\\/www.velomobileworld.com\\\/product\\\/bulk-distance-romania\\\/#primaryimage\"},\"image\":{\"@id\":\"https:\\\/\\\/www.velomobileworld.com\\\/product\\\/bulk-distance-romania\\\/#primaryimage\"},\"thumbnailUrl\":\"https:\\\/\\\/www.velomobileworld.com\\\/wp-content\\\/uploads\\\/2026\\\/03\\\/First-10-items-7.png\",\"datePublished\":\"2026-03-16T15:06:29+00:00\",\"description\":\"En stock maintenant, pas d'attente ! Le Bulk Distance est configur\u00e9 pour la conduite en conditions r\u00e9elles ; ce v\u00e9lomobile est \u00e9quip\u00e9 d'un capot et d'un couvercle combin\u00e9 pour toutes les conditions m\u00e9t\u00e9o, de deux plateaux avant pour une grande plage de vitesses, et d'un support d'attache-remorque renforc\u00e9 pour vos voyages et vos trajets quotidiens.\",\"breadcrumb\":{\"@id\":\"https:\\\/\\\/www.velomobileworld.com\\\/product\\\/bulk-distance-romania\\\/#breadcrumb\"},\"inLanguage\":\"fr-FR\",\"potentialAction\":[{\"@type\":\"ReadAction\",\"target\":[\"https:\\\/\\\/www.velomobileworld.com\\\/product\\\/bulk-distance-romania\\\/\"]}]},{\"@type\":\"ImageObject\",\"inLanguage\":\"fr-FR\",\"@id\":\"https:\\\/\\\/www.velomobileworld.com\\\/product\\\/bulk-distance-romania\\\/#primaryimage\",\"url\":\"https:\\\/\\\/www.velomobileworld.com\\\/wp-content\\\/uploads\\\/2026\\\/03\\\/First-10-items-7.png\",\"contentUrl\":\"https:\\\/\\\/www.velomobileworld.com\\\/wp-content\\\/uploads\\\/2026\\\/03\\\/First-10-items-7.png\",\"width\":1196,\"height\":890},{\"@type\":\"BreadcrumbList\",\"@id\":\"https:\\\/\\\/www.velomobileworld.com\\\/product\\\/bulk-distance-romania\\\/#breadcrumb\",\"itemListElement\":[{\"@type\":\"ListItem\",\"position\":1,\"name\":\"Home\",\"item\":\"https:\\\/\\\/www.velomobileworld.com\\\/fr\\\/\"},{\"@type\":\"ListItem\",\"position\":2,\"name\":\"Boutique\",\"item\":\"https:\\\/\\\/www.velomobileworld.com\\\/fr\\\/boutique\\\/\"},{\"@type\":\"ListItem\",\"position\":3,\"name\":\"Bulk Distance &#8211; Romania\"}]},{\"@type\":\"WebSite\",\"@id\":\"https:\\\/\\\/www.velomobileworld.com\\\/nl\\\/#website\",\"url\":\"https:\\\/\\\/www.velomobileworld.com\\\/nl\\\/\",\"name\":\"Velomobile World\",\"description\":\"\",\"potentialAction\":[{\"@type\":\"SearchAction\",\"target\":{\"@type\":\"EntryPoint\",\"urlTemplate\":\"https:\\\/\\\/www.velomobileworld.com\\\/nl\\\/?s={search_term_string}\"},\"query-input\":{\"@type\":\"PropertyValueSpecification\",\"valueRequired\":true,\"valueName\":\"search_term_string\"}}],\"inLanguage\":\"fr-FR\"}]}<\/script>\n<!-- \/ Yoast SEO plugin. -->","yoast_head_json":{"title":"Bulk Distance - Romania - Velomobile World","description":"En stock maintenant, pas d'attente ! Le Bulk Distance est configur\u00e9 pour la conduite en conditions r\u00e9elles ; ce v\u00e9lomobile est \u00e9quip\u00e9 d'un capot et d'un couvercle combin\u00e9 pour toutes les conditions m\u00e9t\u00e9o, de deux plateaux avant pour une grande plage de vitesses, et d'un support d'attache-remorque renforc\u00e9 pour vos voyages et vos trajets quotidiens.","robots":{"index":"index","follow":"follow","max-snippet":"max-snippet:-1","max-image-preview":"max-image-preview:large","max-video-preview":"max-video-preview:-1"},"canonical":"https:\/\/www.velomobileworld.com\/product\/bulk-distance-romania\/","og_locale":"fr_FR","og_type":"article","og_title":"Bulk Distance - Romania - Velomobile World","og_description":"En stock maintenant, pas d'attente ! Le Bulk Distance est configur\u00e9 pour la conduite en conditions r\u00e9elles ; ce v\u00e9lomobile est \u00e9quip\u00e9 d'un capot et d'un couvercle combin\u00e9 pour toutes les conditions m\u00e9t\u00e9o, de deux plateaux avant pour une grande plage de vitesses, et d'un support d'attache-remorque renforc\u00e9 pour vos voyages et vos trajets quotidiens.","og_url":"https:\/\/www.velomobileworld.com\/product\/bulk-distance-romania\/","og_site_name":"Velomobile World","og_image":[{"width":1771,"height":1181,"url":"https:\/\/www.velomobileworld.com\/wp-content\/uploads\/2026\/03\/Untitled-design.jpg","type":"image\/jpeg"}],"twitter_card":"summary_large_image","twitter_misc":{"Dur\u00e9e de lecture estim\u00e9e":"1 minute"},"schema":{"@context":"https:\/\/schema.org","@graph":[{"@type":"WebPage","@id":"https:\/\/www.velomobileworld.com\/product\/bulk-distance-romania\/","url":"https:\/\/www.velomobileworld.com\/product\/bulk-distance-romania\/","name":"Bulk Distance - Romania - Velomobile World","isPartOf":{"@id":"https:\/\/www.velomobileworld.com\/nl\/#website"},"primaryImageOfPage":{"@id":"https:\/\/www.velomobileworld.com\/product\/bulk-distance-romania\/#primaryimage"},"image":{"@id":"https:\/\/www.velomobileworld.com\/product\/bulk-distance-romania\/#primaryimage"},"thumbnailUrl":"https:\/\/www.velomobileworld.com\/wp-content\/uploads\/2026\/03\/First-10-items-7.png","datePublished":"2026-03-16T15:06:29+00:00","description":"En stock maintenant, pas d'attente ! Le Bulk Distance est configur\u00e9 pour la conduite en conditions r\u00e9elles ; ce v\u00e9lomobile est \u00e9quip\u00e9 d'un capot et d'un couvercle combin\u00e9 pour toutes les conditions m\u00e9t\u00e9o, de deux plateaux avant pour une grande plage de vitesses, et d'un support d'attache-remorque renforc\u00e9 pour vos voyages et vos trajets quotidiens.","breadcrumb":{"@id":"https:\/\/www.velomobileworld.com\/product\/bulk-distance-romania\/#breadcrumb"},"inLanguage":"fr-FR","potentialAction":[{"@type":"ReadAction","target":["https:\/\/www.velomobileworld.com\/product\/bulk-distance-romania\/"]}]},{"@type":"ImageObject","inLanguage":"fr-FR","@id":"https:\/\/www.velomobileworld.com\/product\/bulk-distance-romania\/#primaryimage","url":"https:\/\/www.velomobileworld.com\/wp-content\/uploads\/2026\/03\/First-10-items-7.png","contentUrl":"https:\/\/www.velomobileworld.com\/wp-content\/uploads\/2026\/03\/First-10-items-7.png","width":1196,"height":890},{"@type":"BreadcrumbList","@id":"https:\/\/www.velomobileworld.com\/product\/bulk-distance-romania\/#breadcrumb","itemListElement":[{"@type":"ListItem","position":1,"name":"Home","item":"https:\/\/www.velomobileworld.com\/fr\/"},{"@type":"ListItem","position":2,"name":"Boutique","item":"https:\/\/www.velomobileworld.com\/fr\/boutique\/"},{"@type":"ListItem","position":3,"name":"Bulk Distance &#8211; Romania"}]},{"@type":"WebSite","@id":"https:\/\/www.velomobileworld.com\/nl\/#website","url":"https:\/\/www.velomobileworld.com\/nl\/","name":"Velomobile World","description":"","potentialAction":[{"@type":"SearchAction","target":{"@type":"EntryPoint","urlTemplate":"https:\/\/www.velomobileworld.com\/nl\/?s={search_term_string}"},"query-input":{"@type":"PropertyValueSpecification","valueRequired":true,"valueName":"search_term_string"}}],"inLanguage":"fr-FR"}]}},"_links":{"self":[{"href":"https:\/\/www.velomobileworld.com\/fr\/wp-json\/wp\/v2\/product\/118740","targetHints":{"allow":["GET"]}}],"collection":[{"href":"https:\/\/www.velomobileworld.com\/fr\/wp-json\/wp\/v2\/product"}],"about":[{"href":"https:\/\/www.velomobileworld.com\/fr\/wp-json\/wp\/v2\/types\/product"}],"wp:featuredmedia":[{"embeddable":true,"href":"https:\/\/www.velomobileworld.com\/fr\/wp-json\/wp\/v2\/media\/119100"}],"wp:attachment":[{"href":"https:\/\/www.velomobileworld.com\/fr\/wp-json\/wp\/v2\/media?parent=118740"}],"wp:term":[{"taxonomy":"product_brand","embeddable":true,"href":"https:\/\/www.velomobileworld.com\/fr\/wp-json\/wp\/v2\/product_brand?post=118740"},{"taxonomy":"product_cat","embeddable":true,"href":"https:\/\/www.velomobileworld.com\/fr\/wp-json\/wp\/v2\/product_cat?post=118740"},{"taxonomy":"product_tag","embeddable":true,"href":"https:\/\/www.velomobileworld.com\/fr\/wp-json\/wp\/v2\/product_tag?post=118740"}],"curies":[{"name":"wp","href":"https:\/\/api.w.org\/{rel}","templated":true}]}}