{"id":118746,"date":"2025-07-21T06:24:55","date_gmt":"2025-07-21T04:24:55","guid":{"rendered":"https:\/\/www.velomobileworld.com\/product\/bulk-distance-en-allemagne\/"},"modified":"2025-07-21T06:24:55","modified_gmt":"2025-07-21T04:24:55","slug":"bulk-distance-en-allemagne","status":"publish","type":"product","link":"https:\/\/www.velomobileworld.com\/fr\/product\/bulk-distance-en-allemagne\/","title":{"rendered":"B\u00fclk Distance en Allemagne"},"content":{"rendered":"<p data-start=\"51\" data-end=\"168\">Nous mettons en vente un exemplaire unique du <strong data-start=\"75\" data-end=\"92\">B\u00fclk Distance<\/strong> dans un coloris vert sp\u00e9cial (Num\u00e9ro de s\u00e9rie <strong data-start=\"133\" data-end=\"143\">BKD010<\/strong>), <strong data-start=\"146\" data-end=\"168\">V\u00c9HICULE NEUF !<\/strong><\/p>\n<p data-start=\"170\" data-end=\"183\"><strong data-start=\"170\" data-end=\"181\">Couleurs :<\/strong><\/p>\n<ul data-start=\"184\" data-end=\"294\">\n\u00a0\t<\/p>\n<li data-start=\"184\" data-end=\"240\">\n<p data-start=\"186\" data-end=\"240\">Partie sup\u00e9rieure, Hotspot, Capot Combo, Trappe frontale : blanc m\u00e9tallis\u00e9<\/p>\n<\/li>\n<p>\u00a0\t<\/p>\n<li data-start=\"241\" data-end=\"294\">\n<p data-start=\"243\" data-end=\"294\">Partie inf\u00e9rieure, Enjoliveurs : vert Ford m\u00e9tallis\u00e9 XSC 2737C<\/p>\n<\/li>\n<\/ul>\n<p data-start=\"296\" data-end=\"311\"><strong data-start=\"296\" data-end=\"309\">Caract\u00e9ristiques :<\/strong><\/p>\n<ul data-start=\"312\" data-end=\"674\">\n\u00a0\t<\/p>\n<li data-start=\"312\" data-end=\"343\">\n<p data-start=\"314\" data-end=\"343\">R\u00e9troviseurs : Gauche + Droit Zefal<\/p>\n<\/li>\n<p>\u00a0\t<\/p>\n<li data-start=\"344\" data-end=\"403\">\n<p data-start=\"346\" data-end=\"403\">Capot : Mod\u00e8le Combo avec passages de genoux moyens (taille M)<\/p>\n<\/li>\n<p>\u00a0\t<\/p>\n<li data-start=\"404\" data-end=\"420\">\n<p data-start=\"406\" data-end=\"420\">Freins : 90 mm<\/p>\n<\/li>\n<p>\u00a0\t<\/p>\n<li data-start=\"421\" data-end=\"444\">\n<p data-start=\"423\" data-end=\"444\">Plateau : 63T<\/p>\n<\/li>\n<p>\u00a0\t<\/p>\n<li data-start=\"445\" data-end=\"470\">\n<p data-start=\"447\" data-end=\"470\">Cassette : 11-52 Rotor<\/p>\n<\/li>\n<p>\u00a0\t<\/p>\n<li data-start=\"471\" data-end=\"494\">\n<p data-start=\"473\" data-end=\"494\">Longueur de manivelles : 150 mm<\/p>\n<\/li>\n<p>\u00a0\t<\/p>\n<li data-start=\"495\" data-end=\"514\">\n<p data-start=\"497\" data-end=\"514\">Direction par manche central (Tiller)<\/p>\n<\/li>\n<p>\u00a0\t<\/p>\n<li data-start=\"515\" data-end=\"614\">\n<p data-start=\"517\" data-end=\"614\">\u00c9clairage : Hotspot B&amp;M IQx, Phare avant : Lupine SLX (c\u00e2bl\u00e9), Clignotants, Feu stop, Klaxon<\/p>\n<\/li>\n<p>\u00a0\t<\/p>\n<li data-start=\"615\" data-end=\"630\">\n<p data-start=\"617\" data-end=\"630\">Compteur de vitesse<\/p>\n<\/li>\n<p>\u00a0\t<\/p>\n<li data-start=\"631\" data-end=\"659\">\n<p data-start=\"633\" data-end=\"659\">Compartiment \u00e0 bagages gauche<\/p>\n<\/li>\n<p>\u00a0\t<\/p>\n<li data-start=\"660\" data-end=\"674\">\n<p data-start=\"662\" data-end=\"674\">Si\u00e8ge Ventisit<\/p>\n<p>Accessoires et capots suppl\u00e9mentaires disponibles moyennant un suppl\u00e9ment.<br data-start=\"832\" data-end=\"835\" \/>Par exemple, un capot combo en blanc m\u00e9tallis\u00e9 est disponible.<\/li>\n<\/ul>\n","protected":false},"excerpt":{"rendered":"<p>Ce v\u00e9lomobile est vendu par Johann Hoy &#8211; Hovelo, notre revendeur \u00e0 l&rsquo;adresse suivante : <span id=\"street-address\">Werlbergerstr. 4, <\/span><span id=\"viewad-locality\">86551 Bayern &#8211; Aichach<\/span><\/p>\n","protected":false},"featured_media":99704,"template":"","meta":{"_acf_changed":false},"product_brand":[],"product_cat":[851],"product_tag":[],"class_list":{"0":"post-118746","1":"product","2":"type-product","3":"status-publish","4":"has-post-thumbnail","6":"product_cat-non-categorise","8":"first","9":"instock","10":"sale","11":"taxable","12":"shipping-taxable","13":"purchasable","14":"product-type-simple"},"composite_virtual":false,"composite_layout":"","composite_add_to_cart_form_location":"","composite_editable_in_cart":false,"composite_sold_individually_context":"","composite_shop_price_calc":"","composite_components":[],"composite_scenarios":[],"bundled_by":[],"bundle_stock_status":"instock","bundle_stock_quantity":null,"bundle_virtual":false,"bundle_layout":"","bundle_add_to_cart_form_location":"","bundle_editable_in_cart":false,"bundle_sold_individually_context":"","bundle_item_grouping":"","bundle_min_size":"","bundle_max_size":"","bundle_price":[],"bundled_items":[],"bundle_sell_ids":[],"acf":[],"yoast_head":"<!-- This site is optimized with the Yoast SEO plugin v27.3 - https:\/\/yoast.com\/product\/yoast-seo-wordpress\/ -->\n<title>B\u00fclk Distance en Allemagne - Velomobile World<\/title>\n<meta name=\"description\" content=\"V\u00e9lomobile B\u00fclk Distance neuf, dans une finition exclusive vert m\u00e9tallis\u00e9 (S\u00e9rie BKD010) avec \u00e9quipement premium. Disponible d\u00e8s maintenant pour 13 000 \u20ac, livraison incluse.\" \/>\n<meta name=\"robots\" content=\"index, follow, max-snippet:-1, max-image-preview:large, max-video-preview:-1\" \/>\n<link rel=\"canonical\" href=\"https:\/\/www.velomobileworld.com\/product\/bulk-distance-in-germany\/\" \/>\n<meta property=\"og:locale\" content=\"fr_FR\" \/>\n<meta property=\"og:type\" content=\"article\" \/>\n<meta property=\"og:title\" content=\"B\u00fclk Distance en Allemagne - Velomobile World\" \/>\n<meta property=\"og:description\" content=\"V\u00e9lomobile B\u00fclk Distance neuf, dans une finition exclusive vert m\u00e9tallis\u00e9 (S\u00e9rie BKD010) avec \u00e9quipement premium. Disponible d\u00e8s maintenant pour 13 000 \u20ac, livraison incluse.\" \/>\n<meta property=\"og:url\" content=\"https:\/\/www.velomobileworld.com\/product\/bulk-distance-in-germany\/\" \/>\n<meta property=\"og:site_name\" content=\"Velomobile World\" \/>\n<meta name=\"twitter:card\" content=\"summary_large_image\" \/>\n<meta name=\"twitter:label1\" content=\"Dur\u00e9e de lecture estim\u00e9e\" \/>\n\t<meta name=\"twitter:data1\" content=\"1 minute\" \/>\n<script type=\"application\/ld+json\" class=\"yoast-schema-graph\">{\"@context\":\"https:\\\/\\\/schema.org\",\"@graph\":[{\"@type\":\"WebPage\",\"@id\":\"https:\\\/\\\/www.velomobileworld.com\\\/product\\\/bulk-distance-in-germany\\\/\",\"url\":\"https:\\\/\\\/www.velomobileworld.com\\\/product\\\/bulk-distance-in-germany\\\/\",\"name\":\"B\u00fclk Distance en Allemagne - Velomobile World\",\"isPartOf\":{\"@id\":\"https:\\\/\\\/www.velomobileworld.com\\\/nl\\\/#website\"},\"primaryImageOfPage\":{\"@id\":\"https:\\\/\\\/www.velomobileworld.com\\\/product\\\/bulk-distance-in-germany\\\/#primaryimage\"},\"image\":{\"@id\":\"https:\\\/\\\/www.velomobileworld.com\\\/product\\\/bulk-distance-in-germany\\\/#primaryimage\"},\"thumbnailUrl\":\"https:\\\/\\\/www.velomobileworld.com\\\/wp-content\\\/uploads\\\/2025\\\/07\\\/585bda31-6a2e-46ed-b654-eeb3b235a66e.avif\",\"datePublished\":\"2025-07-21T04:24:55+00:00\",\"description\":\"V\u00e9lomobile B\u00fclk Distance neuf, dans une finition exclusive vert m\u00e9tallis\u00e9 (S\u00e9rie BKD010) avec \u00e9quipement premium. Disponible d\u00e8s maintenant pour 13 000 \u20ac, livraison incluse.\",\"breadcrumb\":{\"@id\":\"https:\\\/\\\/www.velomobileworld.com\\\/product\\\/bulk-distance-in-germany\\\/#breadcrumb\"},\"inLanguage\":\"fr-FR\",\"potentialAction\":[{\"@type\":\"ReadAction\",\"target\":[\"https:\\\/\\\/www.velomobileworld.com\\\/product\\\/bulk-distance-in-germany\\\/\"]}]},{\"@type\":\"ImageObject\",\"inLanguage\":\"fr-FR\",\"@id\":\"https:\\\/\\\/www.velomobileworld.com\\\/product\\\/bulk-distance-in-germany\\\/#primaryimage\",\"url\":\"https:\\\/\\\/www.velomobileworld.com\\\/wp-content\\\/uploads\\\/2025\\\/07\\\/585bda31-6a2e-46ed-b654-eeb3b235a66e.avif\",\"contentUrl\":\"https:\\\/\\\/www.velomobileworld.com\\\/wp-content\\\/uploads\\\/2025\\\/07\\\/585bda31-6a2e-46ed-b654-eeb3b235a66e.avif\",\"width\":1600,\"height\":1200,\"caption\":\"Bulk Distance velomobile sold by Hovelo in Germany\"},{\"@type\":\"BreadcrumbList\",\"@id\":\"https:\\\/\\\/www.velomobileworld.com\\\/product\\\/bulk-distance-in-germany\\\/#breadcrumb\",\"itemListElement\":[{\"@type\":\"ListItem\",\"position\":1,\"name\":\"Home\",\"item\":\"https:\\\/\\\/www.velomobileworld.com\\\/fr\\\/\"},{\"@type\":\"ListItem\",\"position\":2,\"name\":\"Boutique\",\"item\":\"https:\\\/\\\/www.velomobileworld.com\\\/fr\\\/boutique\\\/\"},{\"@type\":\"ListItem\",\"position\":3,\"name\":\"B\u00fclk Distance en Allemagne\"}]},{\"@type\":\"WebSite\",\"@id\":\"https:\\\/\\\/www.velomobileworld.com\\\/nl\\\/#website\",\"url\":\"https:\\\/\\\/www.velomobileworld.com\\\/nl\\\/\",\"name\":\"Velomobile World\",\"description\":\"\",\"potentialAction\":[{\"@type\":\"SearchAction\",\"target\":{\"@type\":\"EntryPoint\",\"urlTemplate\":\"https:\\\/\\\/www.velomobileworld.com\\\/nl\\\/?s={search_term_string}\"},\"query-input\":{\"@type\":\"PropertyValueSpecification\",\"valueRequired\":true,\"valueName\":\"search_term_string\"}}],\"inLanguage\":\"fr-FR\"}]}<\/script>\n<!-- \/ Yoast SEO plugin. -->","yoast_head_json":{"title":"B\u00fclk Distance en Allemagne - Velomobile World","description":"V\u00e9lomobile B\u00fclk Distance neuf, dans une finition exclusive vert m\u00e9tallis\u00e9 (S\u00e9rie BKD010) avec \u00e9quipement premium. Disponible d\u00e8s maintenant pour 13 000 \u20ac, livraison incluse.","robots":{"index":"index","follow":"follow","max-snippet":"max-snippet:-1","max-image-preview":"max-image-preview:large","max-video-preview":"max-video-preview:-1"},"canonical":"https:\/\/www.velomobileworld.com\/product\/bulk-distance-in-germany\/","og_locale":"fr_FR","og_type":"article","og_title":"B\u00fclk Distance en Allemagne - Velomobile World","og_description":"V\u00e9lomobile B\u00fclk Distance neuf, dans une finition exclusive vert m\u00e9tallis\u00e9 (S\u00e9rie BKD010) avec \u00e9quipement premium. Disponible d\u00e8s maintenant pour 13 000 \u20ac, livraison incluse.","og_url":"https:\/\/www.velomobileworld.com\/product\/bulk-distance-in-germany\/","og_site_name":"Velomobile World","twitter_card":"summary_large_image","twitter_misc":{"Dur\u00e9e de lecture estim\u00e9e":"1 minute"},"schema":{"@context":"https:\/\/schema.org","@graph":[{"@type":"WebPage","@id":"https:\/\/www.velomobileworld.com\/product\/bulk-distance-in-germany\/","url":"https:\/\/www.velomobileworld.com\/product\/bulk-distance-in-germany\/","name":"B\u00fclk Distance en Allemagne - Velomobile World","isPartOf":{"@id":"https:\/\/www.velomobileworld.com\/nl\/#website"},"primaryImageOfPage":{"@id":"https:\/\/www.velomobileworld.com\/product\/bulk-distance-in-germany\/#primaryimage"},"image":{"@id":"https:\/\/www.velomobileworld.com\/product\/bulk-distance-in-germany\/#primaryimage"},"thumbnailUrl":"https:\/\/www.velomobileworld.com\/wp-content\/uploads\/2025\/07\/585bda31-6a2e-46ed-b654-eeb3b235a66e.avif","datePublished":"2025-07-21T04:24:55+00:00","description":"V\u00e9lomobile B\u00fclk Distance neuf, dans une finition exclusive vert m\u00e9tallis\u00e9 (S\u00e9rie BKD010) avec \u00e9quipement premium. Disponible d\u00e8s maintenant pour 13 000 \u20ac, livraison incluse.","breadcrumb":{"@id":"https:\/\/www.velomobileworld.com\/product\/bulk-distance-in-germany\/#breadcrumb"},"inLanguage":"fr-FR","potentialAction":[{"@type":"ReadAction","target":["https:\/\/www.velomobileworld.com\/product\/bulk-distance-in-germany\/"]}]},{"@type":"ImageObject","inLanguage":"fr-FR","@id":"https:\/\/www.velomobileworld.com\/product\/bulk-distance-in-germany\/#primaryimage","url":"https:\/\/www.velomobileworld.com\/wp-content\/uploads\/2025\/07\/585bda31-6a2e-46ed-b654-eeb3b235a66e.avif","contentUrl":"https:\/\/www.velomobileworld.com\/wp-content\/uploads\/2025\/07\/585bda31-6a2e-46ed-b654-eeb3b235a66e.avif","width":1600,"height":1200,"caption":"Bulk Distance velomobile sold by Hovelo in Germany"},{"@type":"BreadcrumbList","@id":"https:\/\/www.velomobileworld.com\/product\/bulk-distance-in-germany\/#breadcrumb","itemListElement":[{"@type":"ListItem","position":1,"name":"Home","item":"https:\/\/www.velomobileworld.com\/fr\/"},{"@type":"ListItem","position":2,"name":"Boutique","item":"https:\/\/www.velomobileworld.com\/fr\/boutique\/"},{"@type":"ListItem","position":3,"name":"B\u00fclk Distance en Allemagne"}]},{"@type":"WebSite","@id":"https:\/\/www.velomobileworld.com\/nl\/#website","url":"https:\/\/www.velomobileworld.com\/nl\/","name":"Velomobile World","description":"","potentialAction":[{"@type":"SearchAction","target":{"@type":"EntryPoint","urlTemplate":"https:\/\/www.velomobileworld.com\/nl\/?s={search_term_string}"},"query-input":{"@type":"PropertyValueSpecification","valueRequired":true,"valueName":"search_term_string"}}],"inLanguage":"fr-FR"}]}},"_links":{"self":[{"href":"https:\/\/www.velomobileworld.com\/fr\/wp-json\/wp\/v2\/product\/118746","targetHints":{"allow":["GET"]}}],"collection":[{"href":"https:\/\/www.velomobileworld.com\/fr\/wp-json\/wp\/v2\/product"}],"about":[{"href":"https:\/\/www.velomobileworld.com\/fr\/wp-json\/wp\/v2\/types\/product"}],"wp:featuredmedia":[{"embeddable":true,"href":"https:\/\/www.velomobileworld.com\/fr\/wp-json\/wp\/v2\/media\/99704"}],"wp:attachment":[{"href":"https:\/\/www.velomobileworld.com\/fr\/wp-json\/wp\/v2\/media?parent=118746"}],"wp:term":[{"taxonomy":"product_brand","embeddable":true,"href":"https:\/\/www.velomobileworld.com\/fr\/wp-json\/wp\/v2\/product_brand?post=118746"},{"taxonomy":"product_cat","embeddable":true,"href":"https:\/\/www.velomobileworld.com\/fr\/wp-json\/wp\/v2\/product_cat?post=118746"},{"taxonomy":"product_tag","embeddable":true,"href":"https:\/\/www.velomobileworld.com\/fr\/wp-json\/wp\/v2\/product_tag?post=118746"}],"curies":[{"name":"wp","href":"https:\/\/api.w.org\/{rel}","templated":true}]}}