{"id":118752,"date":"2025-07-15T13:22:27","date_gmt":"2025-07-15T11:22:27","guid":{"rendered":"https:\/\/www.velomobileworld.com\/product\/bulk-distance-romania-2\/"},"modified":"2025-07-15T13:22:27","modified_gmt":"2025-07-15T11:22:27","slug":"bulk-distance-romania-2","status":"publish","type":"product","link":"https:\/\/www.velomobileworld.com\/fr\/product\/bulk-distance-romania-2\/","title":{"rendered":"Bulk Distance &#8211; Romania"},"content":{"rendered":"<p data-start=\"241\" data-end=\"418\">Ce v\u00e9lomobile Bulk Distance est enti\u00e8rement configur\u00e9 et pr\u00eat \u00e0 offrir des performances, un confort et une fiabilit\u00e9 de premier ordre pour les longues distances. Voici les sp\u00e9cifications compl\u00e8tes :<\/p>\n<ul data-start=\"420\" data-end=\"1473\">\n\u00a0\t<\/p>\n<li data-start=\"420\" data-end=\"542\">\n<p data-start=\"422\" data-end=\"542\"><strong data-start=\"422\" data-end=\"440\">Couleur &amp; Design<\/strong> :<br data-start=\"441\" data-end=\"444\" \/>\u2013 Kawasaki 777 &amp; Blanc (RAL 9010)<br data-start=\"476\" data-end=\"479\" \/>\u2013 Stickers argent\u00e9s<br data-start=\"498\" data-end=\"501\" \/>\u2013 Protection de d\u00e9railleur en carbone transparent<\/p>\n<\/li>\n<p>\u00a0\t<\/p>\n<li data-start=\"544\" data-end=\"686\">\n<p data-start=\"546\" data-end=\"686\"><strong data-start=\"546\" data-end=\"571\">\u00c9clairage &amp; \u00c9lectricit\u00e9<\/strong> :<br data-start=\"572\" data-end=\"575\" \/>\u2013 Phare Lupine SL X avec commande d\u00e9port\u00e9e au guidon<br data-start=\"617\" data-end=\"620\" \/>\u2013 Syst\u00e8me 14V : phare + hotspot, clignotants, avertisseur sonore et chargeur<br \/>\n\u2013 Compteur Cat Eye Enduro CC-ED 400<\/p>\n<\/li>\n<p>\u00a0\t<\/p>\n<li data-start=\"688\" data-end=\"738\">\n<p data-start=\"690\" data-end=\"738\"><strong data-start=\"690\" data-end=\"713\">Direction<\/strong> :<br data-start=\"714\" data-end=\"717\" \/>\u2013 Direction par manche central (Tiller)<\/p>\n<\/li>\n<p>\u00a0\t<\/p>\n<li data-start=\"740\" data-end=\"888\">\n<p data-start=\"742\" data-end=\"888\"><strong data-start=\"742\" data-end=\"756\">Transmission<\/strong> :<br data-start=\"757\" data-end=\"760\" \/>\u2013 Longueur de manivelles : 140 mm<br data-start=\"784\" data-end=\"787\" \/>\u2013 Support de bo\u00eetier de p\u00e9dalier : Standard<br data-start=\"822\" data-end=\"825\" \/>\u2013 Grand plateau : 63T, Petit plateau : 39T<br data-start=\"863\" data-end=\"866\" \/>\u2013 Cassette : 11\u201340T<\/p>\n<\/li>\n<p>\u00a0\t<\/p>\n<li data-start=\"890\" data-end=\"1031\">\n<p data-start=\"892\" data-end=\"1031\"><strong data-start=\"892\" data-end=\"912\">Freins &amp; Roues<\/strong> :<br data-start=\"913\" data-end=\"916\" \/>\u2013 Syst\u00e8me de freinage : 90 mm<br data-start=\"939\" data-end=\"942\" \/>\u2013 Pneus avant : Schwalbe One 28-406 (standard)<br data-start=\"989\" data-end=\"992\" \/>\u2013 Jantes avant : Alex Rims 406 (301 g)<\/p>\n<\/li>\n<p>\u00a0\t<\/p>\n<li data-start=\"1033\" data-end=\"1136\">\n<p data-start=\"1035\" data-end=\"1136\"><strong data-start=\"1035\" data-end=\"1055\">Rangement &amp; R\u00e9troviseurs<\/strong> :<br data-start=\"1056\" data-end=\"1059\" \/>\u2013 Compartiments \u00e0 bagages : Gauche et droite<br data-start=\"1099\" data-end=\"1102\" \/>\u2013 R\u00e9troviseurs Zefal : Gauche et droite<\/p>\n<\/li>\n<p>\u00a0\t<\/p>\n<li data-start=\"1138\" data-end=\"1290\">\n<p data-start=\"1140\" data-end=\"1290\"><strong data-start=\"1140\" data-end=\"1160\">Confort<\/strong> :<br data-start=\"1161\" data-end=\"1164\" \/>\u2013 Coussinets d&rsquo;\u00e9paules : 1 cm<br data-start=\"1209\" data-end=\"1212\" \/>\u2013 Rembourrage de si\u00e8ge Ventisit<br data-start=\"1237\" data-end=\"1240\" \/>\u2013 Suspension : R\u00e9glage confort<br data-start=\"1271\" data-end=\"1274\" \/>\u2013 Tapis de sol<br \/>\n\u2013 Porte-bidon<\/p>\n<\/li>\n<p>\u00a0\t<\/p>\n<li data-start=\"1292\" data-end=\"1473\">\n<p data-start=\"1294\" data-end=\"1473\"><strong data-start=\"1294\" data-end=\"1316\">Protection Intemp\u00e9ries<\/strong> :<br data-start=\"1317\" data-end=\"1320\" \/>\u2013 Capot Racehood avec passages de genoux moyens (M)<br data-start=\"1410\" data-end=\"1413\" \/>\u2013 Lentille anti-bu\u00e9e<br data-start=\"1430\" data-end=\"1433\" \/>\u2013 Double vitrage \u2013 Mousse Combi avec passages de genoux moyens (M)<\/p>\n<\/li>\n<\/ul>\n","protected":false},"excerpt":{"rendered":"<p data-start=\"52\" data-end=\"334\">Peinture Kawasaki 777 &amp; Blanc (RAL 9010), freins 90 mm, r\u00e9troviseurs Zefal, capot Racehood avec passages de genoux moyens.<\/p>\n<p data-start=\"52\" data-end=\"334\">Manivelles 140 mm, grand plateau 63T, petit plateau 39T, cassette 11-40T, direction par manche central (Tiller).<\/p>\n<p data-start=\"52\" data-end=\"334\">Lupine SL X (commande d\u00e9port\u00e9e), phare avant + hotspot, clignotants, klaxon 14V + chargeur.<\/p>\n<p data-start=\"52\" data-end=\"334\">Pneus avant Schwalbe One 28-406 standard, jantes avant Alex Rims 406 (301 grammes).<\/p>\n<p data-start=\"52\" data-end=\"334\">Faites d\u00e9filer pour voir tous les d\u00e9tails<\/p>\n<p data-start=\"52\" data-end=\"334\"><strong>\u00c9crivez-nous pour discuter du prix et de la livraison<\/strong><\/p>\n","protected":false},"featured_media":115743,"template":"","meta":{"_acf_changed":false},"product_brand":[],"product_cat":[851],"product_tag":[],"class_list":{"0":"post-118752","1":"product","2":"type-product","3":"status-publish","4":"has-post-thumbnail","6":"product_cat-non-categorise","8":"first","9":"instock","10":"sale","11":"taxable","12":"shipping-taxable","13":"purchasable","14":"product-type-simple"},"composite_virtual":false,"composite_layout":"","composite_add_to_cart_form_location":"","composite_editable_in_cart":false,"composite_sold_individually_context":"","composite_shop_price_calc":"","composite_components":[],"composite_scenarios":[],"bundled_by":[],"bundle_stock_status":"instock","bundle_stock_quantity":null,"bundle_virtual":false,"bundle_layout":"","bundle_add_to_cart_form_location":"","bundle_editable_in_cart":false,"bundle_sold_individually_context":"","bundle_item_grouping":"","bundle_min_size":"","bundle_max_size":"","bundle_price":[],"bundled_items":[],"bundle_sell_ids":[],"acf":[],"yoast_head":"<!-- This site is optimized with the Yoast SEO plugin v27.3 - https:\/\/yoast.com\/product\/yoast-seo-wordpress\/ -->\n<title>Bulk Distance - Romania - Velomobile World<\/title>\n<meta name=\"description\" content=\"En stock maintenant, pas d&#039;attente ! Le v\u00e9lomobile Bulk Distance en fibre de carbone, couleur vert Kawasaki, avec un confort de haut niveau. Con\u00e7u pour la performance sur longues distances.\" \/>\n<meta name=\"robots\" content=\"index, follow, max-snippet:-1, max-image-preview:large, max-video-preview:-1\" \/>\n<link rel=\"canonical\" href=\"https:\/\/www.velomobileworld.com\/product\/bulk-distance-green\/\" \/>\n<meta property=\"og:locale\" content=\"fr_FR\" \/>\n<meta property=\"og:type\" content=\"article\" \/>\n<meta property=\"og:title\" content=\"Bulk Distance - Romania - Velomobile World\" \/>\n<meta property=\"og:description\" content=\"En stock maintenant, pas d&#039;attente ! Le v\u00e9lomobile Bulk Distance en fibre de carbone, couleur vert Kawasaki, avec un confort de haut niveau. Con\u00e7u pour la performance sur longues distances.\" \/>\n<meta property=\"og:url\" content=\"https:\/\/www.velomobileworld.com\/product\/bulk-distance-green\/\" \/>\n<meta property=\"og:site_name\" content=\"Velomobile World\" \/>\n<meta property=\"og:image\" content=\"https:\/\/www.velomobileworld.com\/wp-content\/uploads\/2025\/07\/Your-paragraph-text-768x1024.png\" \/>\n\t<meta property=\"og:image:width\" content=\"768\" \/>\n\t<meta property=\"og:image:height\" content=\"1024\" \/>\n\t<meta property=\"og:image:type\" content=\"image\/png\" \/>\n<meta name=\"twitter:card\" content=\"summary_large_image\" \/>\n<meta name=\"twitter:label1\" content=\"Dur\u00e9e de lecture estim\u00e9e\" \/>\n\t<meta name=\"twitter:data1\" content=\"1 minute\" \/>\n<script type=\"application\/ld+json\" class=\"yoast-schema-graph\">{\"@context\":\"https:\\\/\\\/schema.org\",\"@graph\":[{\"@type\":\"WebPage\",\"@id\":\"https:\\\/\\\/www.velomobileworld.com\\\/product\\\/bulk-distance-green\\\/\",\"url\":\"https:\\\/\\\/www.velomobileworld.com\\\/product\\\/bulk-distance-green\\\/\",\"name\":\"Bulk Distance - Romania - Velomobile World\",\"isPartOf\":{\"@id\":\"https:\\\/\\\/www.velomobileworld.com\\\/nl\\\/#website\"},\"primaryImageOfPage\":{\"@id\":\"https:\\\/\\\/www.velomobileworld.com\\\/product\\\/bulk-distance-green\\\/#primaryimage\"},\"image\":{\"@id\":\"https:\\\/\\\/www.velomobileworld.com\\\/product\\\/bulk-distance-green\\\/#primaryimage\"},\"thumbnailUrl\":\"https:\\\/\\\/www.velomobileworld.com\\\/wp-content\\\/uploads\\\/2025\\\/07\\\/Your-paragraph-text.png\",\"datePublished\":\"2025-07-15T11:22:27+00:00\",\"description\":\"En stock maintenant, pas d'attente ! Le v\u00e9lomobile Bulk Distance en fibre de carbone, couleur vert Kawasaki, avec un confort de haut niveau. Con\u00e7u pour la performance sur longues distances.\",\"breadcrumb\":{\"@id\":\"https:\\\/\\\/www.velomobileworld.com\\\/product\\\/bulk-distance-green\\\/#breadcrumb\"},\"inLanguage\":\"fr-FR\",\"potentialAction\":[{\"@type\":\"ReadAction\",\"target\":[\"https:\\\/\\\/www.velomobileworld.com\\\/product\\\/bulk-distance-green\\\/\"]}]},{\"@type\":\"ImageObject\",\"inLanguage\":\"fr-FR\",\"@id\":\"https:\\\/\\\/www.velomobileworld.com\\\/product\\\/bulk-distance-green\\\/#primaryimage\",\"url\":\"https:\\\/\\\/www.velomobileworld.com\\\/wp-content\\\/uploads\\\/2025\\\/07\\\/Your-paragraph-text.png\",\"contentUrl\":\"https:\\\/\\\/www.velomobileworld.com\\\/wp-content\\\/uploads\\\/2025\\\/07\\\/Your-paragraph-text.png\",\"width\":1536,\"height\":2048},{\"@type\":\"BreadcrumbList\",\"@id\":\"https:\\\/\\\/www.velomobileworld.com\\\/product\\\/bulk-distance-green\\\/#breadcrumb\",\"itemListElement\":[{\"@type\":\"ListItem\",\"position\":1,\"name\":\"Home\",\"item\":\"https:\\\/\\\/www.velomobileworld.com\\\/fr\\\/\"},{\"@type\":\"ListItem\",\"position\":2,\"name\":\"Boutique\",\"item\":\"https:\\\/\\\/www.velomobileworld.com\\\/fr\\\/boutique\\\/\"},{\"@type\":\"ListItem\",\"position\":3,\"name\":\"Bulk Distance &#8211; Romania\"}]},{\"@type\":\"WebSite\",\"@id\":\"https:\\\/\\\/www.velomobileworld.com\\\/nl\\\/#website\",\"url\":\"https:\\\/\\\/www.velomobileworld.com\\\/nl\\\/\",\"name\":\"Velomobile World\",\"description\":\"\",\"potentialAction\":[{\"@type\":\"SearchAction\",\"target\":{\"@type\":\"EntryPoint\",\"urlTemplate\":\"https:\\\/\\\/www.velomobileworld.com\\\/nl\\\/?s={search_term_string}\"},\"query-input\":{\"@type\":\"PropertyValueSpecification\",\"valueRequired\":true,\"valueName\":\"search_term_string\"}}],\"inLanguage\":\"fr-FR\"}]}<\/script>\n<!-- \/ Yoast SEO plugin. -->","yoast_head_json":{"title":"Bulk Distance - Romania - Velomobile World","description":"En stock maintenant, pas d'attente ! Le v\u00e9lomobile Bulk Distance en fibre de carbone, couleur vert Kawasaki, avec un confort de haut niveau. Con\u00e7u pour la performance sur longues distances.","robots":{"index":"index","follow":"follow","max-snippet":"max-snippet:-1","max-image-preview":"max-image-preview:large","max-video-preview":"max-video-preview:-1"},"canonical":"https:\/\/www.velomobileworld.com\/product\/bulk-distance-green\/","og_locale":"fr_FR","og_type":"article","og_title":"Bulk Distance - Romania - Velomobile World","og_description":"En stock maintenant, pas d'attente ! Le v\u00e9lomobile Bulk Distance en fibre de carbone, couleur vert Kawasaki, avec un confort de haut niveau. Con\u00e7u pour la performance sur longues distances.","og_url":"https:\/\/www.velomobileworld.com\/product\/bulk-distance-green\/","og_site_name":"Velomobile World","og_image":[{"width":768,"height":1024,"url":"https:\/\/www.velomobileworld.com\/wp-content\/uploads\/2025\/07\/Your-paragraph-text-768x1024.png","type":"image\/png"}],"twitter_card":"summary_large_image","twitter_misc":{"Dur\u00e9e de lecture estim\u00e9e":"1 minute"},"schema":{"@context":"https:\/\/schema.org","@graph":[{"@type":"WebPage","@id":"https:\/\/www.velomobileworld.com\/product\/bulk-distance-green\/","url":"https:\/\/www.velomobileworld.com\/product\/bulk-distance-green\/","name":"Bulk Distance - Romania - Velomobile World","isPartOf":{"@id":"https:\/\/www.velomobileworld.com\/nl\/#website"},"primaryImageOfPage":{"@id":"https:\/\/www.velomobileworld.com\/product\/bulk-distance-green\/#primaryimage"},"image":{"@id":"https:\/\/www.velomobileworld.com\/product\/bulk-distance-green\/#primaryimage"},"thumbnailUrl":"https:\/\/www.velomobileworld.com\/wp-content\/uploads\/2025\/07\/Your-paragraph-text.png","datePublished":"2025-07-15T11:22:27+00:00","description":"En stock maintenant, pas d'attente ! Le v\u00e9lomobile Bulk Distance en fibre de carbone, couleur vert Kawasaki, avec un confort de haut niveau. Con\u00e7u pour la performance sur longues distances.","breadcrumb":{"@id":"https:\/\/www.velomobileworld.com\/product\/bulk-distance-green\/#breadcrumb"},"inLanguage":"fr-FR","potentialAction":[{"@type":"ReadAction","target":["https:\/\/www.velomobileworld.com\/product\/bulk-distance-green\/"]}]},{"@type":"ImageObject","inLanguage":"fr-FR","@id":"https:\/\/www.velomobileworld.com\/product\/bulk-distance-green\/#primaryimage","url":"https:\/\/www.velomobileworld.com\/wp-content\/uploads\/2025\/07\/Your-paragraph-text.png","contentUrl":"https:\/\/www.velomobileworld.com\/wp-content\/uploads\/2025\/07\/Your-paragraph-text.png","width":1536,"height":2048},{"@type":"BreadcrumbList","@id":"https:\/\/www.velomobileworld.com\/product\/bulk-distance-green\/#breadcrumb","itemListElement":[{"@type":"ListItem","position":1,"name":"Home","item":"https:\/\/www.velomobileworld.com\/fr\/"},{"@type":"ListItem","position":2,"name":"Boutique","item":"https:\/\/www.velomobileworld.com\/fr\/boutique\/"},{"@type":"ListItem","position":3,"name":"Bulk Distance &#8211; Romania"}]},{"@type":"WebSite","@id":"https:\/\/www.velomobileworld.com\/nl\/#website","url":"https:\/\/www.velomobileworld.com\/nl\/","name":"Velomobile World","description":"","potentialAction":[{"@type":"SearchAction","target":{"@type":"EntryPoint","urlTemplate":"https:\/\/www.velomobileworld.com\/nl\/?s={search_term_string}"},"query-input":{"@type":"PropertyValueSpecification","valueRequired":true,"valueName":"search_term_string"}}],"inLanguage":"fr-FR"}]}},"_links":{"self":[{"href":"https:\/\/www.velomobileworld.com\/fr\/wp-json\/wp\/v2\/product\/118752","targetHints":{"allow":["GET"]}}],"collection":[{"href":"https:\/\/www.velomobileworld.com\/fr\/wp-json\/wp\/v2\/product"}],"about":[{"href":"https:\/\/www.velomobileworld.com\/fr\/wp-json\/wp\/v2\/types\/product"}],"wp:featuredmedia":[{"embeddable":true,"href":"https:\/\/www.velomobileworld.com\/fr\/wp-json\/wp\/v2\/media\/115743"}],"wp:attachment":[{"href":"https:\/\/www.velomobileworld.com\/fr\/wp-json\/wp\/v2\/media?parent=118752"}],"wp:term":[{"taxonomy":"product_brand","embeddable":true,"href":"https:\/\/www.velomobileworld.com\/fr\/wp-json\/wp\/v2\/product_brand?post=118752"},{"taxonomy":"product_cat","embeddable":true,"href":"https:\/\/www.velomobileworld.com\/fr\/wp-json\/wp\/v2\/product_cat?post=118752"},{"taxonomy":"product_tag","embeddable":true,"href":"https:\/\/www.velomobileworld.com\/fr\/wp-json\/wp\/v2\/product_tag?post=118752"}],"curies":[{"name":"wp","href":"https:\/\/api.w.org\/{rel}","templated":true}]}}