{"id":80789,"date":"2024-10-16T13:07:50","date_gmt":"2024-10-16T11:07:50","guid":{"rendered":"https:\/\/www.velomobileworld.com\/?post_type=product&#038;p=80789"},"modified":"2026-02-09T06:26:26","modified_gmt":"2026-02-09T05:26:26","slug":"bulk-mk1","status":"publish","type":"product","link":"https:\/\/www.velomobileworld.com\/fr\/product\/bulk-mk1\/","title":{"rendered":"B\u00fclk-MK1"},"content":{"rendered":"<h2 data-start=\"0\" data-end=\"74\"><strong data-start=\"0\" data-end=\"74\">Des performances de niveau mondial alli\u00e9es \u00e0 une praticit\u00e9 quotidienne<\/strong><\/h2>\n<p data-start=\"76\" data-end=\"537\">Vivez le frisson de conduire un d\u00e9tenteur de record mondial. Le B\u00fclk MK1, qui a battu le record de travers\u00e9e de l\u2019Allemagne de plus de 3 heures (1 094 km en 29 h 57), associe une efficacit\u00e9 a\u00e9rodynamique in\u00e9gal\u00e9e \u00e0 un confort exceptionnel. Ce v\u00e9hicule r\u00e9volutionnaire \u00e0 propulsion humaine permet d\u2019atteindre des vitesses de course avec beaucoup moins d\u2019effort, tout en procurant une protection compl\u00e8te contre les intemp\u00e9ries et une grande polyvalence au quotidien.<\/p>\n<p data-start=\"539\" data-end=\"694\"><strong data-start=\"539\" data-end=\"557\">Records battus : d\u00e9tenteur<\/strong>&nbsp;du record de travers\u00e9e de l\u2019Allemagne du sud au nord, prouvant ses performances exceptionnelles dans des conditions r\u00e9elles.<\/p>\n<p data-start=\"696\" data-end=\"741\"><strong data-start=\"696\" data-end=\"711\">Mat\u00e9riaux :<\/strong><br data-start=\"711\" data-end=\"714\">Fibre de carbone avec \u00e9poxy<\/p>\n<p data-start=\"743\" data-end=\"785\"><strong data-start=\"743\" data-end=\"765\">Taille du pilote :<\/strong><br data-start=\"765\" data-end=\"768\">~158 cm \u00e0 ~195 cm<\/p>\n<p data-start=\"787\" data-end=\"825\" data-is-last-node=\"\" data-is-only-node=\"\"><strong data-start=\"787\" data-end=\"816\">Poids maximal du pilote :<\/strong><br data-start=\"816\" data-end=\"819\">120 kg<\/p>\n","protected":false},"excerpt":{"rendered":"<p>Le B\u00fclk MK1 red\u00e9finit le transport \u00e0 propulsion humaine, comme en t\u00e9moigne son record de travers\u00e9e de l\u2019Allemagne, battu de plus de 3 heures (1 094 km en 29\u00a0h\u00a057). Gr\u00e2ce \u00e0 une a\u00e9rodynamique de pointe et \u00e0 des fonctionnalit\u00e9s de confort polyvalentes, il transforme aussi bien les trajets quotidiens que les aventures longue distance.<\/p>\n","protected":false},"featured_media":76960,"template":"","meta":{"_acf_changed":false},"product_brand":[],"product_cat":[816,819],"product_tag":[831,5425,825,828,930],"class_list":{"0":"post-80789","1":"product","2":"type-product","3":"status-publish","4":"has-post-thumbnail","6":"product_cat-configure-your-velomobile-fr","7":"product_cat-velomobile-fr","8":"product_tag-comfortable-fr","9":"product_tag-efficace","10":"product_tag-fast-fr","11":"product_tag-highline-fr","12":"product_tag-modular-fr","14":"first","15":"instock","16":"sold-individually","17":"taxable","18":"shipping-taxable","19":"purchasable","20":"product-type-composite"},"composite_virtual":false,"composite_layout":"paged","composite_add_to_cart_form_location":"default","composite_editable_in_cart":false,"composite_sold_individually_context":"product","composite_shop_price_calc":"defaults","composite_components":[{"id":"1671113348","title":"Colors","description":"","query_type":"product_ids","query_ids":[1873],"default_option_id":119400,"thumbnail_id":"","thumbnail_src":"","quantity_min":1,"quantity_max":1,"priced_individually":true,"shipped_individually":false,"optional":false,"discount":"","options_style":"dropdowns","pagination_style":"classic","display_prices":"absolute","show_sorting_options":false,"show_filtering_options":false,"attribute_filter_ids":[],"select_action":"view","product_title_visible":false,"product_descr_visible":false,"product_price_visible":false,"product_thumb_visible":true,"subtotal_visible_product":true,"subtotal_visible_cart":true,"subtotal_visible_orders":true},{"id":"1671116670","title":"Electra","description":"","query_type":"product_ids","query_ids":[1874],"default_option_id":115417,"thumbnail_id":"","thumbnail_src":"","quantity_min":1,"quantity_max":1,"priced_individually":true,"shipped_individually":false,"optional":false,"discount":"","options_style":"dropdowns","pagination_style":"classic","display_prices":"absolute","show_sorting_options":false,"show_filtering_options":false,"attribute_filter_ids":[],"select_action":"view","product_title_visible":false,"product_descr_visible":false,"product_price_visible":false,"product_thumb_visible":true,"subtotal_visible_product":true,"subtotal_visible_cart":true,"subtotal_visible_orders":true},{"id":"1671443596","title":"Gear Options","description":"","query_type":"product_ids","query_ids":[1875],"default_option_id":100899,"thumbnail_id":"","thumbnail_src":"","quantity_min":1,"quantity_max":1,"priced_individually":true,"shipped_individually":false,"optional":false,"discount":"","options_style":"dropdowns","pagination_style":"classic","display_prices":"absolute","show_sorting_options":false,"show_filtering_options":false,"attribute_filter_ids":[],"select_action":"view","product_title_visible":false,"product_descr_visible":false,"product_price_visible":false,"product_thumb_visible":true,"subtotal_visible_product":true,"subtotal_visible_cart":true,"subtotal_visible_orders":true},{"id":"1671450846","title":"Other Options","description":"","query_type":"product_ids","query_ids":[1876],"default_option_id":115424,"thumbnail_id":"","thumbnail_src":"","quantity_min":1,"quantity_max":1,"priced_individually":true,"shipped_individually":false,"optional":false,"discount":"","options_style":"dropdowns","pagination_style":"classic","display_prices":"absolute","show_sorting_options":false,"show_filtering_options":false,"attribute_filter_ids":[],"select_action":"view","product_title_visible":false,"product_descr_visible":false,"product_price_visible":false,"product_thumb_visible":true,"subtotal_visible_product":true,"subtotal_visible_cart":true,"subtotal_visible_orders":true},{"id":"1680784168","title":"Measurements","description":"","query_type":"product_ids","query_ids":[1877],"default_option_id":115431,"thumbnail_id":"","thumbnail_src":"","quantity_min":1,"quantity_max":1,"priced_individually":false,"shipped_individually":false,"optional":false,"discount":"","options_style":"dropdowns","pagination_style":"classic","display_prices":"absolute","show_sorting_options":false,"show_filtering_options":false,"attribute_filter_ids":[],"select_action":"view","product_title_visible":false,"product_descr_visible":true,"product_price_visible":false,"product_thumb_visible":true,"subtotal_visible_product":false,"subtotal_visible_cart":false,"subtotal_visible_orders":false}],"composite_scenarios":[],"bundled_by":[],"bundle_stock_status":"instock","bundle_stock_quantity":null,"bundle_virtual":false,"bundle_layout":"","bundle_add_to_cart_form_location":"","bundle_editable_in_cart":false,"bundle_sold_individually_context":"","bundle_item_grouping":"","bundle_min_size":"","bundle_max_size":"","bundle_price":[],"bundled_items":[],"bundle_sell_ids":[],"acf":[],"yoast_head":"<!-- This site is optimized with the Yoast SEO plugin v27.5 - https:\/\/yoast.com\/product\/yoast-seo-wordpress\/ -->\n<title>B\u00fclk-MK1 - Velomobile World<\/title>\n<meta name=\"description\" content=\"D\u00e9couvrez le B\u00fclk MK1, v\u00e9lomobile aux performances record \u2013 d\u00e9tenteur du record de travers\u00e9e de l\u2019Allemagne, alliant a\u00e9rodynamisme de classe mondiale et usage quotidien pratique.\" \/>\n<meta name=\"robots\" content=\"index, follow, max-snippet:-1, max-image-preview:large, max-video-preview:-1\" \/>\n<link rel=\"canonical\" href=\"https:\/\/www.velomobileworld.com\/product\/2-bulk-mk1\/\" \/>\n<meta property=\"og:locale\" content=\"fr_FR\" \/>\n<meta property=\"og:type\" content=\"article\" \/>\n<meta property=\"og:title\" content=\"B\u00fclk-MK1 - Velomobile World\" \/>\n<meta property=\"og:description\" content=\"D\u00e9couvrez le B\u00fclk MK1, v\u00e9lomobile aux performances record \u2013 d\u00e9tenteur du record de travers\u00e9e de l\u2019Allemagne, alliant a\u00e9rodynamisme de classe mondiale et usage quotidien pratique.\" \/>\n<meta property=\"og:url\" content=\"https:\/\/www.velomobileworld.com\/product\/2-bulk-mk1\/\" \/>\n<meta property=\"og:site_name\" content=\"Velomobile World\" \/>\n<meta property=\"article:modified_time\" content=\"2026-02-09T05:26:26+00:00\" \/>\n<meta property=\"og:image\" content=\"https:\/\/www.velomobileworld.com\/wp-content\/uploads\/2024\/10\/4.png\" \/>\n\t<meta property=\"og:image:width\" content=\"940\" \/>\n\t<meta property=\"og:image:height\" content=\"788\" \/>\n\t<meta property=\"og:image:type\" content=\"image\/png\" \/>\n<meta name=\"twitter:card\" content=\"summary_large_image\" \/>\n<meta name=\"twitter:label1\" content=\"Dur\u00e9e de lecture estim\u00e9e\" \/>\n\t<meta name=\"twitter:data1\" content=\"4 minutes\" \/>\n<script type=\"application\/ld+json\" class=\"yoast-schema-graph\">{\"@context\":\"https:\\\/\\\/schema.org\",\"@graph\":[{\"@type\":\"WebPage\",\"@id\":\"https:\\\/\\\/www.velomobileworld.com\\\/product\\\/2-bulk-mk1\\\/\",\"url\":\"https:\\\/\\\/www.velomobileworld.com\\\/product\\\/2-bulk-mk1\\\/\",\"name\":\"B\u00fclk-MK1 - Velomobile World\",\"isPartOf\":{\"@id\":\"https:\\\/\\\/www.velomobileworld.com\\\/nl\\\/#website\"},\"primaryImageOfPage\":{\"@id\":\"https:\\\/\\\/www.velomobileworld.com\\\/product\\\/2-bulk-mk1\\\/#primaryimage\"},\"image\":{\"@id\":\"https:\\\/\\\/www.velomobileworld.com\\\/product\\\/2-bulk-mk1\\\/#primaryimage\"},\"thumbnailUrl\":\"https:\\\/\\\/www.velomobileworld.com\\\/wp-content\\\/uploads\\\/2024\\\/10\\\/4.png\",\"datePublished\":\"2024-10-16T11:07:50+00:00\",\"dateModified\":\"2026-02-09T05:26:26+00:00\",\"description\":\"D\u00e9couvrez le B\u00fclk MK1, v\u00e9lomobile aux performances record \u2013 d\u00e9tenteur du record de travers\u00e9e de l\u2019Allemagne, alliant a\u00e9rodynamisme de classe mondiale et usage quotidien pratique.\",\"breadcrumb\":{\"@id\":\"https:\\\/\\\/www.velomobileworld.com\\\/product\\\/2-bulk-mk1\\\/#breadcrumb\"},\"inLanguage\":\"fr-FR\",\"potentialAction\":[{\"@type\":\"ReadAction\",\"target\":[\"https:\\\/\\\/www.velomobileworld.com\\\/product\\\/2-bulk-mk1\\\/\"]}]},{\"@type\":\"ImageObject\",\"inLanguage\":\"fr-FR\",\"@id\":\"https:\\\/\\\/www.velomobileworld.com\\\/product\\\/2-bulk-mk1\\\/#primaryimage\",\"url\":\"https:\\\/\\\/www.velomobileworld.com\\\/wp-content\\\/uploads\\\/2024\\\/10\\\/4.png\",\"contentUrl\":\"https:\\\/\\\/www.velomobileworld.com\\\/wp-content\\\/uploads\\\/2024\\\/10\\\/4.png\",\"width\":940,\"height\":788},{\"@type\":\"BreadcrumbList\",\"@id\":\"https:\\\/\\\/www.velomobileworld.com\\\/product\\\/2-bulk-mk1\\\/#breadcrumb\",\"itemListElement\":[{\"@type\":\"ListItem\",\"position\":1,\"name\":\"Home\",\"item\":\"https:\\\/\\\/www.velomobileworld.com\\\/fr\\\/\"},{\"@type\":\"ListItem\",\"position\":2,\"name\":\"Boutique\",\"item\":\"https:\\\/\\\/www.velomobileworld.com\\\/fr\\\/boutique\\\/\"},{\"@type\":\"ListItem\",\"position\":3,\"name\":\"B\u00fclk-MK1\"}]},{\"@type\":\"WebSite\",\"@id\":\"https:\\\/\\\/www.velomobileworld.com\\\/nl\\\/#website\",\"url\":\"https:\\\/\\\/www.velomobileworld.com\\\/nl\\\/\",\"name\":\"Velomobile World\",\"description\":\"\",\"potentialAction\":[{\"@type\":\"SearchAction\",\"target\":{\"@type\":\"EntryPoint\",\"urlTemplate\":\"https:\\\/\\\/www.velomobileworld.com\\\/nl\\\/?s={search_term_string}\"},\"query-input\":{\"@type\":\"PropertyValueSpecification\",\"valueRequired\":true,\"valueName\":\"search_term_string\"}}],\"inLanguage\":\"fr-FR\"}]}<\/script>\n<!-- \/ Yoast SEO plugin. -->","yoast_head_json":{"title":"B\u00fclk-MK1 - Velomobile World","description":"D\u00e9couvrez le B\u00fclk MK1, v\u00e9lomobile aux performances record \u2013 d\u00e9tenteur du record de travers\u00e9e de l\u2019Allemagne, alliant a\u00e9rodynamisme de classe mondiale et usage quotidien pratique.","robots":{"index":"index","follow":"follow","max-snippet":"max-snippet:-1","max-image-preview":"max-image-preview:large","max-video-preview":"max-video-preview:-1"},"canonical":"https:\/\/www.velomobileworld.com\/product\/2-bulk-mk1\/","og_locale":"fr_FR","og_type":"article","og_title":"B\u00fclk-MK1 - Velomobile World","og_description":"D\u00e9couvrez le B\u00fclk MK1, v\u00e9lomobile aux performances record \u2013 d\u00e9tenteur du record de travers\u00e9e de l\u2019Allemagne, alliant a\u00e9rodynamisme de classe mondiale et usage quotidien pratique.","og_url":"https:\/\/www.velomobileworld.com\/product\/2-bulk-mk1\/","og_site_name":"Velomobile World","article_modified_time":"2026-02-09T05:26:26+00:00","og_image":[{"width":940,"height":788,"url":"https:\/\/www.velomobileworld.com\/wp-content\/uploads\/2024\/10\/4.png","type":"image\/png"}],"twitter_card":"summary_large_image","twitter_misc":{"Dur\u00e9e de lecture estim\u00e9e":"4 minutes"},"schema":{"@context":"https:\/\/schema.org","@graph":[{"@type":"WebPage","@id":"https:\/\/www.velomobileworld.com\/product\/2-bulk-mk1\/","url":"https:\/\/www.velomobileworld.com\/product\/2-bulk-mk1\/","name":"B\u00fclk-MK1 - Velomobile World","isPartOf":{"@id":"https:\/\/www.velomobileworld.com\/nl\/#website"},"primaryImageOfPage":{"@id":"https:\/\/www.velomobileworld.com\/product\/2-bulk-mk1\/#primaryimage"},"image":{"@id":"https:\/\/www.velomobileworld.com\/product\/2-bulk-mk1\/#primaryimage"},"thumbnailUrl":"https:\/\/www.velomobileworld.com\/wp-content\/uploads\/2024\/10\/4.png","datePublished":"2024-10-16T11:07:50+00:00","dateModified":"2026-02-09T05:26:26+00:00","description":"D\u00e9couvrez le B\u00fclk MK1, v\u00e9lomobile aux performances record \u2013 d\u00e9tenteur du record de travers\u00e9e de l\u2019Allemagne, alliant a\u00e9rodynamisme de classe mondiale et usage quotidien pratique.","breadcrumb":{"@id":"https:\/\/www.velomobileworld.com\/product\/2-bulk-mk1\/#breadcrumb"},"inLanguage":"fr-FR","potentialAction":[{"@type":"ReadAction","target":["https:\/\/www.velomobileworld.com\/product\/2-bulk-mk1\/"]}]},{"@type":"ImageObject","inLanguage":"fr-FR","@id":"https:\/\/www.velomobileworld.com\/product\/2-bulk-mk1\/#primaryimage","url":"https:\/\/www.velomobileworld.com\/wp-content\/uploads\/2024\/10\/4.png","contentUrl":"https:\/\/www.velomobileworld.com\/wp-content\/uploads\/2024\/10\/4.png","width":940,"height":788},{"@type":"BreadcrumbList","@id":"https:\/\/www.velomobileworld.com\/product\/2-bulk-mk1\/#breadcrumb","itemListElement":[{"@type":"ListItem","position":1,"name":"Home","item":"https:\/\/www.velomobileworld.com\/fr\/"},{"@type":"ListItem","position":2,"name":"Boutique","item":"https:\/\/www.velomobileworld.com\/fr\/boutique\/"},{"@type":"ListItem","position":3,"name":"B\u00fclk-MK1"}]},{"@type":"WebSite","@id":"https:\/\/www.velomobileworld.com\/nl\/#website","url":"https:\/\/www.velomobileworld.com\/nl\/","name":"Velomobile World","description":"","potentialAction":[{"@type":"SearchAction","target":{"@type":"EntryPoint","urlTemplate":"https:\/\/www.velomobileworld.com\/nl\/?s={search_term_string}"},"query-input":{"@type":"PropertyValueSpecification","valueRequired":true,"valueName":"search_term_string"}}],"inLanguage":"fr-FR"}]}},"_links":{"self":[{"href":"https:\/\/www.velomobileworld.com\/fr\/wp-json\/wp\/v2\/product\/80789","targetHints":{"allow":["GET"]}}],"collection":[{"href":"https:\/\/www.velomobileworld.com\/fr\/wp-json\/wp\/v2\/product"}],"about":[{"href":"https:\/\/www.velomobileworld.com\/fr\/wp-json\/wp\/v2\/types\/product"}],"wp:featuredmedia":[{"embeddable":true,"href":"https:\/\/www.velomobileworld.com\/fr\/wp-json\/wp\/v2\/media\/76960"}],"wp:attachment":[{"href":"https:\/\/www.velomobileworld.com\/fr\/wp-json\/wp\/v2\/media?parent=80789"}],"wp:term":[{"taxonomy":"product_brand","embeddable":true,"href":"https:\/\/www.velomobileworld.com\/fr\/wp-json\/wp\/v2\/product_brand?post=80789"},{"taxonomy":"product_cat","embeddable":true,"href":"https:\/\/www.velomobileworld.com\/fr\/wp-json\/wp\/v2\/product_cat?post=80789"},{"taxonomy":"product_tag","embeddable":true,"href":"https:\/\/www.velomobileworld.com\/fr\/wp-json\/wp\/v2\/product_tag?post=80789"}],"curies":[{"name":"wp","href":"https:\/\/api.w.org\/{rel}","templated":true}]}}