{"id":80843,"date":"2024-10-16T13:15:56","date_gmt":"2024-10-16T11:15:56","guid":{"rendered":"https:\/\/www.velomobileworld.com\/?post_type=product&#038;p=80843"},"modified":"2026-02-18T07:23:42","modified_gmt":"2026-02-18T06:23:42","slug":"bulk-4-more","status":"publish","type":"product","link":"https:\/\/www.velomobileworld.com\/fr\/product\/bulk-4-more\/","title":{"rendered":"B\u00fclk 4 More"},"content":{"rendered":"<h2>Le V\u00e9lomobile du Peuple Est Arriv\u00e9<\/h2>\n<p>D\u00e9couvrez le frisson d&rsquo;une ing\u00e9nierie de v\u00e9lomobile haut de gamme \u00e0 un prix qui a du sens. Le B\u00fclk 4 More vous offre 90% des caract\u00e9ristiques qui rendent les v\u00e9lomobiles premium extraordinaires, \u00e0 seulement 60% de leur co\u00fbt. N\u00e9 de l&rsquo;ADN de notre B\u00fclk MK1 qui a \u00e9tabli des records mondiaux, c&rsquo;est plus qu&rsquo;un simple v\u00e9lomobile \u2013 c&rsquo;est une r\u00e9volution dans la mobilit\u00e9 urbaine durable.<\/p>\n<ul>\n<li>Le B\u00fclk 4 more est principalement fabriqu\u00e9 en PRV (plastique renforc\u00e9 de verre) et non plus en PRFC (plastique renforc\u00e9 de fibres de carbone). En moyenne, le poids du syst\u00e8me v\u00e9hicule\/conducteur sera environ 2,5% plus \u00e9lev\u00e9.<\/li>\n<li>Le v\u00e9hicule n&rsquo;a qu&rsquo;une transmission 1\u00d711 vitesses en standard, ce qui est suffisant pour 90% de toutes les applications.<\/li>\n<li>Dans l&rsquo;\u00e9quipement de base, il n&rsquo;y a qu&rsquo;un seul \u00e9clairage enfichable homologu\u00e9 STVO avec fonction de feu stop (phare de 80 lux).<\/li>\n<li>Le cadre avant et le bras oscillant mono sont fabriqu\u00e9s en aluminium et non plus en carbone.<\/li>\n<li>La carrosserie n&rsquo;est plus peinte, mais recouverte d&rsquo;un film.<\/li>\n<li>En simplifiant la structure interne et en agrandissant les trappes de service, la production devient nettement plus facile et moins co\u00fbteuse.<\/li>\n<\/ul>\n","protected":false},"excerpt":{"rendered":"<p>La demande pour les v\u00e9lomobiles \u00e0 prix \u00e9lev\u00e9 avait diminu\u00e9, c&rsquo;est ainsi qu&rsquo;est n\u00e9e l&rsquo;id\u00e9e d&rsquo;un &lsquo;v\u00e9lomobile du peuple&rsquo;. Abordable \u00e9galement pour les jeunes et g\u00e9n\u00e9ralement pour plus de personnes: d&rsquo;o\u00f9 le nom B\u00fclk for More.<br \/>\nCe nouveau v\u00e9hicule ne devrait pas seulement \u00eatre abordable pour plus de personnes, mais aussi avoir des caract\u00e9ristiques permettant une utilisation plus universelle.<\/p>\n","protected":false},"featured_media":76980,"template":"","meta":{"_acf_changed":false},"product_brand":[],"product_cat":[816,819],"product_tag":[831,933,932,930,931],"class_list":{"0":"post-80843","1":"product","2":"type-product","3":"status-publish","4":"has-post-thumbnail","6":"product_cat-configure-your-velomobile-fr","7":"product_cat-velomobile-fr","8":"product_tag-comfortable-fr","9":"product_tag-glass-fiber-fr","10":"product_tag-increased-ground-clearance-fr","11":"product_tag-modular-fr","12":"product_tag-short-turning-circle-fr","14":"first","15":"instock","16":"sold-individually","17":"taxable","18":"shipping-taxable","19":"purchasable","20":"product-type-composite"},"composite_virtual":false,"composite_layout":"paged","composite_add_to_cart_form_location":"default","composite_editable_in_cart":false,"composite_sold_individually_context":"product","composite_shop_price_calc":"defaults","composite_components":[{"id":"1671113348","title":"Colors","description":"","query_type":"product_ids","query_ids":[3850],"default_option_id":115235,"thumbnail_id":"","thumbnail_src":"","quantity_min":1,"quantity_max":1,"priced_individually":true,"shipped_individually":false,"optional":false,"discount":"","options_style":"dropdowns","pagination_style":"classic","display_prices":"absolute","show_sorting_options":false,"show_filtering_options":false,"attribute_filter_ids":[],"select_action":"view","product_title_visible":false,"product_descr_visible":false,"product_price_visible":false,"product_thumb_visible":true,"subtotal_visible_product":true,"subtotal_visible_cart":true,"subtotal_visible_orders":true},{"id":"1671116670","title":"Electra","description":"","query_type":"product_ids","query_ids":[3849],"default_option_id":115228,"thumbnail_id":"","thumbnail_src":"","quantity_min":1,"quantity_max":1,"priced_individually":true,"shipped_individually":false,"optional":false,"discount":"","options_style":"dropdowns","pagination_style":"classic","display_prices":"absolute","show_sorting_options":false,"show_filtering_options":false,"attribute_filter_ids":[],"select_action":"view","product_title_visible":false,"product_descr_visible":false,"product_price_visible":false,"product_thumb_visible":true,"subtotal_visible_product":true,"subtotal_visible_cart":true,"subtotal_visible_orders":true},{"id":"1671443596","title":"Gear Options","description":"","query_type":"product_ids","query_ids":[3851],"default_option_id":115242,"thumbnail_id":"","thumbnail_src":"","quantity_min":1,"quantity_max":1,"priced_individually":true,"shipped_individually":false,"optional":false,"discount":"","options_style":"dropdowns","pagination_style":"classic","display_prices":"absolute","show_sorting_options":false,"show_filtering_options":false,"attribute_filter_ids":[],"select_action":"view","product_title_visible":false,"product_descr_visible":false,"product_price_visible":false,"product_thumb_visible":true,"subtotal_visible_product":true,"subtotal_visible_cart":true,"subtotal_visible_orders":true},{"id":"1671450846","title":"Other Options","description":"","query_type":"product_ids","query_ids":[3852],"default_option_id":115249,"thumbnail_id":"","thumbnail_src":"","quantity_min":1,"quantity_max":1,"priced_individually":true,"shipped_individually":false,"optional":false,"discount":"","options_style":"dropdowns","pagination_style":"classic","display_prices":"absolute","show_sorting_options":false,"show_filtering_options":false,"attribute_filter_ids":[],"select_action":"view","product_title_visible":false,"product_descr_visible":false,"product_price_visible":false,"product_thumb_visible":true,"subtotal_visible_product":true,"subtotal_visible_cart":true,"subtotal_visible_orders":true},{"id":"1680784168","title":"Measurements","description":"","query_type":"product_ids","query_ids":[1877],"default_option_id":115431,"thumbnail_id":"","thumbnail_src":"","quantity_min":1,"quantity_max":1,"priced_individually":false,"shipped_individually":false,"optional":false,"discount":"","options_style":"dropdowns","pagination_style":"classic","display_prices":"absolute","show_sorting_options":false,"show_filtering_options":false,"attribute_filter_ids":[],"select_action":"view","product_title_visible":false,"product_descr_visible":true,"product_price_visible":false,"product_thumb_visible":true,"subtotal_visible_product":false,"subtotal_visible_cart":false,"subtotal_visible_orders":false}],"composite_scenarios":[],"bundled_by":[],"bundle_stock_status":"instock","bundle_stock_quantity":null,"bundle_virtual":false,"bundle_layout":"","bundle_add_to_cart_form_location":"","bundle_editable_in_cart":false,"bundle_sold_individually_context":"","bundle_item_grouping":"","bundle_min_size":"","bundle_max_size":"","bundle_price":[],"bundled_items":[],"bundle_sell_ids":[],"acf":[],"yoast_head":"<!-- This site is optimized with the Yoast SEO plugin v27.3 - https:\/\/yoast.com\/product\/yoast-seo-wordpress\/ -->\n<title>B\u00fclk 4 More - Velomobile World<\/title>\n<meta name=\"description\" content=\"Experience premium velomobile performance at an accessible price with the B\u00fclk 4 More. Based on our world record design, featuring advanced aerodynamics and customizable options for daily commuting.\" \/>\n<meta name=\"robots\" content=\"index, follow, max-snippet:-1, max-image-preview:large, max-video-preview:-1\" \/>\n<link rel=\"canonical\" href=\"https:\/\/www.velomobileworld.com\/product\/1-bulk-4-more\/\" \/>\n<meta property=\"og:locale\" content=\"fr_FR\" \/>\n<meta property=\"og:type\" content=\"article\" \/>\n<meta property=\"og:title\" content=\"B\u00fclk 4 More - Velomobile World\" \/>\n<meta property=\"og:description\" content=\"Experience premium velomobile performance at an accessible price with the B\u00fclk 4 More. Based on our world record design, featuring advanced aerodynamics and customizable options for daily commuting.\" \/>\n<meta property=\"og:url\" content=\"https:\/\/www.velomobileworld.com\/product\/1-bulk-4-more\/\" \/>\n<meta property=\"og:site_name\" content=\"Velomobile World\" \/>\n<meta property=\"article:modified_time\" content=\"2026-02-18T06:23:42+00:00\" \/>\n<meta property=\"og:image\" content=\"https:\/\/www.velomobileworld.com\/wp-content\/uploads\/2024\/10\/1.png\" \/>\n\t<meta property=\"og:image:width\" content=\"940\" \/>\n\t<meta property=\"og:image:height\" content=\"788\" \/>\n\t<meta property=\"og:image:type\" content=\"image\/png\" \/>\n<meta name=\"twitter:card\" content=\"summary_large_image\" \/>\n<meta name=\"twitter:label1\" content=\"Dur\u00e9e de lecture estim\u00e9e\" \/>\n\t<meta name=\"twitter:data1\" content=\"6 minutes\" \/>\n<script type=\"application\/ld+json\" class=\"yoast-schema-graph\">{\"@context\":\"https:\\\/\\\/schema.org\",\"@graph\":[{\"@type\":\"WebPage\",\"@id\":\"https:\\\/\\\/www.velomobileworld.com\\\/product\\\/1-bulk-4-more\\\/\",\"url\":\"https:\\\/\\\/www.velomobileworld.com\\\/product\\\/1-bulk-4-more\\\/\",\"name\":\"B\u00fclk 4 More - Velomobile World\",\"isPartOf\":{\"@id\":\"https:\\\/\\\/www.velomobileworld.com\\\/nl\\\/#website\"},\"primaryImageOfPage\":{\"@id\":\"https:\\\/\\\/www.velomobileworld.com\\\/product\\\/1-bulk-4-more\\\/#primaryimage\"},\"image\":{\"@id\":\"https:\\\/\\\/www.velomobileworld.com\\\/product\\\/1-bulk-4-more\\\/#primaryimage\"},\"thumbnailUrl\":\"https:\\\/\\\/www.velomobileworld.com\\\/wp-content\\\/uploads\\\/2024\\\/10\\\/1.png\",\"datePublished\":\"2024-10-16T11:15:56+00:00\",\"dateModified\":\"2026-02-18T06:23:42+00:00\",\"description\":\"Experience premium velomobile performance at an accessible price with the B\u00fclk 4 More. Based on our world record design, featuring advanced aerodynamics and customizable options for daily commuting.\",\"breadcrumb\":{\"@id\":\"https:\\\/\\\/www.velomobileworld.com\\\/product\\\/1-bulk-4-more\\\/#breadcrumb\"},\"inLanguage\":\"fr-FR\",\"potentialAction\":[{\"@type\":\"ReadAction\",\"target\":[\"https:\\\/\\\/www.velomobileworld.com\\\/product\\\/1-bulk-4-more\\\/\"]}]},{\"@type\":\"ImageObject\",\"inLanguage\":\"fr-FR\",\"@id\":\"https:\\\/\\\/www.velomobileworld.com\\\/product\\\/1-bulk-4-more\\\/#primaryimage\",\"url\":\"https:\\\/\\\/www.velomobileworld.com\\\/wp-content\\\/uploads\\\/2024\\\/10\\\/1.png\",\"contentUrl\":\"https:\\\/\\\/www.velomobileworld.com\\\/wp-content\\\/uploads\\\/2024\\\/10\\\/1.png\",\"width\":940,\"height\":788},{\"@type\":\"BreadcrumbList\",\"@id\":\"https:\\\/\\\/www.velomobileworld.com\\\/product\\\/1-bulk-4-more\\\/#breadcrumb\",\"itemListElement\":[{\"@type\":\"ListItem\",\"position\":1,\"name\":\"Home\",\"item\":\"https:\\\/\\\/www.velomobileworld.com\\\/fr\\\/\"},{\"@type\":\"ListItem\",\"position\":2,\"name\":\"Boutique\",\"item\":\"https:\\\/\\\/www.velomobileworld.com\\\/fr\\\/boutique\\\/\"},{\"@type\":\"ListItem\",\"position\":3,\"name\":\"B\u00fclk 4 More\"}]},{\"@type\":\"WebSite\",\"@id\":\"https:\\\/\\\/www.velomobileworld.com\\\/nl\\\/#website\",\"url\":\"https:\\\/\\\/www.velomobileworld.com\\\/nl\\\/\",\"name\":\"Velomobile World\",\"description\":\"\",\"potentialAction\":[{\"@type\":\"SearchAction\",\"target\":{\"@type\":\"EntryPoint\",\"urlTemplate\":\"https:\\\/\\\/www.velomobileworld.com\\\/nl\\\/?s={search_term_string}\"},\"query-input\":{\"@type\":\"PropertyValueSpecification\",\"valueRequired\":true,\"valueName\":\"search_term_string\"}}],\"inLanguage\":\"fr-FR\"}]}<\/script>\n<!-- \/ Yoast SEO plugin. -->","yoast_head_json":{"title":"B\u00fclk 4 More - Velomobile World","description":"Experience premium velomobile performance at an accessible price with the B\u00fclk 4 More. Based on our world record design, featuring advanced aerodynamics and customizable options for daily commuting.","robots":{"index":"index","follow":"follow","max-snippet":"max-snippet:-1","max-image-preview":"max-image-preview:large","max-video-preview":"max-video-preview:-1"},"canonical":"https:\/\/www.velomobileworld.com\/product\/1-bulk-4-more\/","og_locale":"fr_FR","og_type":"article","og_title":"B\u00fclk 4 More - Velomobile World","og_description":"Experience premium velomobile performance at an accessible price with the B\u00fclk 4 More. Based on our world record design, featuring advanced aerodynamics and customizable options for daily commuting.","og_url":"https:\/\/www.velomobileworld.com\/product\/1-bulk-4-more\/","og_site_name":"Velomobile World","article_modified_time":"2026-02-18T06:23:42+00:00","og_image":[{"width":940,"height":788,"url":"https:\/\/www.velomobileworld.com\/wp-content\/uploads\/2024\/10\/1.png","type":"image\/png"}],"twitter_card":"summary_large_image","twitter_misc":{"Dur\u00e9e de lecture estim\u00e9e":"6 minutes"},"schema":{"@context":"https:\/\/schema.org","@graph":[{"@type":"WebPage","@id":"https:\/\/www.velomobileworld.com\/product\/1-bulk-4-more\/","url":"https:\/\/www.velomobileworld.com\/product\/1-bulk-4-more\/","name":"B\u00fclk 4 More - Velomobile World","isPartOf":{"@id":"https:\/\/www.velomobileworld.com\/nl\/#website"},"primaryImageOfPage":{"@id":"https:\/\/www.velomobileworld.com\/product\/1-bulk-4-more\/#primaryimage"},"image":{"@id":"https:\/\/www.velomobileworld.com\/product\/1-bulk-4-more\/#primaryimage"},"thumbnailUrl":"https:\/\/www.velomobileworld.com\/wp-content\/uploads\/2024\/10\/1.png","datePublished":"2024-10-16T11:15:56+00:00","dateModified":"2026-02-18T06:23:42+00:00","description":"Experience premium velomobile performance at an accessible price with the B\u00fclk 4 More. Based on our world record design, featuring advanced aerodynamics and customizable options for daily commuting.","breadcrumb":{"@id":"https:\/\/www.velomobileworld.com\/product\/1-bulk-4-more\/#breadcrumb"},"inLanguage":"fr-FR","potentialAction":[{"@type":"ReadAction","target":["https:\/\/www.velomobileworld.com\/product\/1-bulk-4-more\/"]}]},{"@type":"ImageObject","inLanguage":"fr-FR","@id":"https:\/\/www.velomobileworld.com\/product\/1-bulk-4-more\/#primaryimage","url":"https:\/\/www.velomobileworld.com\/wp-content\/uploads\/2024\/10\/1.png","contentUrl":"https:\/\/www.velomobileworld.com\/wp-content\/uploads\/2024\/10\/1.png","width":940,"height":788},{"@type":"BreadcrumbList","@id":"https:\/\/www.velomobileworld.com\/product\/1-bulk-4-more\/#breadcrumb","itemListElement":[{"@type":"ListItem","position":1,"name":"Home","item":"https:\/\/www.velomobileworld.com\/fr\/"},{"@type":"ListItem","position":2,"name":"Boutique","item":"https:\/\/www.velomobileworld.com\/fr\/boutique\/"},{"@type":"ListItem","position":3,"name":"B\u00fclk 4 More"}]},{"@type":"WebSite","@id":"https:\/\/www.velomobileworld.com\/nl\/#website","url":"https:\/\/www.velomobileworld.com\/nl\/","name":"Velomobile World","description":"","potentialAction":[{"@type":"SearchAction","target":{"@type":"EntryPoint","urlTemplate":"https:\/\/www.velomobileworld.com\/nl\/?s={search_term_string}"},"query-input":{"@type":"PropertyValueSpecification","valueRequired":true,"valueName":"search_term_string"}}],"inLanguage":"fr-FR"}]}},"_links":{"self":[{"href":"https:\/\/www.velomobileworld.com\/fr\/wp-json\/wp\/v2\/product\/80843","targetHints":{"allow":["GET"]}}],"collection":[{"href":"https:\/\/www.velomobileworld.com\/fr\/wp-json\/wp\/v2\/product"}],"about":[{"href":"https:\/\/www.velomobileworld.com\/fr\/wp-json\/wp\/v2\/types\/product"}],"wp:featuredmedia":[{"embeddable":true,"href":"https:\/\/www.velomobileworld.com\/fr\/wp-json\/wp\/v2\/media\/76980"}],"wp:attachment":[{"href":"https:\/\/www.velomobileworld.com\/fr\/wp-json\/wp\/v2\/media?parent=80843"}],"wp:term":[{"taxonomy":"product_brand","embeddable":true,"href":"https:\/\/www.velomobileworld.com\/fr\/wp-json\/wp\/v2\/product_brand?post=80843"},{"taxonomy":"product_cat","embeddable":true,"href":"https:\/\/www.velomobileworld.com\/fr\/wp-json\/wp\/v2\/product_cat?post=80843"},{"taxonomy":"product_tag","embeddable":true,"href":"https:\/\/www.velomobileworld.com\/fr\/wp-json\/wp\/v2\/product_tag?post=80843"}],"curies":[{"name":"wp","href":"https:\/\/api.w.org\/{rel}","templated":true}]}}