{"id":97916,"date":"2025-03-17T08:52:18","date_gmt":"2025-03-17T07:52:18","guid":{"rendered":"https:\/\/www.velomobileworld.com\/?post_type=product&#038;p=97916"},"modified":"2026-02-13T11:41:05","modified_gmt":"2026-02-13T10:41:05","slug":"bulk-distance","status":"publish","type":"product","link":"https:\/\/www.velomobileworld.com\/it\/product\/bulk-distance\/","title":{"rendered":"B\u00fclk Distance"},"content":{"rendered":"<p data-start=\"78\" data-end=\"247\"><strong data-start=\"78\" data-end=\"139\">B\u00fclk Distance <\/strong>\u00e8 il velomobile pi\u00f9 veloce della serie B\u00fclk e unisce un\u2019aerodinamica senza compromessi con la praticit\u00e0 d\u2019uso quotidiano e la facilit\u00e0 di manutenzione.<\/p>\n<p data-start=\"249\" data-end=\"620\">Il velomobile B\u00fclk Distance \u00e8 un veicolo a propulsione muscolare pensato per lo sport, il tempo libero e la mobilit\u00e0 in generale. Anche se tecnicamente \u00e8 una bicicletta, offre molto di pi\u00f9: eccellente protezione contro le intemperie, grande comfort di guida, elevata sicurezza e richiede molta meno energia rispetto a una bici da corsa per raggiungere la stessa velocit\u00e0.<\/p>\n<p data-start=\"622\" data-end=\"871\">Dopo aver creato l\u2019eccezionale B\u00fclk MK1 nel 2021, <strong data-start=\"672\" data-end=\"687\">Eggert B\u00fclk<\/strong> e <strong data-start=\"690\" data-end=\"708\">Jens Buckbesch<\/strong> hanno sviluppato il modello gemello, il <strong data-start=\"749\" data-end=\"766\">B\u00fclk Distance<\/strong>, con un design aerodinamico ottimizzato tramite simulazione CFD dal <strong data-start=\"835\" data-end=\"870\">Prof. Dr. h.c.-Ing. Eric Helter<\/strong>.<\/p>\n<p data-start=\"873\" data-end=\"1034\">Il B\u00fclk Distance si basa sul velomobile da record <strong data-start=\"923\" data-end=\"935\">B\u00fclk MK1<\/strong> e rappresenta un\u2019ulteriore evoluzione in termini di aerodinamica e praticit\u00e0 per l\u2019uso quotidiano.<\/p>\n<p data-start=\"1036\" data-end=\"1289\">Clicca sul pulsante &#8220;Dettagli su B\u00fclk Distance&#8221; qui sopra oppure QUI per scoprire di pi\u00f9 su: efficienza nei viaggi a lunga distanza, aerodinamica, compattezza e modularit\u00e0, stabilit\u00e0 e dinamica di guida, sicurezza, specifiche tecniche e molto altro.<\/p>\n","protected":false},"excerpt":{"rendered":"<p>B\u00fclk Distance \u00e8 il velomobile pi\u00f9 veloce della serie B\u00fclk e unisce un\u2019aerodinamica senza compromessi con la praticit\u00e0 d\u2019uso quotidiano e la facilit\u00e0 di manutenzione. Si basa sul velomobile da record B\u00fclk MK1 e rappresenta un\u2019ulteriore evoluzione in termini di aerodinamica e funzionalit\u00e0 quotidiana.<\/p>\n","protected":false},"featured_media":80510,"template":"","meta":{"_acf_changed":false},"product_brand":[],"product_cat":[906,909],"product_tag":[927,940,925,926,939,5439],"class_list":{"0":"post-97916","1":"product","2":"type-product","3":"status-publish","4":"has-post-thumbnail","6":"product_cat-configure-your-velomobile-it","7":"product_cat-velomobile-it","8":"product_tag-comfortable-it","9":"product_tag-efficient-it","10":"product_tag-fast-it","11":"product_tag-highline-it","12":"product_tag-modular-it","13":"product_tag-velomobile","15":"first","16":"instock","17":"sold-individually","18":"taxable","19":"shipping-taxable","20":"purchasable","21":"product-type-composite"},"composite_virtual":false,"composite_layout":"paged","composite_add_to_cart_form_location":"default","composite_editable_in_cart":false,"composite_sold_individually_context":"product","composite_shop_price_calc":"defaults","composite_components":[{"id":"1671113348","title":"Colors","description":"","query_type":"product_ids","query_ids":[115217],"default_option_id":115217,"thumbnail_id":"","thumbnail_src":"","quantity_min":1,"quantity_max":1,"priced_individually":true,"shipped_individually":false,"optional":false,"discount":"","options_style":"dropdowns","pagination_style":"classic","display_prices":"absolute","show_sorting_options":false,"show_filtering_options":false,"attribute_filter_ids":[],"select_action":"view","product_title_visible":false,"product_descr_visible":false,"product_price_visible":false,"product_thumb_visible":true,"subtotal_visible_product":true,"subtotal_visible_cart":true,"subtotal_visible_orders":true},{"id":"1671116670","title":"Electra","description":"","query_type":"product_ids","query_ids":[115419],"default_option_id":115419,"thumbnail_id":"","thumbnail_src":"","quantity_min":1,"quantity_max":1,"priced_individually":true,"shipped_individually":false,"optional":false,"discount":"","options_style":"dropdowns","pagination_style":"classic","display_prices":"absolute","show_sorting_options":false,"show_filtering_options":false,"attribute_filter_ids":[],"select_action":"view","product_title_visible":false,"product_descr_visible":false,"product_price_visible":false,"product_thumb_visible":true,"subtotal_visible_product":true,"subtotal_visible_cart":true,"subtotal_visible_orders":true},{"id":"1671443596","title":"Gear Options","description":"","query_type":"product_ids","query_ids":[115210],"default_option_id":115210,"thumbnail_id":"","thumbnail_src":"","quantity_min":1,"quantity_max":1,"priced_individually":true,"shipped_individually":false,"optional":false,"discount":"","options_style":"dropdowns","pagination_style":"classic","display_prices":"absolute","show_sorting_options":false,"show_filtering_options":false,"attribute_filter_ids":[],"select_action":"view","product_title_visible":false,"product_descr_visible":false,"product_price_visible":false,"product_thumb_visible":true,"subtotal_visible_product":true,"subtotal_visible_cart":true,"subtotal_visible_orders":true},{"id":"1671450846","title":"Other Options","description":"","query_type":"product_ids","query_ids":[115203],"default_option_id":115203,"thumbnail_id":"","thumbnail_src":"","quantity_min":1,"quantity_max":1,"priced_individually":true,"shipped_individually":false,"optional":false,"discount":"","options_style":"dropdowns","pagination_style":"classic","display_prices":"absolute","show_sorting_options":false,"show_filtering_options":false,"attribute_filter_ids":[],"select_action":"view","product_title_visible":false,"product_descr_visible":false,"product_price_visible":false,"product_thumb_visible":true,"subtotal_visible_product":true,"subtotal_visible_cart":true,"subtotal_visible_orders":true},{"id":"1680784168","title":"Measurements","description":"","query_type":"product_ids","query_ids":[115433],"default_option_id":115433,"thumbnail_id":"","thumbnail_src":"","quantity_min":1,"quantity_max":1,"priced_individually":false,"shipped_individually":false,"optional":false,"discount":"","options_style":"dropdowns","pagination_style":"classic","display_prices":"absolute","show_sorting_options":false,"show_filtering_options":false,"attribute_filter_ids":[],"select_action":"view","product_title_visible":false,"product_descr_visible":true,"product_price_visible":false,"product_thumb_visible":true,"subtotal_visible_product":false,"subtotal_visible_cart":false,"subtotal_visible_orders":false}],"composite_scenarios":[],"bundled_by":[],"bundle_stock_status":"instock","bundle_stock_quantity":null,"bundle_virtual":false,"bundle_layout":"","bundle_add_to_cart_form_location":"","bundle_editable_in_cart":false,"bundle_sold_individually_context":"","bundle_item_grouping":"","bundle_min_size":"","bundle_max_size":"","bundle_price":[],"bundled_items":[],"bundle_sell_ids":[],"acf":[],"yoast_head":"<!-- This site is optimized with the Yoast SEO plugin v27.5 - https:\/\/yoast.com\/product\/yoast-seo-wordpress\/ -->\n<title>B\u00fclk Distance - Velomobile World<\/title>\n<meta name=\"description\" content=\"Scopri il velomobile pi\u00f9 veloce \u2013 B\u00fclk Distance. Andare in bici non \u00e8 mai stato cos\u00ec facile e confortevole per i pendolari su lunghe distanze. Ordina ora!\" \/>\n<meta name=\"robots\" content=\"index, follow, max-snippet:-1, max-image-preview:large, max-video-preview:-1\" \/>\n<link rel=\"canonical\" href=\"https:\/\/www.velomobileworld.com\/product\/bulk-distance-2\/\" \/>\n<meta property=\"og:locale\" content=\"it_IT\" \/>\n<meta property=\"og:type\" content=\"article\" \/>\n<meta property=\"og:title\" content=\"B\u00fclk Distance - Velomobile World\" \/>\n<meta property=\"og:description\" content=\"Scopri il velomobile pi\u00f9 veloce \u2013 B\u00fclk Distance. Andare in bici non \u00e8 mai stato cos\u00ec facile e confortevole per i pendolari su lunghe distanze. Ordina ora!\" \/>\n<meta property=\"og:url\" content=\"https:\/\/www.velomobileworld.com\/product\/bulk-distance-2\/\" \/>\n<meta property=\"og:site_name\" content=\"Velomobile World\" \/>\n<meta property=\"article:modified_time\" content=\"2026-02-13T10:41:05+00:00\" \/>\n<meta property=\"og:image\" content=\"https:\/\/www.velomobileworld.com\/wp-content\/uploads\/2025\/03\/Untitled-design-1-2048x1717-1.webp\" \/>\n\t<meta property=\"og:image:width\" content=\"2048\" \/>\n\t<meta property=\"og:image:height\" content=\"1717\" \/>\n\t<meta property=\"og:image:type\" content=\"image\/webp\" \/>\n<meta name=\"twitter:card\" content=\"summary_large_image\" \/>\n<meta name=\"twitter:label1\" content=\"Tempo di lettura stimato\" \/>\n\t<meta name=\"twitter:data1\" content=\"6 minuti\" \/>\n<script type=\"application\/ld+json\" class=\"yoast-schema-graph\">{\"@context\":\"https:\\\/\\\/schema.org\",\"@graph\":[{\"@type\":\"WebPage\",\"@id\":\"https:\\\/\\\/www.velomobileworld.com\\\/product\\\/bulk-distance-2\\\/\",\"url\":\"https:\\\/\\\/www.velomobileworld.com\\\/product\\\/bulk-distance-2\\\/\",\"name\":\"B\u00fclk Distance - Velomobile World\",\"isPartOf\":{\"@id\":\"https:\\\/\\\/www.velomobileworld.com\\\/nl\\\/#website\"},\"primaryImageOfPage\":{\"@id\":\"https:\\\/\\\/www.velomobileworld.com\\\/product\\\/bulk-distance-2\\\/#primaryimage\"},\"image\":{\"@id\":\"https:\\\/\\\/www.velomobileworld.com\\\/product\\\/bulk-distance-2\\\/#primaryimage\"},\"thumbnailUrl\":\"https:\\\/\\\/www.velomobileworld.com\\\/wp-content\\\/uploads\\\/2025\\\/03\\\/Untitled-design-1-2048x1717-1.webp\",\"datePublished\":\"2025-03-17T07:52:18+00:00\",\"dateModified\":\"2026-02-13T10:41:05+00:00\",\"description\":\"Scopri il velomobile pi\u00f9 veloce \u2013 B\u00fclk Distance. Andare in bici non \u00e8 mai stato cos\u00ec facile e confortevole per i pendolari su lunghe distanze. Ordina ora!\",\"breadcrumb\":{\"@id\":\"https:\\\/\\\/www.velomobileworld.com\\\/product\\\/bulk-distance-2\\\/#breadcrumb\"},\"inLanguage\":\"it-IT\",\"potentialAction\":[{\"@type\":\"ReadAction\",\"target\":[\"https:\\\/\\\/www.velomobileworld.com\\\/product\\\/bulk-distance-2\\\/\"]}]},{\"@type\":\"ImageObject\",\"inLanguage\":\"it-IT\",\"@id\":\"https:\\\/\\\/www.velomobileworld.com\\\/product\\\/bulk-distance-2\\\/#primaryimage\",\"url\":\"https:\\\/\\\/www.velomobileworld.com\\\/wp-content\\\/uploads\\\/2025\\\/03\\\/Untitled-design-1-2048x1717-1.webp\",\"contentUrl\":\"https:\\\/\\\/www.velomobileworld.com\\\/wp-content\\\/uploads\\\/2025\\\/03\\\/Untitled-design-1-2048x1717-1.webp\",\"width\":2048,\"height\":1717},{\"@type\":\"BreadcrumbList\",\"@id\":\"https:\\\/\\\/www.velomobileworld.com\\\/product\\\/bulk-distance-2\\\/#breadcrumb\",\"itemListElement\":[{\"@type\":\"ListItem\",\"position\":1,\"name\":\"Home\",\"item\":\"https:\\\/\\\/www.velomobileworld.com\\\/it\\\/\"},{\"@type\":\"ListItem\",\"position\":2,\"name\":\"Shop\",\"item\":\"https:\\\/\\\/www.velomobileworld.com\\\/it\\\/shop\\\/\"},{\"@type\":\"ListItem\",\"position\":3,\"name\":\"B\u00fclk Distance\"}]},{\"@type\":\"WebSite\",\"@id\":\"https:\\\/\\\/www.velomobileworld.com\\\/nl\\\/#website\",\"url\":\"https:\\\/\\\/www.velomobileworld.com\\\/nl\\\/\",\"name\":\"Velomobile World\",\"description\":\"\",\"potentialAction\":[{\"@type\":\"SearchAction\",\"target\":{\"@type\":\"EntryPoint\",\"urlTemplate\":\"https:\\\/\\\/www.velomobileworld.com\\\/nl\\\/?s={search_term_string}\"},\"query-input\":{\"@type\":\"PropertyValueSpecification\",\"valueRequired\":true,\"valueName\":\"search_term_string\"}}],\"inLanguage\":\"it-IT\"}]}<\/script>\n<!-- \/ Yoast SEO plugin. -->","yoast_head_json":{"title":"B\u00fclk Distance - Velomobile World","description":"Scopri il velomobile pi\u00f9 veloce \u2013 B\u00fclk Distance. Andare in bici non \u00e8 mai stato cos\u00ec facile e confortevole per i pendolari su lunghe distanze. Ordina ora!","robots":{"index":"index","follow":"follow","max-snippet":"max-snippet:-1","max-image-preview":"max-image-preview:large","max-video-preview":"max-video-preview:-1"},"canonical":"https:\/\/www.velomobileworld.com\/product\/bulk-distance-2\/","og_locale":"it_IT","og_type":"article","og_title":"B\u00fclk Distance - Velomobile World","og_description":"Scopri il velomobile pi\u00f9 veloce \u2013 B\u00fclk Distance. Andare in bici non \u00e8 mai stato cos\u00ec facile e confortevole per i pendolari su lunghe distanze. Ordina ora!","og_url":"https:\/\/www.velomobileworld.com\/product\/bulk-distance-2\/","og_site_name":"Velomobile World","article_modified_time":"2026-02-13T10:41:05+00:00","og_image":[{"width":2048,"height":1717,"url":"https:\/\/www.velomobileworld.com\/wp-content\/uploads\/2025\/03\/Untitled-design-1-2048x1717-1.webp","type":"image\/webp"}],"twitter_card":"summary_large_image","twitter_misc":{"Tempo di lettura stimato":"6 minuti"},"schema":{"@context":"https:\/\/schema.org","@graph":[{"@type":"WebPage","@id":"https:\/\/www.velomobileworld.com\/product\/bulk-distance-2\/","url":"https:\/\/www.velomobileworld.com\/product\/bulk-distance-2\/","name":"B\u00fclk Distance - Velomobile World","isPartOf":{"@id":"https:\/\/www.velomobileworld.com\/nl\/#website"},"primaryImageOfPage":{"@id":"https:\/\/www.velomobileworld.com\/product\/bulk-distance-2\/#primaryimage"},"image":{"@id":"https:\/\/www.velomobileworld.com\/product\/bulk-distance-2\/#primaryimage"},"thumbnailUrl":"https:\/\/www.velomobileworld.com\/wp-content\/uploads\/2025\/03\/Untitled-design-1-2048x1717-1.webp","datePublished":"2025-03-17T07:52:18+00:00","dateModified":"2026-02-13T10:41:05+00:00","description":"Scopri il velomobile pi\u00f9 veloce \u2013 B\u00fclk Distance. Andare in bici non \u00e8 mai stato cos\u00ec facile e confortevole per i pendolari su lunghe distanze. Ordina ora!","breadcrumb":{"@id":"https:\/\/www.velomobileworld.com\/product\/bulk-distance-2\/#breadcrumb"},"inLanguage":"it-IT","potentialAction":[{"@type":"ReadAction","target":["https:\/\/www.velomobileworld.com\/product\/bulk-distance-2\/"]}]},{"@type":"ImageObject","inLanguage":"it-IT","@id":"https:\/\/www.velomobileworld.com\/product\/bulk-distance-2\/#primaryimage","url":"https:\/\/www.velomobileworld.com\/wp-content\/uploads\/2025\/03\/Untitled-design-1-2048x1717-1.webp","contentUrl":"https:\/\/www.velomobileworld.com\/wp-content\/uploads\/2025\/03\/Untitled-design-1-2048x1717-1.webp","width":2048,"height":1717},{"@type":"BreadcrumbList","@id":"https:\/\/www.velomobileworld.com\/product\/bulk-distance-2\/#breadcrumb","itemListElement":[{"@type":"ListItem","position":1,"name":"Home","item":"https:\/\/www.velomobileworld.com\/it\/"},{"@type":"ListItem","position":2,"name":"Shop","item":"https:\/\/www.velomobileworld.com\/it\/shop\/"},{"@type":"ListItem","position":3,"name":"B\u00fclk Distance"}]},{"@type":"WebSite","@id":"https:\/\/www.velomobileworld.com\/nl\/#website","url":"https:\/\/www.velomobileworld.com\/nl\/","name":"Velomobile World","description":"","potentialAction":[{"@type":"SearchAction","target":{"@type":"EntryPoint","urlTemplate":"https:\/\/www.velomobileworld.com\/nl\/?s={search_term_string}"},"query-input":{"@type":"PropertyValueSpecification","valueRequired":true,"valueName":"search_term_string"}}],"inLanguage":"it-IT"}]}},"_links":{"self":[{"href":"https:\/\/www.velomobileworld.com\/it\/wp-json\/wp\/v2\/product\/97916","targetHints":{"allow":["GET"]}}],"collection":[{"href":"https:\/\/www.velomobileworld.com\/it\/wp-json\/wp\/v2\/product"}],"about":[{"href":"https:\/\/www.velomobileworld.com\/it\/wp-json\/wp\/v2\/types\/product"}],"wp:featuredmedia":[{"embeddable":true,"href":"https:\/\/www.velomobileworld.com\/it\/wp-json\/wp\/v2\/media\/80510"}],"wp:attachment":[{"href":"https:\/\/www.velomobileworld.com\/it\/wp-json\/wp\/v2\/media?parent=97916"}],"wp:term":[{"taxonomy":"product_brand","embeddable":true,"href":"https:\/\/www.velomobileworld.com\/it\/wp-json\/wp\/v2\/product_brand?post=97916"},{"taxonomy":"product_cat","embeddable":true,"href":"https:\/\/www.velomobileworld.com\/it\/wp-json\/wp\/v2\/product_cat?post=97916"},{"taxonomy":"product_tag","embeddable":true,"href":"https:\/\/www.velomobileworld.com\/it\/wp-json\/wp\/v2\/product_tag?post=97916"}],"curies":[{"name":"wp","href":"https:\/\/api.w.org\/{rel}","templated":true}]}}