{"id":97919,"date":"2024-10-16T13:15:56","date_gmt":"2024-10-16T11:15:56","guid":{"rendered":"https:\/\/www.velomobileworld.com\/?post_type=product&#038;p=97919"},"modified":"2026-02-17T06:42:39","modified_gmt":"2026-02-17T05:42:39","slug":"bulk-urban","status":"publish","type":"product","link":"https:\/\/www.velomobileworld.com\/it\/product\/bulk-urban\/","title":{"rendered":"B\u00fclk Urban"},"content":{"rendered":"<h2 data-path-to-node=\"2\"><b data-path-to-node=\"2\" data-index-in-node=\"0\">L&#8217;evoluzione della mobilit\u00e0 sostenibile incontra l&#8217;intelligenza urbana<\/b><\/h2>\n<p data-path-to-node=\"3\">Il velomobile <b data-path-to-node=\"3\" data-index-in-node=\"14\">B\u00fclk Urban<\/b> rappresenta l&#8217;eccellenza dell&#8217;ingegneria tedesca nel trasporto personale sostenibile. Basato sulla nostra collaudata piattaforma B\u00fclk-MK1, questo capolavoro in <b data-path-to-node=\"3\" data-index-in-node=\"185\">fibra di carbonio<\/b> pesa solo <b data-path-to-node=\"3\" data-index-in-node=\"213\">24 kg<\/b>, posizionandosi come uno dei velomobili pi\u00f9 leggeri sul mercato. Progettato per professionisti esigenti che richiedono sia prestazioni che praticit\u00e0, il modello Urban offre una manovrabilit\u00e0 potenziata per la navigazione urbana, mantenendo l&#8217;aerodinamica superiore che definisce l&#8217;eredit\u00e0 B\u00fclk.<\/p>\n<p data-path-to-node=\"4\">L&#8217;Urban adotta il profilo aerodinamico collaudato dell&#8217;MK1 con modifiche strategiche studiate per ottimizzarlo per l&#8217;uso cittadino. Il design innovativo con <b data-path-to-node=\"4\" data-index-in-node=\"157\">passaruota aperti<\/b> permette un raggio di sterzata ridotto \u2014 ideale per muoversi in contesti urbani \u2014 mantenendo al contempo eccellenti caratteristiche di velocit\u00e0 alle tipiche andature di crociera (<b data-path-to-node=\"4\" data-index-in-node=\"354\">30-35 km\/h<\/b>). La <b data-path-to-node=\"4\" data-index-in-node=\"370\">carreggiata pi\u00f9 ampia<\/b> consente di affrontare le curve con sicurezza ad alte velocit\u00e0, rendendolo perfetto sia per il pendolarismo quotidiano che per gli eventi ciclistici competitivi.<\/p>\n","protected":false},"excerpt":{"rendered":"<p>Leggero, veloce e costruito per la citt\u00e0<br \/>\nIl B\u00fclk Urban unisce l&#8217;ingegneria tedesca a un design sostenibile, con un peso di circa 25 kg grazie alla sua carrozzeria in fibra di carbonio. La sua forma aerodinamica e i passaruota aperti offrono agilit\u00e0 nel traffico, mantenendo al contempo velocit\u00e0 e stabilit\u00e0 impressionanti. Perfetto per il pendolarismo urbano o per uscite sportive \u2014 dove le prestazioni incontrano la praticit\u00e0.<\/p>\n<p>Prezzo base: <strong>8904 EURO excl. VAT<\/strong> \u2014 naviga la citt\u00e0 con stile, velocit\u00e0 e facilit\u00e0<\/p>\n","protected":false},"featured_media":100117,"template":"","meta":{"_acf_changed":false},"product_brand":[],"product_cat":[906,909],"product_tag":[5450,927,939,5444],"class_list":{"0":"post-97919","1":"product","2":"type-product","3":"status-publish","4":"has-post-thumbnail","6":"product_cat-configure-your-velomobile-it","7":"product_cat-velomobile-it","8":"product_tag-altezza-da-terra-maggiorata","9":"product_tag-comfortable-it","10":"product_tag-modular-it","11":"product_tag-raggio-di-sterzata-ridotto","13":"first","14":"instock","15":"sold-individually","16":"taxable","17":"shipping-taxable","18":"purchasable","19":"product-type-composite"},"composite_virtual":false,"composite_layout":"paged","composite_add_to_cart_form_location":"default","composite_editable_in_cart":false,"composite_sold_individually_context":"product","composite_shop_price_calc":"defaults","composite_components":[{"id":"1671113348","title":"Colors","description":"","query_type":"product_ids","query_ids":[115412],"default_option_id":115412,"thumbnail_id":"","thumbnail_src":"","quantity_min":1,"quantity_max":1,"priced_individually":true,"shipped_individually":false,"optional":false,"discount":"","options_style":"dropdowns","pagination_style":"classic","display_prices":"absolute","show_sorting_options":false,"show_filtering_options":false,"attribute_filter_ids":[],"select_action":"view","product_title_visible":false,"product_descr_visible":false,"product_price_visible":false,"product_thumb_visible":true,"subtotal_visible_product":true,"subtotal_visible_cart":true,"subtotal_visible_orders":true},{"id":"1671116670","title":"Electra","description":"","query_type":"product_ids","query_ids":[115419],"default_option_id":115419,"thumbnail_id":"","thumbnail_src":"","quantity_min":1,"quantity_max":1,"priced_individually":true,"shipped_individually":false,"optional":false,"discount":"","options_style":"dropdowns","pagination_style":"classic","display_prices":"absolute","show_sorting_options":false,"show_filtering_options":false,"attribute_filter_ids":[],"select_action":"view","product_title_visible":false,"product_descr_visible":false,"product_price_visible":false,"product_thumb_visible":true,"subtotal_visible_product":true,"subtotal_visible_cart":true,"subtotal_visible_orders":true},{"id":"1671443596","title":"Gear Options","description":"","query_type":"product_ids","query_ids":[100901],"default_option_id":100901,"thumbnail_id":"","thumbnail_src":"","quantity_min":1,"quantity_max":1,"priced_individually":true,"shipped_individually":false,"optional":false,"discount":"","options_style":"dropdowns","pagination_style":"classic","display_prices":"absolute","show_sorting_options":false,"show_filtering_options":false,"attribute_filter_ids":[],"select_action":"view","product_title_visible":false,"product_descr_visible":false,"product_price_visible":false,"product_thumb_visible":true,"subtotal_visible_product":true,"subtotal_visible_cart":true,"subtotal_visible_orders":true},{"id":"1671450846","title":"Other Options","description":"","query_type":"product_ids","query_ids":[115223],"default_option_id":115223,"thumbnail_id":"","thumbnail_src":"","quantity_min":1,"quantity_max":1,"priced_individually":true,"shipped_individually":false,"optional":false,"discount":"","options_style":"dropdowns","pagination_style":"classic","display_prices":"absolute","show_sorting_options":false,"show_filtering_options":false,"attribute_filter_ids":[],"select_action":"view","product_title_visible":false,"product_descr_visible":false,"product_price_visible":false,"product_thumb_visible":true,"subtotal_visible_product":true,"subtotal_visible_cart":true,"subtotal_visible_orders":true},{"id":"1680784168","title":"Measurements","description":"","query_type":"product_ids","query_ids":[115433],"default_option_id":115433,"thumbnail_id":"","thumbnail_src":"","quantity_min":1,"quantity_max":1,"priced_individually":false,"shipped_individually":false,"optional":false,"discount":"","options_style":"dropdowns","pagination_style":"classic","display_prices":"absolute","show_sorting_options":false,"show_filtering_options":false,"attribute_filter_ids":[],"select_action":"view","product_title_visible":false,"product_descr_visible":true,"product_price_visible":false,"product_thumb_visible":true,"subtotal_visible_product":false,"subtotal_visible_cart":false,"subtotal_visible_orders":false}],"composite_scenarios":[],"bundled_by":[],"bundle_stock_status":"instock","bundle_stock_quantity":null,"bundle_virtual":false,"bundle_layout":"","bundle_add_to_cart_form_location":"","bundle_editable_in_cart":false,"bundle_sold_individually_context":"","bundle_item_grouping":"","bundle_min_size":"","bundle_max_size":"","bundle_price":[],"bundled_items":[],"bundle_sell_ids":[],"acf":[],"yoast_head":"<!-- This site is optimized with the Yoast SEO plugin v27.5 - https:\/\/yoast.com\/product\/yoast-seo-wordpress\/ -->\n<title>B\u00fclk Urban - Velomobile World<\/title>\n<meta name=\"robots\" content=\"index, follow, max-snippet:-1, max-image-preview:large, max-video-preview:-1\" \/>\n<link rel=\"canonical\" href=\"https:\/\/www.velomobileworld.com\/it\/product\/bulk-urban\/\" \/>\n<meta property=\"og:locale\" content=\"it_IT\" \/>\n<meta property=\"og:type\" content=\"article\" \/>\n<meta property=\"og:title\" content=\"B\u00fclk Urban - Velomobile World\" \/>\n<meta property=\"og:description\" content=\"Leggero, veloce e costruito per la citt\u00e0 Il B\u00fclk Urban unisce l&#039;ingegneria tedesca a un design sostenibile, con un peso di circa 25 kg grazie alla sua carrozzeria in fibra di carbonio. La sua forma aerodinamica e i passaruota aperti offrono agilit\u00e0 nel traffico, mantenendo al contempo velocit\u00e0 e stabilit\u00e0 impressionanti. Perfetto per il pendolarismo urbano o per uscite sportive \u2014 dove le prestazioni incontrano la praticit\u00e0.  Prezzo base: 8904 EURO excl. VAT \u2014 naviga la citt\u00e0 con stile, velocit\u00e0 e facilit\u00e0\" \/>\n<meta property=\"og:url\" content=\"https:\/\/www.velomobileworld.com\/it\/product\/bulk-urban\/\" \/>\n<meta property=\"og:site_name\" content=\"Velomobile World\" \/>\n<meta property=\"article:modified_time\" content=\"2026-02-17T05:42:39+00:00\" \/>\n<meta property=\"og:image\" content=\"https:\/\/www.velomobileworld.com\/wp-content\/uploads\/2024\/10\/2.png\" \/>\n\t<meta property=\"og:image:width\" content=\"940\" \/>\n\t<meta property=\"og:image:height\" content=\"788\" \/>\n\t<meta property=\"og:image:type\" content=\"image\/png\" \/>\n<meta name=\"twitter:card\" content=\"summary_large_image\" \/>\n<meta name=\"twitter:label1\" content=\"Tempo di lettura stimato\" \/>\n\t<meta name=\"twitter:data1\" content=\"4 minuti\" \/>\n<script type=\"application\/ld+json\" class=\"yoast-schema-graph\">{\"@context\":\"https:\\\/\\\/schema.org\",\"@graph\":[{\"@type\":\"WebPage\",\"@id\":\"https:\\\/\\\/www.velomobileworld.com\\\/it\\\/product\\\/bulk-urban\\\/\",\"url\":\"https:\\\/\\\/www.velomobileworld.com\\\/it\\\/product\\\/bulk-urban\\\/\",\"name\":\"B\u00fclk Urban - Velomobile World\",\"isPartOf\":{\"@id\":\"https:\\\/\\\/www.velomobileworld.com\\\/nl\\\/#website\"},\"primaryImageOfPage\":{\"@id\":\"https:\\\/\\\/www.velomobileworld.com\\\/it\\\/product\\\/bulk-urban\\\/#primaryimage\"},\"image\":{\"@id\":\"https:\\\/\\\/www.velomobileworld.com\\\/it\\\/product\\\/bulk-urban\\\/#primaryimage\"},\"thumbnailUrl\":\"https:\\\/\\\/www.velomobileworld.com\\\/wp-content\\\/uploads\\\/2024\\\/10\\\/2.png\",\"datePublished\":\"2024-10-16T11:15:56+00:00\",\"dateModified\":\"2026-02-17T05:42:39+00:00\",\"breadcrumb\":{\"@id\":\"https:\\\/\\\/www.velomobileworld.com\\\/it\\\/product\\\/bulk-urban\\\/#breadcrumb\"},\"inLanguage\":\"it-IT\",\"potentialAction\":[{\"@type\":\"ReadAction\",\"target\":[\"https:\\\/\\\/www.velomobileworld.com\\\/it\\\/product\\\/bulk-urban\\\/\"]}]},{\"@type\":\"ImageObject\",\"inLanguage\":\"it-IT\",\"@id\":\"https:\\\/\\\/www.velomobileworld.com\\\/it\\\/product\\\/bulk-urban\\\/#primaryimage\",\"url\":\"https:\\\/\\\/www.velomobileworld.com\\\/wp-content\\\/uploads\\\/2024\\\/10\\\/2.png\",\"contentUrl\":\"https:\\\/\\\/www.velomobileworld.com\\\/wp-content\\\/uploads\\\/2024\\\/10\\\/2.png\",\"width\":940,\"height\":788},{\"@type\":\"BreadcrumbList\",\"@id\":\"https:\\\/\\\/www.velomobileworld.com\\\/it\\\/product\\\/bulk-urban\\\/#breadcrumb\",\"itemListElement\":[{\"@type\":\"ListItem\",\"position\":1,\"name\":\"Home\",\"item\":\"https:\\\/\\\/www.velomobileworld.com\\\/it\\\/\"},{\"@type\":\"ListItem\",\"position\":2,\"name\":\"Shop\",\"item\":\"https:\\\/\\\/www.velomobileworld.com\\\/it\\\/shop\\\/\"},{\"@type\":\"ListItem\",\"position\":3,\"name\":\"B\u00fclk Urban\"}]},{\"@type\":\"WebSite\",\"@id\":\"https:\\\/\\\/www.velomobileworld.com\\\/nl\\\/#website\",\"url\":\"https:\\\/\\\/www.velomobileworld.com\\\/nl\\\/\",\"name\":\"Velomobile World\",\"description\":\"\",\"potentialAction\":[{\"@type\":\"SearchAction\",\"target\":{\"@type\":\"EntryPoint\",\"urlTemplate\":\"https:\\\/\\\/www.velomobileworld.com\\\/nl\\\/?s={search_term_string}\"},\"query-input\":{\"@type\":\"PropertyValueSpecification\",\"valueRequired\":true,\"valueName\":\"search_term_string\"}}],\"inLanguage\":\"it-IT\"}]}<\/script>\n<!-- \/ Yoast SEO plugin. -->","yoast_head_json":{"title":"B\u00fclk Urban - Velomobile World","robots":{"index":"index","follow":"follow","max-snippet":"max-snippet:-1","max-image-preview":"max-image-preview:large","max-video-preview":"max-video-preview:-1"},"canonical":"https:\/\/www.velomobileworld.com\/it\/product\/bulk-urban\/","og_locale":"it_IT","og_type":"article","og_title":"B\u00fclk Urban - Velomobile World","og_description":"Leggero, veloce e costruito per la citt\u00e0 Il B\u00fclk Urban unisce l'ingegneria tedesca a un design sostenibile, con un peso di circa 25 kg grazie alla sua carrozzeria in fibra di carbonio. La sua forma aerodinamica e i passaruota aperti offrono agilit\u00e0 nel traffico, mantenendo al contempo velocit\u00e0 e stabilit\u00e0 impressionanti. Perfetto per il pendolarismo urbano o per uscite sportive \u2014 dove le prestazioni incontrano la praticit\u00e0.  Prezzo base: 8904 EURO excl. VAT \u2014 naviga la citt\u00e0 con stile, velocit\u00e0 e facilit\u00e0","og_url":"https:\/\/www.velomobileworld.com\/it\/product\/bulk-urban\/","og_site_name":"Velomobile World","article_modified_time":"2026-02-17T05:42:39+00:00","og_image":[{"width":940,"height":788,"url":"https:\/\/www.velomobileworld.com\/wp-content\/uploads\/2024\/10\/2.png","type":"image\/png"}],"twitter_card":"summary_large_image","twitter_misc":{"Tempo di lettura stimato":"4 minuti"},"schema":{"@context":"https:\/\/schema.org","@graph":[{"@type":"WebPage","@id":"https:\/\/www.velomobileworld.com\/it\/product\/bulk-urban\/","url":"https:\/\/www.velomobileworld.com\/it\/product\/bulk-urban\/","name":"B\u00fclk Urban - Velomobile World","isPartOf":{"@id":"https:\/\/www.velomobileworld.com\/nl\/#website"},"primaryImageOfPage":{"@id":"https:\/\/www.velomobileworld.com\/it\/product\/bulk-urban\/#primaryimage"},"image":{"@id":"https:\/\/www.velomobileworld.com\/it\/product\/bulk-urban\/#primaryimage"},"thumbnailUrl":"https:\/\/www.velomobileworld.com\/wp-content\/uploads\/2024\/10\/2.png","datePublished":"2024-10-16T11:15:56+00:00","dateModified":"2026-02-17T05:42:39+00:00","breadcrumb":{"@id":"https:\/\/www.velomobileworld.com\/it\/product\/bulk-urban\/#breadcrumb"},"inLanguage":"it-IT","potentialAction":[{"@type":"ReadAction","target":["https:\/\/www.velomobileworld.com\/it\/product\/bulk-urban\/"]}]},{"@type":"ImageObject","inLanguage":"it-IT","@id":"https:\/\/www.velomobileworld.com\/it\/product\/bulk-urban\/#primaryimage","url":"https:\/\/www.velomobileworld.com\/wp-content\/uploads\/2024\/10\/2.png","contentUrl":"https:\/\/www.velomobileworld.com\/wp-content\/uploads\/2024\/10\/2.png","width":940,"height":788},{"@type":"BreadcrumbList","@id":"https:\/\/www.velomobileworld.com\/it\/product\/bulk-urban\/#breadcrumb","itemListElement":[{"@type":"ListItem","position":1,"name":"Home","item":"https:\/\/www.velomobileworld.com\/it\/"},{"@type":"ListItem","position":2,"name":"Shop","item":"https:\/\/www.velomobileworld.com\/it\/shop\/"},{"@type":"ListItem","position":3,"name":"B\u00fclk Urban"}]},{"@type":"WebSite","@id":"https:\/\/www.velomobileworld.com\/nl\/#website","url":"https:\/\/www.velomobileworld.com\/nl\/","name":"Velomobile World","description":"","potentialAction":[{"@type":"SearchAction","target":{"@type":"EntryPoint","urlTemplate":"https:\/\/www.velomobileworld.com\/nl\/?s={search_term_string}"},"query-input":{"@type":"PropertyValueSpecification","valueRequired":true,"valueName":"search_term_string"}}],"inLanguage":"it-IT"}]}},"_links":{"self":[{"href":"https:\/\/www.velomobileworld.com\/it\/wp-json\/wp\/v2\/product\/97919","targetHints":{"allow":["GET"]}}],"collection":[{"href":"https:\/\/www.velomobileworld.com\/it\/wp-json\/wp\/v2\/product"}],"about":[{"href":"https:\/\/www.velomobileworld.com\/it\/wp-json\/wp\/v2\/types\/product"}],"wp:featuredmedia":[{"embeddable":true,"href":"https:\/\/www.velomobileworld.com\/it\/wp-json\/wp\/v2\/media\/100117"}],"wp:attachment":[{"href":"https:\/\/www.velomobileworld.com\/it\/wp-json\/wp\/v2\/media?parent=97919"}],"wp:term":[{"taxonomy":"product_brand","embeddable":true,"href":"https:\/\/www.velomobileworld.com\/it\/wp-json\/wp\/v2\/product_brand?post=97919"},{"taxonomy":"product_cat","embeddable":true,"href":"https:\/\/www.velomobileworld.com\/it\/wp-json\/wp\/v2\/product_cat?post=97919"},{"taxonomy":"product_tag","embeddable":true,"href":"https:\/\/www.velomobileworld.com\/it\/wp-json\/wp\/v2\/product_tag?post=97919"}],"curies":[{"name":"wp","href":"https:\/\/api.w.org\/{rel}","templated":true}]}}