{"id":115436,"date":"2025-03-17T08:52:18","date_gmt":"2025-03-17T07:52:18","guid":{"rendered":"https:\/\/www.velomobileworld.com\/product\/bulk-distance\/"},"modified":"2026-02-13T11:42:14","modified_gmt":"2026-02-13T10:42:14","slug":"bulk-distance","status":"publish","type":"product","link":"https:\/\/www.velomobileworld.com\/nl\/product\/bulk-distance\/","title":{"rendered":"B\u00fclk Distance"},"content":{"rendered":"<p>De B\u00fclk Distance is de snelste velomobiel uit de B\u00fclk-serie en combineert compromisloze aerodynamica met geschiktheid voor dagelijks gebruik en onderhoudsgemak.<\/p>\n<p>De B\u00fclk Distance-velomobiel is een door spierkracht aangedreven voertuig voor sport, vrije tijd en mobiliteit in het algemeen. Hoewel het technisch gezien een fiets is, kan hij veel meer: hij biedt uitstekende bescherming tegen weersinvloeden, hoog rijcomfort, hoge veiligheid en vereist aanzienlijk minder kracht dan een racefiets voor dezelfde snelheid.<\/p>\n<p>Na de creatie van de uitzonderlijke B\u00fclk-MK1 in 2021 ontwikkelden Eggert B\u00fclk en Jens Buckbesch het zustermodel, de B\u00fclk Distance, met een aerodynamisch ontwerp dat geoptimaliseerd is door middel van CFD-simulatie door Prof. Dr. h.c.-Ing. Eric Helter.<\/p>\n<p>De B\u00fclk Distance is gebaseerd op de recordbrekende B\u00fclk MK1 velomobiel en vertegenwoordigt een verdere ontwikkeling op het gebied van aerodynamica en geschiktheid voor dagelijks gebruik.<\/p>\n<p>Klik hierboven op de knop \u201cDetails over B\u00fclk Distance\u201d of HIER voor meer informatie over effici\u00ebntie bij lange afstanden, aerodynamica, compactheid en modulariteit, rijstabiliteit en rijdynamiek, veiligheid, specificaties en meer.<\/p>\n","protected":false},"excerpt":{"rendered":"<p>De B\u00fclk Distance is de snelste velomobiel uit de B\u00fclk-serie en combineert compromisloze aerodynamica met geschiktheid voor dagelijks gebruik en onderhoudsgemak. De B\u00fclk Distance is gebaseerd op de recordbrekende B\u00fclk MK1 velomobiel en vertegenwoordigt een verdere ontwikkeling op het gebied van aerodynamica en geschiktheid voor dagelijks gebruik.<\/p>\n","protected":false},"featured_media":77389,"template":"","meta":{"_acf_changed":false},"product_brand":[],"product_cat":[815,818],"product_tag":[830,938,824,827,937,821],"class_list":{"0":"post-115436","1":"product","2":"type-product","3":"status-publish","4":"has-post-thumbnail","6":"product_cat-configure-your-velomobile-nl","7":"product_cat-velomobile-nl","8":"product_tag-comfortable-nl","9":"product_tag-efficient-nl","10":"product_tag-fast-nl","11":"product_tag-highline-nl","12":"product_tag-modular-nl","13":"product_tag-velomobile-nl","15":"first","16":"instock","17":"sold-individually","18":"taxable","19":"shipping-taxable","20":"purchasable","21":"product-type-composite"},"composite_virtual":false,"composite_layout":"paged","composite_add_to_cart_form_location":"default","composite_editable_in_cart":false,"composite_sold_individually_context":"product","composite_shop_price_calc":"defaults","composite_components":[{"id":"1671113348","title":"Colors","description":"","query_type":"product_ids","query_ids":[115214],"default_option_id":115214,"thumbnail_id":"","thumbnail_src":"","quantity_min":1,"quantity_max":1,"priced_individually":true,"shipped_individually":false,"optional":false,"discount":"","options_style":"dropdowns","pagination_style":"classic","display_prices":"absolute","show_sorting_options":false,"show_filtering_options":false,"attribute_filter_ids":[],"select_action":"view","product_title_visible":false,"product_descr_visible":false,"product_price_visible":false,"product_thumb_visible":true,"subtotal_visible_product":true,"subtotal_visible_cart":true,"subtotal_visible_orders":true},{"id":"1671116670","title":"Electra","description":"","query_type":"product_ids","query_ids":[115416],"default_option_id":115416,"thumbnail_id":"","thumbnail_src":"","quantity_min":1,"quantity_max":1,"priced_individually":true,"shipped_individually":false,"optional":false,"discount":"","options_style":"dropdowns","pagination_style":"classic","display_prices":"absolute","show_sorting_options":false,"show_filtering_options":false,"attribute_filter_ids":[],"select_action":"view","product_title_visible":false,"product_descr_visible":false,"product_price_visible":false,"product_thumb_visible":true,"subtotal_visible_product":true,"subtotal_visible_cart":true,"subtotal_visible_orders":true},{"id":"1671443596","title":"Gear Options","description":"","query_type":"product_ids","query_ids":[115207],"default_option_id":115207,"thumbnail_id":"","thumbnail_src":"","quantity_min":1,"quantity_max":1,"priced_individually":true,"shipped_individually":false,"optional":false,"discount":"","options_style":"dropdowns","pagination_style":"classic","display_prices":"absolute","show_sorting_options":false,"show_filtering_options":false,"attribute_filter_ids":[],"select_action":"view","product_title_visible":false,"product_descr_visible":false,"product_price_visible":false,"product_thumb_visible":true,"subtotal_visible_product":true,"subtotal_visible_cart":true,"subtotal_visible_orders":true},{"id":"1671450846","title":"Other Options","description":"","query_type":"product_ids","query_ids":[115200],"default_option_id":115200,"thumbnail_id":"","thumbnail_src":"","quantity_min":1,"quantity_max":1,"priced_individually":true,"shipped_individually":false,"optional":false,"discount":"","options_style":"dropdowns","pagination_style":"classic","display_prices":"absolute","show_sorting_options":false,"show_filtering_options":false,"attribute_filter_ids":[],"select_action":"view","product_title_visible":false,"product_descr_visible":false,"product_price_visible":false,"product_thumb_visible":true,"subtotal_visible_product":true,"subtotal_visible_cart":true,"subtotal_visible_orders":true},{"id":"1680784168","title":"Measurements","description":"","query_type":"product_ids","query_ids":[115430],"default_option_id":115430,"thumbnail_id":"","thumbnail_src":"","quantity_min":1,"quantity_max":1,"priced_individually":false,"shipped_individually":false,"optional":false,"discount":"","options_style":"dropdowns","pagination_style":"classic","display_prices":"absolute","show_sorting_options":false,"show_filtering_options":false,"attribute_filter_ids":[],"select_action":"view","product_title_visible":false,"product_descr_visible":true,"product_price_visible":false,"product_thumb_visible":true,"subtotal_visible_product":false,"subtotal_visible_cart":false,"subtotal_visible_orders":false}],"composite_scenarios":[],"bundled_by":[],"bundle_stock_status":"instock","bundle_stock_quantity":null,"bundle_virtual":false,"bundle_layout":"","bundle_add_to_cart_form_location":"","bundle_editable_in_cart":false,"bundle_sold_individually_context":"","bundle_item_grouping":"","bundle_min_size":"","bundle_max_size":"","bundle_price":[],"bundled_items":[],"bundle_sell_ids":[],"acf":[],"yoast_head":"<!-- This site is optimized with the Yoast SEO plugin v27.5 - https:\/\/yoast.com\/product\/yoast-seo-wordpress\/ -->\n<title>B\u00fclk Distance - Velomobile World<\/title>\n<meta name=\"description\" content=\"Ontdek de snelste velomobiel - B\u00fclk Distance. Fietsen was nog nooit zo gemakkelijk en comfortabel voor lange afstanden. Bestel nu!\" \/>\n<meta name=\"robots\" content=\"index, follow, max-snippet:-1, max-image-preview:large, max-video-preview:-1\" \/>\n<link rel=\"canonical\" href=\"https:\/\/www.velomobileworld.com\/product\/bulk-distance-2\/\" \/>\n<meta property=\"og:locale\" content=\"nl_NL\" \/>\n<meta property=\"og:type\" content=\"article\" \/>\n<meta property=\"og:title\" content=\"B\u00fclk Distance - Velomobile World\" \/>\n<meta property=\"og:description\" content=\"Ontdek de snelste velomobiel - B\u00fclk Distance. Fietsen was nog nooit zo gemakkelijk en comfortabel voor lange afstanden. Bestel nu!\" \/>\n<meta property=\"og:url\" content=\"https:\/\/www.velomobileworld.com\/product\/bulk-distance-2\/\" \/>\n<meta property=\"og:site_name\" content=\"Velomobile World\" \/>\n<meta property=\"article:modified_time\" content=\"2026-02-13T10:42:14+00:00\" \/>\n<meta property=\"og:image\" content=\"https:\/\/www.velomobileworld.com\/wp-content\/uploads\/2025\/03\/Untitled-design-1-2048x1717-1.webp\" \/>\n\t<meta property=\"og:image:width\" content=\"2048\" \/>\n\t<meta property=\"og:image:height\" content=\"1717\" \/>\n\t<meta property=\"og:image:type\" content=\"image\/webp\" \/>\n<meta name=\"twitter:card\" content=\"summary_large_image\" \/>\n<meta name=\"twitter:label1\" content=\"Geschatte leestijd\" \/>\n\t<meta name=\"twitter:data1\" content=\"6 minuten\" \/>\n<script type=\"application\/ld+json\" class=\"yoast-schema-graph\">{\"@context\":\"https:\\\/\\\/schema.org\",\"@graph\":[{\"@type\":\"WebPage\",\"@id\":\"https:\\\/\\\/www.velomobileworld.com\\\/product\\\/bulk-distance-2\\\/\",\"url\":\"https:\\\/\\\/www.velomobileworld.com\\\/product\\\/bulk-distance-2\\\/\",\"name\":\"B\u00fclk Distance - Velomobile World\",\"isPartOf\":{\"@id\":\"https:\\\/\\\/www.velomobileworld.com\\\/nl\\\/#website\"},\"primaryImageOfPage\":{\"@id\":\"https:\\\/\\\/www.velomobileworld.com\\\/product\\\/bulk-distance-2\\\/#primaryimage\"},\"image\":{\"@id\":\"https:\\\/\\\/www.velomobileworld.com\\\/product\\\/bulk-distance-2\\\/#primaryimage\"},\"thumbnailUrl\":\"https:\\\/\\\/www.velomobileworld.com\\\/wp-content\\\/uploads\\\/2025\\\/03\\\/Untitled-design-1-2048x1717-1.webp\",\"datePublished\":\"2025-03-17T07:52:18+00:00\",\"dateModified\":\"2026-02-13T10:42:14+00:00\",\"description\":\"Ontdek de snelste velomobiel - B\u00fclk Distance. Fietsen was nog nooit zo gemakkelijk en comfortabel voor lange afstanden. Bestel nu!\",\"breadcrumb\":{\"@id\":\"https:\\\/\\\/www.velomobileworld.com\\\/product\\\/bulk-distance-2\\\/#breadcrumb\"},\"inLanguage\":\"nl-NL\",\"potentialAction\":[{\"@type\":\"ReadAction\",\"target\":[\"https:\\\/\\\/www.velomobileworld.com\\\/product\\\/bulk-distance-2\\\/\"]}]},{\"@type\":\"ImageObject\",\"inLanguage\":\"nl-NL\",\"@id\":\"https:\\\/\\\/www.velomobileworld.com\\\/product\\\/bulk-distance-2\\\/#primaryimage\",\"url\":\"https:\\\/\\\/www.velomobileworld.com\\\/wp-content\\\/uploads\\\/2025\\\/03\\\/Untitled-design-1-2048x1717-1.webp\",\"contentUrl\":\"https:\\\/\\\/www.velomobileworld.com\\\/wp-content\\\/uploads\\\/2025\\\/03\\\/Untitled-design-1-2048x1717-1.webp\",\"width\":2048,\"height\":1717},{\"@type\":\"BreadcrumbList\",\"@id\":\"https:\\\/\\\/www.velomobileworld.com\\\/product\\\/bulk-distance-2\\\/#breadcrumb\",\"itemListElement\":[{\"@type\":\"ListItem\",\"position\":1,\"name\":\"Home\",\"item\":\"https:\\\/\\\/www.velomobileworld.com\\\/\"},{\"@type\":\"ListItem\",\"position\":2,\"name\":\"Winkel\",\"item\":\"https:\\\/\\\/www.velomobileworld.com\\\/nl\\\/winkel\\\/\"},{\"@type\":\"ListItem\",\"position\":3,\"name\":\"B\u00fclk Distance\"}]},{\"@type\":\"WebSite\",\"@id\":\"https:\\\/\\\/www.velomobileworld.com\\\/nl\\\/#website\",\"url\":\"https:\\\/\\\/www.velomobileworld.com\\\/nl\\\/\",\"name\":\"Velomobile World\",\"description\":\"\",\"potentialAction\":[{\"@type\":\"SearchAction\",\"target\":{\"@type\":\"EntryPoint\",\"urlTemplate\":\"https:\\\/\\\/www.velomobileworld.com\\\/nl\\\/?s={search_term_string}\"},\"query-input\":{\"@type\":\"PropertyValueSpecification\",\"valueRequired\":true,\"valueName\":\"search_term_string\"}}],\"inLanguage\":\"nl-NL\"}]}<\/script>\n<!-- \/ Yoast SEO plugin. -->","yoast_head_json":{"title":"B\u00fclk Distance - Velomobile World","description":"Ontdek de snelste velomobiel - B\u00fclk Distance. Fietsen was nog nooit zo gemakkelijk en comfortabel voor lange afstanden. Bestel nu!","robots":{"index":"index","follow":"follow","max-snippet":"max-snippet:-1","max-image-preview":"max-image-preview:large","max-video-preview":"max-video-preview:-1"},"canonical":"https:\/\/www.velomobileworld.com\/product\/bulk-distance-2\/","og_locale":"nl_NL","og_type":"article","og_title":"B\u00fclk Distance - Velomobile World","og_description":"Ontdek de snelste velomobiel - B\u00fclk Distance. Fietsen was nog nooit zo gemakkelijk en comfortabel voor lange afstanden. Bestel nu!","og_url":"https:\/\/www.velomobileworld.com\/product\/bulk-distance-2\/","og_site_name":"Velomobile World","article_modified_time":"2026-02-13T10:42:14+00:00","og_image":[{"width":2048,"height":1717,"url":"https:\/\/www.velomobileworld.com\/wp-content\/uploads\/2025\/03\/Untitled-design-1-2048x1717-1.webp","type":"image\/webp"}],"twitter_card":"summary_large_image","twitter_misc":{"Geschatte leestijd":"6 minuten"},"schema":{"@context":"https:\/\/schema.org","@graph":[{"@type":"WebPage","@id":"https:\/\/www.velomobileworld.com\/product\/bulk-distance-2\/","url":"https:\/\/www.velomobileworld.com\/product\/bulk-distance-2\/","name":"B\u00fclk Distance - Velomobile World","isPartOf":{"@id":"https:\/\/www.velomobileworld.com\/nl\/#website"},"primaryImageOfPage":{"@id":"https:\/\/www.velomobileworld.com\/product\/bulk-distance-2\/#primaryimage"},"image":{"@id":"https:\/\/www.velomobileworld.com\/product\/bulk-distance-2\/#primaryimage"},"thumbnailUrl":"https:\/\/www.velomobileworld.com\/wp-content\/uploads\/2025\/03\/Untitled-design-1-2048x1717-1.webp","datePublished":"2025-03-17T07:52:18+00:00","dateModified":"2026-02-13T10:42:14+00:00","description":"Ontdek de snelste velomobiel - B\u00fclk Distance. Fietsen was nog nooit zo gemakkelijk en comfortabel voor lange afstanden. Bestel nu!","breadcrumb":{"@id":"https:\/\/www.velomobileworld.com\/product\/bulk-distance-2\/#breadcrumb"},"inLanguage":"nl-NL","potentialAction":[{"@type":"ReadAction","target":["https:\/\/www.velomobileworld.com\/product\/bulk-distance-2\/"]}]},{"@type":"ImageObject","inLanguage":"nl-NL","@id":"https:\/\/www.velomobileworld.com\/product\/bulk-distance-2\/#primaryimage","url":"https:\/\/www.velomobileworld.com\/wp-content\/uploads\/2025\/03\/Untitled-design-1-2048x1717-1.webp","contentUrl":"https:\/\/www.velomobileworld.com\/wp-content\/uploads\/2025\/03\/Untitled-design-1-2048x1717-1.webp","width":2048,"height":1717},{"@type":"BreadcrumbList","@id":"https:\/\/www.velomobileworld.com\/product\/bulk-distance-2\/#breadcrumb","itemListElement":[{"@type":"ListItem","position":1,"name":"Home","item":"https:\/\/www.velomobileworld.com\/"},{"@type":"ListItem","position":2,"name":"Winkel","item":"https:\/\/www.velomobileworld.com\/nl\/winkel\/"},{"@type":"ListItem","position":3,"name":"B\u00fclk Distance"}]},{"@type":"WebSite","@id":"https:\/\/www.velomobileworld.com\/nl\/#website","url":"https:\/\/www.velomobileworld.com\/nl\/","name":"Velomobile World","description":"","potentialAction":[{"@type":"SearchAction","target":{"@type":"EntryPoint","urlTemplate":"https:\/\/www.velomobileworld.com\/nl\/?s={search_term_string}"},"query-input":{"@type":"PropertyValueSpecification","valueRequired":true,"valueName":"search_term_string"}}],"inLanguage":"nl-NL"}]}},"_links":{"self":[{"href":"https:\/\/www.velomobileworld.com\/nl\/wp-json\/wp\/v2\/product\/115436","targetHints":{"allow":["GET"]}}],"collection":[{"href":"https:\/\/www.velomobileworld.com\/nl\/wp-json\/wp\/v2\/product"}],"about":[{"href":"https:\/\/www.velomobileworld.com\/nl\/wp-json\/wp\/v2\/types\/product"}],"wp:featuredmedia":[{"embeddable":true,"href":"https:\/\/www.velomobileworld.com\/nl\/wp-json\/wp\/v2\/media\/77389"}],"wp:attachment":[{"href":"https:\/\/www.velomobileworld.com\/nl\/wp-json\/wp\/v2\/media?parent=115436"}],"wp:term":[{"taxonomy":"product_brand","embeddable":true,"href":"https:\/\/www.velomobileworld.com\/nl\/wp-json\/wp\/v2\/product_brand?post=115436"},{"taxonomy":"product_cat","embeddable":true,"href":"https:\/\/www.velomobileworld.com\/nl\/wp-json\/wp\/v2\/product_cat?post=115436"},{"taxonomy":"product_tag","embeddable":true,"href":"https:\/\/www.velomobileworld.com\/nl\/wp-json\/wp\/v2\/product_tag?post=115436"}],"curies":[{"name":"wp","href":"https:\/\/api.w.org\/{rel}","templated":true}]}}