{"id":80842,"date":"2024-10-16T13:15:56","date_gmt":"2024-10-16T11:15:56","guid":{"rendered":"https:\/\/www.velomobileworld.com\/?post_type=product&#038;p=80842"},"modified":"2026-02-18T07:31:50","modified_gmt":"2026-02-18T06:31:50","slug":"bulk-4-more","status":"publish","type":"product","link":"https:\/\/www.velomobileworld.com\/nl\/product\/bulk-4-more\/","title":{"rendered":"B\u00fclk 4 More"},"content":{"rendered":"<h2>De Velomobiel van het Volk is Hier<\/h2>\n<p>Ervaar de sensatie van premium velomobieltechniek tegen een prijs die logisch is. De B\u00fclk 4 More biedt je 90% van de functies die premium velomobielen buitengewoon maken, voor slechts 60% van hun kosten. Geboren uit het DNA van onze wereldrecordbrekende B\u00fclk MK1, is dit meer dan alleen een velomobiel \u2013 het is een revolutie in duurzame stedelijke mobiliteit.<\/p>\n<p>De B\u00fclk 4 More is voornamelijk gemaakt van GRP en niet langer van CFRP. Gemiddeld zal het gewicht van het voertuig\/rijder systeem ongeveer 2,5% hoger zijn. Het voertuig heeft standaard alleen een 1\u00d711 versnellingsoverbrenging, wat voldoende is voor 90% van alle toepassingen. In de basisuitrusting zit slechts \u00e9\u00e9n STVO-goedgekeurd inbouwlicht met remlichtfunctie (80 lux koplamp). Het voorframe en de mono swingarm zijn gemaakt van aluminium en niet langer van carbon. De carrosserie is niet langer geverfd, maar gefolieerd. Door de interne structuur te vereenvoudigen en de servicehatches te vergroten, wordt de productie aanzienlijk eenvoudiger en goedkoper.<\/p>\n","protected":false},"excerpt":{"rendered":"<p>De vraag naar dure velomobielen was afgenomen, en zo werd het idee van een &#8220;volksvelomobiel&#8221; geboren. Betaalbaar voor jongere mensen en in het algemeen voor meer mensen: vandaar de naam B\u00fclk for More.<\/p>\n<p>Dit nieuwe voertuig moest niet alleen betaalbaar zijn voor meer mensen, maar ook functies hebben die het gebruik in verschillende situaties mogelijk maken.<\/p>\n","protected":false},"featured_media":76979,"template":"","meta":{"_acf_changed":false},"product_brand":[],"product_cat":[815,818],"product_tag":[830,5438,5421,937,5422],"class_list":{"0":"post-80842","1":"product","2":"type-product","3":"status-publish","4":"has-post-thumbnail","6":"product_cat-configure-your-velomobile-nl","7":"product_cat-velomobile-nl","8":"product_tag-comfortable-nl","9":"product_tag-glass-fiber","10":"product_tag-increased-ground-clearance-nl","11":"product_tag-modular-nl","12":"product_tag-short-turning-circle-nl","14":"first","15":"instock","16":"sold-individually","17":"taxable","18":"shipping-taxable","19":"purchasable","20":"product-type-composite"},"composite_virtual":false,"composite_layout":"paged","composite_add_to_cart_form_location":"default","composite_editable_in_cart":false,"composite_sold_individually_context":"product","composite_shop_price_calc":"defaults","composite_components":[{"id":"1671113348","title":"Colors","description":"","query_type":"product_ids","query_ids":[3850],"default_option_id":115234,"thumbnail_id":"","thumbnail_src":"","quantity_min":1,"quantity_max":1,"priced_individually":true,"shipped_individually":false,"optional":false,"discount":"","options_style":"dropdowns","pagination_style":"classic","display_prices":"absolute","show_sorting_options":false,"show_filtering_options":false,"attribute_filter_ids":[],"select_action":"view","product_title_visible":false,"product_descr_visible":false,"product_price_visible":false,"product_thumb_visible":true,"subtotal_visible_product":true,"subtotal_visible_cart":true,"subtotal_visible_orders":true},{"id":"1671116670","title":"Electra","description":"","query_type":"product_ids","query_ids":[3849],"default_option_id":115227,"thumbnail_id":"","thumbnail_src":"","quantity_min":1,"quantity_max":1,"priced_individually":true,"shipped_individually":false,"optional":false,"discount":"","options_style":"dropdowns","pagination_style":"classic","display_prices":"absolute","show_sorting_options":false,"show_filtering_options":false,"attribute_filter_ids":[],"select_action":"view","product_title_visible":false,"product_descr_visible":false,"product_price_visible":false,"product_thumb_visible":true,"subtotal_visible_product":true,"subtotal_visible_cart":true,"subtotal_visible_orders":true},{"id":"1671443596","title":"Gear Options","description":"","query_type":"product_ids","query_ids":[3851],"default_option_id":115241,"thumbnail_id":"","thumbnail_src":"","quantity_min":1,"quantity_max":1,"priced_individually":true,"shipped_individually":false,"optional":false,"discount":"","options_style":"dropdowns","pagination_style":"classic","display_prices":"absolute","show_sorting_options":false,"show_filtering_options":false,"attribute_filter_ids":[],"select_action":"view","product_title_visible":false,"product_descr_visible":false,"product_price_visible":false,"product_thumb_visible":true,"subtotal_visible_product":true,"subtotal_visible_cart":true,"subtotal_visible_orders":true},{"id":"1671450846","title":"Other Options","description":"","query_type":"product_ids","query_ids":[3852],"default_option_id":115248,"thumbnail_id":"","thumbnail_src":"","quantity_min":1,"quantity_max":1,"priced_individually":true,"shipped_individually":false,"optional":false,"discount":"","options_style":"dropdowns","pagination_style":"classic","display_prices":"absolute","show_sorting_options":false,"show_filtering_options":false,"attribute_filter_ids":[],"select_action":"view","product_title_visible":false,"product_descr_visible":false,"product_price_visible":false,"product_thumb_visible":true,"subtotal_visible_product":true,"subtotal_visible_cart":true,"subtotal_visible_orders":true},{"id":"1680784168","title":"Measurements","description":"","query_type":"product_ids","query_ids":[1877],"default_option_id":115430,"thumbnail_id":"","thumbnail_src":"","quantity_min":1,"quantity_max":1,"priced_individually":false,"shipped_individually":false,"optional":false,"discount":"","options_style":"dropdowns","pagination_style":"classic","display_prices":"absolute","show_sorting_options":false,"show_filtering_options":false,"attribute_filter_ids":[],"select_action":"view","product_title_visible":false,"product_descr_visible":true,"product_price_visible":false,"product_thumb_visible":true,"subtotal_visible_product":false,"subtotal_visible_cart":false,"subtotal_visible_orders":false}],"composite_scenarios":[],"bundled_by":[],"bundle_stock_status":"instock","bundle_stock_quantity":null,"bundle_virtual":false,"bundle_layout":"","bundle_add_to_cart_form_location":"","bundle_editable_in_cart":false,"bundle_sold_individually_context":"","bundle_item_grouping":"","bundle_min_size":"","bundle_max_size":"","bundle_price":[],"bundled_items":[],"bundle_sell_ids":[],"acf":[],"yoast_head":"<!-- This site is optimized with the Yoast SEO plugin v27.5 - https:\/\/yoast.com\/product\/yoast-seo-wordpress\/ -->\n<title>B\u00fclk 4 More - Velomobile World<\/title>\n<meta name=\"description\" content=\"Ervaar premium velomobielprestaties voor een toegankelijke prijs met de B\u00fclk 4 More. Gebaseerd op ons wereldrecord-ontwerp, met geavanceerde aerodynamica en aanpasbare opties voor dagelijks woon-werkverkeer.\" \/>\n<meta name=\"robots\" content=\"index, follow, max-snippet:-1, max-image-preview:large, max-video-preview:-1\" \/>\n<link rel=\"canonical\" href=\"https:\/\/www.velomobileworld.com\/product\/1-bulk-4-more\/\" \/>\n<meta property=\"og:locale\" content=\"nl_NL\" \/>\n<meta property=\"og:type\" content=\"article\" \/>\n<meta property=\"og:title\" content=\"B\u00fclk 4 More - Velomobile World\" \/>\n<meta property=\"og:description\" content=\"Ervaar premium velomobielprestaties voor een toegankelijke prijs met de B\u00fclk 4 More. Gebaseerd op ons wereldrecord-ontwerp, met geavanceerde aerodynamica en aanpasbare opties voor dagelijks woon-werkverkeer.\" \/>\n<meta property=\"og:url\" content=\"https:\/\/www.velomobileworld.com\/product\/1-bulk-4-more\/\" \/>\n<meta property=\"og:site_name\" content=\"Velomobile World\" \/>\n<meta property=\"article:modified_time\" content=\"2026-02-18T06:31:50+00:00\" \/>\n<meta property=\"og:image\" content=\"https:\/\/www.velomobileworld.com\/wp-content\/uploads\/2024\/10\/1.png\" \/>\n\t<meta property=\"og:image:width\" content=\"940\" \/>\n\t<meta property=\"og:image:height\" content=\"788\" \/>\n\t<meta property=\"og:image:type\" content=\"image\/png\" \/>\n<meta name=\"twitter:card\" content=\"summary_large_image\" \/>\n<meta name=\"twitter:label1\" content=\"Geschatte leestijd\" \/>\n\t<meta name=\"twitter:data1\" content=\"6 minuten\" \/>\n<script type=\"application\/ld+json\" class=\"yoast-schema-graph\">{\"@context\":\"https:\\\/\\\/schema.org\",\"@graph\":[{\"@type\":\"WebPage\",\"@id\":\"https:\\\/\\\/www.velomobileworld.com\\\/product\\\/1-bulk-4-more\\\/\",\"url\":\"https:\\\/\\\/www.velomobileworld.com\\\/product\\\/1-bulk-4-more\\\/\",\"name\":\"B\u00fclk 4 More - Velomobile World\",\"isPartOf\":{\"@id\":\"https:\\\/\\\/www.velomobileworld.com\\\/nl\\\/#website\"},\"primaryImageOfPage\":{\"@id\":\"https:\\\/\\\/www.velomobileworld.com\\\/product\\\/1-bulk-4-more\\\/#primaryimage\"},\"image\":{\"@id\":\"https:\\\/\\\/www.velomobileworld.com\\\/product\\\/1-bulk-4-more\\\/#primaryimage\"},\"thumbnailUrl\":\"https:\\\/\\\/www.velomobileworld.com\\\/wp-content\\\/uploads\\\/2024\\\/10\\\/1.png\",\"datePublished\":\"2024-10-16T11:15:56+00:00\",\"dateModified\":\"2026-02-18T06:31:50+00:00\",\"description\":\"Ervaar premium velomobielprestaties voor een toegankelijke prijs met de B\u00fclk 4 More. Gebaseerd op ons wereldrecord-ontwerp, met geavanceerde aerodynamica en aanpasbare opties voor dagelijks woon-werkverkeer.\",\"breadcrumb\":{\"@id\":\"https:\\\/\\\/www.velomobileworld.com\\\/product\\\/1-bulk-4-more\\\/#breadcrumb\"},\"inLanguage\":\"nl-NL\",\"potentialAction\":[{\"@type\":\"ReadAction\",\"target\":[\"https:\\\/\\\/www.velomobileworld.com\\\/product\\\/1-bulk-4-more\\\/\"]}]},{\"@type\":\"ImageObject\",\"inLanguage\":\"nl-NL\",\"@id\":\"https:\\\/\\\/www.velomobileworld.com\\\/product\\\/1-bulk-4-more\\\/#primaryimage\",\"url\":\"https:\\\/\\\/www.velomobileworld.com\\\/wp-content\\\/uploads\\\/2024\\\/10\\\/1.png\",\"contentUrl\":\"https:\\\/\\\/www.velomobileworld.com\\\/wp-content\\\/uploads\\\/2024\\\/10\\\/1.png\",\"width\":940,\"height\":788},{\"@type\":\"BreadcrumbList\",\"@id\":\"https:\\\/\\\/www.velomobileworld.com\\\/product\\\/1-bulk-4-more\\\/#breadcrumb\",\"itemListElement\":[{\"@type\":\"ListItem\",\"position\":1,\"name\":\"Home\",\"item\":\"https:\\\/\\\/www.velomobileworld.com\\\/\"},{\"@type\":\"ListItem\",\"position\":2,\"name\":\"Winkel\",\"item\":\"https:\\\/\\\/www.velomobileworld.com\\\/nl\\\/winkel\\\/\"},{\"@type\":\"ListItem\",\"position\":3,\"name\":\"B\u00fclk 4 More\"}]},{\"@type\":\"WebSite\",\"@id\":\"https:\\\/\\\/www.velomobileworld.com\\\/nl\\\/#website\",\"url\":\"https:\\\/\\\/www.velomobileworld.com\\\/nl\\\/\",\"name\":\"Velomobile World\",\"description\":\"\",\"potentialAction\":[{\"@type\":\"SearchAction\",\"target\":{\"@type\":\"EntryPoint\",\"urlTemplate\":\"https:\\\/\\\/www.velomobileworld.com\\\/nl\\\/?s={search_term_string}\"},\"query-input\":{\"@type\":\"PropertyValueSpecification\",\"valueRequired\":true,\"valueName\":\"search_term_string\"}}],\"inLanguage\":\"nl-NL\"}]}<\/script>\n<!-- \/ Yoast SEO plugin. -->","yoast_head_json":{"title":"B\u00fclk 4 More - Velomobile World","description":"Ervaar premium velomobielprestaties voor een toegankelijke prijs met de B\u00fclk 4 More. Gebaseerd op ons wereldrecord-ontwerp, met geavanceerde aerodynamica en aanpasbare opties voor dagelijks woon-werkverkeer.","robots":{"index":"index","follow":"follow","max-snippet":"max-snippet:-1","max-image-preview":"max-image-preview:large","max-video-preview":"max-video-preview:-1"},"canonical":"https:\/\/www.velomobileworld.com\/product\/1-bulk-4-more\/","og_locale":"nl_NL","og_type":"article","og_title":"B\u00fclk 4 More - Velomobile World","og_description":"Ervaar premium velomobielprestaties voor een toegankelijke prijs met de B\u00fclk 4 More. Gebaseerd op ons wereldrecord-ontwerp, met geavanceerde aerodynamica en aanpasbare opties voor dagelijks woon-werkverkeer.","og_url":"https:\/\/www.velomobileworld.com\/product\/1-bulk-4-more\/","og_site_name":"Velomobile World","article_modified_time":"2026-02-18T06:31:50+00:00","og_image":[{"width":940,"height":788,"url":"https:\/\/www.velomobileworld.com\/wp-content\/uploads\/2024\/10\/1.png","type":"image\/png"}],"twitter_card":"summary_large_image","twitter_misc":{"Geschatte leestijd":"6 minuten"},"schema":{"@context":"https:\/\/schema.org","@graph":[{"@type":"WebPage","@id":"https:\/\/www.velomobileworld.com\/product\/1-bulk-4-more\/","url":"https:\/\/www.velomobileworld.com\/product\/1-bulk-4-more\/","name":"B\u00fclk 4 More - Velomobile World","isPartOf":{"@id":"https:\/\/www.velomobileworld.com\/nl\/#website"},"primaryImageOfPage":{"@id":"https:\/\/www.velomobileworld.com\/product\/1-bulk-4-more\/#primaryimage"},"image":{"@id":"https:\/\/www.velomobileworld.com\/product\/1-bulk-4-more\/#primaryimage"},"thumbnailUrl":"https:\/\/www.velomobileworld.com\/wp-content\/uploads\/2024\/10\/1.png","datePublished":"2024-10-16T11:15:56+00:00","dateModified":"2026-02-18T06:31:50+00:00","description":"Ervaar premium velomobielprestaties voor een toegankelijke prijs met de B\u00fclk 4 More. Gebaseerd op ons wereldrecord-ontwerp, met geavanceerde aerodynamica en aanpasbare opties voor dagelijks woon-werkverkeer.","breadcrumb":{"@id":"https:\/\/www.velomobileworld.com\/product\/1-bulk-4-more\/#breadcrumb"},"inLanguage":"nl-NL","potentialAction":[{"@type":"ReadAction","target":["https:\/\/www.velomobileworld.com\/product\/1-bulk-4-more\/"]}]},{"@type":"ImageObject","inLanguage":"nl-NL","@id":"https:\/\/www.velomobileworld.com\/product\/1-bulk-4-more\/#primaryimage","url":"https:\/\/www.velomobileworld.com\/wp-content\/uploads\/2024\/10\/1.png","contentUrl":"https:\/\/www.velomobileworld.com\/wp-content\/uploads\/2024\/10\/1.png","width":940,"height":788},{"@type":"BreadcrumbList","@id":"https:\/\/www.velomobileworld.com\/product\/1-bulk-4-more\/#breadcrumb","itemListElement":[{"@type":"ListItem","position":1,"name":"Home","item":"https:\/\/www.velomobileworld.com\/"},{"@type":"ListItem","position":2,"name":"Winkel","item":"https:\/\/www.velomobileworld.com\/nl\/winkel\/"},{"@type":"ListItem","position":3,"name":"B\u00fclk 4 More"}]},{"@type":"WebSite","@id":"https:\/\/www.velomobileworld.com\/nl\/#website","url":"https:\/\/www.velomobileworld.com\/nl\/","name":"Velomobile World","description":"","potentialAction":[{"@type":"SearchAction","target":{"@type":"EntryPoint","urlTemplate":"https:\/\/www.velomobileworld.com\/nl\/?s={search_term_string}"},"query-input":{"@type":"PropertyValueSpecification","valueRequired":true,"valueName":"search_term_string"}}],"inLanguage":"nl-NL"}]}},"_links":{"self":[{"href":"https:\/\/www.velomobileworld.com\/nl\/wp-json\/wp\/v2\/product\/80842","targetHints":{"allow":["GET"]}}],"collection":[{"href":"https:\/\/www.velomobileworld.com\/nl\/wp-json\/wp\/v2\/product"}],"about":[{"href":"https:\/\/www.velomobileworld.com\/nl\/wp-json\/wp\/v2\/types\/product"}],"wp:featuredmedia":[{"embeddable":true,"href":"https:\/\/www.velomobileworld.com\/nl\/wp-json\/wp\/v2\/media\/76979"}],"wp:attachment":[{"href":"https:\/\/www.velomobileworld.com\/nl\/wp-json\/wp\/v2\/media?parent=80842"}],"wp:term":[{"taxonomy":"product_brand","embeddable":true,"href":"https:\/\/www.velomobileworld.com\/nl\/wp-json\/wp\/v2\/product_brand?post=80842"},{"taxonomy":"product_cat","embeddable":true,"href":"https:\/\/www.velomobileworld.com\/nl\/wp-json\/wp\/v2\/product_cat?post=80842"},{"taxonomy":"product_tag","embeddable":true,"href":"https:\/\/www.velomobileworld.com\/nl\/wp-json\/wp\/v2\/product_tag?post=80842"}],"curies":[{"name":"wp","href":"https:\/\/api.w.org\/{rel}","templated":true}]}}