{"id":117709,"date":"2026-03-12T12:02:29","date_gmt":"2026-03-12T11:02:29","guid":{"rendered":"https:\/\/www.velomobileworld.com\/?page_id=117709"},"modified":"2026-03-12T12:02:30","modified_gmt":"2026-03-12T11:02:30","slug":"despre-noi-2","status":"publish","type":"page","link":"https:\/\/www.velomobileworld.com\/ro\/despre-noi-2\/","title":{"rendered":"DESPRE NOI"},"content":{"rendered":"","protected":false},"excerpt":{"rendered":"","protected":false},"author":5,"featured_media":73940,"parent":0,"menu_order":0,"comment_status":"closed","ping_status":"closed","template":"","meta":{"_acf_changed":false},"class_list":["post-117709","page","type-page","status-publish","has-post-thumbnail","hentry"],"acf":[],"yoast_head":"<!-- This site is optimized with the Yoast SEO plugin v27.3 - https:\/\/yoast.com\/product\/yoast-seo-wordpress\/ -->\n<title>DESPRE NOI - Velomobile World<\/title>\n<meta name=\"description\" content=\"Descoper\u0103 c\u0103l\u0103toria Velomobile World, de la pasiunea descoperit\u0103 de Jan \u00een 1997 p\u00e2n\u0103 la fondarea unei companii globale. Afl\u0103 cum filozofia noastr\u0103 \u201e\u00cempreun\u0103 pentru perfec\u021biune\u201d ne motiveaz\u0103 s\u0103 livr\u0103m velomobile excep\u021bionale \u00een \u00eentreaga lume.\" \/>\n<meta name=\"robots\" content=\"index, follow, max-snippet:-1, max-image-preview:large, max-video-preview:-1\" \/>\n<link rel=\"canonical\" href=\"https:\/\/www.velomobileworld.com\/ro\/despre-noi-2\/\" \/>\n<meta property=\"og:locale\" content=\"ro_RO\" \/>\n<meta property=\"og:type\" content=\"article\" \/>\n<meta property=\"og:title\" content=\"DESPRE NOI - Velomobile World\" \/>\n<meta property=\"og:description\" content=\"Descoper\u0103 c\u0103l\u0103toria Velomobile World, de la pasiunea descoperit\u0103 de Jan \u00een 1997 p\u00e2n\u0103 la fondarea unei companii globale. Afl\u0103 cum filozofia noastr\u0103 \u201e\u00cempreun\u0103 pentru perfec\u021biune\u201d ne motiveaz\u0103 s\u0103 livr\u0103m velomobile excep\u021bionale \u00een \u00eentreaga lume.\" \/>\n<meta property=\"og:url\" content=\"https:\/\/www.velomobileworld.com\/ro\/despre-noi-2\/\" \/>\n<meta property=\"og:site_name\" content=\"Velomobile World\" \/>\n<meta property=\"article:modified_time\" content=\"2026-03-12T11:02:30+00:00\" \/>\n<meta property=\"og:image\" content=\"https:\/\/www.velomobileworld.com\/wp-content\/uploads\/2025\/03\/about-us-velomobile-world-team.webp\" \/>\n\t<meta property=\"og:image:width\" content=\"900\" \/>\n\t<meta property=\"og:image:height\" content=\"600\" \/>\n\t<meta property=\"og:image:type\" content=\"image\/webp\" \/>\n<meta name=\"twitter:card\" content=\"summary_large_image\" \/>\n<script type=\"application\/ld+json\" class=\"yoast-schema-graph\">{\"@context\":\"https:\\\/\\\/schema.org\",\"@graph\":[{\"@type\":\"WebPage\",\"@id\":\"https:\\\/\\\/www.velomobileworld.com\\\/ro\\\/despre-noi-2\\\/\",\"url\":\"https:\\\/\\\/www.velomobileworld.com\\\/ro\\\/despre-noi-2\\\/\",\"name\":\"DESPRE NOI - Velomobile World\",\"isPartOf\":{\"@id\":\"https:\\\/\\\/www.velomobileworld.com\\\/nl\\\/#website\"},\"primaryImageOfPage\":{\"@id\":\"https:\\\/\\\/www.velomobileworld.com\\\/ro\\\/despre-noi-2\\\/#primaryimage\"},\"image\":{\"@id\":\"https:\\\/\\\/www.velomobileworld.com\\\/ro\\\/despre-noi-2\\\/#primaryimage\"},\"thumbnailUrl\":\"https:\\\/\\\/www.velomobileworld.com\\\/wp-content\\\/uploads\\\/2025\\\/03\\\/about-us-velomobile-world-team.webp\",\"datePublished\":\"2026-03-12T11:02:29+00:00\",\"dateModified\":\"2026-03-12T11:02:30+00:00\",\"description\":\"Descoper\u0103 c\u0103l\u0103toria Velomobile World, de la pasiunea descoperit\u0103 de Jan \u00een 1997 p\u00e2n\u0103 la fondarea unei companii globale. Afl\u0103 cum filozofia noastr\u0103 \u201e\u00cempreun\u0103 pentru perfec\u021biune\u201d ne motiveaz\u0103 s\u0103 livr\u0103m velomobile excep\u021bionale \u00een \u00eentreaga lume.\",\"breadcrumb\":{\"@id\":\"https:\\\/\\\/www.velomobileworld.com\\\/ro\\\/despre-noi-2\\\/#breadcrumb\"},\"inLanguage\":\"ro-RO\",\"potentialAction\":[{\"@type\":\"ReadAction\",\"target\":[\"https:\\\/\\\/www.velomobileworld.com\\\/ro\\\/despre-noi-2\\\/\"]}]},{\"@type\":\"ImageObject\",\"inLanguage\":\"ro-RO\",\"@id\":\"https:\\\/\\\/www.velomobileworld.com\\\/ro\\\/despre-noi-2\\\/#primaryimage\",\"url\":\"https:\\\/\\\/www.velomobileworld.com\\\/wp-content\\\/uploads\\\/2025\\\/03\\\/about-us-velomobile-world-team.webp\",\"contentUrl\":\"https:\\\/\\\/www.velomobileworld.com\\\/wp-content\\\/uploads\\\/2025\\\/03\\\/about-us-velomobile-world-team.webp\",\"width\":900,\"height\":600,\"caption\":\"The velomobile world team in front of the factory\"},{\"@type\":\"BreadcrumbList\",\"@id\":\"https:\\\/\\\/www.velomobileworld.com\\\/ro\\\/despre-noi-2\\\/#breadcrumb\",\"itemListElement\":[{\"@type\":\"ListItem\",\"position\":1,\"name\":\"Home\",\"item\":\"https:\\\/\\\/www.velomobileworld.com\\\/\"},{\"@type\":\"ListItem\",\"position\":2,\"name\":\"DESPRE NOI\"}]},{\"@type\":\"WebSite\",\"@id\":\"https:\\\/\\\/www.velomobileworld.com\\\/nl\\\/#website\",\"url\":\"https:\\\/\\\/www.velomobileworld.com\\\/nl\\\/\",\"name\":\"Velomobile World\",\"description\":\"\",\"potentialAction\":[{\"@type\":\"SearchAction\",\"target\":{\"@type\":\"EntryPoint\",\"urlTemplate\":\"https:\\\/\\\/www.velomobileworld.com\\\/nl\\\/?s={search_term_string}\"},\"query-input\":{\"@type\":\"PropertyValueSpecification\",\"valueRequired\":true,\"valueName\":\"search_term_string\"}}],\"inLanguage\":\"ro-RO\"}]}<\/script>\n<!-- \/ Yoast SEO plugin. -->","yoast_head_json":{"title":"DESPRE NOI - Velomobile World","description":"Descoper\u0103 c\u0103l\u0103toria Velomobile World, de la pasiunea descoperit\u0103 de Jan \u00een 1997 p\u00e2n\u0103 la fondarea unei companii globale. Afl\u0103 cum filozofia noastr\u0103 \u201e\u00cempreun\u0103 pentru perfec\u021biune\u201d ne motiveaz\u0103 s\u0103 livr\u0103m velomobile excep\u021bionale \u00een \u00eentreaga lume.","robots":{"index":"index","follow":"follow","max-snippet":"max-snippet:-1","max-image-preview":"max-image-preview:large","max-video-preview":"max-video-preview:-1"},"canonical":"https:\/\/www.velomobileworld.com\/ro\/despre-noi-2\/","og_locale":"ro_RO","og_type":"article","og_title":"DESPRE NOI - Velomobile World","og_description":"Descoper\u0103 c\u0103l\u0103toria Velomobile World, de la pasiunea descoperit\u0103 de Jan \u00een 1997 p\u00e2n\u0103 la fondarea unei companii globale. Afl\u0103 cum filozofia noastr\u0103 \u201e\u00cempreun\u0103 pentru perfec\u021biune\u201d ne motiveaz\u0103 s\u0103 livr\u0103m velomobile excep\u021bionale \u00een \u00eentreaga lume.","og_url":"https:\/\/www.velomobileworld.com\/ro\/despre-noi-2\/","og_site_name":"Velomobile World","article_modified_time":"2026-03-12T11:02:30+00:00","og_image":[{"width":900,"height":600,"url":"https:\/\/www.velomobileworld.com\/wp-content\/uploads\/2025\/03\/about-us-velomobile-world-team.webp","type":"image\/webp"}],"twitter_card":"summary_large_image","schema":{"@context":"https:\/\/schema.org","@graph":[{"@type":"WebPage","@id":"https:\/\/www.velomobileworld.com\/ro\/despre-noi-2\/","url":"https:\/\/www.velomobileworld.com\/ro\/despre-noi-2\/","name":"DESPRE NOI - Velomobile World","isPartOf":{"@id":"https:\/\/www.velomobileworld.com\/nl\/#website"},"primaryImageOfPage":{"@id":"https:\/\/www.velomobileworld.com\/ro\/despre-noi-2\/#primaryimage"},"image":{"@id":"https:\/\/www.velomobileworld.com\/ro\/despre-noi-2\/#primaryimage"},"thumbnailUrl":"https:\/\/www.velomobileworld.com\/wp-content\/uploads\/2025\/03\/about-us-velomobile-world-team.webp","datePublished":"2026-03-12T11:02:29+00:00","dateModified":"2026-03-12T11:02:30+00:00","description":"Descoper\u0103 c\u0103l\u0103toria Velomobile World, de la pasiunea descoperit\u0103 de Jan \u00een 1997 p\u00e2n\u0103 la fondarea unei companii globale. Afl\u0103 cum filozofia noastr\u0103 \u201e\u00cempreun\u0103 pentru perfec\u021biune\u201d ne motiveaz\u0103 s\u0103 livr\u0103m velomobile excep\u021bionale \u00een \u00eentreaga lume.","breadcrumb":{"@id":"https:\/\/www.velomobileworld.com\/ro\/despre-noi-2\/#breadcrumb"},"inLanguage":"ro-RO","potentialAction":[{"@type":"ReadAction","target":["https:\/\/www.velomobileworld.com\/ro\/despre-noi-2\/"]}]},{"@type":"ImageObject","inLanguage":"ro-RO","@id":"https:\/\/www.velomobileworld.com\/ro\/despre-noi-2\/#primaryimage","url":"https:\/\/www.velomobileworld.com\/wp-content\/uploads\/2025\/03\/about-us-velomobile-world-team.webp","contentUrl":"https:\/\/www.velomobileworld.com\/wp-content\/uploads\/2025\/03\/about-us-velomobile-world-team.webp","width":900,"height":600,"caption":"The velomobile world team in front of the factory"},{"@type":"BreadcrumbList","@id":"https:\/\/www.velomobileworld.com\/ro\/despre-noi-2\/#breadcrumb","itemListElement":[{"@type":"ListItem","position":1,"name":"Home","item":"https:\/\/www.velomobileworld.com\/"},{"@type":"ListItem","position":2,"name":"DESPRE NOI"}]},{"@type":"WebSite","@id":"https:\/\/www.velomobileworld.com\/nl\/#website","url":"https:\/\/www.velomobileworld.com\/nl\/","name":"Velomobile World","description":"","potentialAction":[{"@type":"SearchAction","target":{"@type":"EntryPoint","urlTemplate":"https:\/\/www.velomobileworld.com\/nl\/?s={search_term_string}"},"query-input":{"@type":"PropertyValueSpecification","valueRequired":true,"valueName":"search_term_string"}}],"inLanguage":"ro-RO"}]}},"_links":{"self":[{"href":"https:\/\/www.velomobileworld.com\/ro\/wp-json\/wp\/v2\/pages\/117709","targetHints":{"allow":["GET"]}}],"collection":[{"href":"https:\/\/www.velomobileworld.com\/ro\/wp-json\/wp\/v2\/pages"}],"about":[{"href":"https:\/\/www.velomobileworld.com\/ro\/wp-json\/wp\/v2\/types\/page"}],"author":[{"embeddable":true,"href":"https:\/\/www.velomobileworld.com\/ro\/wp-json\/wp\/v2\/users\/5"}],"replies":[{"embeddable":true,"href":"https:\/\/www.velomobileworld.com\/ro\/wp-json\/wp\/v2\/comments?post=117709"}],"version-history":[{"count":1,"href":"https:\/\/www.velomobileworld.com\/ro\/wp-json\/wp\/v2\/pages\/117709\/revisions"}],"predecessor-version":[{"id":118536,"href":"https:\/\/www.velomobileworld.com\/ro\/wp-json\/wp\/v2\/pages\/117709\/revisions\/118536"}],"wp:featuredmedia":[{"embeddable":true,"href":"https:\/\/www.velomobileworld.com\/ro\/wp-json\/wp\/v2\/media\/73940"}],"wp:attachment":[{"href":"https:\/\/www.velomobileworld.com\/ro\/wp-json\/wp\/v2\/media?parent=117709"}],"curies":[{"name":"wp","href":"https:\/\/api.w.org\/{rel}","templated":true}]}}