{"id":99331,"date":"2024-10-18T13:46:57","date_gmt":"2024-10-18T11:46:57","guid":{"rendered":"https:\/\/www.velomobileworld.com\/velomobile\/"},"modified":"2026-02-04T09:03:57","modified_gmt":"2026-02-04T08:03:57","slug":"velomobile","status":"publish","type":"page","link":"https:\/\/www.velomobileworld.com\/ro\/velomobile\/","title":{"rendered":"Velomobile"},"content":{"rendered":"<p><br data-mce-bogus=\"1\"><\/p>\n","protected":false},"excerpt":{"rendered":"","protected":false},"author":1,"featured_media":0,"parent":0,"menu_order":0,"comment_status":"closed","ping_status":"closed","template":"page-velos-configurator.php","meta":{"_acf_changed":false},"class_list":["post-99331","page","type-page","status-publish","hentry"],"acf":[],"yoast_head":"<!-- This site is optimized with the Yoast SEO plugin v27.3 - https:\/\/yoast.com\/product\/yoast-seo-wordpress\/ -->\n<title>Velomobile - Velomobile World<\/title>\n<meta name=\"description\" content=\"Afl\u0103 cea mai bun\u0103 metod\u0103 de a merge pe biciclet\u0103! Velomobilele sunt biciclete rapide din fibr\u0103 de carbon, care ofer\u0103 protec\u021bie \u00eempotriva vremii \u0219i spa\u021biu pentru bagaje. Alege-\u021bi unul acum!\" \/>\n<meta name=\"robots\" content=\"index, follow, max-snippet:-1, max-image-preview:large, max-video-preview:-1\" \/>\n<link rel=\"canonical\" href=\"https:\/\/www.velomobileworld.com\/ro\/velomobile\/\" \/>\n<meta property=\"og:locale\" content=\"ro_RO\" \/>\n<meta property=\"og:type\" content=\"article\" \/>\n<meta property=\"og:title\" content=\"Velomobile - Velomobile World\" \/>\n<meta property=\"og:description\" content=\"Afl\u0103 cea mai bun\u0103 metod\u0103 de a merge pe biciclet\u0103! Velomobilele sunt biciclete rapide din fibr\u0103 de carbon, care ofer\u0103 protec\u021bie \u00eempotriva vremii \u0219i spa\u021biu pentru bagaje. Alege-\u021bi unul acum!\" \/>\n<meta property=\"og:url\" content=\"https:\/\/www.velomobileworld.com\/ro\/velomobile\/\" \/>\n<meta property=\"og:site_name\" content=\"Velomobile World\" \/>\n<meta property=\"article:modified_time\" content=\"2026-02-04T08:03:57+00:00\" \/>\n<meta name=\"twitter:card\" content=\"summary_large_image\" \/>\n<meta name=\"twitter:label1\" content=\"Timp estimat pentru citire\" \/>\n\t<meta name=\"twitter:data1\" content=\"4 minute\" \/>\n<script type=\"application\/ld+json\" class=\"yoast-schema-graph\">{\"@context\":\"https:\\\/\\\/schema.org\",\"@graph\":[{\"@type\":\"WebPage\",\"@id\":\"https:\\\/\\\/www.velomobileworld.com\\\/ro\\\/velomobile\\\/\",\"url\":\"https:\\\/\\\/www.velomobileworld.com\\\/ro\\\/velomobile\\\/\",\"name\":\"Velomobile - Velomobile World\",\"isPartOf\":{\"@id\":\"https:\\\/\\\/www.velomobileworld.com\\\/nl\\\/#website\"},\"datePublished\":\"2024-10-18T11:46:57+00:00\",\"dateModified\":\"2026-02-04T08:03:57+00:00\",\"description\":\"Afl\u0103 cea mai bun\u0103 metod\u0103 de a merge pe biciclet\u0103! Velomobilele sunt biciclete rapide din fibr\u0103 de carbon, care ofer\u0103 protec\u021bie \u00eempotriva vremii \u0219i spa\u021biu pentru bagaje. Alege-\u021bi unul acum!\",\"breadcrumb\":{\"@id\":\"https:\\\/\\\/www.velomobileworld.com\\\/ro\\\/velomobile\\\/#breadcrumb\"},\"inLanguage\":\"ro-RO\",\"potentialAction\":[{\"@type\":\"ReadAction\",\"target\":[\"https:\\\/\\\/www.velomobileworld.com\\\/ro\\\/velomobile\\\/\"]}]},{\"@type\":\"BreadcrumbList\",\"@id\":\"https:\\\/\\\/www.velomobileworld.com\\\/ro\\\/velomobile\\\/#breadcrumb\",\"itemListElement\":[{\"@type\":\"ListItem\",\"position\":1,\"name\":\"Home\",\"item\":\"https:\\\/\\\/www.velomobileworld.com\\\/\"},{\"@type\":\"ListItem\",\"position\":2,\"name\":\"Velomobile\"}]},{\"@type\":\"WebSite\",\"@id\":\"https:\\\/\\\/www.velomobileworld.com\\\/nl\\\/#website\",\"url\":\"https:\\\/\\\/www.velomobileworld.com\\\/nl\\\/\",\"name\":\"Velomobile World\",\"description\":\"\",\"potentialAction\":[{\"@type\":\"SearchAction\",\"target\":{\"@type\":\"EntryPoint\",\"urlTemplate\":\"https:\\\/\\\/www.velomobileworld.com\\\/nl\\\/?s={search_term_string}\"},\"query-input\":{\"@type\":\"PropertyValueSpecification\",\"valueRequired\":true,\"valueName\":\"search_term_string\"}}],\"inLanguage\":\"ro-RO\"}]}<\/script>\n<!-- \/ Yoast SEO plugin. -->","yoast_head_json":{"title":"Velomobile - Velomobile World","description":"Afl\u0103 cea mai bun\u0103 metod\u0103 de a merge pe biciclet\u0103! Velomobilele sunt biciclete rapide din fibr\u0103 de carbon, care ofer\u0103 protec\u021bie \u00eempotriva vremii \u0219i spa\u021biu pentru bagaje. Alege-\u021bi unul acum!","robots":{"index":"index","follow":"follow","max-snippet":"max-snippet:-1","max-image-preview":"max-image-preview:large","max-video-preview":"max-video-preview:-1"},"canonical":"https:\/\/www.velomobileworld.com\/ro\/velomobile\/","og_locale":"ro_RO","og_type":"article","og_title":"Velomobile - Velomobile World","og_description":"Afl\u0103 cea mai bun\u0103 metod\u0103 de a merge pe biciclet\u0103! Velomobilele sunt biciclete rapide din fibr\u0103 de carbon, care ofer\u0103 protec\u021bie \u00eempotriva vremii \u0219i spa\u021biu pentru bagaje. Alege-\u021bi unul acum!","og_url":"https:\/\/www.velomobileworld.com\/ro\/velomobile\/","og_site_name":"Velomobile World","article_modified_time":"2026-02-04T08:03:57+00:00","twitter_card":"summary_large_image","twitter_misc":{"Timp estimat pentru citire":"4 minute"},"schema":{"@context":"https:\/\/schema.org","@graph":[{"@type":"WebPage","@id":"https:\/\/www.velomobileworld.com\/ro\/velomobile\/","url":"https:\/\/www.velomobileworld.com\/ro\/velomobile\/","name":"Velomobile - Velomobile World","isPartOf":{"@id":"https:\/\/www.velomobileworld.com\/nl\/#website"},"datePublished":"2024-10-18T11:46:57+00:00","dateModified":"2026-02-04T08:03:57+00:00","description":"Afl\u0103 cea mai bun\u0103 metod\u0103 de a merge pe biciclet\u0103! Velomobilele sunt biciclete rapide din fibr\u0103 de carbon, care ofer\u0103 protec\u021bie \u00eempotriva vremii \u0219i spa\u021biu pentru bagaje. Alege-\u021bi unul acum!","breadcrumb":{"@id":"https:\/\/www.velomobileworld.com\/ro\/velomobile\/#breadcrumb"},"inLanguage":"ro-RO","potentialAction":[{"@type":"ReadAction","target":["https:\/\/www.velomobileworld.com\/ro\/velomobile\/"]}]},{"@type":"BreadcrumbList","@id":"https:\/\/www.velomobileworld.com\/ro\/velomobile\/#breadcrumb","itemListElement":[{"@type":"ListItem","position":1,"name":"Home","item":"https:\/\/www.velomobileworld.com\/"},{"@type":"ListItem","position":2,"name":"Velomobile"}]},{"@type":"WebSite","@id":"https:\/\/www.velomobileworld.com\/nl\/#website","url":"https:\/\/www.velomobileworld.com\/nl\/","name":"Velomobile World","description":"","potentialAction":[{"@type":"SearchAction","target":{"@type":"EntryPoint","urlTemplate":"https:\/\/www.velomobileworld.com\/nl\/?s={search_term_string}"},"query-input":{"@type":"PropertyValueSpecification","valueRequired":true,"valueName":"search_term_string"}}],"inLanguage":"ro-RO"}]}},"_links":{"self":[{"href":"https:\/\/www.velomobileworld.com\/ro\/wp-json\/wp\/v2\/pages\/99331","targetHints":{"allow":["GET"]}}],"collection":[{"href":"https:\/\/www.velomobileworld.com\/ro\/wp-json\/wp\/v2\/pages"}],"about":[{"href":"https:\/\/www.velomobileworld.com\/ro\/wp-json\/wp\/v2\/types\/page"}],"author":[{"embeddable":true,"href":"https:\/\/www.velomobileworld.com\/ro\/wp-json\/wp\/v2\/users\/1"}],"replies":[{"embeddable":true,"href":"https:\/\/www.velomobileworld.com\/ro\/wp-json\/wp\/v2\/comments?post=99331"}],"version-history":[{"count":2,"href":"https:\/\/www.velomobileworld.com\/ro\/wp-json\/wp\/v2\/pages\/99331\/revisions"}],"predecessor-version":[{"id":116696,"href":"https:\/\/www.velomobileworld.com\/ro\/wp-json\/wp\/v2\/pages\/99331\/revisions\/116696"}],"wp:attachment":[{"href":"https:\/\/www.velomobileworld.com\/ro\/wp-json\/wp\/v2\/media?parent=99331"}],"curies":[{"name":"wp","href":"https:\/\/api.w.org\/{rel}","templated":true}]}}