{"id":117322,"date":"2026-02-17T11:45:47","date_gmt":"2026-02-17T10:45:47","guid":{"rendered":"https:\/\/www.velomobileworld.com\/product\/bulk-race\/"},"modified":"2026-04-24T13:58:08","modified_gmt":"2026-04-24T11:58:08","slug":"bulk-race","status":"publish","type":"product","link":"https:\/\/www.velomobileworld.com\/ro\/product\/bulk-race\/","title":{"rendered":"B\u00fclk Race"},"content":{"rendered":"<h2><strong>B\u00fclk Race: Vitez\u0103 pur\u0103, perfec\u021bionat\u0103 manual<\/strong><\/h2>\n<p><strong>B\u00fclk Race<\/strong> este fratele de \u00eenalt\u0103 performan\u021b\u0103, orientat spre competi\u021bie, din familia B\u00fclk \u2013 u\u0219or, ultra-aerodinamic \u0219i proiectat pentru a dobor\u00ee recorduri. Conceput pentru zilele pe pist\u0103 \u0219i pentru pasiona\u021bii serio\u0219i de vitez\u0103, acesta ofer\u0103 o agilitate \u0219i o performan\u021b\u0103 excep\u021bional\u0103 \u00een fiecare detaliu.<\/p>\n<p><strong>Materiale:<\/strong><br \/>\nFibr\u0103 de carbon cu r\u0103\u0219in\u0103 epoxidic\u0103<br \/>\n<strong>\u00cen\u0103l\u021bimea ciclistului*:<\/strong><br \/>\n~158 cm p\u00e2n\u0103 la ~195 cm<br \/>\n<strong>Greutatea maxim\u0103 a ciclistului:<\/strong><br \/>\n120 kg<\/p>\n<p>Dorim s\u0103 \u00eei transmitem mul\u021bumiri sincere lui J\u00f6rg Basler pentru fotografiile incredibile. Pentru mai multe detalii, accesa\u021bi <a href=\"https:\/\/droplimits.com\/\">droplimits.com<\/a><\/p>\n<p>Pre\u021b de baz\u0103: <strong>9750 f\u0103r\u0103 TVA<\/strong> \u2013 construie\u0219te-\u021bi velomobilul perfect pentru circuit.<\/p>\n","protected":false},"excerpt":{"rendered":"<p>B\u00fclk Race este cel mai u\u0219or \u0219i cel mai rapid velomobil din gama B\u00fclk. Proiectat special pentru competi\u021bii, acesta ofer\u0103 vitez\u0103 maxim\u0103, rigiditate sporit\u0103 \u0219i o eficien\u021b\u0103 aerodinamic\u0103 de neegalat. Este o ma\u0219in\u0103 creat\u0103 pentru a dobor\u00ee recorduri, performan\u021b\u0103 demonstrat\u0103 deja de Stefan Hegger la Aldenhoven.<\/p>\n","protected":false},"featured_media":117759,"template":"","meta":{"_acf_changed":false},"product_brand":[],"product_cat":[908,911],"product_tag":[922,942,921,928,941],"class_list":{"0":"post-117322","1":"product","2":"type-product","3":"status-publish","4":"has-post-thumbnail","6":"product_cat-configure-your-velomobile-ro","7":"product_cat-velomobile-ro","8":"product_tag-comfortable-ro","9":"product_tag-efficient-ro","10":"product_tag-fast-ro","11":"product_tag-highline-ro","12":"product_tag-modular-ro","14":"first","15":"instock","16":"sold-individually","17":"taxable","18":"shipping-taxable","19":"purchasable","20":"product-type-composite"},"composite_virtual":false,"composite_layout":"paged","composite_add_to_cart_form_location":"default","composite_editable_in_cart":false,"composite_sold_individually_context":"product","composite_shop_price_calc":"defaults","composite_components":[{"id":"1671113348","title":"Colors","description":"","query_type":"product_ids","query_ids":[117453],"default_option_id":117453,"thumbnail_id":"","thumbnail_src":"","quantity_min":1,"quantity_max":1,"priced_individually":true,"shipped_individually":false,"optional":false,"discount":"","options_style":"dropdowns","pagination_style":"classic","display_prices":"absolute","show_sorting_options":false,"show_filtering_options":false,"attribute_filter_ids":[],"select_action":"view","product_title_visible":false,"product_descr_visible":false,"product_price_visible":false,"product_thumb_visible":true,"subtotal_visible_product":true,"subtotal_visible_cart":true,"subtotal_visible_orders":true},{"id":"1671116670","title":"Electra","description":"","query_type":"product_ids","query_ids":[117474],"default_option_id":117474,"thumbnail_id":"","thumbnail_src":"","quantity_min":1,"quantity_max":1,"priced_individually":true,"shipped_individually":false,"optional":false,"discount":"","options_style":"dropdowns","pagination_style":"classic","display_prices":"absolute","show_sorting_options":false,"show_filtering_options":false,"attribute_filter_ids":[],"select_action":"view","product_title_visible":false,"product_descr_visible":false,"product_price_visible":false,"product_thumb_visible":true,"subtotal_visible_product":true,"subtotal_visible_cart":true,"subtotal_visible_orders":true},{"id":"1671443596","title":"Gear Options","description":"","query_type":"product_ids","query_ids":[117376],"default_option_id":117376,"thumbnail_id":"","thumbnail_src":"","quantity_min":1,"quantity_max":1,"priced_individually":true,"shipped_individually":false,"optional":false,"discount":"","options_style":"dropdowns","pagination_style":"classic","display_prices":"absolute","show_sorting_options":false,"show_filtering_options":false,"attribute_filter_ids":[],"select_action":"view","product_title_visible":false,"product_descr_visible":false,"product_price_visible":false,"product_thumb_visible":true,"subtotal_visible_product":true,"subtotal_visible_cart":true,"subtotal_visible_orders":true},{"id":"1671450846","title":"Other Options","description":"","query_type":"product_ids","query_ids":[117481],"default_option_id":117481,"thumbnail_id":"","thumbnail_src":"","quantity_min":1,"quantity_max":1,"priced_individually":true,"shipped_individually":false,"optional":false,"discount":"","options_style":"dropdowns","pagination_style":"classic","display_prices":"absolute","show_sorting_options":false,"show_filtering_options":false,"attribute_filter_ids":[],"select_action":"view","product_title_visible":false,"product_descr_visible":false,"product_price_visible":false,"product_thumb_visible":true,"subtotal_visible_product":true,"subtotal_visible_cart":true,"subtotal_visible_orders":true},{"id":"1680784168","title":"Measurements","description":"","query_type":"product_ids","query_ids":[115434],"default_option_id":115434,"thumbnail_id":"","thumbnail_src":"","quantity_min":1,"quantity_max":1,"priced_individually":false,"shipped_individually":false,"optional":false,"discount":"","options_style":"dropdowns","pagination_style":"classic","display_prices":"absolute","show_sorting_options":false,"show_filtering_options":false,"attribute_filter_ids":[],"select_action":"view","product_title_visible":false,"product_descr_visible":true,"product_price_visible":false,"product_thumb_visible":true,"subtotal_visible_product":false,"subtotal_visible_cart":false,"subtotal_visible_orders":false}],"composite_scenarios":[],"bundled_by":[],"bundle_stock_status":"instock","bundle_stock_quantity":null,"bundle_virtual":false,"bundle_layout":"","bundle_add_to_cart_form_location":"","bundle_editable_in_cart":false,"bundle_sold_individually_context":"","bundle_item_grouping":"","bundle_min_size":"","bundle_max_size":"","bundle_price":[],"bundled_items":[],"bundle_sell_ids":[],"acf":[],"yoast_head":"<!-- This site is optimized with the Yoast SEO plugin v27.5 - https:\/\/yoast.com\/product\/yoast-seo-wordpress\/ -->\n<title>B\u00fclk Race - Velomobile World<\/title>\n<meta name=\"description\" content=\"B\u00fclk Race este conceput special pentru competi\u021bii \u0219i \u0219i-a dovedit deja valoarea \u00een concursuri. Cu o performan\u021b\u0103 record la Aldenhoven, acesta a fost construit pentru vitez\u0103 pur\u0103 \u0219i eficien\u021b\u0103 aerodinamic\u0103 maxim\u0103.\" \/>\n<meta name=\"robots\" content=\"index, follow, max-snippet:-1, max-image-preview:large, max-video-preview:-1\" \/>\n<link rel=\"canonical\" href=\"https:\/\/www.velomobileworld.com\/ro\/product\/bulk-race\/\" \/>\n<meta property=\"og:locale\" content=\"ro_RO\" \/>\n<meta property=\"og:type\" content=\"article\" \/>\n<meta property=\"og:title\" content=\"B\u00fclk Race - Velomobile World\" \/>\n<meta property=\"og:description\" content=\"B\u00fclk Race este conceput special pentru competi\u021bii \u0219i \u0219i-a dovedit deja valoarea \u00een concursuri. Cu o performan\u021b\u0103 record la Aldenhoven, acesta a fost construit pentru vitez\u0103 pur\u0103 \u0219i eficien\u021b\u0103 aerodinamic\u0103 maxim\u0103.\" \/>\n<meta property=\"og:url\" content=\"https:\/\/www.velomobileworld.com\/ro\/product\/bulk-race\/\" \/>\n<meta property=\"og:site_name\" content=\"Velomobile World\" \/>\n<meta property=\"article:modified_time\" content=\"2026-04-24T11:58:08+00:00\" \/>\n<meta property=\"og:image\" content=\"https:\/\/www.velomobileworld.com\/wp-content\/uploads\/2026\/02\/2.png\" \/>\n\t<meta property=\"og:image:width\" content=\"1181\" \/>\n\t<meta property=\"og:image:height\" content=\"1181\" \/>\n\t<meta property=\"og:image:type\" content=\"image\/png\" \/>\n<meta name=\"twitter:card\" content=\"summary_large_image\" \/>\n<meta name=\"twitter:label1\" content=\"Timp estimat pentru citire\" \/>\n\t<meta name=\"twitter:data1\" content=\"6 minute\" \/>\n<script type=\"application\/ld+json\" class=\"yoast-schema-graph\">{\"@context\":\"https:\\\/\\\/schema.org\",\"@graph\":[{\"@type\":\"WebPage\",\"@id\":\"https:\\\/\\\/www.velomobileworld.com\\\/ro\\\/product\\\/bulk-race\\\/\",\"url\":\"https:\\\/\\\/www.velomobileworld.com\\\/ro\\\/product\\\/bulk-race\\\/\",\"name\":\"B\u00fclk Race - Velomobile World\",\"isPartOf\":{\"@id\":\"https:\\\/\\\/www.velomobileworld.com\\\/nl\\\/#website\"},\"primaryImageOfPage\":{\"@id\":\"https:\\\/\\\/www.velomobileworld.com\\\/ro\\\/product\\\/bulk-race\\\/#primaryimage\"},\"image\":{\"@id\":\"https:\\\/\\\/www.velomobileworld.com\\\/ro\\\/product\\\/bulk-race\\\/#primaryimage\"},\"thumbnailUrl\":\"https:\\\/\\\/www.velomobileworld.com\\\/wp-content\\\/uploads\\\/2026\\\/02\\\/2.png\",\"datePublished\":\"2026-02-17T10:45:47+00:00\",\"dateModified\":\"2026-04-24T11:58:08+00:00\",\"description\":\"B\u00fclk Race este conceput special pentru competi\u021bii \u0219i \u0219i-a dovedit deja valoarea \u00een concursuri. Cu o performan\u021b\u0103 record la Aldenhoven, acesta a fost construit pentru vitez\u0103 pur\u0103 \u0219i eficien\u021b\u0103 aerodinamic\u0103 maxim\u0103.\",\"breadcrumb\":{\"@id\":\"https:\\\/\\\/www.velomobileworld.com\\\/ro\\\/product\\\/bulk-race\\\/#breadcrumb\"},\"inLanguage\":\"ro-RO\",\"potentialAction\":[{\"@type\":\"ReadAction\",\"target\":[\"https:\\\/\\\/www.velomobileworld.com\\\/ro\\\/product\\\/bulk-race\\\/\"]}]},{\"@type\":\"ImageObject\",\"inLanguage\":\"ro-RO\",\"@id\":\"https:\\\/\\\/www.velomobileworld.com\\\/ro\\\/product\\\/bulk-race\\\/#primaryimage\",\"url\":\"https:\\\/\\\/www.velomobileworld.com\\\/wp-content\\\/uploads\\\/2026\\\/02\\\/2.png\",\"contentUrl\":\"https:\\\/\\\/www.velomobileworld.com\\\/wp-content\\\/uploads\\\/2026\\\/02\\\/2.png\",\"width\":1181,\"height\":1181},{\"@type\":\"BreadcrumbList\",\"@id\":\"https:\\\/\\\/www.velomobileworld.com\\\/ro\\\/product\\\/bulk-race\\\/#breadcrumb\",\"itemListElement\":[{\"@type\":\"ListItem\",\"position\":1,\"name\":\"Home\",\"item\":\"https:\\\/\\\/www.velomobileworld.com\\\/\"},{\"@type\":\"ListItem\",\"position\":2,\"name\":\"Magazin\",\"item\":\"https:\\\/\\\/www.velomobileworld.com\\\/ro\\\/magazin\\\/\"},{\"@type\":\"ListItem\",\"position\":3,\"name\":\"B\u00fclk Race\"}]},{\"@type\":\"WebSite\",\"@id\":\"https:\\\/\\\/www.velomobileworld.com\\\/nl\\\/#website\",\"url\":\"https:\\\/\\\/www.velomobileworld.com\\\/nl\\\/\",\"name\":\"Velomobile World\",\"description\":\"\",\"potentialAction\":[{\"@type\":\"SearchAction\",\"target\":{\"@type\":\"EntryPoint\",\"urlTemplate\":\"https:\\\/\\\/www.velomobileworld.com\\\/nl\\\/?s={search_term_string}\"},\"query-input\":{\"@type\":\"PropertyValueSpecification\",\"valueRequired\":true,\"valueName\":\"search_term_string\"}}],\"inLanguage\":\"ro-RO\"}]}<\/script>\n<!-- \/ Yoast SEO plugin. -->","yoast_head_json":{"title":"B\u00fclk Race - Velomobile World","description":"B\u00fclk Race este conceput special pentru competi\u021bii \u0219i \u0219i-a dovedit deja valoarea \u00een concursuri. Cu o performan\u021b\u0103 record la Aldenhoven, acesta a fost construit pentru vitez\u0103 pur\u0103 \u0219i eficien\u021b\u0103 aerodinamic\u0103 maxim\u0103.","robots":{"index":"index","follow":"follow","max-snippet":"max-snippet:-1","max-image-preview":"max-image-preview:large","max-video-preview":"max-video-preview:-1"},"canonical":"https:\/\/www.velomobileworld.com\/ro\/product\/bulk-race\/","og_locale":"ro_RO","og_type":"article","og_title":"B\u00fclk Race - Velomobile World","og_description":"B\u00fclk Race este conceput special pentru competi\u021bii \u0219i \u0219i-a dovedit deja valoarea \u00een concursuri. Cu o performan\u021b\u0103 record la Aldenhoven, acesta a fost construit pentru vitez\u0103 pur\u0103 \u0219i eficien\u021b\u0103 aerodinamic\u0103 maxim\u0103.","og_url":"https:\/\/www.velomobileworld.com\/ro\/product\/bulk-race\/","og_site_name":"Velomobile World","article_modified_time":"2026-04-24T11:58:08+00:00","og_image":[{"width":1181,"height":1181,"url":"https:\/\/www.velomobileworld.com\/wp-content\/uploads\/2026\/02\/2.png","type":"image\/png"}],"twitter_card":"summary_large_image","twitter_misc":{"Timp estimat pentru citire":"6 minute"},"schema":{"@context":"https:\/\/schema.org","@graph":[{"@type":"WebPage","@id":"https:\/\/www.velomobileworld.com\/ro\/product\/bulk-race\/","url":"https:\/\/www.velomobileworld.com\/ro\/product\/bulk-race\/","name":"B\u00fclk Race - Velomobile World","isPartOf":{"@id":"https:\/\/www.velomobileworld.com\/nl\/#website"},"primaryImageOfPage":{"@id":"https:\/\/www.velomobileworld.com\/ro\/product\/bulk-race\/#primaryimage"},"image":{"@id":"https:\/\/www.velomobileworld.com\/ro\/product\/bulk-race\/#primaryimage"},"thumbnailUrl":"https:\/\/www.velomobileworld.com\/wp-content\/uploads\/2026\/02\/2.png","datePublished":"2026-02-17T10:45:47+00:00","dateModified":"2026-04-24T11:58:08+00:00","description":"B\u00fclk Race este conceput special pentru competi\u021bii \u0219i \u0219i-a dovedit deja valoarea \u00een concursuri. Cu o performan\u021b\u0103 record la Aldenhoven, acesta a fost construit pentru vitez\u0103 pur\u0103 \u0219i eficien\u021b\u0103 aerodinamic\u0103 maxim\u0103.","breadcrumb":{"@id":"https:\/\/www.velomobileworld.com\/ro\/product\/bulk-race\/#breadcrumb"},"inLanguage":"ro-RO","potentialAction":[{"@type":"ReadAction","target":["https:\/\/www.velomobileworld.com\/ro\/product\/bulk-race\/"]}]},{"@type":"ImageObject","inLanguage":"ro-RO","@id":"https:\/\/www.velomobileworld.com\/ro\/product\/bulk-race\/#primaryimage","url":"https:\/\/www.velomobileworld.com\/wp-content\/uploads\/2026\/02\/2.png","contentUrl":"https:\/\/www.velomobileworld.com\/wp-content\/uploads\/2026\/02\/2.png","width":1181,"height":1181},{"@type":"BreadcrumbList","@id":"https:\/\/www.velomobileworld.com\/ro\/product\/bulk-race\/#breadcrumb","itemListElement":[{"@type":"ListItem","position":1,"name":"Home","item":"https:\/\/www.velomobileworld.com\/"},{"@type":"ListItem","position":2,"name":"Magazin","item":"https:\/\/www.velomobileworld.com\/ro\/magazin\/"},{"@type":"ListItem","position":3,"name":"B\u00fclk Race"}]},{"@type":"WebSite","@id":"https:\/\/www.velomobileworld.com\/nl\/#website","url":"https:\/\/www.velomobileworld.com\/nl\/","name":"Velomobile World","description":"","potentialAction":[{"@type":"SearchAction","target":{"@type":"EntryPoint","urlTemplate":"https:\/\/www.velomobileworld.com\/nl\/?s={search_term_string}"},"query-input":{"@type":"PropertyValueSpecification","valueRequired":true,"valueName":"search_term_string"}}],"inLanguage":"ro-RO"}]}},"_links":{"self":[{"href":"https:\/\/www.velomobileworld.com\/ro\/wp-json\/wp\/v2\/product\/117322","targetHints":{"allow":["GET"]}}],"collection":[{"href":"https:\/\/www.velomobileworld.com\/ro\/wp-json\/wp\/v2\/product"}],"about":[{"href":"https:\/\/www.velomobileworld.com\/ro\/wp-json\/wp\/v2\/types\/product"}],"wp:featuredmedia":[{"embeddable":true,"href":"https:\/\/www.velomobileworld.com\/ro\/wp-json\/wp\/v2\/media\/117759"}],"wp:attachment":[{"href":"https:\/\/www.velomobileworld.com\/ro\/wp-json\/wp\/v2\/media?parent=117322"}],"wp:term":[{"taxonomy":"product_brand","embeddable":true,"href":"https:\/\/www.velomobileworld.com\/ro\/wp-json\/wp\/v2\/product_brand?post=117322"},{"taxonomy":"product_cat","embeddable":true,"href":"https:\/\/www.velomobileworld.com\/ro\/wp-json\/wp\/v2\/product_cat?post=117322"},{"taxonomy":"product_tag","embeddable":true,"href":"https:\/\/www.velomobileworld.com\/ro\/wp-json\/wp\/v2\/product_tag?post=117322"}],"curies":[{"name":"wp","href":"https:\/\/api.w.org\/{rel}","templated":true}]}}