{"id":118338,"date":"2025-10-09T10:50:19","date_gmt":"2025-10-09T08:50:19","guid":{"rendered":"https:\/\/www.velomobileworld.com\/product\/scaun-alpha\/"},"modified":"2025-10-09T10:50:19","modified_gmt":"2025-10-09T08:50:19","slug":"scaun-alpha","status":"publish","type":"product","link":"https:\/\/www.velomobileworld.com\/ro\/product\/scaun-alpha\/","title":{"rendered":"Scaun Alpha"},"content":{"rendered":"<p data-path-to-node=\"0\"><b data-path-to-node=\"0\" data-index-in-node=\"0\">Scaunul Alpha este disponibil pentru toate modelele: M, L, XL, iar scaunul Ergo \u00een m\u0103rimile M, L, XL.<\/b><\/p>\n","protected":false},"excerpt":{"rendered":"<p>Acest pre\u021b include costurile de transport pentru \u021b\u0103rile din UE.<br data-start=\"186\" data-end=\"189\" \/>Pentru alte \u021b\u0103ri, vei primi un e-mail cu detalii \u00een cazul \u00een care nu reu\u0219im s\u0103 g\u0103sim o variant\u0103 de livrare care s\u0103 se \u00eencadreze \u00een acest pre\u021b.<\/p>\n","protected":false},"featured_media":115656,"template":"","meta":{"_acf_changed":false},"product_brand":[],"product_cat":[1011,1012,1013],"product_tag":[1014],"class_list":{"0":"post-118338","1":"product","2":"type-product","3":"status-publish","4":"has-post-thumbnail","6":"product_cat-bulk-spare-parts-ro","7":"product_cat-parts-ro","8":"product_cat-spare-parts-others-ro","9":"product_tag-bulk-models-ro","11":"first","12":"instock","13":"taxable","14":"shipping-taxable","15":"purchasable","16":"product-type-simple"},"composite_virtual":false,"composite_layout":"","composite_add_to_cart_form_location":"","composite_editable_in_cart":false,"composite_sold_individually_context":"","composite_shop_price_calc":"","composite_components":[],"composite_scenarios":[],"bundled_by":[],"bundle_stock_status":"instock","bundle_stock_quantity":null,"bundle_virtual":false,"bundle_layout":"","bundle_add_to_cart_form_location":"","bundle_editable_in_cart":false,"bundle_sold_individually_context":"","bundle_item_grouping":"","bundle_min_size":"","bundle_max_size":"","bundle_price":[],"bundled_items":[],"bundle_sell_ids":[],"acf":[],"yoast_head":"<!-- This site is optimized with the Yoast SEO plugin v27.5 - https:\/\/yoast.com\/product\/yoast-seo-wordpress\/ -->\n<title>Scaun Alpha - Velomobile World<\/title>\n<meta name=\"description\" content=\"Alege scaunul perfect pentru tine - Selecteaz\u0103 scaunul care se potrive\u0219te \u00een\u0103l\u021bimii tale, stilului t\u0103u de condus \u0219i modelului dorit. Scaunele noastre Alpha sunt disponibile \u00een m\u0103rimile M, L \u0219i XL, oferind confort pentru toate modelele. Preferi un suport \u00eembun\u0103t\u0103\u021bit? Opteaz\u0103 pentru scaunul Ergo, disponibil \u00een m\u0103rimile M, L \u0219i XL, conceput pentru un plus de ergonomie \u0219i confort la drum lung.\" \/>\n<meta name=\"robots\" content=\"index, follow, max-snippet:-1, max-image-preview:large, max-video-preview:-1\" \/>\n<link rel=\"canonical\" href=\"https:\/\/www.velomobileworld.com\/product\/alpha-seat\/\" \/>\n<meta property=\"og:locale\" content=\"ro_RO\" \/>\n<meta property=\"og:type\" content=\"article\" \/>\n<meta property=\"og:title\" content=\"Scaun Alpha - Velomobile World\" \/>\n<meta property=\"og:description\" content=\"Alege scaunul perfect pentru tine - Selecteaz\u0103 scaunul care se potrive\u0219te \u00een\u0103l\u021bimii tale, stilului t\u0103u de condus \u0219i modelului dorit. Scaunele noastre Alpha sunt disponibile \u00een m\u0103rimile M, L \u0219i XL, oferind confort pentru toate modelele. Preferi un suport \u00eembun\u0103t\u0103\u021bit? Opteaz\u0103 pentru scaunul Ergo, disponibil \u00een m\u0103rimile M, L \u0219i XL, conceput pentru un plus de ergonomie \u0219i confort la drum lung.\" \/>\n<meta property=\"og:url\" content=\"https:\/\/www.velomobileworld.com\/product\/alpha-seat\/\" \/>\n<meta property=\"og:site_name\" content=\"Velomobile World\" \/>\n<meta property=\"og:image\" content=\"https:\/\/www.velomobileworld.com\/wp-content\/uploads\/2025\/10\/Product-Promotion-Photo-Collage-Instagram-Post-1.png\" \/>\n\t<meta property=\"og:image:width\" content=\"1080\" \/>\n\t<meta property=\"og:image:height\" content=\"1080\" \/>\n\t<meta property=\"og:image:type\" content=\"image\/png\" \/>\n<meta name=\"twitter:card\" content=\"summary_large_image\" \/>\n<script type=\"application\/ld+json\" class=\"yoast-schema-graph\">{\"@context\":\"https:\\\/\\\/schema.org\",\"@graph\":[{\"@type\":\"WebPage\",\"@id\":\"https:\\\/\\\/www.velomobileworld.com\\\/product\\\/alpha-seat\\\/\",\"url\":\"https:\\\/\\\/www.velomobileworld.com\\\/product\\\/alpha-seat\\\/\",\"name\":\"Scaun Alpha - Velomobile World\",\"isPartOf\":{\"@id\":\"https:\\\/\\\/www.velomobileworld.com\\\/nl\\\/#website\"},\"primaryImageOfPage\":{\"@id\":\"https:\\\/\\\/www.velomobileworld.com\\\/product\\\/alpha-seat\\\/#primaryimage\"},\"image\":{\"@id\":\"https:\\\/\\\/www.velomobileworld.com\\\/product\\\/alpha-seat\\\/#primaryimage\"},\"thumbnailUrl\":\"https:\\\/\\\/www.velomobileworld.com\\\/wp-content\\\/uploads\\\/2025\\\/10\\\/Product-Promotion-Photo-Collage-Instagram-Post-1.png\",\"datePublished\":\"2025-10-09T08:50:19+00:00\",\"description\":\"Alege scaunul perfect pentru tine - Selecteaz\u0103 scaunul care se potrive\u0219te \u00een\u0103l\u021bimii tale, stilului t\u0103u de condus \u0219i modelului dorit. Scaunele noastre Alpha sunt disponibile \u00een m\u0103rimile M, L \u0219i XL, oferind confort pentru toate modelele. Preferi un suport \u00eembun\u0103t\u0103\u021bit? Opteaz\u0103 pentru scaunul Ergo, disponibil \u00een m\u0103rimile M, L \u0219i XL, conceput pentru un plus de ergonomie \u0219i confort la drum lung.\",\"breadcrumb\":{\"@id\":\"https:\\\/\\\/www.velomobileworld.com\\\/product\\\/alpha-seat\\\/#breadcrumb\"},\"inLanguage\":\"ro-RO\",\"potentialAction\":[{\"@type\":\"ReadAction\",\"target\":[\"https:\\\/\\\/www.velomobileworld.com\\\/product\\\/alpha-seat\\\/\"]}]},{\"@type\":\"ImageObject\",\"inLanguage\":\"ro-RO\",\"@id\":\"https:\\\/\\\/www.velomobileworld.com\\\/product\\\/alpha-seat\\\/#primaryimage\",\"url\":\"https:\\\/\\\/www.velomobileworld.com\\\/wp-content\\\/uploads\\\/2025\\\/10\\\/Product-Promotion-Photo-Collage-Instagram-Post-1.png\",\"contentUrl\":\"https:\\\/\\\/www.velomobileworld.com\\\/wp-content\\\/uploads\\\/2025\\\/10\\\/Product-Promotion-Photo-Collage-Instagram-Post-1.png\",\"width\":1080,\"height\":1080},{\"@type\":\"BreadcrumbList\",\"@id\":\"https:\\\/\\\/www.velomobileworld.com\\\/product\\\/alpha-seat\\\/#breadcrumb\",\"itemListElement\":[{\"@type\":\"ListItem\",\"position\":1,\"name\":\"Home\",\"item\":\"https:\\\/\\\/www.velomobileworld.com\\\/\"},{\"@type\":\"ListItem\",\"position\":2,\"name\":\"Magazin\",\"item\":\"https:\\\/\\\/www.velomobileworld.com\\\/ro\\\/magazin\\\/\"},{\"@type\":\"ListItem\",\"position\":3,\"name\":\"Scaun Alpha\"}]},{\"@type\":\"WebSite\",\"@id\":\"https:\\\/\\\/www.velomobileworld.com\\\/nl\\\/#website\",\"url\":\"https:\\\/\\\/www.velomobileworld.com\\\/nl\\\/\",\"name\":\"Velomobile World\",\"description\":\"\",\"potentialAction\":[{\"@type\":\"SearchAction\",\"target\":{\"@type\":\"EntryPoint\",\"urlTemplate\":\"https:\\\/\\\/www.velomobileworld.com\\\/nl\\\/?s={search_term_string}\"},\"query-input\":{\"@type\":\"PropertyValueSpecification\",\"valueRequired\":true,\"valueName\":\"search_term_string\"}}],\"inLanguage\":\"ro-RO\"}]}<\/script>\n<!-- \/ Yoast SEO plugin. -->","yoast_head_json":{"title":"Scaun Alpha - Velomobile World","description":"Alege scaunul perfect pentru tine - Selecteaz\u0103 scaunul care se potrive\u0219te \u00een\u0103l\u021bimii tale, stilului t\u0103u de condus \u0219i modelului dorit. Scaunele noastre Alpha sunt disponibile \u00een m\u0103rimile M, L \u0219i XL, oferind confort pentru toate modelele. Preferi un suport \u00eembun\u0103t\u0103\u021bit? Opteaz\u0103 pentru scaunul Ergo, disponibil \u00een m\u0103rimile M, L \u0219i XL, conceput pentru un plus de ergonomie \u0219i confort la drum lung.","robots":{"index":"index","follow":"follow","max-snippet":"max-snippet:-1","max-image-preview":"max-image-preview:large","max-video-preview":"max-video-preview:-1"},"canonical":"https:\/\/www.velomobileworld.com\/product\/alpha-seat\/","og_locale":"ro_RO","og_type":"article","og_title":"Scaun Alpha - Velomobile World","og_description":"Alege scaunul perfect pentru tine - Selecteaz\u0103 scaunul care se potrive\u0219te \u00een\u0103l\u021bimii tale, stilului t\u0103u de condus \u0219i modelului dorit. Scaunele noastre Alpha sunt disponibile \u00een m\u0103rimile M, L \u0219i XL, oferind confort pentru toate modelele. Preferi un suport \u00eembun\u0103t\u0103\u021bit? Opteaz\u0103 pentru scaunul Ergo, disponibil \u00een m\u0103rimile M, L \u0219i XL, conceput pentru un plus de ergonomie \u0219i confort la drum lung.","og_url":"https:\/\/www.velomobileworld.com\/product\/alpha-seat\/","og_site_name":"Velomobile World","og_image":[{"width":1080,"height":1080,"url":"https:\/\/www.velomobileworld.com\/wp-content\/uploads\/2025\/10\/Product-Promotion-Photo-Collage-Instagram-Post-1.png","type":"image\/png"}],"twitter_card":"summary_large_image","schema":{"@context":"https:\/\/schema.org","@graph":[{"@type":"WebPage","@id":"https:\/\/www.velomobileworld.com\/product\/alpha-seat\/","url":"https:\/\/www.velomobileworld.com\/product\/alpha-seat\/","name":"Scaun Alpha - Velomobile World","isPartOf":{"@id":"https:\/\/www.velomobileworld.com\/nl\/#website"},"primaryImageOfPage":{"@id":"https:\/\/www.velomobileworld.com\/product\/alpha-seat\/#primaryimage"},"image":{"@id":"https:\/\/www.velomobileworld.com\/product\/alpha-seat\/#primaryimage"},"thumbnailUrl":"https:\/\/www.velomobileworld.com\/wp-content\/uploads\/2025\/10\/Product-Promotion-Photo-Collage-Instagram-Post-1.png","datePublished":"2025-10-09T08:50:19+00:00","description":"Alege scaunul perfect pentru tine - Selecteaz\u0103 scaunul care se potrive\u0219te \u00een\u0103l\u021bimii tale, stilului t\u0103u de condus \u0219i modelului dorit. Scaunele noastre Alpha sunt disponibile \u00een m\u0103rimile M, L \u0219i XL, oferind confort pentru toate modelele. Preferi un suport \u00eembun\u0103t\u0103\u021bit? Opteaz\u0103 pentru scaunul Ergo, disponibil \u00een m\u0103rimile M, L \u0219i XL, conceput pentru un plus de ergonomie \u0219i confort la drum lung.","breadcrumb":{"@id":"https:\/\/www.velomobileworld.com\/product\/alpha-seat\/#breadcrumb"},"inLanguage":"ro-RO","potentialAction":[{"@type":"ReadAction","target":["https:\/\/www.velomobileworld.com\/product\/alpha-seat\/"]}]},{"@type":"ImageObject","inLanguage":"ro-RO","@id":"https:\/\/www.velomobileworld.com\/product\/alpha-seat\/#primaryimage","url":"https:\/\/www.velomobileworld.com\/wp-content\/uploads\/2025\/10\/Product-Promotion-Photo-Collage-Instagram-Post-1.png","contentUrl":"https:\/\/www.velomobileworld.com\/wp-content\/uploads\/2025\/10\/Product-Promotion-Photo-Collage-Instagram-Post-1.png","width":1080,"height":1080},{"@type":"BreadcrumbList","@id":"https:\/\/www.velomobileworld.com\/product\/alpha-seat\/#breadcrumb","itemListElement":[{"@type":"ListItem","position":1,"name":"Home","item":"https:\/\/www.velomobileworld.com\/"},{"@type":"ListItem","position":2,"name":"Magazin","item":"https:\/\/www.velomobileworld.com\/ro\/magazin\/"},{"@type":"ListItem","position":3,"name":"Scaun Alpha"}]},{"@type":"WebSite","@id":"https:\/\/www.velomobileworld.com\/nl\/#website","url":"https:\/\/www.velomobileworld.com\/nl\/","name":"Velomobile World","description":"","potentialAction":[{"@type":"SearchAction","target":{"@type":"EntryPoint","urlTemplate":"https:\/\/www.velomobileworld.com\/nl\/?s={search_term_string}"},"query-input":{"@type":"PropertyValueSpecification","valueRequired":true,"valueName":"search_term_string"}}],"inLanguage":"ro-RO"}]}},"_links":{"self":[{"href":"https:\/\/www.velomobileworld.com\/ro\/wp-json\/wp\/v2\/product\/118338","targetHints":{"allow":["GET"]}}],"collection":[{"href":"https:\/\/www.velomobileworld.com\/ro\/wp-json\/wp\/v2\/product"}],"about":[{"href":"https:\/\/www.velomobileworld.com\/ro\/wp-json\/wp\/v2\/types\/product"}],"wp:featuredmedia":[{"embeddable":true,"href":"https:\/\/www.velomobileworld.com\/ro\/wp-json\/wp\/v2\/media\/115656"}],"wp:attachment":[{"href":"https:\/\/www.velomobileworld.com\/ro\/wp-json\/wp\/v2\/media?parent=118338"}],"wp:term":[{"taxonomy":"product_brand","embeddable":true,"href":"https:\/\/www.velomobileworld.com\/ro\/wp-json\/wp\/v2\/product_brand?post=118338"},{"taxonomy":"product_cat","embeddable":true,"href":"https:\/\/www.velomobileworld.com\/ro\/wp-json\/wp\/v2\/product_cat?post=118338"},{"taxonomy":"product_tag","embeddable":true,"href":"https:\/\/www.velomobileworld.com\/ro\/wp-json\/wp\/v2\/product_tag?post=118338"}],"curies":[{"name":"wp","href":"https:\/\/api.w.org\/{rel}","templated":true}]}}