{"id":97945,"date":"2024-10-16T13:16:11","date_gmt":"2024-10-16T11:16:11","guid":{"rendered":"https:\/\/www.velomobileworld.com\/?post_type=product&#038;p=97945"},"modified":"2026-02-18T09:18:50","modified_gmt":"2026-02-18T08:18:50","slug":"alpha-w9s","status":"publish","type":"product","link":"https:\/\/www.velomobileworld.com\/ro\/product\/alpha-w9s\/","title":{"rendered":"Alpha W9s"},"content":{"rendered":"<p data-path-to-node=\"4\"><b data-path-to-node=\"4\" data-index-in-node=\"0\">Vitez\u0103 \u0219i Performan\u021b\u0103 Suprem\u0103<\/b> V\u0103 prezent\u0103m Alpha W9S \u2013 apogeul tehnologiei \u0219i designului \u00een lumea v\u00e9lomobilelor. Construind pe succesul modelelor Alpha 9, M9 \u0219i W9, noul W9S ridic\u0103 performan\u021ba la un nivel complet nou. Cu cea mai bun\u0103 aerodinamic\u0103 din clasa sa, o rigiditate structural\u0103 de excep\u021bie \u0219i o precizie a direc\u021biei de neegalat, acest vehicul de curs\u0103 pur s\u00e2nge transform\u0103 fiecare watt de putere \u00eentr-o vitez\u0103 de neoprit. Indiferent dac\u0103 participi la competi\u021bii, parcurgi distan\u021be lungi, faci naveta sau te bucuri de ture rapide \u00een grup, W9S ofer\u0103 o calitate a rul\u0103rii electrizant\u0103, f\u0103r\u0103 egal.<\/p>\n<p data-path-to-node=\"5\"><b data-path-to-node=\"5\" data-index-in-node=\"0\">Proiectat pentru Performan\u021b\u0103<\/b><\/p>\n<ul data-path-to-node=\"6\">\n<li>\n<p data-path-to-node=\"6,0,0\"><b data-path-to-node=\"6,0,0\" data-index-in-node=\"0\">Profil frontal optimizat<\/b> suplimentar pentru reducerea rezisten\u021bei la \u00eenaintare.<\/p>\n<\/li>\n<li>\n<p data-path-to-node=\"6,1,0\"><b data-path-to-node=\"6,1,0\" data-index-in-node=\"0\">Profil spate \u00eengust (slim)<\/b> pentru o aerodinamic\u0103 \u00eembun\u0103t\u0103\u021bit\u0103.<\/p>\n<\/li>\n<li>\n<p data-path-to-node=\"6,2,0\"><b data-path-to-node=\"6,2,0\" data-index-in-node=\"0\">Pozi\u021bie de condus joas\u0103 \u0219i ergonomic\u0103<\/b>, oferindu-\u021bi control deplin.<\/p>\n<\/li>\n<li>\n<p data-path-to-node=\"6,3,0\"><b data-path-to-node=\"6,3,0\" data-index-in-node=\"0\">Monococ\u0103 din fibr\u0103 de carbon de \u00eenalt\u0103 rigiditate<\/b> pentru o accelerare exploziv\u0103.<\/p>\n<\/li>\n<li>\n<p data-path-to-node=\"6,4,0\"><b data-path-to-node=\"6,4,0\" data-index-in-node=\"0\">Geometrie a direc\u021biei direct\u0103 \u0219i stabil\u0103<\/b>, pentru abordarea virajelor cu precizie maxim\u0103.<\/p>\n<\/li>\n<li>\n<p data-path-to-node=\"6,5,0\"><b data-path-to-node=\"6,5,0\" data-index-in-node=\"0\">Potrivit pentru cicli\u0219ti<\/b> cu o \u00een\u0103l\u021bime de p\u00e2n\u0103 la <b data-path-to-node=\"6,5,0\" data-index-in-node=\"50\">183 cm<\/b>.<\/p>\n<\/li>\n<\/ul>\n","protected":false},"excerpt":{"rendered":"<p>Alpha W9S este velomobilul suprem pentru cicli\u0219tii care caut\u0103 viteza \u0219i performan\u021ba maxim\u0103. Aerodinamica de talie mondial\u0103, stabilitatea \u0219i manevrabilitatea sa creeaz\u0103 cadrul ideal pentru recorduri personale \u0219i clas\u0103ri pe podium. Capacitatea de a-l personaliza pentru competi\u021bii sau pentru uz cotidian \u00eel transform\u0103 \u00een v\u00e9lomobilul care le poate face pe toate. \u00cenceteaz\u0103 s\u0103 mai visezi \u0219i \u00eencepe s\u0103 zbori.<\/p>\n<p>Pre\u021b de pornire: <strong>1.139 EURO<\/strong> (f\u0103r\u0103 TVA) \u2013 inova\u021bie pe trei ro\u021bi.<\/p>\n","protected":false},"featured_media":76987,"template":"","meta":{"_acf_changed":false},"product_brand":[],"product_cat":[908,911],"product_tag":[922,921,928],"class_list":{"0":"post-97945","1":"product","2":"type-product","3":"status-publish","4":"has-post-thumbnail","6":"product_cat-configure-your-velomobile-ro","7":"product_cat-velomobile-ro","8":"product_tag-comfortable-ro","9":"product_tag-fast-ro","10":"product_tag-highline-ro","12":"first","13":"instock","14":"sold-individually","15":"taxable","16":"shipping-taxable","17":"purchasable","18":"product-type-composite"},"composite_virtual":false,"composite_layout":"paged","composite_add_to_cart_form_location":"default","composite_editable_in_cart":false,"composite_sold_individually_context":"product","composite_shop_price_calc":"defaults","composite_components":[{"id":"1682642339","title":"Colors","description":"","query_type":"product_ids","query_ids":[2779],"default_option_id":115364,"thumbnail_id":"","thumbnail_src":"","quantity_min":1,"quantity_max":1,"priced_individually":true,"shipped_individually":false,"optional":false,"discount":"","options_style":"dropdowns","pagination_style":"classic","display_prices":"absolute","show_sorting_options":false,"show_filtering_options":false,"attribute_filter_ids":[],"select_action":"view","product_title_visible":false,"product_descr_visible":false,"product_price_visible":false,"product_thumb_visible":true,"subtotal_visible_product":true,"subtotal_visible_cart":true,"subtotal_visible_orders":true},{"id":"1682642340","title":"Electra","description":"","query_type":"product_ids","query_ids":[2755],"default_option_id":115385,"thumbnail_id":"","thumbnail_src":"","quantity_min":1,"quantity_max":1,"priced_individually":true,"shipped_individually":false,"optional":false,"discount":"","options_style":"dropdowns","pagination_style":"classic","display_prices":"absolute","show_sorting_options":false,"show_filtering_options":false,"attribute_filter_ids":[],"select_action":"view","product_title_visible":false,"product_descr_visible":false,"product_price_visible":false,"product_thumb_visible":true,"subtotal_visible_product":true,"subtotal_visible_cart":true,"subtotal_visible_orders":true},{"id":"1682642341","title":"Gear Options","description":"","query_type":"product_ids","query_ids":[2757],"default_option_id":115392,"thumbnail_id":"","thumbnail_src":"","quantity_min":1,"quantity_max":1,"priced_individually":true,"shipped_individually":false,"optional":false,"discount":"","options_style":"dropdowns","pagination_style":"classic","display_prices":"absolute","show_sorting_options":false,"show_filtering_options":false,"attribute_filter_ids":[],"select_action":"view","product_title_visible":false,"product_descr_visible":false,"product_price_visible":false,"product_thumb_visible":true,"subtotal_visible_product":true,"subtotal_visible_cart":true,"subtotal_visible_orders":true},{"id":"1682642342","title":"Other Options","description":"","query_type":"product_ids","query_ids":[2780],"default_option_id":115371,"thumbnail_id":"","thumbnail_src":"","quantity_min":1,"quantity_max":1,"priced_individually":true,"shipped_individually":false,"optional":false,"discount":"","options_style":"dropdowns","pagination_style":"classic","display_prices":"absolute","show_sorting_options":false,"show_filtering_options":false,"attribute_filter_ids":[],"select_action":"view","product_title_visible":false,"product_descr_visible":false,"product_price_visible":false,"product_thumb_visible":true,"subtotal_visible_product":true,"subtotal_visible_cart":true,"subtotal_visible_orders":true},{"id":"1682642343","title":"Measurements","description":"","query_type":"product_ids","query_ids":[1877],"default_option_id":115434,"thumbnail_id":"","thumbnail_src":"","quantity_min":1,"quantity_max":1,"priced_individually":false,"shipped_individually":false,"optional":false,"discount":"","options_style":"dropdowns","pagination_style":"classic","display_prices":"absolute","show_sorting_options":false,"show_filtering_options":false,"attribute_filter_ids":[],"select_action":"view","product_title_visible":false,"product_descr_visible":true,"product_price_visible":false,"product_thumb_visible":true,"subtotal_visible_product":false,"subtotal_visible_cart":false,"subtotal_visible_orders":false}],"composite_scenarios":[],"bundled_by":[],"bundle_stock_status":"instock","bundle_stock_quantity":null,"bundle_virtual":false,"bundle_layout":"","bundle_add_to_cart_form_location":"","bundle_editable_in_cart":false,"bundle_sold_individually_context":"","bundle_item_grouping":"","bundle_min_size":"","bundle_max_size":"","bundle_price":[],"bundled_items":[],"bundle_sell_ids":[],"acf":[],"yoast_head":"<!-- This site is optimized with the Yoast SEO plugin v27.3 - https:\/\/yoast.com\/product\/yoast-seo-wordpress\/ -->\n<title>Alpha W9s - Velomobile World<\/title>\n<meta name=\"description\" content=\"Alpha W9S este velomobilul de curs\u0103 suprem, oferind o vitez\u0103, manevrabilitate \u0219i aerodinamic\u0103 f\u0103r\u0103 rival. Personalizabil \u0219i confortabil, acesta le permite cicli\u0219tilor s\u0103 \u00ee\u0219i dep\u0103\u0219easc\u0103 limitele \u0219i s\u0103 \u00ee\u0219i ating\u0103 obiectivele. Descoper\u0103 ast\u0103zi performan\u021ba \u0219i extazul oferite de W9S.\" \/>\n<meta name=\"robots\" content=\"index, follow, max-snippet:-1, max-image-preview:large, max-video-preview:-1\" \/>\n<link rel=\"canonical\" href=\"https:\/\/www.velomobileworld.com\/product\/5-alpha-w9s\/\" \/>\n<meta property=\"og:locale\" content=\"ro_RO\" \/>\n<meta property=\"og:type\" content=\"article\" \/>\n<meta property=\"og:title\" content=\"Alpha W9s - Velomobile World\" \/>\n<meta property=\"og:description\" content=\"Alpha W9S este velomobilul de curs\u0103 suprem, oferind o vitez\u0103, manevrabilitate \u0219i aerodinamic\u0103 f\u0103r\u0103 rival. Personalizabil \u0219i confortabil, acesta le permite cicli\u0219tilor s\u0103 \u00ee\u0219i dep\u0103\u0219easc\u0103 limitele \u0219i s\u0103 \u00ee\u0219i ating\u0103 obiectivele. Descoper\u0103 ast\u0103zi performan\u021ba \u0219i extazul oferite de W9S.\" \/>\n<meta property=\"og:url\" content=\"https:\/\/www.velomobileworld.com\/product\/5-alpha-w9s\/\" \/>\n<meta property=\"og:site_name\" content=\"Velomobile World\" \/>\n<meta property=\"article:modified_time\" content=\"2026-02-18T08:18:50+00:00\" \/>\n<meta property=\"og:image\" content=\"https:\/\/www.velomobileworld.com\/wp-content\/uploads\/2024\/10\/7.png\" \/>\n\t<meta property=\"og:image:width\" content=\"940\" \/>\n\t<meta property=\"og:image:height\" content=\"788\" \/>\n\t<meta property=\"og:image:type\" content=\"image\/png\" \/>\n<meta name=\"twitter:card\" content=\"summary_large_image\" \/>\n<meta name=\"twitter:label1\" content=\"Timp estimat pentru citire\" \/>\n\t<meta name=\"twitter:data1\" content=\"4 minute\" \/>\n<script type=\"application\/ld+json\" class=\"yoast-schema-graph\">{\"@context\":\"https:\\\/\\\/schema.org\",\"@graph\":[{\"@type\":\"WebPage\",\"@id\":\"https:\\\/\\\/www.velomobileworld.com\\\/product\\\/5-alpha-w9s\\\/\",\"url\":\"https:\\\/\\\/www.velomobileworld.com\\\/product\\\/5-alpha-w9s\\\/\",\"name\":\"Alpha W9s - Velomobile World\",\"isPartOf\":{\"@id\":\"https:\\\/\\\/www.velomobileworld.com\\\/nl\\\/#website\"},\"primaryImageOfPage\":{\"@id\":\"https:\\\/\\\/www.velomobileworld.com\\\/product\\\/5-alpha-w9s\\\/#primaryimage\"},\"image\":{\"@id\":\"https:\\\/\\\/www.velomobileworld.com\\\/product\\\/5-alpha-w9s\\\/#primaryimage\"},\"thumbnailUrl\":\"https:\\\/\\\/www.velomobileworld.com\\\/wp-content\\\/uploads\\\/2024\\\/10\\\/7.png\",\"datePublished\":\"2024-10-16T11:16:11+00:00\",\"dateModified\":\"2026-02-18T08:18:50+00:00\",\"description\":\"Alpha W9S este velomobilul de curs\u0103 suprem, oferind o vitez\u0103, manevrabilitate \u0219i aerodinamic\u0103 f\u0103r\u0103 rival. Personalizabil \u0219i confortabil, acesta le permite cicli\u0219tilor s\u0103 \u00ee\u0219i dep\u0103\u0219easc\u0103 limitele \u0219i s\u0103 \u00ee\u0219i ating\u0103 obiectivele. Descoper\u0103 ast\u0103zi performan\u021ba \u0219i extazul oferite de W9S.\",\"breadcrumb\":{\"@id\":\"https:\\\/\\\/www.velomobileworld.com\\\/product\\\/5-alpha-w9s\\\/#breadcrumb\"},\"inLanguage\":\"ro-RO\",\"potentialAction\":[{\"@type\":\"ReadAction\",\"target\":[\"https:\\\/\\\/www.velomobileworld.com\\\/product\\\/5-alpha-w9s\\\/\"]}]},{\"@type\":\"ImageObject\",\"inLanguage\":\"ro-RO\",\"@id\":\"https:\\\/\\\/www.velomobileworld.com\\\/product\\\/5-alpha-w9s\\\/#primaryimage\",\"url\":\"https:\\\/\\\/www.velomobileworld.com\\\/wp-content\\\/uploads\\\/2024\\\/10\\\/7.png\",\"contentUrl\":\"https:\\\/\\\/www.velomobileworld.com\\\/wp-content\\\/uploads\\\/2024\\\/10\\\/7.png\",\"width\":940,\"height\":788},{\"@type\":\"BreadcrumbList\",\"@id\":\"https:\\\/\\\/www.velomobileworld.com\\\/product\\\/5-alpha-w9s\\\/#breadcrumb\",\"itemListElement\":[{\"@type\":\"ListItem\",\"position\":1,\"name\":\"Home\",\"item\":\"https:\\\/\\\/www.velomobileworld.com\\\/\"},{\"@type\":\"ListItem\",\"position\":2,\"name\":\"Magazin\",\"item\":\"https:\\\/\\\/www.velomobileworld.com\\\/ro\\\/magazin\\\/\"},{\"@type\":\"ListItem\",\"position\":3,\"name\":\"Alpha W9s\"}]},{\"@type\":\"WebSite\",\"@id\":\"https:\\\/\\\/www.velomobileworld.com\\\/nl\\\/#website\",\"url\":\"https:\\\/\\\/www.velomobileworld.com\\\/nl\\\/\",\"name\":\"Velomobile World\",\"description\":\"\",\"potentialAction\":[{\"@type\":\"SearchAction\",\"target\":{\"@type\":\"EntryPoint\",\"urlTemplate\":\"https:\\\/\\\/www.velomobileworld.com\\\/nl\\\/?s={search_term_string}\"},\"query-input\":{\"@type\":\"PropertyValueSpecification\",\"valueRequired\":true,\"valueName\":\"search_term_string\"}}],\"inLanguage\":\"ro-RO\"}]}<\/script>\n<!-- \/ Yoast SEO plugin. -->","yoast_head_json":{"title":"Alpha W9s - Velomobile World","description":"Alpha W9S este velomobilul de curs\u0103 suprem, oferind o vitez\u0103, manevrabilitate \u0219i aerodinamic\u0103 f\u0103r\u0103 rival. Personalizabil \u0219i confortabil, acesta le permite cicli\u0219tilor s\u0103 \u00ee\u0219i dep\u0103\u0219easc\u0103 limitele \u0219i s\u0103 \u00ee\u0219i ating\u0103 obiectivele. Descoper\u0103 ast\u0103zi performan\u021ba \u0219i extazul oferite de W9S.","robots":{"index":"index","follow":"follow","max-snippet":"max-snippet:-1","max-image-preview":"max-image-preview:large","max-video-preview":"max-video-preview:-1"},"canonical":"https:\/\/www.velomobileworld.com\/product\/5-alpha-w9s\/","og_locale":"ro_RO","og_type":"article","og_title":"Alpha W9s - Velomobile World","og_description":"Alpha W9S este velomobilul de curs\u0103 suprem, oferind o vitez\u0103, manevrabilitate \u0219i aerodinamic\u0103 f\u0103r\u0103 rival. Personalizabil \u0219i confortabil, acesta le permite cicli\u0219tilor s\u0103 \u00ee\u0219i dep\u0103\u0219easc\u0103 limitele \u0219i s\u0103 \u00ee\u0219i ating\u0103 obiectivele. Descoper\u0103 ast\u0103zi performan\u021ba \u0219i extazul oferite de W9S.","og_url":"https:\/\/www.velomobileworld.com\/product\/5-alpha-w9s\/","og_site_name":"Velomobile World","article_modified_time":"2026-02-18T08:18:50+00:00","og_image":[{"width":940,"height":788,"url":"https:\/\/www.velomobileworld.com\/wp-content\/uploads\/2024\/10\/7.png","type":"image\/png"}],"twitter_card":"summary_large_image","twitter_misc":{"Timp estimat pentru citire":"4 minute"},"schema":{"@context":"https:\/\/schema.org","@graph":[{"@type":"WebPage","@id":"https:\/\/www.velomobileworld.com\/product\/5-alpha-w9s\/","url":"https:\/\/www.velomobileworld.com\/product\/5-alpha-w9s\/","name":"Alpha W9s - Velomobile World","isPartOf":{"@id":"https:\/\/www.velomobileworld.com\/nl\/#website"},"primaryImageOfPage":{"@id":"https:\/\/www.velomobileworld.com\/product\/5-alpha-w9s\/#primaryimage"},"image":{"@id":"https:\/\/www.velomobileworld.com\/product\/5-alpha-w9s\/#primaryimage"},"thumbnailUrl":"https:\/\/www.velomobileworld.com\/wp-content\/uploads\/2024\/10\/7.png","datePublished":"2024-10-16T11:16:11+00:00","dateModified":"2026-02-18T08:18:50+00:00","description":"Alpha W9S este velomobilul de curs\u0103 suprem, oferind o vitez\u0103, manevrabilitate \u0219i aerodinamic\u0103 f\u0103r\u0103 rival. Personalizabil \u0219i confortabil, acesta le permite cicli\u0219tilor s\u0103 \u00ee\u0219i dep\u0103\u0219easc\u0103 limitele \u0219i s\u0103 \u00ee\u0219i ating\u0103 obiectivele. Descoper\u0103 ast\u0103zi performan\u021ba \u0219i extazul oferite de W9S.","breadcrumb":{"@id":"https:\/\/www.velomobileworld.com\/product\/5-alpha-w9s\/#breadcrumb"},"inLanguage":"ro-RO","potentialAction":[{"@type":"ReadAction","target":["https:\/\/www.velomobileworld.com\/product\/5-alpha-w9s\/"]}]},{"@type":"ImageObject","inLanguage":"ro-RO","@id":"https:\/\/www.velomobileworld.com\/product\/5-alpha-w9s\/#primaryimage","url":"https:\/\/www.velomobileworld.com\/wp-content\/uploads\/2024\/10\/7.png","contentUrl":"https:\/\/www.velomobileworld.com\/wp-content\/uploads\/2024\/10\/7.png","width":940,"height":788},{"@type":"BreadcrumbList","@id":"https:\/\/www.velomobileworld.com\/product\/5-alpha-w9s\/#breadcrumb","itemListElement":[{"@type":"ListItem","position":1,"name":"Home","item":"https:\/\/www.velomobileworld.com\/"},{"@type":"ListItem","position":2,"name":"Magazin","item":"https:\/\/www.velomobileworld.com\/ro\/magazin\/"},{"@type":"ListItem","position":3,"name":"Alpha W9s"}]},{"@type":"WebSite","@id":"https:\/\/www.velomobileworld.com\/nl\/#website","url":"https:\/\/www.velomobileworld.com\/nl\/","name":"Velomobile World","description":"","potentialAction":[{"@type":"SearchAction","target":{"@type":"EntryPoint","urlTemplate":"https:\/\/www.velomobileworld.com\/nl\/?s={search_term_string}"},"query-input":{"@type":"PropertyValueSpecification","valueRequired":true,"valueName":"search_term_string"}}],"inLanguage":"ro-RO"}]}},"_links":{"self":[{"href":"https:\/\/www.velomobileworld.com\/ro\/wp-json\/wp\/v2\/product\/97945","targetHints":{"allow":["GET"]}}],"collection":[{"href":"https:\/\/www.velomobileworld.com\/ro\/wp-json\/wp\/v2\/product"}],"about":[{"href":"https:\/\/www.velomobileworld.com\/ro\/wp-json\/wp\/v2\/types\/product"}],"wp:featuredmedia":[{"embeddable":true,"href":"https:\/\/www.velomobileworld.com\/ro\/wp-json\/wp\/v2\/media\/76987"}],"wp:attachment":[{"href":"https:\/\/www.velomobileworld.com\/ro\/wp-json\/wp\/v2\/media?parent=97945"}],"wp:term":[{"taxonomy":"product_brand","embeddable":true,"href":"https:\/\/www.velomobileworld.com\/ro\/wp-json\/wp\/v2\/product_brand?post=97945"},{"taxonomy":"product_cat","embeddable":true,"href":"https:\/\/www.velomobileworld.com\/ro\/wp-json\/wp\/v2\/product_cat?post=97945"},{"taxonomy":"product_tag","embeddable":true,"href":"https:\/\/www.velomobileworld.com\/ro\/wp-json\/wp\/v2\/product_tag?post=97945"}],"curies":[{"name":"wp","href":"https:\/\/api.w.org\/{rel}","templated":true}]}}