{"id":97946,"date":"2024-10-16T13:11:24","date_gmt":"2024-10-16T11:11:24","guid":{"rendered":"https:\/\/www.velomobileworld.com\/?post_type=product&#038;p=97946"},"modified":"2026-02-19T07:17:56","modified_gmt":"2026-02-19T06:17:56","slug":"alpha-m9","status":"publish","type":"product","link":"https:\/\/www.velomobileworld.com\/ro\/product\/alpha-m9\/","title":{"rendered":"Alpha M9"},"content":{"rendered":"<p data-path-to-node=\"5\">Velomobilul <b data-path-to-node=\"5\" data-index-in-node=\"12\">Alpha M9<\/b> reprezint\u0103 echilibrul perfect \u00eentre caracterul practic de zi cu zi \u0219i ciclismul de \u00eenalt\u0103 performan\u021b\u0103. Fiind \u201efratele compact\u201d al modelului Alpha 9.2, aceast\u0103 capodoper\u0103 din <b data-path-to-node=\"5\" data-index-in-node=\"195\">fibr\u0103 de carbon<\/b> ofer\u0103 o stabilitate, un spa\u021biu de depozitare \u0219i un confort de neegalat, men\u021bin\u00e2nd \u00een acela\u0219i timp o aerodinamic\u0103 excep\u021bional\u0103 \u0219i capacit\u0103\u021bi de vitez\u0103 remarcabile.<\/p>\n<p data-path-to-node=\"6\">Cu un design revolu\u021bionar, M9 dispune de <b data-path-to-node=\"6\" data-index-in-node=\"41\">pasaje ale ro\u021bilor \u00eenchise<\/b> \u0219i o l\u0103\u021bime optimizat\u0103 de <b data-path-to-node=\"6\" data-index-in-node=\"94\">74 cm<\/b>, care asigur\u0103 at\u00e2t stabilitate, c\u00e2t \u0219i accesibilitate \u2014 vehiculul \u00eencape pe u\u0219ile standard, oferind totodat\u0103 o capacitate de depozitare de top \u00een clasa sa. Designul aerodinamic inovator creeaz\u0103 un flux de aer controlat \u0219i constant prin fante plasate strategic, asigur\u00e2nd o <b data-path-to-node=\"6\" data-index-in-node=\"373\">ventila\u021bie optim\u0103<\/b> chiar \u0219i \u00een timpul curselor intense sau \u00een condi\u021bii de vreme canicular\u0103.<\/p>\n<p data-path-to-node=\"7\">Construc\u021bia din fibr\u0103 de carbon cu r\u0103\u0219in\u0103 epoxidic\u0103 a modelului M9 ofer\u0103 o <b data-path-to-node=\"7\" data-index-in-node=\"75\">rigiditate excep\u021bional\u0103<\/b> \u0219i o manevrabilitate precis\u0103, \u00een timp ce sistemul de <b data-path-to-node=\"7\" data-index-in-node=\"152\">suspensie pe elastomeri<\/b> asigur\u0103 o rulare confortabil\u0103 pe diverse suprafe\u021be de drum. Cockpit-ul spa\u021bios permite acomodarea cicli\u0219tilor cu \u00een\u0103l\u021bimi cuprinse \u00eentre <b data-path-to-node=\"7\" data-index-in-node=\"313\">165 cm \u0219i 195 cm<\/b>, av\u00e2nd un scaun ultra-rigid proiectat pentru a asigura un transfer maxim de putere \u0219i confort pe parcursul curselor de lung\u0103 distan\u021b\u0103.<\/p>\n<p data-path-to-node=\"8\">Dot\u0103rile practice includ <b data-path-to-node=\"8\" data-index-in-node=\"25\">capace de mentenan\u021b\u0103<\/b> generoase pentru un acces facil, ro\u021bi fa\u021b\u0103 cu eliberare rapid\u0103 (<i data-path-to-node=\"8\" data-index-in-node=\"110\">quick-release<\/i>) \u0219i oglinzi integrate care men\u021bin eficien\u021ba aerodinamic\u0103 oferind o vizibilitate excelent\u0103 \u00een spate. Velomobilul vine echipat cu sisteme de iluminare de \u00eenalt\u0103 calitate, inclusiv lumini de zi (DRL), \u0219i ofer\u0103 un spa\u021biu de stocare generos, ideal at\u00e2t pentru cicloturism, c\u00e2t \u0219i pentru naveta zilnic\u0103.<\/p>\n","protected":false},"excerpt":{"rendered":"<p>Velomobilul Alpha M9 combin\u0103 utilitatea zilnic\u0103 cu ciclismul de \u00eenalt\u0103 performan\u021b\u0103, totul \u00eentr-un design aerodinamic din fibr\u0103 de carbon. Dispun\u00e2nd de o aerodinamic\u0103 excep\u021bional\u0103, spa\u021biu generos de depozitare \u0219i o pozi\u021bie de condus confortabil\u0103, acesta este perfect at\u00e2t pentru naveta zilnic\u0103, c\u00e2t \u0219i pentru cicloturismul de lung\u0103 distan\u021b\u0103. Modelul M9 acomodeaz\u0103 cicli\u0219ti cu \u00een\u0103l\u021bimi \u00eentre 165 cm \u0219i 195 cm, oferind o stabilitate de neegalat \u0219i protec\u021bie \u00eempotriva intemperiilor, men\u021bin\u00e2nd \u00een acela\u0219i timp o manevrabilitate u\u0219oar\u0103 prin u\u0219ile standard.<\/p>\n<p>De la: 10.868 EURO (f\u0103r\u0103 TVA) \u2013 unde performan\u021ba \u0219i pasiunea se \u00eent\u00e2lnesc.<\/p>\n","protected":false},"featured_media":76992,"template":"","meta":{"_acf_changed":false},"product_brand":[],"product_cat":[908,911],"product_tag":[922,921,928],"class_list":{"0":"post-97946","1":"product","2":"type-product","3":"status-publish","4":"has-post-thumbnail","6":"product_cat-configure-your-velomobile-ro","7":"product_cat-velomobile-ro","8":"product_tag-comfortable-ro","9":"product_tag-fast-ro","10":"product_tag-highline-ro","12":"first","13":"instock","14":"sold-individually","15":"taxable","16":"shipping-taxable","17":"purchasable","18":"product-type-composite"},"composite_virtual":false,"composite_layout":"paged","composite_add_to_cart_form_location":"default","composite_editable_in_cart":false,"composite_sold_individually_context":"product","composite_shop_price_calc":"defaults","composite_components":[{"id":"1682640149","title":"Colors","description":"","query_type":"product_ids","query_ids":[2779],"default_option_id":115364,"thumbnail_id":"","thumbnail_src":"","quantity_min":1,"quantity_max":1,"priced_individually":true,"shipped_individually":false,"optional":false,"discount":"","options_style":"dropdowns","pagination_style":"classic","display_prices":"absolute","show_sorting_options":false,"show_filtering_options":false,"attribute_filter_ids":[],"select_action":"view","product_title_visible":false,"product_descr_visible":false,"product_price_visible":false,"product_thumb_visible":true,"subtotal_visible_product":true,"subtotal_visible_cart":true,"subtotal_visible_orders":true},{"id":"1682640150","title":"Electra","description":"","query_type":"product_ids","query_ids":[2755],"default_option_id":115385,"thumbnail_id":"","thumbnail_src":"","quantity_min":1,"quantity_max":1,"priced_individually":true,"shipped_individually":false,"optional":false,"discount":"","options_style":"dropdowns","pagination_style":"classic","display_prices":"absolute","show_sorting_options":false,"show_filtering_options":false,"attribute_filter_ids":[],"select_action":"view","product_title_visible":false,"product_descr_visible":false,"product_price_visible":false,"product_thumb_visible":true,"subtotal_visible_product":true,"subtotal_visible_cart":true,"subtotal_visible_orders":true},{"id":"1682640151","title":"Gear Options","description":"","query_type":"product_ids","query_ids":[2757],"default_option_id":115392,"thumbnail_id":"","thumbnail_src":"","quantity_min":1,"quantity_max":1,"priced_individually":true,"shipped_individually":false,"optional":false,"discount":"","options_style":"dropdowns","pagination_style":"classic","display_prices":"absolute","show_sorting_options":false,"show_filtering_options":false,"attribute_filter_ids":[],"select_action":"view","product_title_visible":false,"product_descr_visible":false,"product_price_visible":false,"product_thumb_visible":true,"subtotal_visible_product":true,"subtotal_visible_cart":true,"subtotal_visible_orders":true},{"id":"1682640152","title":"Other Options","description":"","query_type":"product_ids","query_ids":[2780],"default_option_id":115371,"thumbnail_id":"","thumbnail_src":"","quantity_min":1,"quantity_max":1,"priced_individually":true,"shipped_individually":false,"optional":false,"discount":"","options_style":"dropdowns","pagination_style":"classic","display_prices":"absolute","show_sorting_options":false,"show_filtering_options":false,"attribute_filter_ids":[],"select_action":"view","product_title_visible":false,"product_descr_visible":false,"product_price_visible":false,"product_thumb_visible":true,"subtotal_visible_product":true,"subtotal_visible_cart":true,"subtotal_visible_orders":true},{"id":"1682640153","title":"Measurements","description":"","query_type":"product_ids","query_ids":[1877],"default_option_id":115434,"thumbnail_id":"","thumbnail_src":"","quantity_min":1,"quantity_max":1,"priced_individually":false,"shipped_individually":false,"optional":false,"discount":"","options_style":"dropdowns","pagination_style":"classic","display_prices":"absolute","show_sorting_options":false,"show_filtering_options":false,"attribute_filter_ids":[],"select_action":"view","product_title_visible":false,"product_descr_visible":true,"product_price_visible":false,"product_thumb_visible":true,"subtotal_visible_product":false,"subtotal_visible_cart":false,"subtotal_visible_orders":false}],"composite_scenarios":[],"bundled_by":[],"bundle_stock_status":"instock","bundle_stock_quantity":null,"bundle_virtual":false,"bundle_layout":"","bundle_add_to_cart_form_location":"","bundle_editable_in_cart":false,"bundle_sold_individually_context":"","bundle_item_grouping":"","bundle_min_size":"","bundle_max_size":"","bundle_price":[],"bundled_items":[],"bundle_sell_ids":[],"acf":[],"yoast_head":"<!-- This site is optimized with the Yoast SEO plugin v27.3 - https:\/\/yoast.com\/product\/yoast-seo-wordpress\/ -->\n<title>Alpha M9 - Velomobile World<\/title>\n<meta name=\"robots\" content=\"index, follow, max-snippet:-1, max-image-preview:large, max-video-preview:-1\" \/>\n<link rel=\"canonical\" href=\"https:\/\/www.velomobileworld.com\/ro\/product\/alpha-m9\/\" \/>\n<meta property=\"og:locale\" content=\"ro_RO\" \/>\n<meta property=\"og:type\" content=\"article\" \/>\n<meta property=\"og:title\" content=\"Alpha M9 - Velomobile World\" \/>\n<meta property=\"og:description\" content=\"Velomobilul Alpha M9 combin\u0103 utilitatea zilnic\u0103 cu ciclismul de \u00eenalt\u0103 performan\u021b\u0103, totul \u00eentr-un design aerodinamic din fibr\u0103 de carbon. Dispun\u00e2nd de o aerodinamic\u0103 excep\u021bional\u0103, spa\u021biu generos de depozitare \u0219i o pozi\u021bie de condus confortabil\u0103, acesta este perfect at\u00e2t pentru naveta zilnic\u0103, c\u00e2t \u0219i pentru cicloturismul de lung\u0103 distan\u021b\u0103. Modelul M9 acomodeaz\u0103 cicli\u0219ti cu \u00een\u0103l\u021bimi \u00eentre 165 cm \u0219i 195 cm, oferind o stabilitate de neegalat \u0219i protec\u021bie \u00eempotriva intemperiilor, men\u021bin\u00e2nd \u00een acela\u0219i timp o manevrabilitate u\u0219oar\u0103 prin u\u0219ile standard.  De la: 10.868 EURO (f\u0103r\u0103 TVA) \u2013 unde performan\u021ba \u0219i pasiunea se \u00eent\u00e2lnesc.\" \/>\n<meta property=\"og:url\" content=\"https:\/\/www.velomobileworld.com\/ro\/product\/alpha-m9\/\" \/>\n<meta property=\"og:site_name\" content=\"Velomobile World\" \/>\n<meta property=\"article:modified_time\" content=\"2026-02-19T06:17:56+00:00\" \/>\n<meta property=\"og:image\" content=\"https:\/\/www.velomobileworld.com\/wp-content\/uploads\/2024\/10\/5.png\" \/>\n\t<meta property=\"og:image:width\" content=\"940\" \/>\n\t<meta property=\"og:image:height\" content=\"788\" \/>\n\t<meta property=\"og:image:type\" content=\"image\/png\" \/>\n<meta name=\"twitter:card\" content=\"summary_large_image\" \/>\n<meta name=\"twitter:label1\" content=\"Timp estimat pentru citire\" \/>\n\t<meta name=\"twitter:data1\" content=\"6 minute\" \/>\n<script type=\"application\/ld+json\" class=\"yoast-schema-graph\">{\"@context\":\"https:\\\/\\\/schema.org\",\"@graph\":[{\"@type\":\"WebPage\",\"@id\":\"https:\\\/\\\/www.velomobileworld.com\\\/ro\\\/product\\\/alpha-m9\\\/\",\"url\":\"https:\\\/\\\/www.velomobileworld.com\\\/ro\\\/product\\\/alpha-m9\\\/\",\"name\":\"Alpha M9 - Velomobile World\",\"isPartOf\":{\"@id\":\"https:\\\/\\\/www.velomobileworld.com\\\/nl\\\/#website\"},\"primaryImageOfPage\":{\"@id\":\"https:\\\/\\\/www.velomobileworld.com\\\/ro\\\/product\\\/alpha-m9\\\/#primaryimage\"},\"image\":{\"@id\":\"https:\\\/\\\/www.velomobileworld.com\\\/ro\\\/product\\\/alpha-m9\\\/#primaryimage\"},\"thumbnailUrl\":\"https:\\\/\\\/www.velomobileworld.com\\\/wp-content\\\/uploads\\\/2024\\\/10\\\/5.png\",\"datePublished\":\"2024-10-16T11:11:24+00:00\",\"dateModified\":\"2026-02-19T06:17:56+00:00\",\"breadcrumb\":{\"@id\":\"https:\\\/\\\/www.velomobileworld.com\\\/ro\\\/product\\\/alpha-m9\\\/#breadcrumb\"},\"inLanguage\":\"ro-RO\",\"potentialAction\":[{\"@type\":\"ReadAction\",\"target\":[\"https:\\\/\\\/www.velomobileworld.com\\\/ro\\\/product\\\/alpha-m9\\\/\"]}]},{\"@type\":\"ImageObject\",\"inLanguage\":\"ro-RO\",\"@id\":\"https:\\\/\\\/www.velomobileworld.com\\\/ro\\\/product\\\/alpha-m9\\\/#primaryimage\",\"url\":\"https:\\\/\\\/www.velomobileworld.com\\\/wp-content\\\/uploads\\\/2024\\\/10\\\/5.png\",\"contentUrl\":\"https:\\\/\\\/www.velomobileworld.com\\\/wp-content\\\/uploads\\\/2024\\\/10\\\/5.png\",\"width\":940,\"height\":788},{\"@type\":\"BreadcrumbList\",\"@id\":\"https:\\\/\\\/www.velomobileworld.com\\\/ro\\\/product\\\/alpha-m9\\\/#breadcrumb\",\"itemListElement\":[{\"@type\":\"ListItem\",\"position\":1,\"name\":\"Home\",\"item\":\"https:\\\/\\\/www.velomobileworld.com\\\/\"},{\"@type\":\"ListItem\",\"position\":2,\"name\":\"Magazin\",\"item\":\"https:\\\/\\\/www.velomobileworld.com\\\/ro\\\/magazin\\\/\"},{\"@type\":\"ListItem\",\"position\":3,\"name\":\"Alpha M9\"}]},{\"@type\":\"WebSite\",\"@id\":\"https:\\\/\\\/www.velomobileworld.com\\\/nl\\\/#website\",\"url\":\"https:\\\/\\\/www.velomobileworld.com\\\/nl\\\/\",\"name\":\"Velomobile World\",\"description\":\"\",\"potentialAction\":[{\"@type\":\"SearchAction\",\"target\":{\"@type\":\"EntryPoint\",\"urlTemplate\":\"https:\\\/\\\/www.velomobileworld.com\\\/nl\\\/?s={search_term_string}\"},\"query-input\":{\"@type\":\"PropertyValueSpecification\",\"valueRequired\":true,\"valueName\":\"search_term_string\"}}],\"inLanguage\":\"ro-RO\"}]}<\/script>\n<!-- \/ Yoast SEO plugin. -->","yoast_head_json":{"title":"Alpha M9 - Velomobile World","robots":{"index":"index","follow":"follow","max-snippet":"max-snippet:-1","max-image-preview":"max-image-preview:large","max-video-preview":"max-video-preview:-1"},"canonical":"https:\/\/www.velomobileworld.com\/ro\/product\/alpha-m9\/","og_locale":"ro_RO","og_type":"article","og_title":"Alpha M9 - Velomobile World","og_description":"Velomobilul Alpha M9 combin\u0103 utilitatea zilnic\u0103 cu ciclismul de \u00eenalt\u0103 performan\u021b\u0103, totul \u00eentr-un design aerodinamic din fibr\u0103 de carbon. Dispun\u00e2nd de o aerodinamic\u0103 excep\u021bional\u0103, spa\u021biu generos de depozitare \u0219i o pozi\u021bie de condus confortabil\u0103, acesta este perfect at\u00e2t pentru naveta zilnic\u0103, c\u00e2t \u0219i pentru cicloturismul de lung\u0103 distan\u021b\u0103. Modelul M9 acomodeaz\u0103 cicli\u0219ti cu \u00een\u0103l\u021bimi \u00eentre 165 cm \u0219i 195 cm, oferind o stabilitate de neegalat \u0219i protec\u021bie \u00eempotriva intemperiilor, men\u021bin\u00e2nd \u00een acela\u0219i timp o manevrabilitate u\u0219oar\u0103 prin u\u0219ile standard.  De la: 10.868 EURO (f\u0103r\u0103 TVA) \u2013 unde performan\u021ba \u0219i pasiunea se \u00eent\u00e2lnesc.","og_url":"https:\/\/www.velomobileworld.com\/ro\/product\/alpha-m9\/","og_site_name":"Velomobile World","article_modified_time":"2026-02-19T06:17:56+00:00","og_image":[{"width":940,"height":788,"url":"https:\/\/www.velomobileworld.com\/wp-content\/uploads\/2024\/10\/5.png","type":"image\/png"}],"twitter_card":"summary_large_image","twitter_misc":{"Timp estimat pentru citire":"6 minute"},"schema":{"@context":"https:\/\/schema.org","@graph":[{"@type":"WebPage","@id":"https:\/\/www.velomobileworld.com\/ro\/product\/alpha-m9\/","url":"https:\/\/www.velomobileworld.com\/ro\/product\/alpha-m9\/","name":"Alpha M9 - Velomobile World","isPartOf":{"@id":"https:\/\/www.velomobileworld.com\/nl\/#website"},"primaryImageOfPage":{"@id":"https:\/\/www.velomobileworld.com\/ro\/product\/alpha-m9\/#primaryimage"},"image":{"@id":"https:\/\/www.velomobileworld.com\/ro\/product\/alpha-m9\/#primaryimage"},"thumbnailUrl":"https:\/\/www.velomobileworld.com\/wp-content\/uploads\/2024\/10\/5.png","datePublished":"2024-10-16T11:11:24+00:00","dateModified":"2026-02-19T06:17:56+00:00","breadcrumb":{"@id":"https:\/\/www.velomobileworld.com\/ro\/product\/alpha-m9\/#breadcrumb"},"inLanguage":"ro-RO","potentialAction":[{"@type":"ReadAction","target":["https:\/\/www.velomobileworld.com\/ro\/product\/alpha-m9\/"]}]},{"@type":"ImageObject","inLanguage":"ro-RO","@id":"https:\/\/www.velomobileworld.com\/ro\/product\/alpha-m9\/#primaryimage","url":"https:\/\/www.velomobileworld.com\/wp-content\/uploads\/2024\/10\/5.png","contentUrl":"https:\/\/www.velomobileworld.com\/wp-content\/uploads\/2024\/10\/5.png","width":940,"height":788},{"@type":"BreadcrumbList","@id":"https:\/\/www.velomobileworld.com\/ro\/product\/alpha-m9\/#breadcrumb","itemListElement":[{"@type":"ListItem","position":1,"name":"Home","item":"https:\/\/www.velomobileworld.com\/"},{"@type":"ListItem","position":2,"name":"Magazin","item":"https:\/\/www.velomobileworld.com\/ro\/magazin\/"},{"@type":"ListItem","position":3,"name":"Alpha M9"}]},{"@type":"WebSite","@id":"https:\/\/www.velomobileworld.com\/nl\/#website","url":"https:\/\/www.velomobileworld.com\/nl\/","name":"Velomobile World","description":"","potentialAction":[{"@type":"SearchAction","target":{"@type":"EntryPoint","urlTemplate":"https:\/\/www.velomobileworld.com\/nl\/?s={search_term_string}"},"query-input":{"@type":"PropertyValueSpecification","valueRequired":true,"valueName":"search_term_string"}}],"inLanguage":"ro-RO"}]}},"_links":{"self":[{"href":"https:\/\/www.velomobileworld.com\/ro\/wp-json\/wp\/v2\/product\/97946","targetHints":{"allow":["GET"]}}],"collection":[{"href":"https:\/\/www.velomobileworld.com\/ro\/wp-json\/wp\/v2\/product"}],"about":[{"href":"https:\/\/www.velomobileworld.com\/ro\/wp-json\/wp\/v2\/types\/product"}],"wp:featuredmedia":[{"embeddable":true,"href":"https:\/\/www.velomobileworld.com\/ro\/wp-json\/wp\/v2\/media\/76992"}],"wp:attachment":[{"href":"https:\/\/www.velomobileworld.com\/ro\/wp-json\/wp\/v2\/media?parent=97946"}],"wp:term":[{"taxonomy":"product_brand","embeddable":true,"href":"https:\/\/www.velomobileworld.com\/ro\/wp-json\/wp\/v2\/product_brand?post=97946"},{"taxonomy":"product_cat","embeddable":true,"href":"https:\/\/www.velomobileworld.com\/ro\/wp-json\/wp\/v2\/product_cat?post=97946"},{"taxonomy":"product_tag","embeddable":true,"href":"https:\/\/www.velomobileworld.com\/ro\/wp-json\/wp\/v2\/product_tag?post=97946"}],"curies":[{"name":"wp","href":"https:\/\/api.w.org\/{rel}","templated":true}]}}